{"id":20586,"date":"2024-08-16T11:06:36","date_gmt":"2024-08-16T11:06:36","guid":{"rendered":"https:\/\/bloovseyewear.com\/botschafter-bloovs\/"},"modified":"2025-08-26T08:15:54","modified_gmt":"2025-08-26T08:15:54","slug":"botschafter-bloovs","status":"publish","type":"page","link":"https:\/\/bloovseyewear.com\/de\/botschafter-bloovs\/","title":{"rendered":"Botschafter Bloovs"},"content":{"rendered":"<section class=\"l-section wpb_row height_medium\"><div class=\"l-section-h i-cf\"><div class=\"g-cols vc_row via_grid cols_1 laptops-cols_inherit tablets-cols_inherit mobiles-cols_1 valign_top type_default stacking_default\"><div class=\"wpb_column vc_column_container\"><div class=\"vc_column-inner\"><nav class=\"g-breadcrumbs separator_icon align_center\" itemscope itemtype=\"http:\/\/schema.org\/BreadcrumbList\"><div class=\"g-breadcrumbs-item\" itemscope itemprop=\"itemListElement\" itemtype=\"http:\/\/schema.org\/ListItem\"><a itemprop=\"item\" href=\"https:\/\/bloovseyewear.com\/de\/\"><span itemprop=\"name\">Startseite<\/span><\/a><meta itemprop=\"position\" content=\"1\"\/><\/div><div class=\"g-breadcrumbs-separator\"><i class=\"far fa-angle-right\"><\/i><\/div><div class=\"g-breadcrumbs-item\">Seiten<\/div><\/nav><div class=\"g-cols wpb_row us_custom_eb849559 via_grid cols_1 laptops-cols_inherit tablets-cols_inherit mobiles-cols_1 valign_middle type_default stacking_default\" style=\"--columns-gap:3rem;\"><div class=\"wpb_column vc_column_container\"><div class=\"vc_column-inner\"><div class=\"w-separator size_medium\"><\/div><div class=\"w-vwrapper align_center valign_top\" style=\"--vwrapper-gap:0rem\"><div class=\"w-text us_custom_9c5c2dda has_text_color\"><span class=\"w-text-h\"><span class=\"w-text-value\">AMBASSADORS<\/span><\/span><\/div><h1 class=\"w-text us_custom_d817e070\"><span class=\"w-text-h\"><span class=\"w-text-value\">TEAM BLOOVS<\/span><\/span><\/h1><\/div><div class=\"w-text us_custom_9c5c2dda has_text_color\"><span class=\"w-text-h\"><span class=\"w-text-value\">Entdecke die Sportler, die Bloovs Sport bei Wettk\u00e4mpfen auf der ganzen Welt vertreten.<\/span><\/span><\/div><\/div><\/div><\/div><div class=\"w-separator size_medium\"><\/div><div class=\"g-cols wpb_row via_grid cols_2 laptops-cols_inherit tablets-cols_inherit mobiles-cols_1 valign_middle type_default stacking_default\" style=\"--columns-gap:3rem;\"><div class=\"wpb_column vc_column_container\"><div class=\"vc_column-inner\"><div class=\"w-image has_ratio align_none\"><div class=\"w-image-h\"><div style=\"padding-bottom:133.3333%\"><\/div><img data-recalc-dims=\"1\" loading=\"lazy\" decoding=\"async\" width=\"1024\" height=\"682\" src=\"https:\/\/i0.wp.com\/bloovseyewear.com\/wp-content\/uploads\/2024\/02\/IMG-20231218-WA0073.jpg?resize=1024%2C682&#038;quality=72&#038;ssl=1\" class=\"attachment-large size-large\" alt=\"\" loading=\"lazy\" \/><\/div><\/div><\/div><\/div><div class=\"wpb_column vc_column_container us_custom_eb849559\"><div class=\"vc_column-inner\"><h2 class=\"w-text us_custom_d817e070\"><span class=\"w-text-h\"><span class=\"w-text-value\">ANA PATRICIA<\/span><\/span><\/h2><div class=\"w-separator us_custom_b2f4b44b size_medium with_line width_default thick_2 style_solid color_text align_center\"><div class=\"w-separator-h\"><\/div><\/div><div class=\"w-vwrapper align_none valign_top\"><h3 class=\"w-text us_custom_2593997a\"><span class=\"w-text-h\"><span class=\"w-text-value\">Beachvolleyball<\/span><\/span><\/h3><div class=\"w-text us_custom_12e6d3ad\"><span class=\"w-text-h\"><span class=\"w-text-value\">Team: Brasilien<\/span><\/span><\/div><\/div><div class=\"wpb_text_column us_custom_5e3b9736 has_text_color\"><div class=\"wpb_wrapper\"><p><strong>Palmar\u00e8s:<\/strong><\/p>\n<p>1 x Weltmeister<\/p>\n<p>1 x Olympische Athletin<\/p>\n<p>3 x Brasilianischer Meister<\/p>\n<\/div><\/div><div class=\"w-separator size_medium\"><\/div><div class=\"w-btn-wrapper align_none\"><a class=\"w-btn us-btn-style_10 us_custom_4dd02040\" href=\"https:\/\/bloovseyewear.com\/performance-collection\/\"><span class=\"w-btn-label\">SPORTBRILLE ANSEHEN<\/span><\/a><\/div><\/div><\/div><\/div><div class=\"w-separator size_medium\"><\/div><div class=\"g-cols wpb_row via_grid cols_2 laptops-cols_inherit tablets-cols_inherit mobiles-cols_1 valign_middle type_default stacking_default\" style=\"--columns-gap:3rem;\"><div class=\"wpb_column vc_column_container\"><div class=\"vc_column-inner\"><div class=\"w-image has_ratio align_none\"><div class=\"w-image-h\"><div style=\"padding-bottom:133.3333%\"><\/div><img data-recalc-dims=\"1\" loading=\"lazy\" decoding=\"async\" width=\"640\" height=\"742\" src=\"https:\/\/i0.wp.com\/bloovseyewear.com\/wp-content\/uploads\/2023\/08\/photo_2023-04-05_12-09-43.jpg?resize=640%2C742&#038;quality=72&#038;ssl=1\" class=\"attachment-large size-large\" alt=\"Ciclista utilizando gafas deportivas\" loading=\"lazy\" \/><\/div><\/div><\/div><\/div><div class=\"wpb_column vc_column_container us_custom_eb849559\"><div class=\"vc_column-inner\"><h2 class=\"w-text us_custom_d817e070\"><span class=\"w-text-h\"><span class=\"w-text-value\">SOFIA AGUAYO<\/span><\/span><\/h2><div class=\"w-separator us_custom_b2f4b44b size_medium with_line width_default thick_2 style_solid color_text align_center\"><div class=\"w-separator-h\"><\/div><\/div><div class=\"w-vwrapper align_none valign_top\"><h3 class=\"w-text us_custom_2593997a\"><span class=\"w-text-h\"><span class=\"w-text-value\">Triathletin<\/span><\/span><\/h3><div class=\"w-text us_custom_12e6d3ad\"><span class=\"w-text-h\"><span class=\"w-text-value\">Team: prat triatl\u00f3<\/span><\/span><\/div><\/div><div class=\"wpb_text_column us_custom_5e3b9736 has_text_color\"><div class=\"wpb_wrapper\"><p><strong>Palmar\u00e8s:<\/strong><\/p>\n<p>Weltrangliste: 209<\/p>\n<p>4. bei der Europe Triathlon Aquathlon Championship<\/p>\n<p>4. Africa Triathlon Cup<\/p>\n<\/div><\/div><div class=\"w-separator size_medium\"><\/div><div class=\"w-btn-wrapper align_none\"><a class=\"w-btn us-btn-style_10 us_custom_4dd02040\" href=\"https:\/\/bloovseyewear.com\/performance-collection\/\"><span class=\"w-btn-label\">SPORTBRILLE ANSEHEN<\/span><\/a><\/div><\/div><\/div><\/div><div class=\"w-separator size_medium\"><\/div><div class=\"g-cols wpb_row via_grid cols_2 laptops-cols_inherit tablets-cols_inherit mobiles-cols_1 valign_middle type_default stacking_default\" style=\"--columns-gap:3rem;\"><div class=\"wpb_column vc_column_container\"><div class=\"vc_column-inner\"><div class=\"w-image has_ratio align_none\"><div class=\"w-image-h\"><div style=\"padding-bottom:133.3333%\"><\/div><img data-recalc-dims=\"1\" loading=\"lazy\" decoding=\"async\" width=\"819\" height=\"1024\" src=\"https:\/\/i0.wp.com\/bloovseyewear.com\/wp-content\/uploads\/2023\/08\/364958952_670125148344606_6732284890183176156_n.jpg?resize=819%2C1024&#038;quality=72&#038;ssl=1\" class=\"attachment-large size-large\" alt=\"Runner utilizando gafas deportivas\" loading=\"lazy\" \/><\/div><\/div><\/div><\/div><div class=\"wpb_column vc_column_container us_custom_eb849559\"><div class=\"vc_column-inner\"><h2 class=\"w-text us_custom_d817e070\"><span class=\"w-text-h\"><span class=\"w-text-value\">MART\u00cd COSTA<\/span><\/span><\/h2><div class=\"w-separator us_custom_b2f4b44b size_medium with_line width_default thick_2 style_solid color_text align_center\"><div class=\"w-separator-h\"><\/div><\/div><div class=\"w-vwrapper align_none valign_top\"><h3 class=\"w-text us_custom_2593997a\"><span class=\"w-text-h\"><span class=\"w-text-value\">Trailrunner<\/span><\/span><\/h3><\/div><div class=\"wpb_text_column us_custom_5e3b9736 has_text_color\"><div class=\"wpb_wrapper\"><p><strong>Palmar\u00e8s:<\/strong><\/p>\n<p>Youth SkyRunning 2022 \u2013 2. Platz<\/p>\n<p>Youth SkyRunning 2023 \u2013 2. Platz<\/p>\n<\/div><\/div><div class=\"w-separator size_medium\"><\/div><div class=\"w-btn-wrapper align_none\"><a class=\"w-btn us-btn-style_10 us_custom_4dd02040\" href=\"https:\/\/bloovseyewear.com\/performance-collection\/\"><span class=\"w-btn-label\">SPORTBRILLE ANSEHEN<\/span><\/a><\/div><\/div><\/div><\/div><div class=\"w-separator size_medium\"><\/div><div class=\"g-cols wpb_row via_grid cols_2 laptops-cols_inherit tablets-cols_inherit mobiles-cols_1 valign_middle type_default stacking_default\" style=\"--columns-gap:3rem;\"><div class=\"wpb_column vc_column_container\"><div class=\"vc_column-inner\"><div class=\"w-image has_ratio align_none\"><div class=\"w-image-h\"><div style=\"padding-bottom:133.3333%\"><\/div><img data-recalc-dims=\"1\" loading=\"lazy\" decoding=\"async\" width=\"934\" height=\"1024\" src=\"https:\/\/i0.wp.com\/bloovseyewear.com\/wp-content\/uploads\/2024\/02\/roger_cumelles_bloovs_ambassador.jpg?resize=934%2C1024&#038;quality=72&#038;ssl=1\" class=\"attachment-large size-large\" alt=\"\" loading=\"lazy\" \/><\/div><\/div><\/div><\/div><div class=\"wpb_column vc_column_container us_custom_eb849559\"><div class=\"vc_column-inner\"><h2 class=\"w-text us_custom_d817e070\"><span class=\"w-text-h\"><span class=\"w-text-value\">ROGER CUMELLAS<\/span><\/span><\/h2><div class=\"w-separator us_custom_b2f4b44b size_medium with_line width_default thick_2 style_solid color_text align_center\"><div class=\"w-separator-h\"><\/div><\/div><div class=\"w-vwrapper align_none valign_top\"><h3 class=\"w-text us_custom_2593997a\"><span class=\"w-text-h\"><span class=\"w-text-value\">Trailrunner<\/span><\/span><\/h3><div class=\"w-text us_custom_12e6d3ad\"><span class=\"w-text-h\"><span class=\"w-text-value\">Team: Merrell EU<\/span><\/span><\/div><\/div><div class=\"w-separator size_medium\"><\/div><div class=\"w-btn-wrapper align_none\"><a class=\"w-btn us-btn-style_10 us_custom_4dd02040\" href=\"https:\/\/bloovseyewear.com\/performance-collection\/\"><span class=\"w-btn-label\">SPORTBRILLE ANSEHEN<\/span><\/a><\/div><\/div><\/div><\/div><\/div><\/div><\/div><\/div><\/section>\n","protected":false},"excerpt":{"rendered":"StartseiteSeitenAMBASSADORSTEAM BLOOVSEntdecke die Sportler, die Bloovs Sport bei Wettk\u00e4mpfen auf der ganzen Welt vertreten.ANA PATRICIABeachvolleyballTeam: BrasilienPalmar\u00e8s: 1 x Weltmeister 1 x Olympische Athletin 3 x Brasilianischer Meister SPORTBRILLE ANSEHENSOFIA AGUAYOTriathletinTeam: prat triatl\u00f3Palmar\u00e8s: Weltrangliste: 209 4. bei der Europe Triathlon Aquathlon Championship 4. Africa Triathlon Cup SPORTBRILLE ANSEHENMART\u00cd COSTATrailrunnerPalmar\u00e8s: Youth SkyRunning 2022 \u2013 2. Platz Youth...","protected":false},"author":13,"featured_media":17963,"parent":0,"menu_order":0,"comment_status":"closed","ping_status":"closed","template":"","meta":{"_acf_changed":false,"footnotes":""},"class_list":["post-20586","page","type-page","status-publish","has-post-thumbnail","hentry"],"acf":[],"yoast_head":"<!-- This site is optimized with the Yoast SEO plugin v27.4 - https:\/\/yoast.com\/product\/yoast-seo-wordpress\/ -->\n<title>\u2b50\ufe0f Bloovs Ambassadors | Top Internationale Athleten - Bloovs\u00ae Tienda Oficial<\/title>\n<meta name=\"description\" content=\"Entdecke die Abenteuer der Bloovs-Botschafter in der Welt. Radfahren, Trail, Rallye... Entdecke ihre Geschichte und ihren Erfolg!\" \/>\n<meta name=\"robots\" content=\"index, follow, max-snippet:-1, max-image-preview:large, max-video-preview:-1\" \/>\n<link rel=\"canonical\" href=\"https:\/\/bloovseyewear.com\/de\/botschafter-bloovs\/\" \/>\n<meta property=\"og:locale\" content=\"de_DE\" \/>\n<meta property=\"og:type\" content=\"article\" \/>\n<meta property=\"og:title\" content=\"\u2b50\ufe0f Bloovs Ambassadors | Top Internationale Athleten - Bloovs\u00ae Tienda Oficial\" \/>\n<meta property=\"og:description\" content=\"Entdecke die Abenteuer der Bloovs-Botschafter in der Welt. Radfahren, Trail, Rallye... Entdecke ihre Geschichte und ihren Erfolg!\" \/>\n<meta property=\"og:url\" content=\"https:\/\/bloovseyewear.com\/de\/botschafter-bloovs\/\" \/>\n<meta property=\"og:site_name\" content=\"Bloovs\u00ae Tienda Oficial\" \/>\n<meta property=\"article:publisher\" content=\"https:\/\/www.facebook.com\/bloovssport\" \/>\n<meta property=\"article:modified_time\" content=\"2025-08-26T08:15:54+00:00\" \/>\n<meta property=\"og:image\" content=\"https:\/\/bloovseyewear.com\/wp-content\/uploads\/2024\/02\/ana_patricia_bloovs_ambassador.jpg\" \/>\n\t<meta property=\"og:image:width\" content=\"640\" \/>\n\t<meta property=\"og:image:height\" content=\"742\" \/>\n\t<meta property=\"og:image:type\" content=\"image\/jpeg\" \/>\n<meta name=\"twitter:card\" content=\"summary_large_image\" \/>\n<meta name=\"twitter:label1\" content=\"Gesch\u00e4tzte Lesezeit\" \/>\n\t<meta name=\"twitter:data1\" content=\"5\u00a0Minute\" \/>\n<script type=\"application\/ld+json\" class=\"yoast-schema-graph\">{\"@context\":\"https:\\\/\\\/schema.org\",\"@graph\":[{\"@type\":\"WebPage\",\"@id\":\"https:\\\/\\\/bloovseyewear.com\\\/de\\\/botschafter-bloovs\\\/\",\"url\":\"https:\\\/\\\/bloovseyewear.com\\\/de\\\/botschafter-bloovs\\\/\",\"name\":\"\u2b50\ufe0f Bloovs Ambassadors | Top Internationale Athleten - Bloovs\u00ae Tienda Oficial\",\"isPartOf\":{\"@id\":\"https:\\\/\\\/bloovseyewear.com\\\/de\\\/#website\"},\"primaryImageOfPage\":{\"@id\":\"https:\\\/\\\/bloovseyewear.com\\\/de\\\/botschafter-bloovs\\\/#primaryimage\"},\"image\":{\"@id\":\"https:\\\/\\\/bloovseyewear.com\\\/de\\\/botschafter-bloovs\\\/#primaryimage\"},\"thumbnailUrl\":\"https:\\\/\\\/bloovseyewear.com\\\/wp-content\\\/uploads\\\/2024\\\/02\\\/ana_patricia_bloovs_ambassador.jpg\",\"datePublished\":\"2024-08-16T11:06:36+00:00\",\"dateModified\":\"2025-08-26T08:15:54+00:00\",\"description\":\"Entdecke die Abenteuer der Bloovs-Botschafter in der Welt. Radfahren, Trail, Rallye... Entdecke ihre Geschichte und ihren Erfolg!\",\"breadcrumb\":{\"@id\":\"https:\\\/\\\/bloovseyewear.com\\\/de\\\/botschafter-bloovs\\\/#breadcrumb\"},\"inLanguage\":\"de\",\"potentialAction\":[{\"@type\":\"ReadAction\",\"target\":[\"https:\\\/\\\/bloovseyewear.com\\\/de\\\/botschafter-bloovs\\\/\"]}]},{\"@type\":\"ImageObject\",\"inLanguage\":\"de\",\"@id\":\"https:\\\/\\\/bloovseyewear.com\\\/de\\\/botschafter-bloovs\\\/#primaryimage\",\"url\":\"https:\\\/\\\/bloovseyewear.com\\\/wp-content\\\/uploads\\\/2024\\\/02\\\/ana_patricia_bloovs_ambassador.jpg\",\"contentUrl\":\"https:\\\/\\\/bloovseyewear.com\\\/wp-content\\\/uploads\\\/2024\\\/02\\\/ana_patricia_bloovs_ambassador.jpg\",\"width\":640,\"height\":742},{\"@type\":\"BreadcrumbList\",\"@id\":\"https:\\\/\\\/bloovseyewear.com\\\/de\\\/botschafter-bloovs\\\/#breadcrumb\",\"itemListElement\":[{\"@type\":\"ListItem\",\"position\":1,\"name\":\"Portada\",\"item\":\"https:\\\/\\\/bloovseyewear.com\\\/de\\\/\"},{\"@type\":\"ListItem\",\"position\":2,\"name\":\"Botschafter Bloovs\"}]},{\"@type\":\"WebSite\",\"@id\":\"https:\\\/\\\/bloovseyewear.com\\\/de\\\/#website\",\"url\":\"https:\\\/\\\/bloovseyewear.com\\\/de\\\/\",\"name\":\"Bloovs\u00ae Tienda Oficial\",\"description\":\"Tus Gafas de Sol para cada aventura\",\"publisher\":{\"@id\":\"https:\\\/\\\/bloovseyewear.com\\\/de\\\/#organization\"},\"potentialAction\":[{\"@type\":\"SearchAction\",\"target\":{\"@type\":\"EntryPoint\",\"urlTemplate\":\"https:\\\/\\\/bloovseyewear.com\\\/de\\\/?s={search_term_string}\"},\"query-input\":{\"@type\":\"PropertyValueSpecification\",\"valueRequired\":true,\"valueName\":\"search_term_string\"}}],\"inLanguage\":\"de\"},{\"@type\":\"Organization\",\"@id\":\"https:\\\/\\\/bloovseyewear.com\\\/de\\\/#organization\",\"name\":\"Bloovs\u00ae Tienda Oficial\",\"url\":\"https:\\\/\\\/bloovseyewear.com\\\/de\\\/\",\"logo\":{\"@type\":\"ImageObject\",\"inLanguage\":\"de\",\"@id\":\"https:\\\/\\\/bloovseyewear.com\\\/de\\\/#\\\/schema\\\/logo\\\/image\\\/\",\"url\":\"https:\\\/\\\/bloovseyewear.com\\\/wp-content\\\/uploads\\\/2018\\\/08\\\/cropped-logo-bloovs-copia-1.png\",\"contentUrl\":\"https:\\\/\\\/bloovseyewear.com\\\/wp-content\\\/uploads\\\/2018\\\/08\\\/cropped-logo-bloovs-copia-1.png\",\"width\":512,\"height\":512,\"caption\":\"Bloovs\u00ae Tienda Oficial\"},\"image\":{\"@id\":\"https:\\\/\\\/bloovseyewear.com\\\/de\\\/#\\\/schema\\\/logo\\\/image\\\/\"},\"sameAs\":[\"https:\\\/\\\/www.facebook.com\\\/bloovssport\",\"https:\\\/\\\/www.instagram.com\\\/bloovssport\\\/\"]}]}<\/script>\n<!-- \/ Yoast SEO plugin. -->","yoast_head_json":{"title":"\u2b50\ufe0f Bloovs Ambassadors | Top Internationale Athleten - Bloovs\u00ae Tienda Oficial","description":"Entdecke die Abenteuer der Bloovs-Botschafter in der Welt. Radfahren, Trail, Rallye... Entdecke ihre Geschichte und ihren Erfolg!","robots":{"index":"index","follow":"follow","max-snippet":"max-snippet:-1","max-image-preview":"max-image-preview:large","max-video-preview":"max-video-preview:-1"},"canonical":"https:\/\/bloovseyewear.com\/de\/botschafter-bloovs\/","og_locale":"de_DE","og_type":"article","og_title":"\u2b50\ufe0f Bloovs Ambassadors | Top Internationale Athleten - Bloovs\u00ae Tienda Oficial","og_description":"Entdecke die Abenteuer der Bloovs-Botschafter in der Welt. Radfahren, Trail, Rallye... Entdecke ihre Geschichte und ihren Erfolg!","og_url":"https:\/\/bloovseyewear.com\/de\/botschafter-bloovs\/","og_site_name":"Bloovs\u00ae Tienda Oficial","article_publisher":"https:\/\/www.facebook.com\/bloovssport","article_modified_time":"2025-08-26T08:15:54+00:00","og_image":[{"width":640,"height":742,"url":"https:\/\/bloovseyewear.com\/wp-content\/uploads\/2024\/02\/ana_patricia_bloovs_ambassador.jpg","type":"image\/jpeg"}],"twitter_card":"summary_large_image","twitter_misc":{"Gesch\u00e4tzte Lesezeit":"5\u00a0Minute"},"schema":{"@context":"https:\/\/schema.org","@graph":[{"@type":"WebPage","@id":"https:\/\/bloovseyewear.com\/de\/botschafter-bloovs\/","url":"https:\/\/bloovseyewear.com\/de\/botschafter-bloovs\/","name":"\u2b50\ufe0f Bloovs Ambassadors | Top Internationale Athleten - Bloovs\u00ae Tienda Oficial","isPartOf":{"@id":"https:\/\/bloovseyewear.com\/de\/#website"},"primaryImageOfPage":{"@id":"https:\/\/bloovseyewear.com\/de\/botschafter-bloovs\/#primaryimage"},"image":{"@id":"https:\/\/bloovseyewear.com\/de\/botschafter-bloovs\/#primaryimage"},"thumbnailUrl":"https:\/\/bloovseyewear.com\/wp-content\/uploads\/2024\/02\/ana_patricia_bloovs_ambassador.jpg","datePublished":"2024-08-16T11:06:36+00:00","dateModified":"2025-08-26T08:15:54+00:00","description":"Entdecke die Abenteuer der Bloovs-Botschafter in der Welt. Radfahren, Trail, Rallye... Entdecke ihre Geschichte und ihren Erfolg!","breadcrumb":{"@id":"https:\/\/bloovseyewear.com\/de\/botschafter-bloovs\/#breadcrumb"},"inLanguage":"de","potentialAction":[{"@type":"ReadAction","target":["https:\/\/bloovseyewear.com\/de\/botschafter-bloovs\/"]}]},{"@type":"ImageObject","inLanguage":"de","@id":"https:\/\/bloovseyewear.com\/de\/botschafter-bloovs\/#primaryimage","url":"https:\/\/bloovseyewear.com\/wp-content\/uploads\/2024\/02\/ana_patricia_bloovs_ambassador.jpg","contentUrl":"https:\/\/bloovseyewear.com\/wp-content\/uploads\/2024\/02\/ana_patricia_bloovs_ambassador.jpg","width":640,"height":742},{"@type":"BreadcrumbList","@id":"https:\/\/bloovseyewear.com\/de\/botschafter-bloovs\/#breadcrumb","itemListElement":[{"@type":"ListItem","position":1,"name":"Portada","item":"https:\/\/bloovseyewear.com\/de\/"},{"@type":"ListItem","position":2,"name":"Botschafter Bloovs"}]},{"@type":"WebSite","@id":"https:\/\/bloovseyewear.com\/de\/#website","url":"https:\/\/bloovseyewear.com\/de\/","name":"Bloovs\u00ae Tienda Oficial","description":"Tus Gafas de Sol para cada aventura","publisher":{"@id":"https:\/\/bloovseyewear.com\/de\/#organization"},"potentialAction":[{"@type":"SearchAction","target":{"@type":"EntryPoint","urlTemplate":"https:\/\/bloovseyewear.com\/de\/?s={search_term_string}"},"query-input":{"@type":"PropertyValueSpecification","valueRequired":true,"valueName":"search_term_string"}}],"inLanguage":"de"},{"@type":"Organization","@id":"https:\/\/bloovseyewear.com\/de\/#organization","name":"Bloovs\u00ae Tienda Oficial","url":"https:\/\/bloovseyewear.com\/de\/","logo":{"@type":"ImageObject","inLanguage":"de","@id":"https:\/\/bloovseyewear.com\/de\/#\/schema\/logo\/image\/","url":"https:\/\/bloovseyewear.com\/wp-content\/uploads\/2018\/08\/cropped-logo-bloovs-copia-1.png","contentUrl":"https:\/\/bloovseyewear.com\/wp-content\/uploads\/2018\/08\/cropped-logo-bloovs-copia-1.png","width":512,"height":512,"caption":"Bloovs\u00ae Tienda Oficial"},"image":{"@id":"https:\/\/bloovseyewear.com\/de\/#\/schema\/logo\/image\/"},"sameAs":["https:\/\/www.facebook.com\/bloovssport","https:\/\/www.instagram.com\/bloovssport\/"]}]}},"jetpack_sharing_enabled":true,"_links":{"self":[{"href":"https:\/\/bloovseyewear.com\/de\/wp-json\/wp\/v2\/pages\/20586","targetHints":{"allow":["GET"]}}],"collection":[{"href":"https:\/\/bloovseyewear.com\/de\/wp-json\/wp\/v2\/pages"}],"about":[{"href":"https:\/\/bloovseyewear.com\/de\/wp-json\/wp\/v2\/types\/page"}],"author":[{"embeddable":true,"href":"https:\/\/bloovseyewear.com\/de\/wp-json\/wp\/v2\/users\/13"}],"replies":[{"embeddable":true,"href":"https:\/\/bloovseyewear.com\/de\/wp-json\/wp\/v2\/comments?post=20586"}],"version-history":[{"count":3,"href":"https:\/\/bloovseyewear.com\/de\/wp-json\/wp\/v2\/pages\/20586\/revisions"}],"predecessor-version":[{"id":20589,"href":"https:\/\/bloovseyewear.com\/de\/wp-json\/wp\/v2\/pages\/20586\/revisions\/20589"}],"wp:featuredmedia":[{"embeddable":true,"href":"https:\/\/bloovseyewear.com\/de\/wp-json\/wp\/v2\/media\/17963"}],"wp:attachment":[{"href":"https:\/\/bloovseyewear.com\/de\/wp-json\/wp\/v2\/media?parent=20586"}],"curies":[{"name":"wp","href":"https:\/\/api.w.org\/{rel}","templated":true}]}}