{"id":20599,"date":"2024-08-16T12:07:07","date_gmt":"2024-08-16T12:07:07","guid":{"rendered":"https:\/\/bloovseyewear.com\/unser-produkt\/"},"modified":"2025-08-26T08:15:59","modified_gmt":"2025-08-26T08:15:59","slug":"unser-produkt","status":"publish","type":"page","link":"https:\/\/bloovseyewear.com\/de\/unser-produkt\/","title":{"rendered":"Unser Produkt"},"content":{"rendered":"<section class=\"l-section wpb_row us_custom_fca2ac86 height_auto full_height valign_center width_full\"><div class=\"l-section-h i-cf\"><div class=\"g-cols vc_row via_grid cols_1 laptops-cols_inherit tablets-cols_inherit mobiles-cols_1 valign_top type_default stacking_default\"><div class=\"wpb_column vc_column_container\"><div class=\"vc_column-inner\"><h1 class=\"w-text us_custom_327f330f has_text_color\"><span class=\"w-text-h\"><span class=\"w-text-value\">UNSERE TECHNOLOGIE<\/span><\/span><\/h1><\/div><\/div><\/div><\/div><\/section><section class=\"l-section wpb_row us_custom_1f64da91 height_auto width_custom\" style=\"--site-content-width:1350px;\"><div class=\"l-section-h i-cf\"><div class=\"g-cols vc_row via_grid cols_3 laptops-cols_inherit tablets-cols_inherit mobiles-cols_1 valign_top type_default stacking_default\"><div class=\"wpb_column vc_column_container us_custom_eb849559\"><div class=\"vc_column-inner\"><div class=\"w-image align_none\"><div class=\"w-image-h\"><img data-recalc-dims=\"1\" loading=\"lazy\" decoding=\"async\" width=\"450\" height=\"296\" src=\"https:\/\/i0.wp.com\/bloovseyewear.com\/wp-content\/uploads\/2023\/11\/IMAGEN_NUERSTRAS_LENTES.jpg?resize=450%2C296&#038;quality=72&#038;ssl=1\" class=\"attachment-large size-large\" alt=\"Ciclista utilizando gafas de sol deportivas\" loading=\"lazy\" srcset=\"https:\/\/i0.wp.com\/bloovseyewear.com\/wp-content\/uploads\/2023\/11\/IMAGEN_NUERSTRAS_LENTES.jpg?w=450&amp;quality=72&amp;ssl=1 450w, https:\/\/i0.wp.com\/bloovseyewear.com\/wp-content\/uploads\/2023\/11\/IMAGEN_NUERSTRAS_LENTES.jpg?resize=300%2C197&amp;quality=72&amp;ssl=1 300w\" sizes=\"auto, (max-width: 450px) 100vw, 450px\" \/><\/div><\/div><div class=\"w-text us_custom_06d93d63 has_text_color\"><span class=\"w-text-h\"><span class=\"w-text-value\">GL\u00c4SER<\/span><\/span><\/div><div class=\"w-separator size_custom\" style=\"height:10px\"><\/div><div class=\"w-btn-wrapper align_none\"><a class=\"w-btn us-btn-style_13\" href=\"https:\/\/bloovseyewear.com\/nuestras-lentes\/\"><span class=\"w-btn-label\">MEHR SEHEN!<\/span><\/a><\/div><div class=\"w-separator size_small\"><\/div><div class=\"w-text us_custom_1f257949\"><span class=\"w-text-h\"><span class=\"w-text-value\">POLARISIERTE oder FOTOCROMATISCHE Gl\u00e4ser<\/span><\/span><\/div><div class=\"w-separator size_small\"><\/div><div class=\"wpb_text_column us_custom_94db76a7 has_text_color\"><div class=\"wpb_wrapper\"><p>Alle unsere Gl\u00e4ser erf\u00fcllen die h\u00f6chsten Qualit\u00e4tsstandards, um die Sicherheit und Zufriedenheit des Benutzers zu gew\u00e4hrleisten.<\/p>\n<p>Sowohl unsere polarisierten als auch unsere phototropen Gl\u00e4ser filtern bis zu 98 % der Sonnenstrahlen und sind sto\u00dffest.<\/p>\n<\/div><\/div><\/div><\/div><div class=\"wpb_column vc_column_container us_custom_eb849559\"><div class=\"vc_column-inner\"><div class=\"w-image align_none\"><div class=\"w-image-h\"><img data-recalc-dims=\"1\" loading=\"lazy\" decoding=\"async\" width=\"450\" height=\"296\" src=\"https:\/\/i0.wp.com\/bloovseyewear.com\/wp-content\/uploads\/2023\/11\/IMAGEN_NUESTRAS_MONTURAS.jpg?resize=450%2C296&#038;quality=72&#038;ssl=1\" class=\"attachment-large size-large\" alt=\"Runner utilizando gafas de sol deportivas\" loading=\"lazy\" srcset=\"https:\/\/i0.wp.com\/bloovseyewear.com\/wp-content\/uploads\/2023\/11\/IMAGEN_NUESTRAS_MONTURAS.jpg?w=450&amp;quality=72&amp;ssl=1 450w, https:\/\/i0.wp.com\/bloovseyewear.com\/wp-content\/uploads\/2023\/11\/IMAGEN_NUESTRAS_MONTURAS.jpg?resize=300%2C197&amp;quality=72&amp;ssl=1 300w\" sizes=\"auto, (max-width: 450px) 100vw, 450px\" \/><\/div><\/div><div class=\"w-text us_custom_06d93d63 has_text_color\"><span class=\"w-text-h\"><span class=\"w-text-value\">GESTELLE<\/span><\/span><\/div><div class=\"w-separator size_custom\" style=\"height:10px\"><\/div><div class=\"w-btn-wrapper align_none\"><a class=\"w-btn us-btn-style_13 us_custom_eb849559\" href=\"https:\/\/bloovseyewear.com\/nuestras-monturas\/\"><span class=\"w-btn-label\">MEHR SEHEN!<\/span><\/a><\/div><div class=\"w-separator size_small\"><\/div><div class=\"w-text us_custom_1f257949\"><span class=\"w-text-h\"><span class=\"w-text-value\">Exklusive und originelle Farben<\/span><\/span><\/div><div class=\"w-separator size_small\"><\/div><div class=\"wpb_text_column us_custom_94db76a7 has_text_color\"><div class=\"wpb_wrapper\"><p>Sind Sie die typischen Farben von immer leid? Entdecken Sie unser Engagement f\u00fcr die Farben \u201eDROP\u201c. Eine Standardbasis mit Farbpunkten, die Ihrer Brille eine einzigartige und originelle Note verleihen.  <\/p>\n<p>Wir fertigen alle unsere Gestelle aus TR90. Dieses Material ist flexibel und extrem leicht, so dass das Tragen unserer Brillen sehr komfortabel ist. Gleichzeitig ist TR90 sehr widerstandsf\u00e4hig gegen Spannungen und St\u00f6\u00dfe, so dass Ihre Brille St\u00fcrzen, St\u00f6\u00dfen und starkem Druck standh\u00e4lt.<\/p>\n<\/div><\/div><\/div><\/div><div class=\"wpb_column vc_column_container us_custom_eb849559\"><div class=\"vc_column-inner\"><div class=\"w-image align_none\"><div class=\"w-image-h\"><img data-recalc-dims=\"1\" loading=\"lazy\" decoding=\"async\" width=\"450\" height=\"296\" src=\"https:\/\/i0.wp.com\/bloovseyewear.com\/wp-content\/uploads\/2023\/11\/IMAGEN_NUESTROS_NOSE_PADS.jpg?resize=450%2C296&#038;quality=72&#038;ssl=1\" class=\"attachment-large size-large\" alt=\"Ciclista utilizando gafas de sol deportivas\" loading=\"lazy\" srcset=\"https:\/\/i0.wp.com\/bloovseyewear.com\/wp-content\/uploads\/2023\/11\/IMAGEN_NUESTROS_NOSE_PADS.jpg?w=450&amp;quality=72&amp;ssl=1 450w, https:\/\/i0.wp.com\/bloovseyewear.com\/wp-content\/uploads\/2023\/11\/IMAGEN_NUESTROS_NOSE_PADS.jpg?resize=300%2C197&amp;quality=72&amp;ssl=1 300w\" sizes=\"auto, (max-width: 450px) 100vw, 450px\" \/><\/div><\/div><div class=\"w-text us_custom_06d93d63 has_text_color\"><span class=\"w-text-h\"><span class=\"w-text-value\">NOSE PADS<\/span><\/span><\/div><div class=\"w-separator size_custom\" style=\"height:10px\"><\/div><div class=\"w-btn-wrapper align_none\"><a class=\"w-btn us-btn-style_13 us_custom_eb849559\" href=\"https:\/\/bloovseyewear.com\/nuestros-nosepads\/\"><span class=\"w-btn-label\">MEHR SEHEN!<\/span><\/a><\/div><div class=\"w-separator size_small\"><\/div><div class=\"w-text us_custom_1f257949\"><span class=\"w-text-h\"><span class=\"w-text-value\">Silikon \u201eSOFT TOUCH\u201c<\/span><\/span><\/div><div class=\"w-separator size_small\"><\/div><div class=\"wpb_text_column us_custom_94db76a7 has_text_color\"><div class=\"wpb_wrapper\"><p><span>Alle unsere Gestelle integrieren an den Enden der B\u00fcgel und am Nasenr\u00fccken SOFT-TOUCH-Silikon.<\/span><br \/>\n<span>Mit unserem Silikon garantieren wir einen unschlagbaren Halt f\u00fcr den Sport und bieten gleichzeitig ein angenehmes Hautgef\u00fchl.<\/span><\/p>\n<\/div><\/div><div class=\"w-separator size_medium\"><\/div><\/div><\/div><\/div><\/div><\/section>\n","protected":false},"excerpt":{"rendered":"UNSERE TECHNOLOGIEGL\u00c4SERMEHR SEHEN!POLARISIERTE oder FOTOCROMATISCHE Gl\u00e4serAlle unsere Gl\u00e4ser erf\u00fcllen die h\u00f6chsten Qualit\u00e4tsstandards, um die Sicherheit und Zufriedenheit des Benutzers zu gew\u00e4hrleisten. Sowohl unsere polarisierten als auch unsere phototropen Gl\u00e4ser filtern bis zu 98 % der Sonnenstrahlen und sind sto\u00dffest. GESTELLEMEHR SEHEN!Exklusive und originelle FarbenSind Sie die typischen Farben von immer leid? Entdecken Sie unser Engagement...","protected":false},"author":13,"featured_media":17535,"parent":0,"menu_order":0,"comment_status":"closed","ping_status":"closed","template":"","meta":{"_acf_changed":false,"footnotes":""},"class_list":["post-20599","page","type-page","status-publish","has-post-thumbnail","hentry"],"acf":[],"yoast_head":"<!-- This site is optimized with the Yoast SEO plugin v27.3 - https:\/\/yoast.com\/product\/yoast-seo-wordpress\/ -->\n<title>Fortschrittliche Technologie in Sportsonnenbrillen | Bloovs\u00ae<\/title>\n<meta name=\"description\" content=\"Entdecken Sie die gesamte Technologie, die hinter unseren Brillen steckt und sie zu Ihren idealen Begleitern f\u00fcr den Sport macht.\" \/>\n<meta name=\"robots\" content=\"index, follow, max-snippet:-1, max-image-preview:large, max-video-preview:-1\" \/>\n<link rel=\"canonical\" href=\"https:\/\/bloovseyewear.com\/de\/unser-produkt\/\" \/>\n<meta property=\"og:locale\" content=\"de_DE\" \/>\n<meta property=\"og:type\" content=\"article\" \/>\n<meta property=\"og:title\" content=\"Fortschrittliche Technologie in Sportsonnenbrillen | Bloovs\u00ae\" \/>\n<meta property=\"og:description\" content=\"Entdecken Sie die gesamte Technologie, die hinter unseren Brillen steckt und sie zu Ihren idealen Begleitern f\u00fcr den Sport macht.\" \/>\n<meta property=\"og:url\" content=\"https:\/\/bloovseyewear.com\/de\/unser-produkt\/\" \/>\n<meta property=\"og:site_name\" content=\"Bloovs\u00ae Tienda Oficial\" \/>\n<meta property=\"article:publisher\" content=\"https:\/\/www.facebook.com\/bloovssport\" \/>\n<meta property=\"article:modified_time\" content=\"2025-08-26T08:15:59+00:00\" \/>\n<meta property=\"og:image\" content=\"https:\/\/bloovseyewear.com\/wp-content\/uploads\/2023\/11\/IMAGEN_NUERSTRAS_LENTES.jpg\" \/>\n\t<meta property=\"og:image:width\" content=\"450\" \/>\n\t<meta property=\"og:image:height\" content=\"296\" \/>\n\t<meta property=\"og:image:type\" content=\"image\/jpeg\" \/>\n<meta name=\"twitter:card\" content=\"summary_large_image\" \/>\n<meta name=\"twitter:label1\" content=\"Gesch\u00e4tzte Lesezeit\" \/>\n\t<meta name=\"twitter:data1\" content=\"3\u00a0Minute\" \/>\n<script type=\"application\/ld+json\" class=\"yoast-schema-graph\">{\"@context\":\"https:\\\/\\\/schema.org\",\"@graph\":[{\"@type\":\"WebPage\",\"@id\":\"https:\\\/\\\/bloovseyewear.com\\\/de\\\/unser-produkt\\\/\",\"url\":\"https:\\\/\\\/bloovseyewear.com\\\/de\\\/unser-produkt\\\/\",\"name\":\"Fortschrittliche Technologie in Sportsonnenbrillen | Bloovs\u00ae\",\"isPartOf\":{\"@id\":\"https:\\\/\\\/bloovseyewear.com\\\/de\\\/#website\"},\"primaryImageOfPage\":{\"@id\":\"https:\\\/\\\/bloovseyewear.com\\\/de\\\/unser-produkt\\\/#primaryimage\"},\"image\":{\"@id\":\"https:\\\/\\\/bloovseyewear.com\\\/de\\\/unser-produkt\\\/#primaryimage\"},\"thumbnailUrl\":\"https:\\\/\\\/bloovseyewear.com\\\/wp-content\\\/uploads\\\/2023\\\/11\\\/IMAGEN_NUERSTRAS_LENTES.jpg\",\"datePublished\":\"2024-08-16T12:07:07+00:00\",\"dateModified\":\"2025-08-26T08:15:59+00:00\",\"description\":\"Entdecken Sie die gesamte Technologie, die hinter unseren Brillen steckt und sie zu Ihren idealen Begleitern f\u00fcr den Sport macht.\",\"breadcrumb\":{\"@id\":\"https:\\\/\\\/bloovseyewear.com\\\/de\\\/unser-produkt\\\/#breadcrumb\"},\"inLanguage\":\"de\",\"potentialAction\":[{\"@type\":\"ReadAction\",\"target\":[\"https:\\\/\\\/bloovseyewear.com\\\/de\\\/unser-produkt\\\/\"]}]},{\"@type\":\"ImageObject\",\"inLanguage\":\"de\",\"@id\":\"https:\\\/\\\/bloovseyewear.com\\\/de\\\/unser-produkt\\\/#primaryimage\",\"url\":\"https:\\\/\\\/bloovseyewear.com\\\/wp-content\\\/uploads\\\/2023\\\/11\\\/IMAGEN_NUERSTRAS_LENTES.jpg\",\"contentUrl\":\"https:\\\/\\\/bloovseyewear.com\\\/wp-content\\\/uploads\\\/2023\\\/11\\\/IMAGEN_NUERSTRAS_LENTES.jpg\",\"width\":450,\"height\":296,\"caption\":\"Ciclista utilizando gafas de sol deportivas\"},{\"@type\":\"BreadcrumbList\",\"@id\":\"https:\\\/\\\/bloovseyewear.com\\\/de\\\/unser-produkt\\\/#breadcrumb\",\"itemListElement\":[{\"@type\":\"ListItem\",\"position\":1,\"name\":\"Portada\",\"item\":\"https:\\\/\\\/bloovseyewear.com\\\/de\\\/\"},{\"@type\":\"ListItem\",\"position\":2,\"name\":\"Unser Produkt\"}]},{\"@type\":\"WebSite\",\"@id\":\"https:\\\/\\\/bloovseyewear.com\\\/de\\\/#website\",\"url\":\"https:\\\/\\\/bloovseyewear.com\\\/de\\\/\",\"name\":\"Bloovs\u00ae Tienda Oficial\",\"description\":\"Tus Gafas de Sol para cada aventura\",\"publisher\":{\"@id\":\"https:\\\/\\\/bloovseyewear.com\\\/de\\\/#organization\"},\"potentialAction\":[{\"@type\":\"SearchAction\",\"target\":{\"@type\":\"EntryPoint\",\"urlTemplate\":\"https:\\\/\\\/bloovseyewear.com\\\/de\\\/?s={search_term_string}\"},\"query-input\":{\"@type\":\"PropertyValueSpecification\",\"valueRequired\":true,\"valueName\":\"search_term_string\"}}],\"inLanguage\":\"de\"},{\"@type\":\"Organization\",\"@id\":\"https:\\\/\\\/bloovseyewear.com\\\/de\\\/#organization\",\"name\":\"Bloovs\u00ae Tienda Oficial\",\"url\":\"https:\\\/\\\/bloovseyewear.com\\\/de\\\/\",\"logo\":{\"@type\":\"ImageObject\",\"inLanguage\":\"de\",\"@id\":\"https:\\\/\\\/bloovseyewear.com\\\/de\\\/#\\\/schema\\\/logo\\\/image\\\/\",\"url\":\"https:\\\/\\\/bloovseyewear.com\\\/wp-content\\\/uploads\\\/2018\\\/08\\\/cropped-logo-bloovs-copia-1.png\",\"contentUrl\":\"https:\\\/\\\/bloovseyewear.com\\\/wp-content\\\/uploads\\\/2018\\\/08\\\/cropped-logo-bloovs-copia-1.png\",\"width\":512,\"height\":512,\"caption\":\"Bloovs\u00ae Tienda Oficial\"},\"image\":{\"@id\":\"https:\\\/\\\/bloovseyewear.com\\\/de\\\/#\\\/schema\\\/logo\\\/image\\\/\"},\"sameAs\":[\"https:\\\/\\\/www.facebook.com\\\/bloovssport\",\"https:\\\/\\\/www.instagram.com\\\/bloovssport\\\/\"]}]}<\/script>\n<!-- \/ Yoast SEO plugin. -->","yoast_head_json":{"title":"Fortschrittliche Technologie in Sportsonnenbrillen | Bloovs\u00ae","description":"Entdecken Sie die gesamte Technologie, die hinter unseren Brillen steckt und sie zu Ihren idealen Begleitern f\u00fcr den Sport macht.","robots":{"index":"index","follow":"follow","max-snippet":"max-snippet:-1","max-image-preview":"max-image-preview:large","max-video-preview":"max-video-preview:-1"},"canonical":"https:\/\/bloovseyewear.com\/de\/unser-produkt\/","og_locale":"de_DE","og_type":"article","og_title":"Fortschrittliche Technologie in Sportsonnenbrillen | Bloovs\u00ae","og_description":"Entdecken Sie die gesamte Technologie, die hinter unseren Brillen steckt und sie zu Ihren idealen Begleitern f\u00fcr den Sport macht.","og_url":"https:\/\/bloovseyewear.com\/de\/unser-produkt\/","og_site_name":"Bloovs\u00ae Tienda Oficial","article_publisher":"https:\/\/www.facebook.com\/bloovssport","article_modified_time":"2025-08-26T08:15:59+00:00","og_image":[{"width":450,"height":296,"url":"https:\/\/bloovseyewear.com\/wp-content\/uploads\/2023\/11\/IMAGEN_NUERSTRAS_LENTES.jpg","type":"image\/jpeg"}],"twitter_card":"summary_large_image","twitter_misc":{"Gesch\u00e4tzte Lesezeit":"3\u00a0Minute"},"schema":{"@context":"https:\/\/schema.org","@graph":[{"@type":"WebPage","@id":"https:\/\/bloovseyewear.com\/de\/unser-produkt\/","url":"https:\/\/bloovseyewear.com\/de\/unser-produkt\/","name":"Fortschrittliche Technologie in Sportsonnenbrillen | Bloovs\u00ae","isPartOf":{"@id":"https:\/\/bloovseyewear.com\/de\/#website"},"primaryImageOfPage":{"@id":"https:\/\/bloovseyewear.com\/de\/unser-produkt\/#primaryimage"},"image":{"@id":"https:\/\/bloovseyewear.com\/de\/unser-produkt\/#primaryimage"},"thumbnailUrl":"https:\/\/bloovseyewear.com\/wp-content\/uploads\/2023\/11\/IMAGEN_NUERSTRAS_LENTES.jpg","datePublished":"2024-08-16T12:07:07+00:00","dateModified":"2025-08-26T08:15:59+00:00","description":"Entdecken Sie die gesamte Technologie, die hinter unseren Brillen steckt und sie zu Ihren idealen Begleitern f\u00fcr den Sport macht.","breadcrumb":{"@id":"https:\/\/bloovseyewear.com\/de\/unser-produkt\/#breadcrumb"},"inLanguage":"de","potentialAction":[{"@type":"ReadAction","target":["https:\/\/bloovseyewear.com\/de\/unser-produkt\/"]}]},{"@type":"ImageObject","inLanguage":"de","@id":"https:\/\/bloovseyewear.com\/de\/unser-produkt\/#primaryimage","url":"https:\/\/bloovseyewear.com\/wp-content\/uploads\/2023\/11\/IMAGEN_NUERSTRAS_LENTES.jpg","contentUrl":"https:\/\/bloovseyewear.com\/wp-content\/uploads\/2023\/11\/IMAGEN_NUERSTRAS_LENTES.jpg","width":450,"height":296,"caption":"Ciclista utilizando gafas de sol deportivas"},{"@type":"BreadcrumbList","@id":"https:\/\/bloovseyewear.com\/de\/unser-produkt\/#breadcrumb","itemListElement":[{"@type":"ListItem","position":1,"name":"Portada","item":"https:\/\/bloovseyewear.com\/de\/"},{"@type":"ListItem","position":2,"name":"Unser Produkt"}]},{"@type":"WebSite","@id":"https:\/\/bloovseyewear.com\/de\/#website","url":"https:\/\/bloovseyewear.com\/de\/","name":"Bloovs\u00ae Tienda Oficial","description":"Tus Gafas de Sol para cada aventura","publisher":{"@id":"https:\/\/bloovseyewear.com\/de\/#organization"},"potentialAction":[{"@type":"SearchAction","target":{"@type":"EntryPoint","urlTemplate":"https:\/\/bloovseyewear.com\/de\/?s={search_term_string}"},"query-input":{"@type":"PropertyValueSpecification","valueRequired":true,"valueName":"search_term_string"}}],"inLanguage":"de"},{"@type":"Organization","@id":"https:\/\/bloovseyewear.com\/de\/#organization","name":"Bloovs\u00ae Tienda Oficial","url":"https:\/\/bloovseyewear.com\/de\/","logo":{"@type":"ImageObject","inLanguage":"de","@id":"https:\/\/bloovseyewear.com\/de\/#\/schema\/logo\/image\/","url":"https:\/\/bloovseyewear.com\/wp-content\/uploads\/2018\/08\/cropped-logo-bloovs-copia-1.png","contentUrl":"https:\/\/bloovseyewear.com\/wp-content\/uploads\/2018\/08\/cropped-logo-bloovs-copia-1.png","width":512,"height":512,"caption":"Bloovs\u00ae Tienda Oficial"},"image":{"@id":"https:\/\/bloovseyewear.com\/de\/#\/schema\/logo\/image\/"},"sameAs":["https:\/\/www.facebook.com\/bloovssport","https:\/\/www.instagram.com\/bloovssport\/"]}]}},"jetpack_sharing_enabled":true,"_links":{"self":[{"href":"https:\/\/bloovseyewear.com\/de\/wp-json\/wp\/v2\/pages\/20599","targetHints":{"allow":["GET"]}}],"collection":[{"href":"https:\/\/bloovseyewear.com\/de\/wp-json\/wp\/v2\/pages"}],"about":[{"href":"https:\/\/bloovseyewear.com\/de\/wp-json\/wp\/v2\/types\/page"}],"author":[{"embeddable":true,"href":"https:\/\/bloovseyewear.com\/de\/wp-json\/wp\/v2\/users\/13"}],"replies":[{"embeddable":true,"href":"https:\/\/bloovseyewear.com\/de\/wp-json\/wp\/v2\/comments?post=20599"}],"version-history":[{"count":3,"href":"https:\/\/bloovseyewear.com\/de\/wp-json\/wp\/v2\/pages\/20599\/revisions"}],"predecessor-version":[{"id":20603,"href":"https:\/\/bloovseyewear.com\/de\/wp-json\/wp\/v2\/pages\/20599\/revisions\/20603"}],"wp:featuredmedia":[{"embeddable":true,"href":"https:\/\/bloovseyewear.com\/de\/wp-json\/wp\/v2\/media\/17535"}],"wp:attachment":[{"href":"https:\/\/bloovseyewear.com\/de\/wp-json\/wp\/v2\/media?parent=20599"}],"curies":[{"name":"wp","href":"https:\/\/api.w.org\/{rel}","templated":true}]}}