{"id":20629,"date":"2024-08-16T10:57:51","date_gmt":"2024-08-16T10:57:51","guid":{"rendered":"https:\/\/bloovseyewear.com\/datenschutzbestimmungen\/"},"modified":"2025-08-26T08:16:14","modified_gmt":"2025-08-26T08:16:14","slug":"datenschutzbestimmungen","status":"publish","type":"page","link":"https:\/\/bloovseyewear.com\/de\/datenschutzbestimmungen\/","title":{"rendered":"Datenschutzbestimmungen"},"content":{"rendered":"<section class=\"l-section wpb_row height_medium\"><div class=\"l-section-h i-cf\"><div class=\"g-cols vc_row via_grid cols_1 laptops-cols_inherit tablets-cols_inherit mobiles-cols_1 valign_top type_default stacking_default\"><div class=\"wpb_column vc_column_container\"><div class=\"vc_column-inner\"><div class=\"wpb_text_column\"><div class=\"wpb_wrapper\"><p>Bloovs Barcelona Sunglasses, S.L., im Folgenden \u201eBloovs\u201c<\/p>\n<p>Wir von Bloovs arbeiten daran, den Schutz Ihrer pers\u00f6nlichen Daten zu gew\u00e4hrleisten. Wir haben unsere Datenschutzrichtlinie aktualisiert, um klar dar\u00fcber zu informieren, wie wir die Daten von Personen, die mit uns in Kontakt treten, erfassen, verwenden und sch\u00fctzen. <\/p>\n<p>Bloovs beh\u00e4lt sich das Recht vor, diese Richtlinie aufgrund von Gesetzes- oder Selbstregulierungsanforderungen zu \u00e4ndern. Daher empfehlen wir den Nutzern, diesen Hinweis regelm\u00e4\u00dfig zu besuchen.<\/p>\n<h2 class=\"wp-block-heading\">VERANTWORTLICHER F\u00dcR DIE DATENVERARBEITUNG<\/h2>\n<p>Der Interessent oder Nutzer, der Bloovs \u00fcber diese Website oder auf andere Weise (z. B. \u00fcber soziale Netzwerke oder Verkaufsstellen in Gesch\u00e4ften) personenbezogene Daten zur Verf\u00fcgung stellt, wird dar\u00fcber informiert, dass die Verarbeitung seiner Daten erfolgt durch:<\/p>\n<p>BLOOVS BARCELONA SUNGLASSES, S.L<\/p>\n<p>AV. President Maci\u00e0 108-110, 08302, Matar\u00f3 <\/p>\n<p>CIF: B-66708769<\/p>\n<p>Bei Fragen k\u00f6nnen Sie sich unter folgender E-Mail-Adresse an uns wenden: info@bloovsbarcelona.com.<\/p>\n<h2 class=\"wp-block-heading\">ZWECKE DER DATENVERARBEITUNG<\/h2>\n<p>Indem Sie freiwillig Ihre pers\u00f6nlichen Daten \u00fcber ein beliebiges Formular auf dieser Website angeben und deren \u00dcbermittlung ausdr\u00fccklich akzeptieren, erm\u00e4chtigen Sie Bloovs ausdr\u00fccklich, die \u00fcbermittelten Daten zu verarbeiten und in eine Datei in ihrem Besitz aufzunehmen.<\/p>\n<p>Die Erhebung und Verarbeitung der von Ihnen angegebenen personenbezogenen Daten dient haupts\u00e4chlich dem Zweck, Ihre Anfrage zu beantworten und Ihnen kommerzielle und\/oder Werbeinformationen zuzusenden. Sie dient jedoch auch den folgenden Zwecken: <\/p>\n<ul>\n<li>Kontaktaufnahme mit dem Absender der Informationen, Beantwortung seiner Anfrage, seines Antrags oder seiner Anfrage und Verwaltung der Ver\u00f6ffentlichung von Anfragen und Kommentaren sowie anschlie\u00dfende Nachverfolgung.<\/li>\n<li>Ggf. Bearbeitung Ihrer Bestellung und Durchf\u00fchrung der vom Nutzer vertraglich vereinbarten Leistung, deren Fakturierung und Inkasso.<\/li>\n<li>Verwaltung und Kontrolle des Kundenportfolios.<\/li>\n<li>Ggf. Verwaltung der Teilnahme des Nutzers an von Bloovs organisierten Verlosungen oder Wettbewerben.<\/li>\n<li>Ggf. Verwaltung des Registrierungsprozesses des Nutzers auf der Online-Plattform.<\/li>\n<li>Bewertung und Verwaltung Ihres Lebenslaufs f\u00fcr Auswahlverfahren, die zu Ihrem beruflichen Profil passen, und Durchf\u00fchrung der f\u00fcr die Personalauswahl und -einstellung erforderlichen Ma\u00dfnahmen.<\/li>\n<\/ul>\n<p>Gem\u00e4\u00df Gesetz 34\/2002 vom 11. Juli \u00fcber die Dienste der Informationsgesellschaft und den elektronischen Handel wird Bloovs den Nutzern in keinem Fall Werbung und Mitteilungen zu Verkaufszwecken oder anderer kommerzieller Natur zusenden, ohne dass diese zuvor angefordert oder genehmigt wurden. Ebenso werden keine unaufgeforderten oder nicht zuvor genehmigten Nachrichten versendet und keine Ketten von unaufgeforderten oder nicht zuvor genehmigten elektronischen Nachrichten versendet. <\/p>\n<p>Die von Ihnen angegebenen personenbezogenen Daten m\u00fcssen wahr, genau, vollst\u00e4ndig und aktuell sein, wobei Sie f\u00fcr Sch\u00e4den und Nachteile haften, die durch die Nichteinhaltung dieser Verpflichtung entstehen k\u00f6nnen.<\/p>\n<p>Die von Ihnen in den mit * gekennzeichneten Feldern angegebenen Daten sind obligatorisch, um den im vorigen Absatz genannten Zweck zu erf\u00fcllen. Falls der Nutzer nicht alle angeforderten Felder ausf\u00fcllt, beh\u00e4lt sich Bloovs das Recht vor, zu entscheiden, ob dem Nutzer die betreffende Dienstleistung erbracht wird. <\/p>\n<h2 class=\"wp-block-heading\">DAUER<\/h2>\n<p>Dauer der Datenverarbeitung<\/p>\n<p>Die Daten f\u00fcr die Verwaltung der Kundenbeziehung und die Fakturierung und das Inkasso der Dienstleistungen werden w\u00e4hrend der gesamten Dauer des Vertrags aufbewahrt. Nach Beendigung dieser Beziehung k\u00f6nnen die Daten gegebenenfalls f\u00fcr die von den geltenden Gesetzen geforderte Zeit und bis zum Ablauf der sich aus dem Vertrag ergebenden etwaigen Haftungen aufbewahrt werden. <\/p>\n<p>Die Daten f\u00fcr die Bearbeitung von Anfragen und Antr\u00e4gen werden so lange aufbewahrt, wie es f\u00fcr die Beantwortung erforderlich ist, maximal jedoch ein Jahr.<\/p>\n<p>Die Daten bez\u00fcglich der Ver\u00f6ffentlichung von Kommentaren zu unseren Produkten werden w\u00e4hrend der G\u00fcltigkeit und Werbung der Produkte oder Dienstleistungen, auf die sie sich beziehen, aufbewahrt, es sei denn, Sie \u00e4u\u00dfern den Wunsch, dass sie jederzeit gel\u00f6scht werden.<\/p>\n<p>Die Daten f\u00fcr die Teilnahme an Wettbewerben, Verlosungen und Werbeaktionen werden w\u00e4hrend der Dauer derselben gem\u00e4\u00df ihren spezifischen Bedingungen aufbewahrt, um ihre Entwicklung zu verwalten, und danach bis zum Ablauf der m\u00f6glichen Haftungen, die sich aus ihrer Durchf\u00fchrung ergeben.<\/p>\n<p>Die Daten f\u00fcr den Versand von kommerziellen Mitteilungen und die Erstellung von kommerziellen Profilen unserer Produkte oder Dienstleistungen werden auf unbestimmte Zeit aufbewahrt, bis Sie uns gegebenenfalls Ihren Wunsch nach deren L\u00f6schung mitteilen.<\/p>\n<p>Die Daten des Lebenslaufs f\u00fcr Auswahlverfahren werden drei Monate lang aufbewahrt.<\/p>\n<h2 class=\"wp-block-heading\">RECHTE DES NUTZERS IN BEZUG AUF SEINE DATEN<\/h2>\n<p>Der Nutzer kann seine Rechte auf Zugang, Berichtigung, L\u00f6schung, Widerspruch und automatisierte Einzelentscheidungen, Daten\u00fcbertragbarkeit und Einschr\u00e4nkung der Verarbeitung seiner Daten aus\u00fcben, indem er sich an Bloovs mit Sitz in Av. President Maci\u00e0 08302, Matar\u00f3 oder an die Adresse info@bloovsbarcelona.com wendet und Unterlagen vorlegt, die die Identit\u00e4t des Betroffenen belegen. Der Nutzer hat das Recht, eine Beschwerde bei der spanischen Datenschutzbeh\u00f6rde (AEPD) einzureichen, wenn er der Ansicht ist, dass seine Rechte verletzt wurden.  <\/p>\n<h2 class=\"wp-block-heading\">DATEN VON MINDERJ\u00c4HRIGEN<\/h2>\n<p>Die auf dieser Website enthaltenen Formulare richten sich nicht an Personen unter 14 Jahren. Unbeschadet der Einschr\u00e4nkungen, die das Internet f\u00fcr die effektive \u00dcberpr\u00fcfung des Alters des Minderj\u00e4hrigen mit sich bringt, wird Bloovs alle Anstrengungen unternehmen, um Verfahren zu entwickeln, die es erm\u00f6glichen, das Alter des Nutzers zu \u00fcberpr\u00fcfen, wobei Minderj\u00e4hrigen unter 14 Jahren die Teilnahme verweigert wird. <\/p>\n<p>WENN DU UNTER 14 JAHRE ALT BIST, \u00dcBERPR\u00dcFE DIESE INFORMATIONEN MIT DEINEN ELTERN UND BITTE SIE, ALLES ZU ERKL\u00c4REN, WAS DU NICHT VERSTEHST. KINDER UNTER 14 JAHREN BRAUCHEN DIE ZUSTIMMUNG IHRER ELTERN, UM IHRE E-MAIL-ADRESSE ODER ANDERE PERS\u00d6NLICHE INFORMATIONEN AN DEN DIENSTANBIETER ODER EINE ANDERE PERSON ODER ENTIT\u00c4T IM INTERNET ZU GEBEN. <\/p>\n<h2 class=\"wp-block-heading\">LEGITIMATION F\u00dcR DIE DATENVERARBEITUNG<\/h2>\n<p>Die Rechtsgrundlage f\u00fcr die Datenverarbeitung ist die ausdr\u00fcckliche Einwilligung des Betroffenen.<\/p>\n<h2 class=\"wp-block-heading\">MITTEILUNG IHRER DATEN<\/h2>\n<p>Um h\u00f6chste Qualit\u00e4t zu bieten, muss Bloovs Ihre personenbezogenen Daten an externe Unternehmen oder Anbieter weitergeben, die uns helfen, den besten Service zu bieten.<\/p>\n<p>Unternehmen, die uns bei verschiedenen Fragen im Zusammenhang mit dem Service helfen. Wir von Bloovs stellen sicher, dass alle unsere Anbieter, die Zugriff auf Ihre personenbezogenen Daten haben k\u00f6nnen, vertraulich, loyal und in \u00dcbereinstimmung mit allen geltenden Vorschriften handeln. <\/p>\n<p>An die Finanzinstitute, \u00fcber die die Verwaltung von Inkasso und Zahlungen erfolgt.<br \/>\nAn die zust\u00e4ndigen \u00f6ffentlichen Verwaltungen in den gesetzlich vorgesehenen F\u00e4llen und f\u00fcr die darin definierten Zwecke.<\/p>\n<p>Unsere Shop ist auf WordPress gehostet. WordPress stellt die E-Commerce-Online-Plattform bereit, die es uns erm\u00f6glicht, Ihnen die Produkte zu verkaufen und Ihnen alle Dienstleistungen anzubieten. Ihre Daten werden in den Datenbanken von WordPress erfasst und gespeichert.  <\/p>\n<h2 class=\"wp-block-heading\">DATEN VON DRITTEN<\/h2>\n<p>Wenn Sie Daten von Dritten angeben, \u00fcbernehmen Sie die Verantwortung, diese zuvor \u00fcber alle Bestimmungen in Artikel 14 der Datenschutz-Grundverordnung unter den in dieser Vorschrift festgelegten Bedingungen zu informieren.<\/p>\n<h2 class=\"wp-block-heading\">ANNAHME UND EINWILLIGUNG<\/h2>\n<p>Der Nutzer erkl\u00e4rt, \u00fcber die Bedingungen zum Schutz personenbezogener Daten informiert worden zu sein und akzeptiert und willigt in die automatisierte Verarbeitung derselben durch Bloovs in der in dieser Datenschutzrichtlinie angegebenen Form und f\u00fcr die angegebenen Zwecke ein.<\/p>\n<div class=\"sharedaddy sd-sharing-enabled\"><\/div>\n<\/div><\/div><\/div><\/div><\/div><\/div><\/section>\n","protected":false},"excerpt":{"rendered":"Bloovs Barcelona Sunglasses, S.L., im Folgenden \u201eBloovs\u201c Wir von Bloovs arbeiten daran, den Schutz Ihrer pers\u00f6nlichen Daten zu gew\u00e4hrleisten. Wir haben unsere Datenschutzrichtlinie aktualisiert, um klar dar\u00fcber zu informieren, wie wir die Daten von Personen, die mit uns in Kontakt treten, erfassen, verwenden und sch\u00fctzen. Bloovs beh\u00e4lt sich das Recht vor, diese Richtlinie aufgrund von...","protected":false},"author":13,"featured_media":0,"parent":0,"menu_order":0,"comment_status":"closed","ping_status":"closed","template":"","meta":{"_acf_changed":false,"footnotes":""},"class_list":["post-20629","page","type-page","status-publish","hentry"],"acf":[],"yoast_head":"<!-- This site is optimized with the Yoast SEO plugin v27.3 - https:\/\/yoast.com\/product\/yoast-seo-wordpress\/ -->\n<title>Datenschutzbestimmungen - Bloovs\u00ae Tienda Oficial<\/title>\n<meta name=\"robots\" content=\"index, follow, max-snippet:-1, max-image-preview:large, max-video-preview:-1\" \/>\n<link rel=\"canonical\" href=\"https:\/\/bloovseyewear.com\/de\/datenschutzbestimmungen\/\" \/>\n<meta property=\"og:locale\" content=\"de_DE\" \/>\n<meta property=\"og:type\" content=\"article\" \/>\n<meta property=\"og:title\" content=\"Datenschutzbestimmungen - Bloovs\u00ae Tienda Oficial\" \/>\n<meta property=\"og:url\" content=\"https:\/\/bloovseyewear.com\/de\/datenschutzbestimmungen\/\" \/>\n<meta property=\"og:site_name\" content=\"Bloovs\u00ae Tienda Oficial\" \/>\n<meta property=\"article:publisher\" content=\"https:\/\/www.facebook.com\/bloovssport\" \/>\n<meta property=\"article:modified_time\" content=\"2025-08-26T08:16:14+00:00\" \/>\n<meta name=\"twitter:card\" content=\"summary_large_image\" \/>\n<meta name=\"twitter:label1\" content=\"Gesch\u00e4tzte Lesezeit\" \/>\n\t<meta name=\"twitter:data1\" content=\"6\u00a0Minute\" \/>\n<script type=\"application\/ld+json\" class=\"yoast-schema-graph\">{\"@context\":\"https:\\\/\\\/schema.org\",\"@graph\":[{\"@type\":\"WebPage\",\"@id\":\"https:\\\/\\\/bloovseyewear.com\\\/de\\\/datenschutzbestimmungen\\\/\",\"url\":\"https:\\\/\\\/bloovseyewear.com\\\/de\\\/datenschutzbestimmungen\\\/\",\"name\":\"Datenschutzbestimmungen - Bloovs\u00ae Tienda Oficial\",\"isPartOf\":{\"@id\":\"https:\\\/\\\/bloovseyewear.com\\\/de\\\/#website\"},\"datePublished\":\"2024-08-16T10:57:51+00:00\",\"dateModified\":\"2025-08-26T08:16:14+00:00\",\"breadcrumb\":{\"@id\":\"https:\\\/\\\/bloovseyewear.com\\\/de\\\/datenschutzbestimmungen\\\/#breadcrumb\"},\"inLanguage\":\"de\",\"potentialAction\":[{\"@type\":\"ReadAction\",\"target\":[\"https:\\\/\\\/bloovseyewear.com\\\/de\\\/datenschutzbestimmungen\\\/\"]}]},{\"@type\":\"BreadcrumbList\",\"@id\":\"https:\\\/\\\/bloovseyewear.com\\\/de\\\/datenschutzbestimmungen\\\/#breadcrumb\",\"itemListElement\":[{\"@type\":\"ListItem\",\"position\":1,\"name\":\"Portada\",\"item\":\"https:\\\/\\\/bloovseyewear.com\\\/de\\\/\"},{\"@type\":\"ListItem\",\"position\":2,\"name\":\"Datenschutzbestimmungen\"}]},{\"@type\":\"WebSite\",\"@id\":\"https:\\\/\\\/bloovseyewear.com\\\/de\\\/#website\",\"url\":\"https:\\\/\\\/bloovseyewear.com\\\/de\\\/\",\"name\":\"Bloovs\u00ae Tienda Oficial\",\"description\":\"Tus Gafas de Sol para cada aventura\",\"publisher\":{\"@id\":\"https:\\\/\\\/bloovseyewear.com\\\/de\\\/#organization\"},\"potentialAction\":[{\"@type\":\"SearchAction\",\"target\":{\"@type\":\"EntryPoint\",\"urlTemplate\":\"https:\\\/\\\/bloovseyewear.com\\\/de\\\/?s={search_term_string}\"},\"query-input\":{\"@type\":\"PropertyValueSpecification\",\"valueRequired\":true,\"valueName\":\"search_term_string\"}}],\"inLanguage\":\"de\"},{\"@type\":\"Organization\",\"@id\":\"https:\\\/\\\/bloovseyewear.com\\\/de\\\/#organization\",\"name\":\"Bloovs\u00ae Tienda Oficial\",\"url\":\"https:\\\/\\\/bloovseyewear.com\\\/de\\\/\",\"logo\":{\"@type\":\"ImageObject\",\"inLanguage\":\"de\",\"@id\":\"https:\\\/\\\/bloovseyewear.com\\\/de\\\/#\\\/schema\\\/logo\\\/image\\\/\",\"url\":\"https:\\\/\\\/bloovseyewear.com\\\/wp-content\\\/uploads\\\/2018\\\/08\\\/cropped-logo-bloovs-copia-1.png\",\"contentUrl\":\"https:\\\/\\\/bloovseyewear.com\\\/wp-content\\\/uploads\\\/2018\\\/08\\\/cropped-logo-bloovs-copia-1.png\",\"width\":512,\"height\":512,\"caption\":\"Bloovs\u00ae Tienda Oficial\"},\"image\":{\"@id\":\"https:\\\/\\\/bloovseyewear.com\\\/de\\\/#\\\/schema\\\/logo\\\/image\\\/\"},\"sameAs\":[\"https:\\\/\\\/www.facebook.com\\\/bloovssport\",\"https:\\\/\\\/www.instagram.com\\\/bloovssport\\\/\"]}]}<\/script>\n<!-- \/ Yoast SEO plugin. -->","yoast_head_json":{"title":"Datenschutzbestimmungen - Bloovs\u00ae Tienda Oficial","robots":{"index":"index","follow":"follow","max-snippet":"max-snippet:-1","max-image-preview":"max-image-preview:large","max-video-preview":"max-video-preview:-1"},"canonical":"https:\/\/bloovseyewear.com\/de\/datenschutzbestimmungen\/","og_locale":"de_DE","og_type":"article","og_title":"Datenschutzbestimmungen - Bloovs\u00ae Tienda Oficial","og_url":"https:\/\/bloovseyewear.com\/de\/datenschutzbestimmungen\/","og_site_name":"Bloovs\u00ae Tienda Oficial","article_publisher":"https:\/\/www.facebook.com\/bloovssport","article_modified_time":"2025-08-26T08:16:14+00:00","twitter_card":"summary_large_image","twitter_misc":{"Gesch\u00e4tzte Lesezeit":"6\u00a0Minute"},"schema":{"@context":"https:\/\/schema.org","@graph":[{"@type":"WebPage","@id":"https:\/\/bloovseyewear.com\/de\/datenschutzbestimmungen\/","url":"https:\/\/bloovseyewear.com\/de\/datenschutzbestimmungen\/","name":"Datenschutzbestimmungen - Bloovs\u00ae Tienda Oficial","isPartOf":{"@id":"https:\/\/bloovseyewear.com\/de\/#website"},"datePublished":"2024-08-16T10:57:51+00:00","dateModified":"2025-08-26T08:16:14+00:00","breadcrumb":{"@id":"https:\/\/bloovseyewear.com\/de\/datenschutzbestimmungen\/#breadcrumb"},"inLanguage":"de","potentialAction":[{"@type":"ReadAction","target":["https:\/\/bloovseyewear.com\/de\/datenschutzbestimmungen\/"]}]},{"@type":"BreadcrumbList","@id":"https:\/\/bloovseyewear.com\/de\/datenschutzbestimmungen\/#breadcrumb","itemListElement":[{"@type":"ListItem","position":1,"name":"Portada","item":"https:\/\/bloovseyewear.com\/de\/"},{"@type":"ListItem","position":2,"name":"Datenschutzbestimmungen"}]},{"@type":"WebSite","@id":"https:\/\/bloovseyewear.com\/de\/#website","url":"https:\/\/bloovseyewear.com\/de\/","name":"Bloovs\u00ae Tienda Oficial","description":"Tus Gafas de Sol para cada aventura","publisher":{"@id":"https:\/\/bloovseyewear.com\/de\/#organization"},"potentialAction":[{"@type":"SearchAction","target":{"@type":"EntryPoint","urlTemplate":"https:\/\/bloovseyewear.com\/de\/?s={search_term_string}"},"query-input":{"@type":"PropertyValueSpecification","valueRequired":true,"valueName":"search_term_string"}}],"inLanguage":"de"},{"@type":"Organization","@id":"https:\/\/bloovseyewear.com\/de\/#organization","name":"Bloovs\u00ae Tienda Oficial","url":"https:\/\/bloovseyewear.com\/de\/","logo":{"@type":"ImageObject","inLanguage":"de","@id":"https:\/\/bloovseyewear.com\/de\/#\/schema\/logo\/image\/","url":"https:\/\/bloovseyewear.com\/wp-content\/uploads\/2018\/08\/cropped-logo-bloovs-copia-1.png","contentUrl":"https:\/\/bloovseyewear.com\/wp-content\/uploads\/2018\/08\/cropped-logo-bloovs-copia-1.png","width":512,"height":512,"caption":"Bloovs\u00ae Tienda Oficial"},"image":{"@id":"https:\/\/bloovseyewear.com\/de\/#\/schema\/logo\/image\/"},"sameAs":["https:\/\/www.facebook.com\/bloovssport","https:\/\/www.instagram.com\/bloovssport\/"]}]}},"jetpack_sharing_enabled":true,"_links":{"self":[{"href":"https:\/\/bloovseyewear.com\/de\/wp-json\/wp\/v2\/pages\/20629","targetHints":{"allow":["GET"]}}],"collection":[{"href":"https:\/\/bloovseyewear.com\/de\/wp-json\/wp\/v2\/pages"}],"about":[{"href":"https:\/\/bloovseyewear.com\/de\/wp-json\/wp\/v2\/types\/page"}],"author":[{"embeddable":true,"href":"https:\/\/bloovseyewear.com\/de\/wp-json\/wp\/v2\/users\/13"}],"replies":[{"embeddable":true,"href":"https:\/\/bloovseyewear.com\/de\/wp-json\/wp\/v2\/comments?post=20629"}],"version-history":[{"count":3,"href":"https:\/\/bloovseyewear.com\/de\/wp-json\/wp\/v2\/pages\/20629\/revisions"}],"predecessor-version":[{"id":20632,"href":"https:\/\/bloovseyewear.com\/de\/wp-json\/wp\/v2\/pages\/20629\/revisions\/20632"}],"wp:attachment":[{"href":"https:\/\/bloovseyewear.com\/de\/wp-json\/wp\/v2\/media?parent=20629"}],"curies":[{"name":"wp","href":"https:\/\/api.w.org\/{rel}","templated":true}]}}