{"id":20681,"date":"2024-09-06T10:13:28","date_gmt":"2024-09-06T10:13:28","guid":{"rendered":"https:\/\/bloovseyewear.com\/unsere-nasenpads\/"},"modified":"2025-08-26T08:16:36","modified_gmt":"2025-08-26T08:16:36","slug":"unsere-nasenpads","status":"publish","type":"page","link":"https:\/\/bloovseyewear.com\/de\/unsere-nasenpads\/","title":{"rendered":"Unsere Nasenpads"},"content":{"rendered":"\t\t<div data-elementor-type=\"wp-page\" data-elementor-id=\"20681\" class=\"elementor elementor-20681 elementor-14550\">\n\t\t\t\t\t\t<section class=\"elementor-section elementor-top-section elementor-element elementor-element-55769c3 elementor-section-boxed elementor-section-height-default elementor-section-height-default\" data-id=\"55769c3\" data-element_type=\"section\" data-e-type=\"section\">\n\t\t\t\t\t\t<div class=\"elementor-container elementor-column-gap-default\">\n\t\t\t\t\t<div class=\"elementor-column elementor-col-100 elementor-top-column elementor-element elementor-element-06f1ecb\" data-id=\"06f1ecb\" data-element_type=\"column\" data-e-type=\"column\">\n\t\t\t<div class=\"elementor-widget-wrap\">\n\t\t\t\t\t\t\t<\/div>\n\t\t<\/div>\n\t\t\t\t\t<\/div>\n\t\t<\/section>\n\t\t\t\t<section class=\"elementor-section elementor-top-section elementor-element elementor-element-1905d97e elementor-section-content-middle elementor-section-stretched elementor-section-boxed elementor-section-height-default elementor-section-height-default\" data-id=\"1905d97e\" data-element_type=\"section\" data-e-type=\"section\" data-settings=\"{&quot;stretch_section&quot;:&quot;section-stretched&quot;}\">\n\t\t\t\t\t\t<div class=\"elementor-container elementor-column-gap-custom\">\n\t\t\t\t\t<div class=\"elementor-column elementor-col-50 elementor-top-column elementor-element elementor-element-612d2589\" data-id=\"612d2589\" data-element_type=\"column\" data-e-type=\"column\">\n\t\t\t<div class=\"elementor-widget-wrap elementor-element-populated\">\n\t\t\t\t\t\t<div class=\"elementor-element elementor-element-4b2f8250 elementor-widget elementor-widget-heading\" data-id=\"4b2f8250\" data-element_type=\"widget\" data-e-type=\"widget\" data-widget_type=\"heading.default\">\n\t\t\t\t<div class=\"elementor-widget-container\">\n\t\t\t\t\t<h3 class=\"elementor-heading-title elementor-size-default\">Verstellbare Nasenpads<\/h3>\t\t\t\t<\/div>\n\t\t\t\t<\/div>\n\t\t\t\t<div class=\"elementor-element elementor-element-4a29a66b elementor-widget elementor-widget-image\" data-id=\"4a29a66b\" data-element_type=\"widget\" data-e-type=\"widget\" data-widget_type=\"image.default\">\n\t\t\t\t<div class=\"elementor-widget-container\">\n\t\t\t\t\t\t\t\t\t\t\t\t\t\t\t<img decoding=\"async\" src=\"https:\/\/bloovseyewear.com\/wp-content\/uploads\/2023\/11\/Underline.svg\" class=\"attachment-full size-full wp-image-17555\" alt=\"L\u00ednea amarilla\" \/>\t\t\t\t\t\t\t\t\t\t\t\t\t\t\t<\/div>\n\t\t\t\t<\/div>\n\t\t\t\t<div class=\"elementor-element elementor-element-2a9e2a5b elementor-widget elementor-widget-text-editor\" data-id=\"2a9e2a5b\" data-element_type=\"widget\" data-e-type=\"widget\" data-widget_type=\"text-editor.default\">\n\t\t\t\t<div class=\"elementor-widget-container\">\n\t\t\t\t\t\t\t\t\t<p>Nicht alle Nasen sind gleich, deshalb bieten wir bei allen unseren Modellen eine <strong>verstellbare Halterung<\/strong> an, die dem Benutzer die M\u00f6glichkeit bietet, die passende \u00d6ffnung einzustellen. Auf diese Weise kann sich ein und dasselbe Design an verschiedene Gesichtsphysiognomien anpassen, um das perfekte Erlebnis zu bieten.  <\/p>\t\t\t\t\t\t\t\t<\/div>\n\t\t\t\t<\/div>\n\t\t\t\t\t<\/div>\n\t\t<\/div>\n\t\t\t\t<div class=\"elementor-column elementor-col-50 elementor-top-column elementor-element elementor-element-337fea17\" data-id=\"337fea17\" data-element_type=\"column\" data-e-type=\"column\">\n\t\t\t<div class=\"elementor-widget-wrap elementor-element-populated\">\n\t\t\t\t\t\t<div class=\"elementor-element elementor-element-4aec8905 elementor-widget elementor-widget-heading\" data-id=\"4aec8905\" data-element_type=\"widget\" data-e-type=\"widget\" data-widget_type=\"heading.default\">\n\t\t\t\t<div class=\"elementor-widget-container\">\n\t\t\t\t\t<h3 class=\"elementor-heading-title elementor-size-default\">Silikon SOft Touch<\/h3>\t\t\t\t<\/div>\n\t\t\t\t<\/div>\n\t\t\t\t<div class=\"elementor-element elementor-element-2d7b6679 elementor-widget elementor-widget-image\" data-id=\"2d7b6679\" data-element_type=\"widget\" data-e-type=\"widget\" data-widget_type=\"image.default\">\n\t\t\t\t<div class=\"elementor-widget-container\">\n\t\t\t\t\t\t\t\t\t\t\t\t\t\t\t<img decoding=\"async\" src=\"https:\/\/bloovseyewear.com\/wp-content\/uploads\/2023\/11\/Underline.svg\" class=\"attachment-full size-full wp-image-17555\" alt=\"L\u00ednea amarilla\" \/>\t\t\t\t\t\t\t\t\t\t\t\t\t\t\t<\/div>\n\t\t\t\t<\/div>\n\t\t\t\t<div class=\"elementor-element elementor-element-39350e1a elementor-widget elementor-widget-text-editor\" data-id=\"39350e1a\" data-element_type=\"widget\" data-e-type=\"widget\" data-widget_type=\"text-editor.default\">\n\t\t\t\t<div class=\"elementor-widget-container\">\n\t\t\t\t\t\t\t\t\t<p>Alle unsere B\u00fcgel und Nasenr\u00fccken sind mit <strong>Soft-Touch-Silikon<\/strong> ausgestattet, um einen perfekten Halt zu gew\u00e4hrleisten. Mit diesem Material gelingt es uns, die Haftung auch bei Kontakt mit Feuchtigkeit durch Wasser oder Schwei\u00df zu erh\u00f6hen und gleichzeitig Irritationen zu vermeiden.  <\/p>\t\t\t\t\t\t\t\t<\/div>\n\t\t\t\t<\/div>\n\t\t\t\t\t<\/div>\n\t\t<\/div>\n\t\t\t\t\t<\/div>\n\t\t<\/section>\n\t\t\t\t<section class=\"elementor-section elementor-top-section elementor-element elementor-element-6a4399e elementor-section-content-middle elementor-section-stretched elementor-section-boxed elementor-section-height-default elementor-section-height-default\" data-id=\"6a4399e\" data-element_type=\"section\" data-e-type=\"section\" data-settings=\"{&quot;stretch_section&quot;:&quot;section-stretched&quot;}\">\n\t\t\t\t\t\t<div class=\"elementor-container elementor-column-gap-custom\">\n\t\t\t\t\t<div class=\"elementor-column elementor-col-100 elementor-top-column elementor-element elementor-element-f49650b\" data-id=\"f49650b\" data-element_type=\"column\" data-e-type=\"column\">\n\t\t\t<div class=\"elementor-widget-wrap\">\n\t\t\t\t\t\t\t<\/div>\n\t\t<\/div>\n\t\t\t\t\t<\/div>\n\t\t<\/section>\n\t\t\t\t<section class=\"elementor-section elementor-top-section elementor-element elementor-element-78ccdcb elementor-section-content-middle elementor-section-stretched elementor-section-boxed elementor-section-height-default elementor-section-height-default\" data-id=\"78ccdcb\" data-element_type=\"section\" data-e-type=\"section\" data-settings=\"{&quot;stretch_section&quot;:&quot;section-stretched&quot;}\">\n\t\t\t\t\t\t<div class=\"elementor-container elementor-column-gap-custom\">\n\t\t\t\t\t<div class=\"elementor-column elementor-col-50 elementor-top-column elementor-element elementor-element-b68b224\" data-id=\"b68b224\" data-element_type=\"column\" data-e-type=\"column\">\n\t\t\t<div class=\"elementor-widget-wrap elementor-element-populated\">\n\t\t\t\t\t\t<div class=\"elementor-element elementor-element-4a492f0 elementor-widget elementor-widget-heading\" data-id=\"4a492f0\" data-element_type=\"widget\" data-e-type=\"widget\" data-widget_type=\"heading.default\">\n\t\t\t\t<div class=\"elementor-widget-container\">\n\t\t\t\t\t<h3 class=\"elementor-heading-title elementor-size-default\">Hypoallergen <\/h3>\t\t\t\t<\/div>\n\t\t\t\t<\/div>\n\t\t\t\t<div class=\"elementor-element elementor-element-ac752ca elementor-widget elementor-widget-image\" data-id=\"ac752ca\" data-element_type=\"widget\" data-e-type=\"widget\" data-widget_type=\"image.default\">\n\t\t\t\t<div class=\"elementor-widget-container\">\n\t\t\t\t\t\t\t\t\t\t\t\t\t\t\t<img decoding=\"async\" src=\"https:\/\/bloovseyewear.com\/wp-content\/uploads\/2023\/11\/Underline.svg\" class=\"attachment-full size-full wp-image-17555\" alt=\"L\u00ednea amarilla\" \/>\t\t\t\t\t\t\t\t\t\t\t\t\t\t\t<\/div>\n\t\t\t\t<\/div>\n\t\t\t\t<div class=\"elementor-element elementor-element-5f411b7 elementor-widget elementor-widget-text-editor\" data-id=\"5f411b7\" data-element_type=\"widget\" data-e-type=\"widget\" data-widget_type=\"text-editor.default\">\n\t\t\t\t<div class=\"elementor-widget-container\">\n\t\t\t\t\t\t\t\t\t<p>Unser Soft-Touch-Silikon bietet nicht nur einen perfekten Halt, sondern ist auch <strong>hypoallergen<\/strong> behandelt. Auf diese Weise vermeiden wir jegliche Reaktion des Benutzers bei Kontakt mit der Haut. <\/p>\t\t\t\t\t\t\t\t<\/div>\n\t\t\t\t<\/div>\n\t\t\t\t\t<\/div>\n\t\t<\/div>\n\t\t\t\t<div class=\"elementor-column elementor-col-50 elementor-top-column elementor-element elementor-element-9dac0ed\" data-id=\"9dac0ed\" data-element_type=\"column\" data-e-type=\"column\">\n\t\t\t<div class=\"elementor-widget-wrap elementor-element-populated\">\n\t\t\t\t\t\t<div class=\"elementor-element elementor-element-25a961c elementor-widget elementor-widget-heading\" data-id=\"25a961c\" data-element_type=\"widget\" data-e-type=\"widget\" data-widget_type=\"heading.default\">\n\t\t\t\t<div class=\"elementor-widget-container\">\n\t\t\t\t\t<h3 class=\"elementor-heading-title elementor-size-default\">Langlebig<\/h3>\t\t\t\t<\/div>\n\t\t\t\t<\/div>\n\t\t\t\t<div class=\"elementor-element elementor-element-f8478c8 elementor-widget elementor-widget-image\" data-id=\"f8478c8\" data-element_type=\"widget\" data-e-type=\"widget\" data-widget_type=\"image.default\">\n\t\t\t\t<div class=\"elementor-widget-container\">\n\t\t\t\t\t\t\t\t\t\t\t\t\t\t\t<img decoding=\"async\" src=\"https:\/\/bloovseyewear.com\/wp-content\/uploads\/2023\/11\/Underline.svg\" class=\"attachment-full size-full wp-image-17555\" alt=\"L\u00ednea amarilla\" \/>\t\t\t\t\t\t\t\t\t\t\t\t\t\t\t<\/div>\n\t\t\t\t<\/div>\n\t\t\t\t<div class=\"elementor-element elementor-element-69c8796 elementor-widget elementor-widget-text-editor\" data-id=\"69c8796\" data-element_type=\"widget\" data-e-type=\"widget\" data-widget_type=\"text-editor.default\">\n\t\t\t\t<div class=\"elementor-widget-container\">\n\t\t\t\t\t\t\t\t\t<p>Unser Soft-Touch-Silikon ist nicht nur perfekt f\u00fcr den Sport geeignet, sondern auch so konzipiert, dass es den <strong>ung\u00fcnstigsten Wetterbedingungen<\/strong> standh\u00e4lt und lange h\u00e4lt.<\/p>\t\t\t\t\t\t\t\t<\/div>\n\t\t\t\t<\/div>\n\t\t\t\t\t<\/div>\n\t\t<\/div>\n\t\t\t\t\t<\/div>\n\t\t<\/section>\n\t\t\t\t<section class=\"elementor-section elementor-top-section elementor-element elementor-element-6a90762 elementor-section-content-middle elementor-section-stretched elementor-section-boxed elementor-section-height-default elementor-section-height-default\" data-id=\"6a90762\" data-element_type=\"section\" data-e-type=\"section\" data-settings=\"{&quot;stretch_section&quot;:&quot;section-stretched&quot;}\">\n\t\t\t\t\t\t<div class=\"elementor-container elementor-column-gap-custom\">\n\t\t\t\t\t<div class=\"elementor-column elementor-col-100 elementor-top-column elementor-element elementor-element-695ef5e\" data-id=\"695ef5e\" data-element_type=\"column\" data-e-type=\"column\">\n\t\t\t<div class=\"elementor-widget-wrap elementor-element-populated\">\n\t\t\t\t\t\t<div class=\"elementor-element elementor-element-e8ddfbd elementor-align-center elementor-widget elementor-widget-button\" data-id=\"e8ddfbd\" data-element_type=\"widget\" data-e-type=\"widget\" data-widget_type=\"button.default\">\n\t\t\t\t<div class=\"elementor-widget-container\">\n\t\t\t\t\t\t\t\t\t<div class=\"elementor-button-wrapper\">\n\t\t\t\t\t<a class=\"elementor-button elementor-button-link elementor-size-md\" href=\"https:\/\/bloovseyewear.com\/tienda-oficial-bloovs-sport\/\">\n\t\t\t\t\t\t<span class=\"elementor-button-content-wrapper\">\n\t\t\t\t\t\t\t\t\t<span class=\"elementor-button-text\">Shop besuchen<\/span>\n\t\t\t\t\t<\/span>\n\t\t\t\t\t<\/a>\n\t\t\t\t<\/div>\n\t\t\t\t\t\t\t\t<\/div>\n\t\t\t\t<\/div>\n\t\t\t\t\t<\/div>\n\t\t<\/div>\n\t\t\t\t\t<\/div>\n\t\t<\/section>\n\t\t<div class=\"elementor-element elementor-element-a054bf2 e-flex e-con-boxed e-con e-parent\" data-id=\"a054bf2\" data-element_type=\"container\" data-e-type=\"container\">\n\t\t\t\t\t<div class=\"e-con-inner\">\n\t\t<div class=\"elementor-element elementor-element-bf8dba3 e-con-full e-flex e-con e-child\" data-id=\"bf8dba3\" data-element_type=\"container\" data-e-type=\"container\">\n\t\t\t\t<div class=\"elementor-element elementor-element-b2ce16d elementor-widget elementor-widget-video\" data-id=\"b2ce16d\" data-element_type=\"widget\" data-e-type=\"widget\" data-settings=\"{&quot;video_type&quot;:&quot;hosted&quot;,&quot;controls&quot;:&quot;yes&quot;}\" data-widget_type=\"video.default\">\n\t\t\t\t<div class=\"elementor-widget-container\">\n\t\t\t\t\t\t\t<div class=\"e-hosted-video elementor-wrapper elementor-open-inline\">\n\t\t\t\t\t<video class=\"elementor-video\" src=\"https:\/\/bloovseyewear.com\/wp-content\/uploads\/2023\/11\/KohvaMedia_Bloovs_Reel4-copia.mov\" controls=\"\" preload=\"metadata\" controlsList=\"nodownload\"><\/video>\n\t\t\t\t<\/div>\n\t\t\t\t\t\t<\/div>\n\t\t\t\t<\/div>\n\t\t\t\t<\/div>\n\t\t<div class=\"elementor-element elementor-element-5838508 e-con-full e-flex e-con e-child\" data-id=\"5838508\" data-element_type=\"container\" data-e-type=\"container\">\n\t\t\t\t<div class=\"elementor-element elementor-element-621cacd elementor-widget elementor-widget-video\" data-id=\"621cacd\" data-element_type=\"widget\" data-e-type=\"widget\" data-settings=\"{&quot;video_type&quot;:&quot;hosted&quot;,&quot;controls&quot;:&quot;yes&quot;}\" data-widget_type=\"video.default\">\n\t\t\t\t<div class=\"elementor-widget-container\">\n\t\t\t\t\t\t\t<div class=\"e-hosted-video elementor-wrapper elementor-open-inline\">\n\t\t\t\t\t<video class=\"elementor-video\" src=\"https:\/\/bloovseyewear.com\/wp-content\/uploads\/2023\/11\/KohvaMedia_Bloovs_Reelfoto3-copia.mov\" controls=\"\" preload=\"metadata\" controlsList=\"nodownload\"><\/video>\n\t\t\t\t<\/div>\n\t\t\t\t\t\t<\/div>\n\t\t\t\t<\/div>\n\t\t\t\t<\/div>\n\t\t\t\t\t<\/div>\n\t\t\t\t<\/div>\n\t\t\t\t<\/div>\n\t\t","protected":false},"excerpt":{"rendered":"<p>Verstellbare Nasenpads Nicht alle Nasen sind gleich, deshalb bieten wir bei allen unseren Modellen eine verstellbare Halterung an, die dem Benutzer die M\u00f6glichkeit bietet, die passende \u00d6ffnung einzustellen. Auf diese Weise kann sich ein und dasselbe Design an verschiedene Gesichtsphysiognomien anpassen, um das perfekte Erlebnis zu bieten. Silikon SOft Touch Alle unsere B\u00fcgel und Nasenr\u00fccken&#8230;<\/p>\n","protected":false},"author":13,"featured_media":0,"parent":0,"menu_order":0,"comment_status":"closed","ping_status":"closed","template":"","meta":{"_acf_changed":false,"footnotes":""},"class_list":["post-20681","page","type-page","status-publish","hentry"],"acf":[],"yoast_head":"<!-- This site is optimized with the Yoast SEO plugin v27.4 - https:\/\/yoast.com\/product\/yoast-seo-wordpress\/ -->\n<title>Verstellbare und langlebige Nasenpads f\u00fcr Sportler - Bloovs\u00ae Tienda Oficial<\/title>\n<meta name=\"description\" content=\"Entdecken Sie unsere Silicon Soft Touch, die wir sowohl in der Nasenauflage als auch in den B\u00fcgeln verwenden, um einen perfekten Halt zu bieten.\" \/>\n<meta name=\"robots\" content=\"index, follow, max-snippet:-1, max-image-preview:large, max-video-preview:-1\" \/>\n<link rel=\"canonical\" href=\"https:\/\/bloovseyewear.com\/de\/unsere-nasenpads\/\" \/>\n<meta property=\"og:locale\" content=\"de_DE\" \/>\n<meta property=\"og:type\" content=\"article\" \/>\n<meta property=\"og:title\" content=\"Verstellbare und langlebige Nasenpads f\u00fcr Sportler - Bloovs\u00ae Tienda Oficial\" \/>\n<meta property=\"og:description\" content=\"Entdecken Sie unsere Silicon Soft Touch, die wir sowohl in der Nasenauflage als auch in den B\u00fcgeln verwenden, um einen perfekten Halt zu bieten.\" \/>\n<meta property=\"og:url\" content=\"https:\/\/bloovseyewear.com\/de\/unsere-nasenpads\/\" \/>\n<meta property=\"og:site_name\" content=\"Bloovs\u00ae Tienda Oficial\" \/>\n<meta property=\"article:publisher\" content=\"https:\/\/www.facebook.com\/bloovssport\" \/>\n<meta property=\"article:modified_time\" content=\"2025-08-26T08:16:36+00:00\" \/>\n<meta property=\"og:image\" content=\"https:\/\/bloovseyewear.com\/wp-content\/uploads\/2023\/11\/Underline.svg\" \/>\n<meta name=\"twitter:card\" content=\"summary_large_image\" \/>\n<meta name=\"twitter:label1\" content=\"Gesch\u00e4tzte Lesezeit\" \/>\n\t<meta name=\"twitter:data1\" content=\"1\u00a0Minute\" \/>\n<script type=\"application\/ld+json\" class=\"yoast-schema-graph\">{\"@context\":\"https:\\\/\\\/schema.org\",\"@graph\":[{\"@type\":\"WebPage\",\"@id\":\"https:\\\/\\\/bloovseyewear.com\\\/de\\\/unsere-nasenpads\\\/\",\"url\":\"https:\\\/\\\/bloovseyewear.com\\\/de\\\/unsere-nasenpads\\\/\",\"name\":\"Verstellbare und langlebige Nasenpads f\u00fcr Sportler - Bloovs\u00ae Tienda Oficial\",\"isPartOf\":{\"@id\":\"https:\\\/\\\/bloovseyewear.com\\\/de\\\/#website\"},\"primaryImageOfPage\":{\"@id\":\"https:\\\/\\\/bloovseyewear.com\\\/de\\\/unsere-nasenpads\\\/#primaryimage\"},\"image\":{\"@id\":\"https:\\\/\\\/bloovseyewear.com\\\/de\\\/unsere-nasenpads\\\/#primaryimage\"},\"thumbnailUrl\":\"https:\\\/\\\/bloovseyewear.com\\\/wp-content\\\/uploads\\\/2023\\\/11\\\/Underline.svg\",\"datePublished\":\"2024-09-06T10:13:28+00:00\",\"dateModified\":\"2025-08-26T08:16:36+00:00\",\"description\":\"Entdecken Sie unsere Silicon Soft Touch, die wir sowohl in der Nasenauflage als auch in den B\u00fcgeln verwenden, um einen perfekten Halt zu bieten.\",\"breadcrumb\":{\"@id\":\"https:\\\/\\\/bloovseyewear.com\\\/de\\\/unsere-nasenpads\\\/#breadcrumb\"},\"inLanguage\":\"de\",\"potentialAction\":[{\"@type\":\"ReadAction\",\"target\":[\"https:\\\/\\\/bloovseyewear.com\\\/de\\\/unsere-nasenpads\\\/\"]}]},{\"@type\":\"ImageObject\",\"inLanguage\":\"de\",\"@id\":\"https:\\\/\\\/bloovseyewear.com\\\/de\\\/unsere-nasenpads\\\/#primaryimage\",\"url\":\"https:\\\/\\\/bloovseyewear.com\\\/wp-content\\\/uploads\\\/2023\\\/11\\\/Underline.svg\",\"contentUrl\":\"https:\\\/\\\/bloovseyewear.com\\\/wp-content\\\/uploads\\\/2023\\\/11\\\/Underline.svg\"},{\"@type\":\"BreadcrumbList\",\"@id\":\"https:\\\/\\\/bloovseyewear.com\\\/de\\\/unsere-nasenpads\\\/#breadcrumb\",\"itemListElement\":[{\"@type\":\"ListItem\",\"position\":1,\"name\":\"Portada\",\"item\":\"https:\\\/\\\/bloovseyewear.com\\\/de\\\/\"},{\"@type\":\"ListItem\",\"position\":2,\"name\":\"Unsere Nasenpads\"}]},{\"@type\":\"WebSite\",\"@id\":\"https:\\\/\\\/bloovseyewear.com\\\/de\\\/#website\",\"url\":\"https:\\\/\\\/bloovseyewear.com\\\/de\\\/\",\"name\":\"Bloovs\u00ae Tienda Oficial\",\"description\":\"Tus Gafas de Sol para cada aventura\",\"publisher\":{\"@id\":\"https:\\\/\\\/bloovseyewear.com\\\/de\\\/#organization\"},\"potentialAction\":[{\"@type\":\"SearchAction\",\"target\":{\"@type\":\"EntryPoint\",\"urlTemplate\":\"https:\\\/\\\/bloovseyewear.com\\\/de\\\/?s={search_term_string}\"},\"query-input\":{\"@type\":\"PropertyValueSpecification\",\"valueRequired\":true,\"valueName\":\"search_term_string\"}}],\"inLanguage\":\"de\"},{\"@type\":\"Organization\",\"@id\":\"https:\\\/\\\/bloovseyewear.com\\\/de\\\/#organization\",\"name\":\"Bloovs\u00ae Tienda Oficial\",\"url\":\"https:\\\/\\\/bloovseyewear.com\\\/de\\\/\",\"logo\":{\"@type\":\"ImageObject\",\"inLanguage\":\"de\",\"@id\":\"https:\\\/\\\/bloovseyewear.com\\\/de\\\/#\\\/schema\\\/logo\\\/image\\\/\",\"url\":\"https:\\\/\\\/bloovseyewear.com\\\/wp-content\\\/uploads\\\/2018\\\/08\\\/cropped-logo-bloovs-copia-1.png\",\"contentUrl\":\"https:\\\/\\\/bloovseyewear.com\\\/wp-content\\\/uploads\\\/2018\\\/08\\\/cropped-logo-bloovs-copia-1.png\",\"width\":512,\"height\":512,\"caption\":\"Bloovs\u00ae Tienda Oficial\"},\"image\":{\"@id\":\"https:\\\/\\\/bloovseyewear.com\\\/de\\\/#\\\/schema\\\/logo\\\/image\\\/\"},\"sameAs\":[\"https:\\\/\\\/www.facebook.com\\\/bloovssport\",\"https:\\\/\\\/www.instagram.com\\\/bloovssport\\\/\"]}]}<\/script>\n<!-- \/ Yoast SEO plugin. -->","yoast_head_json":{"title":"Verstellbare und langlebige Nasenpads f\u00fcr Sportler - Bloovs\u00ae Tienda Oficial","description":"Entdecken Sie unsere Silicon Soft Touch, die wir sowohl in der Nasenauflage als auch in den B\u00fcgeln verwenden, um einen perfekten Halt zu bieten.","robots":{"index":"index","follow":"follow","max-snippet":"max-snippet:-1","max-image-preview":"max-image-preview:large","max-video-preview":"max-video-preview:-1"},"canonical":"https:\/\/bloovseyewear.com\/de\/unsere-nasenpads\/","og_locale":"de_DE","og_type":"article","og_title":"Verstellbare und langlebige Nasenpads f\u00fcr Sportler - Bloovs\u00ae Tienda Oficial","og_description":"Entdecken Sie unsere Silicon Soft Touch, die wir sowohl in der Nasenauflage als auch in den B\u00fcgeln verwenden, um einen perfekten Halt zu bieten.","og_url":"https:\/\/bloovseyewear.com\/de\/unsere-nasenpads\/","og_site_name":"Bloovs\u00ae Tienda Oficial","article_publisher":"https:\/\/www.facebook.com\/bloovssport","article_modified_time":"2025-08-26T08:16:36+00:00","og_image":[{"url":"https:\/\/bloovseyewear.com\/wp-content\/uploads\/2023\/11\/Underline.svg","type":"","width":"","height":""}],"twitter_card":"summary_large_image","twitter_misc":{"Gesch\u00e4tzte Lesezeit":"1\u00a0Minute"},"schema":{"@context":"https:\/\/schema.org","@graph":[{"@type":"WebPage","@id":"https:\/\/bloovseyewear.com\/de\/unsere-nasenpads\/","url":"https:\/\/bloovseyewear.com\/de\/unsere-nasenpads\/","name":"Verstellbare und langlebige Nasenpads f\u00fcr Sportler - Bloovs\u00ae Tienda Oficial","isPartOf":{"@id":"https:\/\/bloovseyewear.com\/de\/#website"},"primaryImageOfPage":{"@id":"https:\/\/bloovseyewear.com\/de\/unsere-nasenpads\/#primaryimage"},"image":{"@id":"https:\/\/bloovseyewear.com\/de\/unsere-nasenpads\/#primaryimage"},"thumbnailUrl":"https:\/\/bloovseyewear.com\/wp-content\/uploads\/2023\/11\/Underline.svg","datePublished":"2024-09-06T10:13:28+00:00","dateModified":"2025-08-26T08:16:36+00:00","description":"Entdecken Sie unsere Silicon Soft Touch, die wir sowohl in der Nasenauflage als auch in den B\u00fcgeln verwenden, um einen perfekten Halt zu bieten.","breadcrumb":{"@id":"https:\/\/bloovseyewear.com\/de\/unsere-nasenpads\/#breadcrumb"},"inLanguage":"de","potentialAction":[{"@type":"ReadAction","target":["https:\/\/bloovseyewear.com\/de\/unsere-nasenpads\/"]}]},{"@type":"ImageObject","inLanguage":"de","@id":"https:\/\/bloovseyewear.com\/de\/unsere-nasenpads\/#primaryimage","url":"https:\/\/bloovseyewear.com\/wp-content\/uploads\/2023\/11\/Underline.svg","contentUrl":"https:\/\/bloovseyewear.com\/wp-content\/uploads\/2023\/11\/Underline.svg"},{"@type":"BreadcrumbList","@id":"https:\/\/bloovseyewear.com\/de\/unsere-nasenpads\/#breadcrumb","itemListElement":[{"@type":"ListItem","position":1,"name":"Portada","item":"https:\/\/bloovseyewear.com\/de\/"},{"@type":"ListItem","position":2,"name":"Unsere Nasenpads"}]},{"@type":"WebSite","@id":"https:\/\/bloovseyewear.com\/de\/#website","url":"https:\/\/bloovseyewear.com\/de\/","name":"Bloovs\u00ae Tienda Oficial","description":"Tus Gafas de Sol para cada aventura","publisher":{"@id":"https:\/\/bloovseyewear.com\/de\/#organization"},"potentialAction":[{"@type":"SearchAction","target":{"@type":"EntryPoint","urlTemplate":"https:\/\/bloovseyewear.com\/de\/?s={search_term_string}"},"query-input":{"@type":"PropertyValueSpecification","valueRequired":true,"valueName":"search_term_string"}}],"inLanguage":"de"},{"@type":"Organization","@id":"https:\/\/bloovseyewear.com\/de\/#organization","name":"Bloovs\u00ae Tienda Oficial","url":"https:\/\/bloovseyewear.com\/de\/","logo":{"@type":"ImageObject","inLanguage":"de","@id":"https:\/\/bloovseyewear.com\/de\/#\/schema\/logo\/image\/","url":"https:\/\/bloovseyewear.com\/wp-content\/uploads\/2018\/08\/cropped-logo-bloovs-copia-1.png","contentUrl":"https:\/\/bloovseyewear.com\/wp-content\/uploads\/2018\/08\/cropped-logo-bloovs-copia-1.png","width":512,"height":512,"caption":"Bloovs\u00ae Tienda Oficial"},"image":{"@id":"https:\/\/bloovseyewear.com\/de\/#\/schema\/logo\/image\/"},"sameAs":["https:\/\/www.facebook.com\/bloovssport","https:\/\/www.instagram.com\/bloovssport\/"]}]}},"jetpack_sharing_enabled":true,"_links":{"self":[{"href":"https:\/\/bloovseyewear.com\/de\/wp-json\/wp\/v2\/pages\/20681","targetHints":{"allow":["GET"]}}],"collection":[{"href":"https:\/\/bloovseyewear.com\/de\/wp-json\/wp\/v2\/pages"}],"about":[{"href":"https:\/\/bloovseyewear.com\/de\/wp-json\/wp\/v2\/types\/page"}],"author":[{"embeddable":true,"href":"https:\/\/bloovseyewear.com\/de\/wp-json\/wp\/v2\/users\/13"}],"replies":[{"embeddable":true,"href":"https:\/\/bloovseyewear.com\/de\/wp-json\/wp\/v2\/comments?post=20681"}],"version-history":[{"count":2,"href":"https:\/\/bloovseyewear.com\/de\/wp-json\/wp\/v2\/pages\/20681\/revisions"}],"predecessor-version":[{"id":20685,"href":"https:\/\/bloovseyewear.com\/de\/wp-json\/wp\/v2\/pages\/20681\/revisions\/20685"}],"wp:attachment":[{"href":"https:\/\/bloovseyewear.com\/de\/wp-json\/wp\/v2\/media?parent=20681"}],"curies":[{"name":"wp","href":"https:\/\/api.w.org\/{rel}","templated":true}]}}