{"id":20745,"date":"2024-08-16T10:55:58","date_gmt":"2024-08-16T10:55:58","guid":{"rendered":"https:\/\/bloovseyewear.com\/verkaufs-und-rueckgabebedingungen\/"},"modified":"2025-08-26T08:40:43","modified_gmt":"2025-08-26T08:40:43","slug":"verkaufs-und-rueckgabebedingungen","status":"publish","type":"page","link":"https:\/\/bloovseyewear.com\/de\/verkaufs-und-rueckgabebedingungen\/","title":{"rendered":"Verkaufs- und R\u00fcckgabebedingungen"},"content":{"rendered":"<section class=\"l-section wpb_row height_medium\"><div class=\"l-section-h i-cf\"><div class=\"g-cols vc_row via_grid cols_1 laptops-cols_inherit tablets-cols_inherit mobiles-cols_1 valign_top type_default stacking_default\"><div class=\"wpb_column vc_column_container\"><div class=\"vc_column-inner\"><div class=\"wpb_text_column\"><div class=\"wpb_wrapper\"><h2 class=\"wp-block-heading\">VERKAUF<\/h2>\n<p>Mit der Aufgabe einer Bestellung auf der Website www.bloovseyewear.com akzeptiert der Kunde die allgemeinen Verkaufsbedingungen.<\/p>\n<p>EDer K\u00e4ufer hat die M\u00f6glichkeit, Bestellungen \u00fcber die Website www.bloovseyewear.com aufzugeben und garantiert, dass er Inhaber der verwendeten Zahlungskarte ist, falls deren Einsatz erforderlich ist.<\/p>\n<p>Durch das Anklicken des Buttons \u201eKaufen\u201c w\u00e4hrend des Bestellvorgangs erkl\u00e4rt der K\u00e4ufer, die vorliegenden Allgemeinen Verkaufsbedingungen vollst\u00e4ndig zu akzeptieren. Diese k\u00f6nnen vom K\u00e4ufer gespeichert und ausgedruckt werden, um sie bei Bedarf erneut einzusehen.<\/p>\n<p>Die von Bloovs Barcelona Sunglasses SL gespeicherten Daten gelten als Nachweis f\u00fcr alle Transaktionen zwischen dem Unternehmen und dem K\u00e4ufer.<\/p>\n<h2 class=\"wp-block-heading\">PREIS<\/h2>\n<p>Die auf www.bloovseyewear.com angegebenen Preise f\u00fcr Artikel und Versandkosten enthalten die gesetzliche Mehrwertsteuer (MwSt.).<\/p>\n<p>Die Versandkosten sind im Preis enthalten, unabh\u00e4ngig von der Stadt, in die geliefert wird.<\/p>\n<h2 class=\"wp-block-heading\">LIEFERUNG<\/h2>\n<p>Bestellungen werden \u00fcber den Paketdienst SEUR versendet. Die Lieferzeit betr\u00e4gt 2 bis 5 Werktage f\u00fcr Bestellungen, die vor 12:00 Uhr aufgegeben werden.<\/p>\n<h2 class=\"wp-block-heading\">ZAHLUNG<\/h2>\n<p>Wir bieten verschiedene Zahlungsmethoden an, damit Sie die f\u00fcr Sie bequemste ausw\u00e4hlen k\u00f6nnen:<\/p>\n<p>Zahlung \u00fcber PayPal (Aufschlag von 4 % auf den Gesamtbetrag)<\/p>\n<p>In diesem Fall fungiert PayPal als Vermittler zwischen dem Kunden und uns. F\u00fcr diese Zahlungsart ist ein PayPal-Konto erforderlich oder die Eingabe der Kartendaten bei PayPal, falls kein Konto er\u00f6ffnet werden soll. Benutzername und Passwort werden in keinem Fall in unserer Datenbank gespeichert. Die Zahlung erfolgt \u00fcber die sichere PayPal-Plattform.   <\/p>\n<p>Wenn Sie diese Option w\u00e4hlen, wird ein zus\u00e4tzlicher Betrag von 4 % auf den Gesamtwert der Bestellung berechnet.<\/p>\n<p>Zahlung mit Kreditkarte<\/p>\n<p>Wenn Sie diese Option w\u00e4hlen, werden Sie auf eine sichere Zahlungsseite weitergeleitet, auf der Sie Ihre Kartendaten eingeben k\u00f6nnen. Wir haben keinen Zugriff auf diese Daten.<\/p>\n<h2 class=\"wp-block-heading\">R\u00dcCKSENDUNGEN<\/h2>\n<p>Die Gr\u00fcnde f\u00fcr eine R\u00fccksendung sind begrenzt. Alle Produkte, die \u00fcber diesen Shop verkauft werden, wurden vor dem Versand sorgf\u00e4ltig gepr\u00fcft. Wir empfehlen, vor Annahme des Pakets sicherzustellen, dass die Verpackung unbesch\u00e4digt ist. Ist dies nicht der Fall, NEHMEN SIE DAS PAKET NICHT AN und kontaktieren Sie sofort www.bloovseyewear.com, um den Vorfall zu melden und eine schnelle L\u00f6sung zu finden.   <\/p>\n<p>Mit der Unterschrift auf dem Empfangsnachweis best\u00e4tigen Sie, dass das Paket in einwandfreiem Zustand ist. Bei Sch\u00e4den \u00fcbernimmt das Transportunternehmen keine Verantwortung f\u00fcr sp\u00e4tere Reklamationen, und Bloovs Barcelona ist nicht verpflichtet, besch\u00e4digte Artikel zur\u00fcckzunehmen. <\/p>\n<p>Wenn Sie aus irgendeinem Grund mit dem \u00fcber das Internet gekauften Produkt nicht zufrieden sind, haben Sie ab dem Lieferdatum 14 Tage Zeit, es zur\u00fcckzugeben. Vor der R\u00fccksendung muss der Kunde innerhalb dieser Frist per E-Mail, Telefon oder Fax Kontakt mit www.bloovsbarcelona.com aufnehmen. Sie erhalten dann Anweisungen zum R\u00fccksendeverfahren.<br \/>R\u00fccksendungen ohne vorherige Mitteilung werden von Bloovs Barcelona Sunglasses SL abgelehnt. Damit eine R\u00fccksendung akzeptiert wird, m\u00fcssen Produkt und Verpackung in einwandfreiem Zustand sein \u2013 ohne Besch\u00e4digungen oder Markierungen \u2013 und s\u00e4mtliche Unterlagen sowie Zubeh\u00f6r enthalten. Der Kunde muss eine geeignete Verpackung w\u00e4hlen, die einen sicheren Transport gew\u00e4hrleistet. Nach Erhalt und Pr\u00fcfung des Produkts wird der Betrag per Bank\u00fcberweisung oder \u00fcber die urspr\u00fcngliche Zahlungsmethode erstattet.   <\/p>\n<p>AKZEPTIERTE R\u00dcCKSENDUNGSGR\u00dcNDE:<br \/>\nDer gelieferte Artikel entspricht nicht der Bestellung.<br \/>\nWenn die Lieferzeit deutlich l\u00e4nger als angegeben ist, werden wir Sie kontaktieren und ein neues Lieferdatum mitteilen. Falls Sie aufgrund der Verz\u00f6gerung kein Interesse mehr an der Bestellung haben, empfehlen wir, das Paket nicht anzunehmen, um R\u00fccksendekosten zu vermeiden.  <\/p>\n<p>ZUSTAND DER ARTIKEL F\u00dcR EINE AKZEPTIERTE R\u00dcCKSENDUNG:<br \/>\nDie R\u00fccksendung wird nur akzeptiert, wenn der Artikel versiegelt, in der Originalverpackung und in einwandfreiem Zustand ist.<\/p>\n<p>R\u00dcCKSENDEVERFAHREN:<br \/>\nIm Falle einer R\u00fccksendung kontaktieren Sie bitte bloovsbarcelona.com per E-Mail an info@bloovsbarcelona.com und geben Sie die Bestellnummer sowie den R\u00fccksendegrund an.<br \/>\nNach \u00dcbermittlung dieser Informationen k\u00f6nnen Sie den Artikel an die angegebene Adresse senden. Sobald der Zustand der Ware \u00fcberpr\u00fcft wurde, erfolgt die R\u00fcckerstattung.<br \/>\nDie Kosten f\u00fcr R\u00fccksendungen oder Umtausch (insbesondere Versandkosten) tr\u00e4gt der Kunde.<\/p>\n<p>R\u00dcCKSENDEFRIST:<br \/>\nDas Gesetz \u00fcber den Einzelhandel sieht eine maximale R\u00fccksendefrist von 14 Kalendertagen ab Lieferung vor. Nach Ablauf dieser Frist werden keine R\u00fccksendungen mehr akzeptiert.<\/p>\n<\/div><\/div><\/div><\/div><\/div><\/div><\/section>\n","protected":false},"excerpt":{"rendered":"VERKAUF Mit der Aufgabe einer Bestellung auf der Website www.bloovseyewear.com akzeptiert der Kunde die allgemeinen Verkaufsbedingungen. EDer K\u00e4ufer hat die M\u00f6glichkeit, Bestellungen \u00fcber die Website www.bloovseyewear.com aufzugeben und garantiert, dass er Inhaber der verwendeten Zahlungskarte ist, falls deren Einsatz erforderlich ist. Durch das Anklicken des Buttons \u201eKaufen\u201c w\u00e4hrend des Bestellvorgangs erkl\u00e4rt der K\u00e4ufer, die vorliegenden...","protected":false},"author":13,"featured_media":0,"parent":0,"menu_order":0,"comment_status":"closed","ping_status":"closed","template":"","meta":{"_acf_changed":false,"footnotes":""},"class_list":["post-20745","page","type-page","status-publish","hentry"],"acf":[],"yoast_head":"<!-- This site is optimized with the Yoast SEO plugin v27.3 - https:\/\/yoast.com\/product\/yoast-seo-wordpress\/ -->\n<title>Verkaufs- und R\u00fcckgabebedingungen - Bloovs\u00ae Tienda Oficial<\/title>\n<meta name=\"robots\" content=\"index, follow, max-snippet:-1, max-image-preview:large, max-video-preview:-1\" \/>\n<link rel=\"canonical\" href=\"https:\/\/bloovseyewear.com\/de\/verkaufs-und-rueckgabebedingungen\/\" \/>\n<meta property=\"og:locale\" content=\"de_DE\" \/>\n<meta property=\"og:type\" content=\"article\" \/>\n<meta property=\"og:title\" content=\"Verkaufs- und R\u00fcckgabebedingungen - Bloovs\u00ae Tienda Oficial\" \/>\n<meta property=\"og:url\" content=\"https:\/\/bloovseyewear.com\/de\/verkaufs-und-rueckgabebedingungen\/\" \/>\n<meta property=\"og:site_name\" content=\"Bloovs\u00ae Tienda Oficial\" \/>\n<meta property=\"article:publisher\" content=\"https:\/\/www.facebook.com\/bloovssport\" \/>\n<meta property=\"article:modified_time\" content=\"2025-08-26T08:40:43+00:00\" \/>\n<meta name=\"twitter:card\" content=\"summary_large_image\" \/>\n<meta name=\"twitter:label1\" content=\"Gesch\u00e4tzte Lesezeit\" \/>\n\t<meta name=\"twitter:data1\" content=\"4\u00a0Minute\" \/>\n<script type=\"application\/ld+json\" class=\"yoast-schema-graph\">{\"@context\":\"https:\\\/\\\/schema.org\",\"@graph\":[{\"@type\":\"WebPage\",\"@id\":\"https:\\\/\\\/bloovseyewear.com\\\/de\\\/verkaufs-und-rueckgabebedingungen\\\/\",\"url\":\"https:\\\/\\\/bloovseyewear.com\\\/de\\\/verkaufs-und-rueckgabebedingungen\\\/\",\"name\":\"Verkaufs- und R\u00fcckgabebedingungen - Bloovs\u00ae Tienda Oficial\",\"isPartOf\":{\"@id\":\"https:\\\/\\\/bloovseyewear.com\\\/de\\\/#website\"},\"datePublished\":\"2024-08-16T10:55:58+00:00\",\"dateModified\":\"2025-08-26T08:40:43+00:00\",\"breadcrumb\":{\"@id\":\"https:\\\/\\\/bloovseyewear.com\\\/de\\\/verkaufs-und-rueckgabebedingungen\\\/#breadcrumb\"},\"inLanguage\":\"de\",\"potentialAction\":[{\"@type\":\"ReadAction\",\"target\":[\"https:\\\/\\\/bloovseyewear.com\\\/de\\\/verkaufs-und-rueckgabebedingungen\\\/\"]}]},{\"@type\":\"BreadcrumbList\",\"@id\":\"https:\\\/\\\/bloovseyewear.com\\\/de\\\/verkaufs-und-rueckgabebedingungen\\\/#breadcrumb\",\"itemListElement\":[{\"@type\":\"ListItem\",\"position\":1,\"name\":\"Portada\",\"item\":\"https:\\\/\\\/bloovseyewear.com\\\/de\\\/\"},{\"@type\":\"ListItem\",\"position\":2,\"name\":\"Verkaufs- und R\u00fcckgabebedingungen\"}]},{\"@type\":\"WebSite\",\"@id\":\"https:\\\/\\\/bloovseyewear.com\\\/de\\\/#website\",\"url\":\"https:\\\/\\\/bloovseyewear.com\\\/de\\\/\",\"name\":\"Bloovs\u00ae Tienda Oficial\",\"description\":\"Tus Gafas de Sol para cada aventura\",\"publisher\":{\"@id\":\"https:\\\/\\\/bloovseyewear.com\\\/de\\\/#organization\"},\"potentialAction\":[{\"@type\":\"SearchAction\",\"target\":{\"@type\":\"EntryPoint\",\"urlTemplate\":\"https:\\\/\\\/bloovseyewear.com\\\/de\\\/?s={search_term_string}\"},\"query-input\":{\"@type\":\"PropertyValueSpecification\",\"valueRequired\":true,\"valueName\":\"search_term_string\"}}],\"inLanguage\":\"de\"},{\"@type\":\"Organization\",\"@id\":\"https:\\\/\\\/bloovseyewear.com\\\/de\\\/#organization\",\"name\":\"Bloovs\u00ae Tienda Oficial\",\"url\":\"https:\\\/\\\/bloovseyewear.com\\\/de\\\/\",\"logo\":{\"@type\":\"ImageObject\",\"inLanguage\":\"de\",\"@id\":\"https:\\\/\\\/bloovseyewear.com\\\/de\\\/#\\\/schema\\\/logo\\\/image\\\/\",\"url\":\"https:\\\/\\\/bloovseyewear.com\\\/wp-content\\\/uploads\\\/2018\\\/08\\\/cropped-logo-bloovs-copia-1.png\",\"contentUrl\":\"https:\\\/\\\/bloovseyewear.com\\\/wp-content\\\/uploads\\\/2018\\\/08\\\/cropped-logo-bloovs-copia-1.png\",\"width\":512,\"height\":512,\"caption\":\"Bloovs\u00ae Tienda Oficial\"},\"image\":{\"@id\":\"https:\\\/\\\/bloovseyewear.com\\\/de\\\/#\\\/schema\\\/logo\\\/image\\\/\"},\"sameAs\":[\"https:\\\/\\\/www.facebook.com\\\/bloovssport\",\"https:\\\/\\\/www.instagram.com\\\/bloovssport\\\/\"]}]}<\/script>\n<!-- \/ Yoast SEO plugin. -->","yoast_head_json":{"title":"Verkaufs- und R\u00fcckgabebedingungen - Bloovs\u00ae Tienda Oficial","robots":{"index":"index","follow":"follow","max-snippet":"max-snippet:-1","max-image-preview":"max-image-preview:large","max-video-preview":"max-video-preview:-1"},"canonical":"https:\/\/bloovseyewear.com\/de\/verkaufs-und-rueckgabebedingungen\/","og_locale":"de_DE","og_type":"article","og_title":"Verkaufs- und R\u00fcckgabebedingungen - Bloovs\u00ae Tienda Oficial","og_url":"https:\/\/bloovseyewear.com\/de\/verkaufs-und-rueckgabebedingungen\/","og_site_name":"Bloovs\u00ae Tienda Oficial","article_publisher":"https:\/\/www.facebook.com\/bloovssport","article_modified_time":"2025-08-26T08:40:43+00:00","twitter_card":"summary_large_image","twitter_misc":{"Gesch\u00e4tzte Lesezeit":"4\u00a0Minute"},"schema":{"@context":"https:\/\/schema.org","@graph":[{"@type":"WebPage","@id":"https:\/\/bloovseyewear.com\/de\/verkaufs-und-rueckgabebedingungen\/","url":"https:\/\/bloovseyewear.com\/de\/verkaufs-und-rueckgabebedingungen\/","name":"Verkaufs- und R\u00fcckgabebedingungen - Bloovs\u00ae Tienda Oficial","isPartOf":{"@id":"https:\/\/bloovseyewear.com\/de\/#website"},"datePublished":"2024-08-16T10:55:58+00:00","dateModified":"2025-08-26T08:40:43+00:00","breadcrumb":{"@id":"https:\/\/bloovseyewear.com\/de\/verkaufs-und-rueckgabebedingungen\/#breadcrumb"},"inLanguage":"de","potentialAction":[{"@type":"ReadAction","target":["https:\/\/bloovseyewear.com\/de\/verkaufs-und-rueckgabebedingungen\/"]}]},{"@type":"BreadcrumbList","@id":"https:\/\/bloovseyewear.com\/de\/verkaufs-und-rueckgabebedingungen\/#breadcrumb","itemListElement":[{"@type":"ListItem","position":1,"name":"Portada","item":"https:\/\/bloovseyewear.com\/de\/"},{"@type":"ListItem","position":2,"name":"Verkaufs- und R\u00fcckgabebedingungen"}]},{"@type":"WebSite","@id":"https:\/\/bloovseyewear.com\/de\/#website","url":"https:\/\/bloovseyewear.com\/de\/","name":"Bloovs\u00ae Tienda Oficial","description":"Tus Gafas de Sol para cada aventura","publisher":{"@id":"https:\/\/bloovseyewear.com\/de\/#organization"},"potentialAction":[{"@type":"SearchAction","target":{"@type":"EntryPoint","urlTemplate":"https:\/\/bloovseyewear.com\/de\/?s={search_term_string}"},"query-input":{"@type":"PropertyValueSpecification","valueRequired":true,"valueName":"search_term_string"}}],"inLanguage":"de"},{"@type":"Organization","@id":"https:\/\/bloovseyewear.com\/de\/#organization","name":"Bloovs\u00ae Tienda Oficial","url":"https:\/\/bloovseyewear.com\/de\/","logo":{"@type":"ImageObject","inLanguage":"de","@id":"https:\/\/bloovseyewear.com\/de\/#\/schema\/logo\/image\/","url":"https:\/\/bloovseyewear.com\/wp-content\/uploads\/2018\/08\/cropped-logo-bloovs-copia-1.png","contentUrl":"https:\/\/bloovseyewear.com\/wp-content\/uploads\/2018\/08\/cropped-logo-bloovs-copia-1.png","width":512,"height":512,"caption":"Bloovs\u00ae Tienda Oficial"},"image":{"@id":"https:\/\/bloovseyewear.com\/de\/#\/schema\/logo\/image\/"},"sameAs":["https:\/\/www.facebook.com\/bloovssport","https:\/\/www.instagram.com\/bloovssport\/"]}]}},"jetpack_sharing_enabled":true,"_links":{"self":[{"href":"https:\/\/bloovseyewear.com\/de\/wp-json\/wp\/v2\/pages\/20745","targetHints":{"allow":["GET"]}}],"collection":[{"href":"https:\/\/bloovseyewear.com\/de\/wp-json\/wp\/v2\/pages"}],"about":[{"href":"https:\/\/bloovseyewear.com\/de\/wp-json\/wp\/v2\/types\/page"}],"author":[{"embeddable":true,"href":"https:\/\/bloovseyewear.com\/de\/wp-json\/wp\/v2\/users\/13"}],"replies":[{"embeddable":true,"href":"https:\/\/bloovseyewear.com\/de\/wp-json\/wp\/v2\/comments?post=20745"}],"version-history":[{"count":2,"href":"https:\/\/bloovseyewear.com\/de\/wp-json\/wp\/v2\/pages\/20745\/revisions"}],"predecessor-version":[{"id":20747,"href":"https:\/\/bloovseyewear.com\/de\/wp-json\/wp\/v2\/pages\/20745\/revisions\/20747"}],"wp:attachment":[{"href":"https:\/\/bloovseyewear.com\/de\/wp-json\/wp\/v2\/media?parent=20745"}],"curies":[{"name":"wp","href":"https:\/\/api.w.org\/{rel}","templated":true}]}}