{"id":20792,"date":"2022-07-07T10:15:32","date_gmt":"2022-07-07T10:15:32","guid":{"rendered":"https:\/\/bloovseyewear.com\/unsere-objektive\/"},"modified":"2025-08-27T10:03:35","modified_gmt":"2025-08-27T10:03:35","slug":"unsere-objektive","status":"publish","type":"page","link":"https:\/\/bloovseyewear.com\/de\/unsere-objektive\/","title":{"rendered":"Unsere Objektive"},"content":{"rendered":"\t\t<div data-elementor-type=\"wp-page\" data-elementor-id=\"20792\" class=\"elementor elementor-20792 elementor-10870\">\n\t\t\t\t\t\t<section class=\"elementor-section elementor-top-section elementor-element elementor-element-39705e6 elementor-section-boxed elementor-section-height-default elementor-section-height-default\" data-id=\"39705e6\" data-element_type=\"section\" data-e-type=\"section\">\n\t\t\t\t\t\t<div class=\"elementor-container elementor-column-gap-default\">\n\t\t\t\t\t<div class=\"elementor-column elementor-col-100 elementor-top-column elementor-element elementor-element-f2ac233\" data-id=\"f2ac233\" data-element_type=\"column\" data-e-type=\"column\">\n\t\t\t<div class=\"elementor-widget-wrap\">\n\t\t\t\t\t\t\t<\/div>\n\t\t<\/div>\n\t\t\t\t\t<\/div>\n\t\t<\/section>\n\t\t\t\t<section class=\"elementor-section elementor-top-section elementor-element elementor-element-6db9777 elementor-section-content-middle elementor-section-stretched elementor-section-boxed elementor-section-height-default elementor-section-height-default\" data-id=\"6db9777\" data-element_type=\"section\" data-e-type=\"section\" data-settings=\"{&quot;stretch_section&quot;:&quot;section-stretched&quot;}\">\n\t\t\t\t\t\t<div class=\"elementor-container elementor-column-gap-custom\">\n\t\t\t\t\t<div class=\"elementor-column elementor-col-50 elementor-top-column elementor-element elementor-element-aa5678b\" data-id=\"aa5678b\" data-element_type=\"column\" data-e-type=\"column\">\n\t\t\t<div class=\"elementor-widget-wrap elementor-element-populated\">\n\t\t\t\t\t\t<div class=\"elementor-element elementor-element-7a20c17 elementor-widget elementor-widget-heading\" data-id=\"7a20c17\" data-element_type=\"widget\" data-e-type=\"widget\" data-widget_type=\"heading.default\">\n\t\t\t\t<div class=\"elementor-widget-container\">\n\t\t\t\t\t<h3 class=\"elementor-heading-title elementor-size-default\">AUFPRALLSCHUTZ<\/h3>\t\t\t\t<\/div>\n\t\t\t\t<\/div>\n\t\t\t\t<div class=\"elementor-element elementor-element-ac6186f elementor-widget elementor-widget-image\" data-id=\"ac6186f\" data-element_type=\"widget\" data-e-type=\"widget\" data-widget_type=\"image.default\">\n\t\t\t\t<div class=\"elementor-widget-container\">\n\t\t\t\t\t\t\t\t\t\t\t\t\t\t\t<img decoding=\"async\" src=\"https:\/\/bloovseyewear.com\/wp-content\/uploads\/2023\/11\/Underline.svg\" class=\"attachment-full size-full wp-image-17555\" alt=\"L\u00ednea amarilla\" \/>\t\t\t\t\t\t\t\t\t\t\t\t\t\t\t<\/div>\n\t\t\t\t<\/div>\n\t\t\t\t<div class=\"elementor-element elementor-element-c66c842 elementor-widget elementor-widget-text-editor\" data-id=\"c66c842\" data-element_type=\"widget\" data-e-type=\"widget\" data-widget_type=\"text-editor.default\">\n\t\t\t\t<div class=\"elementor-widget-container\">\n\t\t\t\t\t\t\t\t\t<p>Bloovs Sport-Gl\u00e4ser werden unter <strong>extremen Bedingungen mit hoher Masse und hoher<\/strong> Geschwindigkeit entwickelt und getestet, um kompromisslosen Schutz unter extremsten Bedingungen zu gew\u00e4hrleisten. <\/p>\t\t\t\t\t\t\t\t<\/div>\n\t\t\t\t<\/div>\n\t\t\t\t\t<\/div>\n\t\t<\/div>\n\t\t\t\t<div class=\"elementor-column elementor-col-50 elementor-top-column elementor-element elementor-element-ef6be30\" data-id=\"ef6be30\" data-element_type=\"column\" data-e-type=\"column\">\n\t\t\t<div class=\"elementor-widget-wrap elementor-element-populated\">\n\t\t\t\t\t\t<div class=\"elementor-element elementor-element-7b3e99b2 elementor-widget elementor-widget-heading\" data-id=\"7b3e99b2\" data-element_type=\"widget\" data-e-type=\"widget\" data-widget_type=\"heading.default\">\n\t\t\t\t<div class=\"elementor-widget-container\">\n\t\t\t\t\t<h3 class=\"elementor-heading-title elementor-size-default\">UV-Schutz<\/h3>\t\t\t\t<\/div>\n\t\t\t\t<\/div>\n\t\t\t\t<div class=\"elementor-element elementor-element-168f812 elementor-widget elementor-widget-image\" data-id=\"168f812\" data-element_type=\"widget\" data-e-type=\"widget\" data-widget_type=\"image.default\">\n\t\t\t\t<div class=\"elementor-widget-container\">\n\t\t\t\t\t\t\t\t\t\t\t\t\t\t\t<img decoding=\"async\" src=\"https:\/\/bloovseyewear.com\/wp-content\/uploads\/2023\/11\/Underline.svg\" class=\"attachment-full size-full wp-image-17555\" alt=\"L\u00ednea amarilla\" \/>\t\t\t\t\t\t\t\t\t\t\t\t\t\t\t<\/div>\n\t\t\t\t<\/div>\n\t\t\t\t<div class=\"elementor-element elementor-element-a85601f elementor-widget elementor-widget-text-editor\" data-id=\"a85601f\" data-element_type=\"widget\" data-e-type=\"widget\" data-widget_type=\"text-editor.default\">\n\t\t\t\t<div class=\"elementor-widget-container\">\n\t\t\t\t\t\t\t\t\t<p>Bloovs Sport-Gl\u00e4ser bieten hervorragenden Schutz vor <strong>sch\u00e4dlichen ultravioletten<\/strong> (UV) Strahlen. Dies ist wichtig, um Ihre Augen vor den sch\u00e4dlichen Auswirkungen der Sonnenstrahlung zu sch\u00fctzen.  <\/p>\t\t\t\t\t\t\t\t<\/div>\n\t\t\t\t<\/div>\n\t\t\t\t\t<\/div>\n\t\t<\/div>\n\t\t\t\t\t<\/div>\n\t\t<\/section>\n\t\t\t\t<section class=\"elementor-section elementor-top-section elementor-element elementor-element-e0a3fd3 elementor-section-content-middle elementor-section-stretched elementor-section-boxed elementor-section-height-default elementor-section-height-default\" data-id=\"e0a3fd3\" data-element_type=\"section\" data-e-type=\"section\" data-settings=\"{&quot;stretch_section&quot;:&quot;section-stretched&quot;}\">\n\t\t\t\t\t\t<div class=\"elementor-container elementor-column-gap-custom\">\n\t\t\t\t\t<div class=\"elementor-column elementor-col-100 elementor-top-column elementor-element elementor-element-10cc188\" data-id=\"10cc188\" data-element_type=\"column\" data-e-type=\"column\">\n\t\t\t<div class=\"elementor-widget-wrap\">\n\t\t\t\t\t\t\t<\/div>\n\t\t<\/div>\n\t\t\t\t\t<\/div>\n\t\t<\/section>\n\t\t\t\t<section class=\"elementor-section elementor-top-section elementor-element elementor-element-1bb2a5b elementor-section-content-middle elementor-section-stretched elementor-section-boxed elementor-section-height-default elementor-section-height-default\" data-id=\"1bb2a5b\" data-element_type=\"section\" data-e-type=\"section\" data-settings=\"{&quot;stretch_section&quot;:&quot;section-stretched&quot;}\">\n\t\t\t\t\t\t<div class=\"elementor-container elementor-column-gap-custom\">\n\t\t\t\t\t<div class=\"elementor-column elementor-col-50 elementor-top-column elementor-element elementor-element-0704b6d\" data-id=\"0704b6d\" data-element_type=\"column\" data-e-type=\"column\">\n\t\t\t<div class=\"elementor-widget-wrap elementor-element-populated\">\n\t\t\t\t\t\t<div class=\"elementor-element elementor-element-52a9269 elementor-widget elementor-widget-heading\" data-id=\"52a9269\" data-element_type=\"widget\" data-e-type=\"widget\" data-widget_type=\"heading.default\">\n\t\t\t\t<div class=\"elementor-widget-container\">\n\t\t\t\t\t<h3 class=\"elementor-heading-title elementor-size-default\">CLEAR HD Vision Polarisierte Technologie<\/h3>\t\t\t\t<\/div>\n\t\t\t\t<\/div>\n\t\t\t\t<div class=\"elementor-element elementor-element-4f1b543 elementor-widget elementor-widget-image\" data-id=\"4f1b543\" data-element_type=\"widget\" data-e-type=\"widget\" data-widget_type=\"image.default\">\n\t\t\t\t<div class=\"elementor-widget-container\">\n\t\t\t\t\t\t\t\t\t\t\t\t\t\t\t<img decoding=\"async\" src=\"https:\/\/bloovseyewear.com\/wp-content\/uploads\/2023\/11\/Underline.svg\" class=\"attachment-full size-full wp-image-17555\" alt=\"L\u00ednea amarilla\" \/>\t\t\t\t\t\t\t\t\t\t\t\t\t\t\t<\/div>\n\t\t\t\t<\/div>\n\t\t\t\t<div class=\"elementor-element elementor-element-94dc1b1 elementor-widget elementor-widget-text-editor\" data-id=\"94dc1b1\" data-element_type=\"widget\" data-e-type=\"widget\" data-widget_type=\"text-editor.default\">\n\t\t\t\t<div class=\"elementor-widget-container\">\n\t\t\t\t\t\t\t\t\t<p>Bloovs Sportgl\u00e4ser sind <strong>polarisiert<\/strong>, um dem Tr\u00e4ger das beste Erlebnis beim Sport zu bieten. Dank der polarisierten Behandlung reduzieren wir Blendung, verbessern den Kontrast und bieten eine bessere Farbwahrnehmung. Gleichzeitig reduzieren wir die Augenerm\u00fcdung deutlich und verbessern die Tiefenwahrnehmung.   <\/p>\t\t\t\t\t\t\t\t<\/div>\n\t\t\t\t<\/div>\n\t\t\t\t\t<\/div>\n\t\t<\/div>\n\t\t\t\t<div class=\"elementor-column elementor-col-50 elementor-top-column elementor-element elementor-element-dc3c500\" data-id=\"dc3c500\" data-element_type=\"column\" data-e-type=\"column\">\n\t\t\t<div class=\"elementor-widget-wrap elementor-element-populated\">\n\t\t\t\t\t\t<div class=\"elementor-element elementor-element-22d6cbc elementor-widget elementor-widget-heading\" data-id=\"22d6cbc\" data-element_type=\"widget\" data-e-type=\"widget\" data-widget_type=\"heading.default\">\n\t\t\t\t<div class=\"elementor-widget-container\">\n\t\t\t\t\t<h3 class=\"elementor-heading-title elementor-size-default\">Wasserabweisende Behandlung<\/h3>\t\t\t\t<\/div>\n\t\t\t\t<\/div>\n\t\t\t\t<div class=\"elementor-element elementor-element-37c289d elementor-widget elementor-widget-image\" data-id=\"37c289d\" data-element_type=\"widget\" data-e-type=\"widget\" data-widget_type=\"image.default\">\n\t\t\t\t<div class=\"elementor-widget-container\">\n\t\t\t\t\t\t\t\t\t\t\t\t\t\t\t<img decoding=\"async\" src=\"https:\/\/bloovseyewear.com\/wp-content\/uploads\/2023\/11\/Underline.svg\" class=\"attachment-full size-full wp-image-17555\" alt=\"L\u00ednea amarilla\" \/>\t\t\t\t\t\t\t\t\t\t\t\t\t\t\t<\/div>\n\t\t\t\t<\/div>\n\t\t\t\t<div class=\"elementor-element elementor-element-c5ff7da elementor-widget elementor-widget-text-editor\" data-id=\"c5ff7da\" data-element_type=\"widget\" data-e-type=\"widget\" data-widget_type=\"text-editor.default\">\n\t\t\t\t<div class=\"elementor-widget-container\">\n\t\t\t\t\t\t\t\t\t<p>Alle unsere Linsen verf\u00fcgen \u00fcber eine spezielle \u201e<strong>Anti-Coating<\/strong>\u201c-Beschichtung, die ein Beschlagen verhindert, Wasser abweist (besonders n\u00fctzlich an regnerischen Tagen oder beim Waschen der Linsen) und eine Besch\u00e4digung der verspiegelten Linsenoberfl\u00e4che verhindert.<\/p>\t\t\t\t\t\t\t\t<\/div>\n\t\t\t\t<\/div>\n\t\t\t\t\t<\/div>\n\t\t<\/div>\n\t\t\t\t\t<\/div>\n\t\t<\/section>\n\t\t\t\t<section class=\"elementor-section elementor-top-section elementor-element elementor-element-5105de0 elementor-section-content-middle elementor-section-stretched elementor-section-boxed elementor-section-height-default elementor-section-height-default\" data-id=\"5105de0\" data-element_type=\"section\" data-e-type=\"section\" data-settings=\"{&quot;stretch_section&quot;:&quot;section-stretched&quot;}\">\n\t\t\t\t\t\t<div class=\"elementor-container elementor-column-gap-custom\">\n\t\t\t\t\t<div class=\"elementor-column elementor-col-100 elementor-top-column elementor-element elementor-element-53bd257\" data-id=\"53bd257\" data-element_type=\"column\" data-e-type=\"column\">\n\t\t\t<div class=\"elementor-widget-wrap elementor-element-populated\">\n\t\t\t\t\t\t<div class=\"elementor-element elementor-element-7351957 elementor-align-center elementor-widget elementor-widget-button\" data-id=\"7351957\" data-element_type=\"widget\" data-e-type=\"widget\" data-widget_type=\"button.default\">\n\t\t\t\t<div class=\"elementor-widget-container\">\n\t\t\t\t\t\t\t\t\t<div class=\"elementor-button-wrapper\">\n\t\t\t\t\t<a class=\"elementor-button elementor-button-link elementor-size-md\" href=\"https:\/\/bloovseyewear.com\/tienda-oficial-bloovs-sport\/\">\n\t\t\t\t\t\t<span class=\"elementor-button-content-wrapper\">\n\t\t\t\t\t\t\t\t\t<span class=\"elementor-button-text\">Shop besuchen<\/span>\n\t\t\t\t\t<\/span>\n\t\t\t\t\t<\/a>\n\t\t\t\t<\/div>\n\t\t\t\t\t\t\t\t<\/div>\n\t\t\t\t<\/div>\n\t\t\t\t\t<\/div>\n\t\t<\/div>\n\t\t\t\t\t<\/div>\n\t\t<\/section>\n\t\t<div class=\"elementor-element elementor-element-3ec7602 e-flex e-con-boxed e-con e-parent\" data-id=\"3ec7602\" data-element_type=\"container\" data-e-type=\"container\">\n\t\t\t\t\t<div class=\"e-con-inner\">\n\t\t<div class=\"elementor-element elementor-element-28542d0 e-con-full e-flex e-con e-child\" data-id=\"28542d0\" data-element_type=\"container\" data-e-type=\"container\">\n\t\t\t\t<div class=\"elementor-element elementor-element-3965ea0 elementor-widget elementor-widget-video\" data-id=\"3965ea0\" data-element_type=\"widget\" data-e-type=\"widget\" data-settings=\"{&quot;video_type&quot;:&quot;hosted&quot;,&quot;controls&quot;:&quot;yes&quot;}\" data-widget_type=\"video.default\">\n\t\t\t\t<div class=\"elementor-widget-container\">\n\t\t\t\t\t\t\t<div class=\"e-hosted-video elementor-wrapper elementor-open-inline\">\n\t\t\t\t\t<video class=\"elementor-video\" src=\"https:\/\/bloovseyewear.com\/wp-content\/uploads\/2023\/11\/KohvaMedia_Bloovs_Reel1-copia.mov\" controls=\"\" preload=\"metadata\" controlsList=\"nodownload\"><\/video>\n\t\t\t\t<\/div>\n\t\t\t\t\t\t<\/div>\n\t\t\t\t<\/div>\n\t\t\t\t<\/div>\n\t\t<div class=\"elementor-element elementor-element-2a65ac1 e-con-full e-flex e-con e-child\" data-id=\"2a65ac1\" data-element_type=\"container\" data-e-type=\"container\">\n\t\t\t\t<div class=\"elementor-element elementor-element-c5ddbff elementor-widget elementor-widget-video\" data-id=\"c5ddbff\" data-element_type=\"widget\" data-e-type=\"widget\" data-settings=\"{&quot;video_type&quot;:&quot;hosted&quot;,&quot;controls&quot;:&quot;yes&quot;}\" data-widget_type=\"video.default\">\n\t\t\t\t<div class=\"elementor-widget-container\">\n\t\t\t\t\t\t\t<div class=\"e-hosted-video elementor-wrapper elementor-open-inline\">\n\t\t\t\t\t<video class=\"elementor-video\" src=\"https:\/\/bloovseyewear.com\/wp-content\/uploads\/2023\/11\/KohvaMedia_Bloovs_Reel2-copia.mov\" controls=\"\" preload=\"metadata\" controlsList=\"nodownload\"><\/video>\n\t\t\t\t<\/div>\n\t\t\t\t\t\t<\/div>\n\t\t\t\t<\/div>\n\t\t\t\t<\/div>\n\t\t\t\t\t<\/div>\n\t\t\t\t<\/div>\n\t\t\t\t<\/div>\n\t\t","protected":false},"excerpt":{"rendered":"<p>AUFPRALLSCHUTZ Bloovs Sport-Gl\u00e4ser werden unter extremen Bedingungen mit hoher Masse und hoher Geschwindigkeit entwickelt und getestet, um kompromisslosen Schutz unter extremsten Bedingungen zu gew\u00e4hrleisten. UV-Schutz Bloovs Sport-Gl\u00e4ser bieten hervorragenden Schutz vor sch\u00e4dlichen ultravioletten (UV) Strahlen. Dies ist wichtig, um Ihre Augen vor den sch\u00e4dlichen Auswirkungen der Sonnenstrahlung zu sch\u00fctzen. CLEAR HD Vision Polarisierte Technologie Bloovs&#8230;<\/p>\n","protected":false},"author":13,"featured_media":0,"parent":0,"menu_order":0,"comment_status":"closed","ping_status":"closed","template":"","meta":{"_acf_changed":false,"footnotes":""},"class_list":["post-20792","page","type-page","status-publish","hentry"],"acf":[],"yoast_head":"<!-- This site is optimized with the Yoast SEO plugin v27.4 - https:\/\/yoast.com\/product\/yoast-seo-wordpress\/ -->\n<title>Bloovs-Gl\u00e4ser: Maximaler UV- und Antireflex-Schutz - Bloovs\u00ae Tienda Oficial<\/title>\n<meta name=\"description\" content=\"Entdecken Sie unsere UV-gesch\u00fctzten, HD-polarisierten und beschlagfreien Gl\u00e4ser. Fortschrittliche Technologie f\u00fcr Komfort und Leistung!\" \/>\n<meta name=\"robots\" content=\"index, follow, max-snippet:-1, max-image-preview:large, max-video-preview:-1\" \/>\n<link rel=\"canonical\" href=\"https:\/\/bloovseyewear.com\/de\/unsere-objektive\/\" \/>\n<meta property=\"og:locale\" content=\"de_DE\" \/>\n<meta property=\"og:type\" content=\"article\" \/>\n<meta property=\"og:title\" content=\"Bloovs-Gl\u00e4ser: Maximaler UV- und Antireflex-Schutz - Bloovs\u00ae Tienda Oficial\" \/>\n<meta property=\"og:description\" content=\"Entdecken Sie unsere UV-gesch\u00fctzten, HD-polarisierten und beschlagfreien Gl\u00e4ser. Fortschrittliche Technologie f\u00fcr Komfort und Leistung!\" \/>\n<meta property=\"og:url\" content=\"https:\/\/bloovseyewear.com\/de\/unsere-objektive\/\" \/>\n<meta property=\"og:site_name\" content=\"Bloovs\u00ae Tienda Oficial\" \/>\n<meta property=\"article:publisher\" content=\"https:\/\/www.facebook.com\/bloovssport\" \/>\n<meta property=\"article:modified_time\" content=\"2025-08-27T10:03:35+00:00\" \/>\n<meta name=\"twitter:card\" content=\"summary_large_image\" \/>\n<meta name=\"twitter:label1\" content=\"Gesch\u00e4tzte Lesezeit\" \/>\n\t<meta name=\"twitter:data1\" content=\"1\u00a0Minute\" \/>\n<script type=\"application\/ld+json\" class=\"yoast-schema-graph\">{\"@context\":\"https:\\\/\\\/schema.org\",\"@graph\":[{\"@type\":\"WebPage\",\"@id\":\"https:\\\/\\\/bloovseyewear.com\\\/de\\\/unsere-objektive\\\/\",\"url\":\"https:\\\/\\\/bloovseyewear.com\\\/de\\\/unsere-objektive\\\/\",\"name\":\"Bloovs-Gl\u00e4ser: Maximaler UV- und Antireflex-Schutz - Bloovs\u00ae Tienda Oficial\",\"isPartOf\":{\"@id\":\"https:\\\/\\\/bloovseyewear.com\\\/de\\\/#website\"},\"primaryImageOfPage\":{\"@id\":\"https:\\\/\\\/bloovseyewear.com\\\/de\\\/unsere-objektive\\\/#primaryimage\"},\"image\":{\"@id\":\"https:\\\/\\\/bloovseyewear.com\\\/de\\\/unsere-objektive\\\/#primaryimage\"},\"thumbnailUrl\":\"https:\\\/\\\/bloovseyewear.com\\\/wp-content\\\/uploads\\\/2023\\\/11\\\/Underline.svg\",\"datePublished\":\"2022-07-07T10:15:32+00:00\",\"dateModified\":\"2025-08-27T10:03:35+00:00\",\"description\":\"Entdecken Sie unsere UV-gesch\u00fctzten, HD-polarisierten und beschlagfreien Gl\u00e4ser. Fortschrittliche Technologie f\u00fcr Komfort und Leistung!\",\"breadcrumb\":{\"@id\":\"https:\\\/\\\/bloovseyewear.com\\\/de\\\/unsere-objektive\\\/#breadcrumb\"},\"inLanguage\":\"de\",\"potentialAction\":[{\"@type\":\"ReadAction\",\"target\":[\"https:\\\/\\\/bloovseyewear.com\\\/de\\\/unsere-objektive\\\/\"]}]},{\"@type\":\"ImageObject\",\"inLanguage\":\"de\",\"@id\":\"https:\\\/\\\/bloovseyewear.com\\\/de\\\/unsere-objektive\\\/#primaryimage\",\"url\":\"https:\\\/\\\/bloovseyewear.com\\\/wp-content\\\/uploads\\\/2023\\\/11\\\/Underline.svg\",\"contentUrl\":\"https:\\\/\\\/bloovseyewear.com\\\/wp-content\\\/uploads\\\/2023\\\/11\\\/Underline.svg\"},{\"@type\":\"BreadcrumbList\",\"@id\":\"https:\\\/\\\/bloovseyewear.com\\\/de\\\/unsere-objektive\\\/#breadcrumb\",\"itemListElement\":[{\"@type\":\"ListItem\",\"position\":1,\"name\":\"Portada\",\"item\":\"https:\\\/\\\/bloovseyewear.com\\\/de\\\/\"},{\"@type\":\"ListItem\",\"position\":2,\"name\":\"Unsere Objektive\"}]},{\"@type\":\"WebSite\",\"@id\":\"https:\\\/\\\/bloovseyewear.com\\\/de\\\/#website\",\"url\":\"https:\\\/\\\/bloovseyewear.com\\\/de\\\/\",\"name\":\"Bloovs\u00ae Tienda Oficial\",\"description\":\"Tus Gafas de Sol para cada aventura\",\"publisher\":{\"@id\":\"https:\\\/\\\/bloovseyewear.com\\\/de\\\/#organization\"},\"potentialAction\":[{\"@type\":\"SearchAction\",\"target\":{\"@type\":\"EntryPoint\",\"urlTemplate\":\"https:\\\/\\\/bloovseyewear.com\\\/de\\\/?s={search_term_string}\"},\"query-input\":{\"@type\":\"PropertyValueSpecification\",\"valueRequired\":true,\"valueName\":\"search_term_string\"}}],\"inLanguage\":\"de\"},{\"@type\":\"Organization\",\"@id\":\"https:\\\/\\\/bloovseyewear.com\\\/de\\\/#organization\",\"name\":\"Bloovs\u00ae Tienda Oficial\",\"url\":\"https:\\\/\\\/bloovseyewear.com\\\/de\\\/\",\"logo\":{\"@type\":\"ImageObject\",\"inLanguage\":\"de\",\"@id\":\"https:\\\/\\\/bloovseyewear.com\\\/de\\\/#\\\/schema\\\/logo\\\/image\\\/\",\"url\":\"https:\\\/\\\/bloovseyewear.com\\\/wp-content\\\/uploads\\\/2018\\\/08\\\/cropped-logo-bloovs-copia-1.png\",\"contentUrl\":\"https:\\\/\\\/bloovseyewear.com\\\/wp-content\\\/uploads\\\/2018\\\/08\\\/cropped-logo-bloovs-copia-1.png\",\"width\":512,\"height\":512,\"caption\":\"Bloovs\u00ae Tienda Oficial\"},\"image\":{\"@id\":\"https:\\\/\\\/bloovseyewear.com\\\/de\\\/#\\\/schema\\\/logo\\\/image\\\/\"},\"sameAs\":[\"https:\\\/\\\/www.facebook.com\\\/bloovssport\",\"https:\\\/\\\/www.instagram.com\\\/bloovssport\\\/\"]}]}<\/script>\n<!-- \/ Yoast SEO plugin. -->","yoast_head_json":{"title":"Bloovs-Gl\u00e4ser: Maximaler UV- und Antireflex-Schutz - Bloovs\u00ae Tienda Oficial","description":"Entdecken Sie unsere UV-gesch\u00fctzten, HD-polarisierten und beschlagfreien Gl\u00e4ser. Fortschrittliche Technologie f\u00fcr Komfort und Leistung!","robots":{"index":"index","follow":"follow","max-snippet":"max-snippet:-1","max-image-preview":"max-image-preview:large","max-video-preview":"max-video-preview:-1"},"canonical":"https:\/\/bloovseyewear.com\/de\/unsere-objektive\/","og_locale":"de_DE","og_type":"article","og_title":"Bloovs-Gl\u00e4ser: Maximaler UV- und Antireflex-Schutz - Bloovs\u00ae Tienda Oficial","og_description":"Entdecken Sie unsere UV-gesch\u00fctzten, HD-polarisierten und beschlagfreien Gl\u00e4ser. Fortschrittliche Technologie f\u00fcr Komfort und Leistung!","og_url":"https:\/\/bloovseyewear.com\/de\/unsere-objektive\/","og_site_name":"Bloovs\u00ae Tienda Oficial","article_publisher":"https:\/\/www.facebook.com\/bloovssport","article_modified_time":"2025-08-27T10:03:35+00:00","twitter_card":"summary_large_image","twitter_misc":{"Gesch\u00e4tzte Lesezeit":"1\u00a0Minute"},"schema":{"@context":"https:\/\/schema.org","@graph":[{"@type":"WebPage","@id":"https:\/\/bloovseyewear.com\/de\/unsere-objektive\/","url":"https:\/\/bloovseyewear.com\/de\/unsere-objektive\/","name":"Bloovs-Gl\u00e4ser: Maximaler UV- und Antireflex-Schutz - Bloovs\u00ae Tienda Oficial","isPartOf":{"@id":"https:\/\/bloovseyewear.com\/de\/#website"},"primaryImageOfPage":{"@id":"https:\/\/bloovseyewear.com\/de\/unsere-objektive\/#primaryimage"},"image":{"@id":"https:\/\/bloovseyewear.com\/de\/unsere-objektive\/#primaryimage"},"thumbnailUrl":"https:\/\/bloovseyewear.com\/wp-content\/uploads\/2023\/11\/Underline.svg","datePublished":"2022-07-07T10:15:32+00:00","dateModified":"2025-08-27T10:03:35+00:00","description":"Entdecken Sie unsere UV-gesch\u00fctzten, HD-polarisierten und beschlagfreien Gl\u00e4ser. Fortschrittliche Technologie f\u00fcr Komfort und Leistung!","breadcrumb":{"@id":"https:\/\/bloovseyewear.com\/de\/unsere-objektive\/#breadcrumb"},"inLanguage":"de","potentialAction":[{"@type":"ReadAction","target":["https:\/\/bloovseyewear.com\/de\/unsere-objektive\/"]}]},{"@type":"ImageObject","inLanguage":"de","@id":"https:\/\/bloovseyewear.com\/de\/unsere-objektive\/#primaryimage","url":"https:\/\/bloovseyewear.com\/wp-content\/uploads\/2023\/11\/Underline.svg","contentUrl":"https:\/\/bloovseyewear.com\/wp-content\/uploads\/2023\/11\/Underline.svg"},{"@type":"BreadcrumbList","@id":"https:\/\/bloovseyewear.com\/de\/unsere-objektive\/#breadcrumb","itemListElement":[{"@type":"ListItem","position":1,"name":"Portada","item":"https:\/\/bloovseyewear.com\/de\/"},{"@type":"ListItem","position":2,"name":"Unsere Objektive"}]},{"@type":"WebSite","@id":"https:\/\/bloovseyewear.com\/de\/#website","url":"https:\/\/bloovseyewear.com\/de\/","name":"Bloovs\u00ae Tienda Oficial","description":"Tus Gafas de Sol para cada aventura","publisher":{"@id":"https:\/\/bloovseyewear.com\/de\/#organization"},"potentialAction":[{"@type":"SearchAction","target":{"@type":"EntryPoint","urlTemplate":"https:\/\/bloovseyewear.com\/de\/?s={search_term_string}"},"query-input":{"@type":"PropertyValueSpecification","valueRequired":true,"valueName":"search_term_string"}}],"inLanguage":"de"},{"@type":"Organization","@id":"https:\/\/bloovseyewear.com\/de\/#organization","name":"Bloovs\u00ae Tienda Oficial","url":"https:\/\/bloovseyewear.com\/de\/","logo":{"@type":"ImageObject","inLanguage":"de","@id":"https:\/\/bloovseyewear.com\/de\/#\/schema\/logo\/image\/","url":"https:\/\/bloovseyewear.com\/wp-content\/uploads\/2018\/08\/cropped-logo-bloovs-copia-1.png","contentUrl":"https:\/\/bloovseyewear.com\/wp-content\/uploads\/2018\/08\/cropped-logo-bloovs-copia-1.png","width":512,"height":512,"caption":"Bloovs\u00ae Tienda Oficial"},"image":{"@id":"https:\/\/bloovseyewear.com\/de\/#\/schema\/logo\/image\/"},"sameAs":["https:\/\/www.facebook.com\/bloovssport","https:\/\/www.instagram.com\/bloovssport\/"]}]}},"jetpack_sharing_enabled":true,"_links":{"self":[{"href":"https:\/\/bloovseyewear.com\/de\/wp-json\/wp\/v2\/pages\/20792","targetHints":{"allow":["GET"]}}],"collection":[{"href":"https:\/\/bloovseyewear.com\/de\/wp-json\/wp\/v2\/pages"}],"about":[{"href":"https:\/\/bloovseyewear.com\/de\/wp-json\/wp\/v2\/types\/page"}],"author":[{"embeddable":true,"href":"https:\/\/bloovseyewear.com\/de\/wp-json\/wp\/v2\/users\/13"}],"replies":[{"embeddable":true,"href":"https:\/\/bloovseyewear.com\/de\/wp-json\/wp\/v2\/comments?post=20792"}],"version-history":[{"count":1,"href":"https:\/\/bloovseyewear.com\/de\/wp-json\/wp\/v2\/pages\/20792\/revisions"}],"predecessor-version":[{"id":20793,"href":"https:\/\/bloovseyewear.com\/de\/wp-json\/wp\/v2\/pages\/20792\/revisions\/20793"}],"wp:attachment":[{"href":"https:\/\/bloovseyewear.com\/de\/wp-json\/wp\/v2\/media?parent=20792"}],"curies":[{"name":"wp","href":"https:\/\/api.w.org\/{rel}","templated":true}]}}