{"id":20813,"date":"2019-08-16T15:11:29","date_gmt":"2019-08-16T15:11:29","guid":{"rendered":"https:\/\/bloovseyewear.com\/kontakt\/"},"modified":"2025-08-28T07:39:26","modified_gmt":"2025-08-28T07:39:26","slug":"kontakt","status":"publish","type":"page","link":"https:\/\/bloovseyewear.com\/de\/kontakt\/","title":{"rendered":"Kontakt"},"content":{"rendered":"<section class=\"l-section wpb_row height_small\"><div class=\"l-section-h i-cf\"><div class=\"g-cols vc_row via_grid cols_1 laptops-cols_inherit tablets-cols_inherit mobiles-cols_1 valign_top type_default stacking_default\"><div class=\"wpb_column vc_column_container\"><div class=\"vc_column-inner\"><nav class=\"g-breadcrumbs us_custom_9eee4631 separator_icon align_center\" itemscope itemtype=\"http:\/\/schema.org\/BreadcrumbList\"><div class=\"g-breadcrumbs-item\" itemscope itemprop=\"itemListElement\" itemtype=\"http:\/\/schema.org\/ListItem\"><a itemprop=\"item\" href=\"https:\/\/bloovseyewear.com\/de\/\"><span itemprop=\"name\">Startseite<\/span><\/a><meta itemprop=\"position\" content=\"1\"\/><\/div><div class=\"g-breadcrumbs-separator\"><i class=\"far fa-angle-right\"><\/i><\/div><div class=\"g-breadcrumbs-item\">Seiten<\/div><\/nav><\/div><\/div><\/div><\/div><\/section><section class=\"l-section wpb_row us_custom_1ca60434 height_medium with_img\"><div class=\"l-section-img\" role=\"img\" aria-label=\"Bild\" data-img-width=\"1440\" data-img-height=\"1084\" style=\"background-image: url(https:\/\/bloovseyewear.com\/wp-content\/uploads\/2024\/02\/EXTREM_TECH_EXPERIENCE_BLOOVS.jpg);\"><\/div><div class=\"l-section-overlay\" style=\"background:rgba(0,0,0,0.57)\"><\/div><div class=\"l-section-h i-cf\"><div class=\"g-cols vc_row via_grid cols_1 laptops-cols_inherit tablets-cols_inherit mobiles-cols_1 valign_top type_default stacking_default\"><div class=\"wpb_column vc_column_container\"><div class=\"vc_column-inner\"><h1 class=\"w-text us_custom_093719c7 has_text_color\"><span class=\"w-text-h\"><span class=\"w-text-value\">Kundendienst<\/span><\/span><\/h1><div class=\"w-text us_custom_781a77ed has_text_color\"><span class=\"w-text-h\"><span class=\"w-text-value\">Haben Sie Fragen? Schreiben Sie uns und wir antworten schnellstm\u00f6glich. <\/span><\/span><\/div><div class=\"w-separator size_medium\"><\/div><div class=\"g-cols wpb_row via_grid cols_4 laptops-cols_inherit tablets-cols_inherit mobiles-cols_1 valign_top type_default stacking_default\" style=\"--columns-gap:3rem;\"><div class=\"wpb_column vc_column_container\"><div class=\"vc_column-inner\"><div class=\"w-hwrapper us_custom_4fb9e5a3 valign_top align_center\"><div class=\"w-btn-wrapper align_none\"><button class=\"w-btn us-btn-style_7 us_custom_4b3e0b27 animated-button icon_atleft\" type=\"button\"><i class=\"far fa-truck\"><\/i><span class=\"w-btn-label\">Lieferungen 24-48h<\/span><\/button><\/div><\/div><\/div><\/div><div class=\"wpb_column vc_column_container\"><div class=\"vc_column-inner\"><div class=\"w-hwrapper us_custom_4fb9e5a3 valign_top align_center\"><div class=\"w-btn-wrapper align_none\"><a class=\"w-btn us-btn-style_7 us_custom_4b3e0b27 animated-button icon_atleft\" href=\"https:\/\/bloovseyewear.com\/track-order\/\"><i class=\"far fa-map-marker-alt\"><\/i><span class=\"w-btn-label\">Auftragsverfolgung<\/span><\/a><\/div><\/div><\/div><\/div><div class=\"wpb_column vc_column_container\"><div class=\"vc_column-inner\"><div class=\"w-hwrapper us_custom_4fb9e5a3 valign_top align_center\"><div class=\"w-btn-wrapper align_none\"><button class=\"w-btn us-btn-style_7 us_custom_4b3e0b27 animated-button icon_atleft\" type=\"button\"><i class=\"far fa-money-bill-alt\"><\/i><span class=\"w-btn-label\">SICHERE BEZAHLUNG<\/span><\/button><\/div><\/div><\/div><\/div><div class=\"wpb_column vc_column_container\"><div class=\"vc_column-inner\"><div class=\"w-hwrapper us_custom_4fb9e5a3 valign_top align_center\"><div class=\"w-btn-wrapper align_none\"><a class=\"w-btn us-btn-style_7 us_custom_4b3e0b27 animated-button icon_atleft\" href=\"https:\/\/bloovseyewear.com\/my-account\/\"><i class=\"far fa-user\"><\/i><span class=\"w-btn-label\">Mein Konto<\/span><\/a><\/div><\/div><\/div><\/div><\/div><\/div><\/div><\/div><\/div><\/section><section class=\"l-section wpb_row height_medium\"><div class=\"l-section-h i-cf\"><div class=\"g-cols vc_row via_grid cols_1 laptops-cols_inherit tablets-cols_inherit mobiles-cols_1 valign_middle type_default stacking_default\"><div class=\"wpb_column vc_column_container\"><div class=\"vc_column-inner\"><h2 class=\"w-text us_custom_412776f9 has_text_color\"><span class=\"w-text-h\"><span class=\"w-text-value\">SCHREIBEN SIE UNS<\/span><\/span><\/h2><form class=\"w-form  us-field-style_1 us_custom_eb849559 layout_ver show_message_after_sending for_cform us_form_1\" action=\"https:\/\/bloovseyewear.com\/de\/wp-json\/wp\/v2\/pages\/20813\" method=\"post\"><div class=\"w-form-h\"><div class=\"w-form-row for_text has_label required\">\r\n\t\t\t<div class=\"w-form-row-label\">\r\n\t\t\t<span>IHR NAME (PFLICHTIG) *<\/span>\r\n\t\t<\/div>\r\n\t\t<div class=\"w-form-row-field\">\r\n\t\t\t\t\t\t<input aria-label=\"IHR NAME (PFLICHTIG)\" type=\"text\" name=\"us_form_1_text_1\" value placeholder=\"Ihr Name\" data-required=\"true\" aria-required=\"true\"\/>\r\n\t\t\t<\/div>\r\n\t\t<div class=\"w-form-row-state\">Bitte f\u00fcllen Sie dieses Feld aus.<\/div>\r\n<\/div>\r\n<div class=\"w-form-row for_email has_label required\">\r\n\t\t\t<div class=\"w-form-row-label\">\r\n\t\t\t<span>IHRE E-MAIL (PFLICHTIG) *<\/span>\r\n\t\t<\/div>\r\n\t\t<div class=\"w-form-row-field\">\r\n\t\t\t\t\t\t<input aria-label=\"IHRE E-MAIL (PFLICHTIG)\" type=\"email\" name=\"us_form_1_email_1\" value placeholder=\"E-Mail\" data-required=\"true\" aria-required=\"true\"\/>\r\n\t\t\t<\/div>\r\n\t\t<div class=\"w-form-row-state\">Bitte gib eine g\u00fcltige E-Mail-Adresse ein.<\/div>\r\n<\/div>\r\n<div class=\"w-form-row for_text has_label\">\r\n\t\t\t<div class=\"w-form-row-label\">\r\n\t\t\t<span>Betreff<\/span>\r\n\t\t<\/div>\r\n\t\t<div class=\"w-form-row-field\">\r\n\t\t\t\t\t\t<input aria-label=\"Betreff\" type=\"text\" name=\"us_form_1_text_2\" value placeholder=\"Betreff der E-Mail\"\/>\r\n\t\t\t<\/div>\r\n\t\t<div class=\"w-form-row-state\">Bitte f\u00fcllen Sie dieses Feld aus.<\/div>\r\n<\/div>\r\n<div class=\"w-form-row for_textarea has_label required\">\r\n\t\t\t<div class=\"w-form-row-label\">\r\n\t\t\t<span>IHRE NACHRICHT *<\/span>\r\n\t\t<\/div>\r\n\t\t<div class=\"w-form-row-field\">\r\n\t\t\t\t\t\t<textarea aria-label=\"IHRE NACHRICHT\" name=\"us_form_1_textarea_1\" placeholder=\"Schreiben Sie hier alles, was Sie uns fragen m\u00f6chten\" data-required=\"true\" aria-required=\"true\"><\/textarea>\r\n\t\t\t<\/div>\r\n\t\t<div class=\"w-form-row-state\">Bitte f\u00fcllen Sie dieses Feld aus.<\/div>\r\n<\/div>\r\n<div class=\"w-form-row for_agreement required\">\r\n\t\t<div class=\"w-form-row-field\">\r\n\t\t\t\t<label>\r\n\t\t\t<input type=\"checkbox\" value=\"1\" data-required=\"true\" aria-required=\"true\" name=\"us_form_1_agreement_1\"\/>\r\n\t\t\t<span>Ich habe die Datenschutzrichtlinie gelesen und akzeptiere sie<\/span>\r\n\t\t<\/label>\r\n\t\t\t<\/div>\r\n\t\t<div class=\"w-form-row-state\">Sie m\u00fcssen den Bedingungen zustimmen, um fortzufahren.<\/div>\r\n<\/div>\r\n<input type=\"hidden\" name=\"action\" value=\"us_ajax_cform\" \/>\r\n<input type=\"hidden\" name=\"post_id\" value=\"0\" \/>\r\n<input type=\"hidden\" name=\"form_index\" value=\"1\" \/>\r\n<div class=\"w-form-row for_submit align_center\"><button class=\"w-btn us-btn-style_11\" type=\"submit\" aria-label=\"Absenden\"><span class=\"g-preloader type_1\"><\/span><span class=\"w-btn-label\">Absenden<\/span><\/button><\/div><\/div><div class=\"w-form-message\"><\/div><div class=\"w-form-json hidden\" onclick='return {&quot;ajaxurl&quot;:&quot;https:\\\/\\\/bloovseyewear.com\\\/wp-admin\\\/admin-ajax.php&quot;,&quot;messages&quot;:{&quot;err_empty&quot;:&quot;Bitte f\\u00fcllen Sie dieses Feld aus.&quot;,&quot;err_size&quot;:&quot;Die Dateigr\\u00f6\\u00dfe darf %s MB nicht \\u00fcberschreiten&quot;,&quot;err_extension&quot;:&quot;Dateityp %s ist nicht zul\\u00e4ssig&quot;,&quot;err_recaptcha_keys&quot;:&quot;reCAPTCHA-Schl\\u00fcssel sind fehlerhaft&quot;}}'><\/div><\/form><\/div><\/div><\/div><\/div><\/section><section class=\"l-section wpb_row us_custom_1f257949 height_medium\"><div class=\"l-section-h i-cf\"><div class=\"g-cols vc_row via_grid cols_1 laptops-cols_inherit tablets-cols_inherit mobiles-cols_1 valign_top type_default stacking_default\"><div class=\"wpb_column vc_column_container\"><div class=\"vc_column-inner\"><div class=\"w-separator us_custom_00cfb417 has_text_color size_custom with_line width_default thick_1 style_solid color_border align_center\" style=\"height:15px\"><div class=\"w-separator-h\"><\/div><\/div><div class=\"w-text us_custom_3d3db326\"><span class=\"w-text-h\"><span class=\"w-text-value\">Teilen mit:<\/span><\/span><\/div><div class=\"w-sharing type_simple align_none color_primary\"><div class=\"w-sharing-list\" data-content-image=\"true\"><a class=\"w-sharing-item facebook\" href=\"https:\/\/www.facebook.com\/sharer\/sharer.php?u=https:\/\/bloovseyewear.com\/de\/wp-json\/wp\/v2\/pages\/20813&amp;quote=Kontakt\" title=\"Teile dies\" aria-label=\"Teile dies\" onclick=\"window.open(this.href, &quot;facebook&quot;, &quot;toolbar=0,width=900,height=500&quot;); return false;\"><i class=\"fab fa-facebook\"><\/i><\/a><a class=\"w-sharing-item twitter\" href=\"https:\/\/twitter.com\/intent\/tweet?text=Kontakt&amp;url=https:\/\/bloovseyewear.com\/de\/wp-json\/wp\/v2\/pages\/20813\" title=\"Teile dies\" aria-label=\"Teile dies\" onclick=\"window.open(this.href, &quot;twitter&quot;, &quot;toolbar=0,width=650,height=360&quot;); return false;\"><i class=\"fab fa-x-twitter\"><svg style=\"width:1em; margin-bottom:-.1em;\" xmlns=\"http:\/\/www.w3.org\/2000\/svg\" viewBox=\"0 0 512 512\" role=\"presentation\"><path fill=\"currentColor\" d=\"M389.2 48h70.6L305.6 224.2 487 464H345L233.7 318.6 106.5 464H35.8L200.7 275.5 26.8 48H172.4L272.9 180.9 389.2 48zM364.4 421.8h39.1L151.1 88h-42L364.4 421.8z\"\/><\/svg><\/i><\/a><\/div><\/div><div class=\"w-separator size_small\"><\/div><div class=\"w-separator us_custom_00cfb417 has_text_color size_custom with_line width_default thick_1 style_solid color_border align_center\" style=\"height:15px\"><div class=\"w-separator-h\"><\/div><\/div><div class=\"w-text us_custom_3d3db326\"><span class=\"w-text-h\"><span class=\"w-text-value\">Ich mag das:<\/span><\/span><\/div><div class=\"w-text us_custom_12489acd has_text_color\"><span class=\"w-text-h\"><span class=\"w-text-value\">Seien Sie der Erste, der sagt, dass es Ihnen gef\u00e4llt.<\/span><\/span><\/div><\/div><\/div><\/div><\/div><\/section>\n","protected":false},"excerpt":{"rendered":"StartseiteSeitenKundendienstHaben Sie Fragen? Schreiben Sie uns und wir antworten schnellstm\u00f6glich. Lieferungen 24-48hAuftragsverfolgungSICHERE BEZAHLUNGMein KontoSCHREIBEN SIE UNS IHR NAME (PFLICHTIG) * Bitte f\u00fcllen Sie dieses Feld aus. IHRE E-MAIL (PFLICHTIG) * Bitte gib eine g\u00fcltige E-Mail-Adresse ein. Betreff Bitte f\u00fcllen Sie dieses Feld aus. IHRE NACHRICHT * Bitte f\u00fcllen Sie dieses Feld aus. Ich habe die...","protected":false},"author":13,"featured_media":0,"parent":0,"menu_order":0,"comment_status":"closed","ping_status":"closed","template":"","meta":{"_acf_changed":false,"footnotes":""},"class_list":["post-20813","page","type-page","status-publish","hentry"],"acf":[],"yoast_head":"<!-- This site is optimized with the Yoast SEO plugin v27.3 - https:\/\/yoast.com\/product\/yoast-seo-wordpress\/ -->\n<title>Schreiben Sie uns an Bloovs EyeWear: Pers\u00f6nlicher Kundenservice<\/title>\n<meta name=\"description\" content=\"Bloovs Eyewear Kundenservice: Schnelle und effiziente Antworten. Senden Sie uns jetzt Ihre Nachricht.\" \/>\n<meta name=\"robots\" content=\"index, follow, max-snippet:-1, max-image-preview:large, max-video-preview:-1\" \/>\n<link rel=\"canonical\" href=\"https:\/\/bloovseyewear.com\/de\/kontakt\/\" \/>\n<meta property=\"og:locale\" content=\"de_DE\" \/>\n<meta property=\"og:type\" content=\"article\" \/>\n<meta property=\"og:title\" content=\"Schreiben Sie uns an Bloovs EyeWear: Pers\u00f6nlicher Kundenservice\" \/>\n<meta property=\"og:description\" content=\"Bloovs Eyewear Kundenservice: Schnelle und effiziente Antworten. Senden Sie uns jetzt Ihre Nachricht.\" \/>\n<meta property=\"og:url\" content=\"https:\/\/bloovseyewear.com\/de\/kontakt\/\" \/>\n<meta property=\"og:site_name\" content=\"Bloovs\u00ae Tienda Oficial\" \/>\n<meta property=\"article:publisher\" content=\"https:\/\/www.facebook.com\/bloovssport\" \/>\n<meta property=\"article:modified_time\" content=\"2025-08-28T07:39:26+00:00\" \/>\n<meta name=\"twitter:card\" content=\"summary_large_image\" \/>\n<meta name=\"twitter:label1\" content=\"Gesch\u00e4tzte Lesezeit\" \/>\n\t<meta name=\"twitter:data1\" content=\"5\u00a0Minute\" \/>\n<script type=\"application\/ld+json\" class=\"yoast-schema-graph\">{\"@context\":\"https:\\\/\\\/schema.org\",\"@graph\":[{\"@type\":\"WebPage\",\"@id\":\"https:\\\/\\\/bloovseyewear.com\\\/de\\\/kontakt\\\/\",\"url\":\"https:\\\/\\\/bloovseyewear.com\\\/de\\\/kontakt\\\/\",\"name\":\"Schreiben Sie uns an Bloovs EyeWear: Pers\u00f6nlicher Kundenservice\",\"isPartOf\":{\"@id\":\"https:\\\/\\\/bloovseyewear.com\\\/de\\\/#website\"},\"datePublished\":\"2019-08-16T15:11:29+00:00\",\"dateModified\":\"2025-08-28T07:39:26+00:00\",\"description\":\"Bloovs Eyewear Kundenservice: Schnelle und effiziente Antworten. Senden Sie uns jetzt Ihre Nachricht.\",\"breadcrumb\":{\"@id\":\"https:\\\/\\\/bloovseyewear.com\\\/de\\\/kontakt\\\/#breadcrumb\"},\"inLanguage\":\"de\",\"potentialAction\":[{\"@type\":\"ReadAction\",\"target\":[\"https:\\\/\\\/bloovseyewear.com\\\/de\\\/kontakt\\\/\"]}]},{\"@type\":\"BreadcrumbList\",\"@id\":\"https:\\\/\\\/bloovseyewear.com\\\/de\\\/kontakt\\\/#breadcrumb\",\"itemListElement\":[{\"@type\":\"ListItem\",\"position\":1,\"name\":\"Portada\",\"item\":\"https:\\\/\\\/bloovseyewear.com\\\/de\\\/\"},{\"@type\":\"ListItem\",\"position\":2,\"name\":\"Kontakt\"}]},{\"@type\":\"WebSite\",\"@id\":\"https:\\\/\\\/bloovseyewear.com\\\/de\\\/#website\",\"url\":\"https:\\\/\\\/bloovseyewear.com\\\/de\\\/\",\"name\":\"Bloovs\u00ae Tienda Oficial\",\"description\":\"Tus Gafas de Sol para cada aventura\",\"publisher\":{\"@id\":\"https:\\\/\\\/bloovseyewear.com\\\/de\\\/#organization\"},\"potentialAction\":[{\"@type\":\"SearchAction\",\"target\":{\"@type\":\"EntryPoint\",\"urlTemplate\":\"https:\\\/\\\/bloovseyewear.com\\\/de\\\/?s={search_term_string}\"},\"query-input\":{\"@type\":\"PropertyValueSpecification\",\"valueRequired\":true,\"valueName\":\"search_term_string\"}}],\"inLanguage\":\"de\"},{\"@type\":\"Organization\",\"@id\":\"https:\\\/\\\/bloovseyewear.com\\\/de\\\/#organization\",\"name\":\"Bloovs\u00ae Tienda Oficial\",\"url\":\"https:\\\/\\\/bloovseyewear.com\\\/de\\\/\",\"logo\":{\"@type\":\"ImageObject\",\"inLanguage\":\"de\",\"@id\":\"https:\\\/\\\/bloovseyewear.com\\\/de\\\/#\\\/schema\\\/logo\\\/image\\\/\",\"url\":\"https:\\\/\\\/bloovseyewear.com\\\/wp-content\\\/uploads\\\/2018\\\/08\\\/cropped-logo-bloovs-copia-1.png\",\"contentUrl\":\"https:\\\/\\\/bloovseyewear.com\\\/wp-content\\\/uploads\\\/2018\\\/08\\\/cropped-logo-bloovs-copia-1.png\",\"width\":512,\"height\":512,\"caption\":\"Bloovs\u00ae Tienda Oficial\"},\"image\":{\"@id\":\"https:\\\/\\\/bloovseyewear.com\\\/de\\\/#\\\/schema\\\/logo\\\/image\\\/\"},\"sameAs\":[\"https:\\\/\\\/www.facebook.com\\\/bloovssport\",\"https:\\\/\\\/www.instagram.com\\\/bloovssport\\\/\"]}]}<\/script>\n<!-- \/ Yoast SEO plugin. -->","yoast_head_json":{"title":"Schreiben Sie uns an Bloovs EyeWear: Pers\u00f6nlicher Kundenservice","description":"Bloovs Eyewear Kundenservice: Schnelle und effiziente Antworten. Senden Sie uns jetzt Ihre Nachricht.","robots":{"index":"index","follow":"follow","max-snippet":"max-snippet:-1","max-image-preview":"max-image-preview:large","max-video-preview":"max-video-preview:-1"},"canonical":"https:\/\/bloovseyewear.com\/de\/kontakt\/","og_locale":"de_DE","og_type":"article","og_title":"Schreiben Sie uns an Bloovs EyeWear: Pers\u00f6nlicher Kundenservice","og_description":"Bloovs Eyewear Kundenservice: Schnelle und effiziente Antworten. Senden Sie uns jetzt Ihre Nachricht.","og_url":"https:\/\/bloovseyewear.com\/de\/kontakt\/","og_site_name":"Bloovs\u00ae Tienda Oficial","article_publisher":"https:\/\/www.facebook.com\/bloovssport","article_modified_time":"2025-08-28T07:39:26+00:00","twitter_card":"summary_large_image","twitter_misc":{"Gesch\u00e4tzte Lesezeit":"5\u00a0Minute"},"schema":{"@context":"https:\/\/schema.org","@graph":[{"@type":"WebPage","@id":"https:\/\/bloovseyewear.com\/de\/kontakt\/","url":"https:\/\/bloovseyewear.com\/de\/kontakt\/","name":"Schreiben Sie uns an Bloovs EyeWear: Pers\u00f6nlicher Kundenservice","isPartOf":{"@id":"https:\/\/bloovseyewear.com\/de\/#website"},"datePublished":"2019-08-16T15:11:29+00:00","dateModified":"2025-08-28T07:39:26+00:00","description":"Bloovs Eyewear Kundenservice: Schnelle und effiziente Antworten. Senden Sie uns jetzt Ihre Nachricht.","breadcrumb":{"@id":"https:\/\/bloovseyewear.com\/de\/kontakt\/#breadcrumb"},"inLanguage":"de","potentialAction":[{"@type":"ReadAction","target":["https:\/\/bloovseyewear.com\/de\/kontakt\/"]}]},{"@type":"BreadcrumbList","@id":"https:\/\/bloovseyewear.com\/de\/kontakt\/#breadcrumb","itemListElement":[{"@type":"ListItem","position":1,"name":"Portada","item":"https:\/\/bloovseyewear.com\/de\/"},{"@type":"ListItem","position":2,"name":"Kontakt"}]},{"@type":"WebSite","@id":"https:\/\/bloovseyewear.com\/de\/#website","url":"https:\/\/bloovseyewear.com\/de\/","name":"Bloovs\u00ae Tienda Oficial","description":"Tus Gafas de Sol para cada aventura","publisher":{"@id":"https:\/\/bloovseyewear.com\/de\/#organization"},"potentialAction":[{"@type":"SearchAction","target":{"@type":"EntryPoint","urlTemplate":"https:\/\/bloovseyewear.com\/de\/?s={search_term_string}"},"query-input":{"@type":"PropertyValueSpecification","valueRequired":true,"valueName":"search_term_string"}}],"inLanguage":"de"},{"@type":"Organization","@id":"https:\/\/bloovseyewear.com\/de\/#organization","name":"Bloovs\u00ae Tienda Oficial","url":"https:\/\/bloovseyewear.com\/de\/","logo":{"@type":"ImageObject","inLanguage":"de","@id":"https:\/\/bloovseyewear.com\/de\/#\/schema\/logo\/image\/","url":"https:\/\/bloovseyewear.com\/wp-content\/uploads\/2018\/08\/cropped-logo-bloovs-copia-1.png","contentUrl":"https:\/\/bloovseyewear.com\/wp-content\/uploads\/2018\/08\/cropped-logo-bloovs-copia-1.png","width":512,"height":512,"caption":"Bloovs\u00ae Tienda Oficial"},"image":{"@id":"https:\/\/bloovseyewear.com\/de\/#\/schema\/logo\/image\/"},"sameAs":["https:\/\/www.facebook.com\/bloovssport","https:\/\/www.instagram.com\/bloovssport\/"]}]}},"jetpack_sharing_enabled":true,"_links":{"self":[{"href":"https:\/\/bloovseyewear.com\/de\/wp-json\/wp\/v2\/pages\/20813","targetHints":{"allow":["GET"]}}],"collection":[{"href":"https:\/\/bloovseyewear.com\/de\/wp-json\/wp\/v2\/pages"}],"about":[{"href":"https:\/\/bloovseyewear.com\/de\/wp-json\/wp\/v2\/types\/page"}],"author":[{"embeddable":true,"href":"https:\/\/bloovseyewear.com\/de\/wp-json\/wp\/v2\/users\/13"}],"replies":[{"embeddable":true,"href":"https:\/\/bloovseyewear.com\/de\/wp-json\/wp\/v2\/comments?post=20813"}],"version-history":[{"count":2,"href":"https:\/\/bloovseyewear.com\/de\/wp-json\/wp\/v2\/pages\/20813\/revisions"}],"predecessor-version":[{"id":20815,"href":"https:\/\/bloovseyewear.com\/de\/wp-json\/wp\/v2\/pages\/20813\/revisions\/20815"}],"wp:attachment":[{"href":"https:\/\/bloovseyewear.com\/de\/wp-json\/wp\/v2\/media?parent=20813"}],"curies":[{"name":"wp","href":"https:\/\/api.w.org\/{rel}","templated":true}]}}