{"id":21030,"date":"2024-12-30T11:30:44","date_gmt":"2024-12-30T11:30:44","guid":{"rendered":"https:\/\/bloovseyewear.com\/producto\/taroko-niedrig-gruen-selbsttoenend\/"},"modified":"2024-12-30T11:30:44","modified_gmt":"2024-12-30T11:30:44","slug":"taroko-niedrig-gruen-selbsttoenend","status":"publish","type":"product","link":"https:\/\/bloovseyewear.com\/de\/producto\/taroko-niedrig-gruen-selbsttoenend\/","title":{"rendered":"TAROKO NIEDRIG GR\u00dcN SELBSTT\u00d6NEND"},"content":{"rendered":"<p>&nbsp;<\/p>\n<h4>Beschreibung:<\/h4>\n<p>Egal, ob es sich um Bergabenteuer, Asphaltrennen oder Schneemissionen handelt, die Bloovs Taroko Sonnenbrille ist die ideale Wahl. Sein ma\u00dfvolles und durchdachtes Design bietet Radfahrern und Skifahrern, die eine ideale Passform und ein leichtes Tragegef\u00fchl suchen, den perfekten Schutz. <\/p>\n<p>Das Hybrid-Design des Taroko-Modells kombiniert die Abdeckung \u00e4hnlich der einer Schutzbrille mit Airflow und dem angenehmen Tragegef\u00fchl einer Sonnenbrille. Dar\u00fcber hinaus heben polarisierte Gl\u00e4ser mit Clear HD Vision-Technologie die Details der Trails und der \u00fcppigsten T\u00e4ler hervor. <\/p>\n<p>&nbsp;<\/p>\n<h4>Hauptmerkmale:<\/h4>\n<ul>\n<li style=\"font-weight: 400;\"><span>Wir stellen unsere Gl\u00e4ser aus Polycarbonat her, um die Sto\u00dffestigkeit zu gew\u00e4hrleisten und gleichzeitig die Leichtigkeit der Gl\u00e4ser zu erh\u00f6hen.<\/span><\/li>\n<li style=\"font-weight: 400;\">Alle unsere Gl\u00e4ser sind mit Antireflex- und Anti-Kratz-Beschichtungen ausgestattet, um die Haltbarkeit des Produkts zu gew\u00e4hrleisten.<\/li>\n<li style=\"font-weight: 400;\">Unsere Gl\u00e4ser filtern 100 % der UVA- und UVB-Strahlen, um Ihnen einen vollst\u00e4ndigen Schutz vor der Sonne zu bieten.<\/li>\n<li style=\"font-weight: 400;\">Wir verleihen unseren Fassungen eine perfekte W\u00f6lbung, um Ihnen einen umh\u00fcllenden Effekt zu bieten, der Ihre Augen vor Wind sch\u00fctzt und Ihnen gleichzeitig ein breiteres Sichtfeld bietet.<\/li>\n<li style=\"font-weight: 400;\"><span>Sowohl die Nasenst\u00fctze als auch die Enden der B\u00fcgel sind mit rutschfestem, hypoallergenem und verstellbarem Silikon ausgestattet, um eine perfekte Passform und mehr Komfort beim Sport zu gew\u00e4hrleisten.  <\/span><\/li>\n<li style=\"font-weight: 400;\">Wir arbeiten an der Entwicklung einer perfekten Bel\u00fcftung, um zu verhindern, dass die Gl\u00e4ser beim Sport stecken bleiben.<\/li>\n<li style=\"font-weight: 400;\">Unsere Brillengl\u00e4ser sind mit einer hydrologischen Behandlung ausgestattet, um zu verhindern, dass Wasser und Schwei\u00df an den Gl\u00e4sern haften bleiben, und so das Sichtfeld in feuchten, regnerischen Klimazonen zu verbessern&#8230;<\/li>\n<li style=\"font-weight: 400;\">Leichtigkeit und Komfort sind unsere Markenzeichen. Alle unsere Rahmen sind enorm leicht, um Ihr Erlebnis maximal zu verbessern. <\/li>\n<\/ul>\n<h4>Enth\u00e4lt<\/h4>\n<ul>\n<li style=\"font-weight: 400;\"><span>Klare HD Vision Polarisierte Scheibe<\/span><\/li>\n<li style=\"font-weight: 400;\">Leistungsstarker Hartschalenkoffer<\/li>\n<li style=\"font-weight: 400;\">Mikrofaser-Tasche<\/li>\n<li style=\"font-weight: 400;\">Mikrofaser-Sitzpolster f\u00fcr die Reinigung der Gl\u00e4ser<\/li>\n<\/ul>\n<p>&nbsp;<\/p>\n","protected":false},"excerpt":{"rendered":"<h4>Enth\u00e4lt<\/h4>\n<ul>\n<li style=\"font-weight: 400;\"><span>Klare HD Vision Polarisierte Scheibe<\/span><\/li>\n<li style=\"font-weight: 400;\">Leistungsstarker Hartschalenkoffer<\/li>\n<li style=\"font-weight: 400;\">Mikrofaser-Tasche<\/li>\n<li style=\"font-weight: 400;\">Mikrofaser-Sitzpolster f\u00fcr die Reinigung der Gl\u00e4ser<\/li>\n<\/ul>\n","protected":false},"featured_media":15942,"comment_status":"open","ping_status":"closed","template":"","meta":{"_acf_changed":false},"product_brand":[],"product_cat":[353,355,368],"product_tag":[359],"class_list":{"0":"post-21030","1":"product","2":"type-product","3":"status-publish","4":"has-post-thumbnail","6":"product_cat-neu-in","7":"product_cat-performance-de","8":"product_cat-taroko-de","9":"product_tag-sportbrille","11":"first","12":"instock","13":"taxable","14":"shipping-taxable","15":"purchasable","16":"product-type-simple"},"acf":[],"yoast_head":"<!-- This site is optimized with the Yoast SEO plugin v27.3 - https:\/\/yoast.com\/product\/yoast-seo-wordpress\/ -->\n<title>TAROKO NIEDRIG GR\u00dcN SELBSTT\u00d6NEND - Bloovs\u00ae Tienda Oficial<\/title>\n<meta name=\"description\" content=\"Das Modell Galibier Matte Crystal Dark Blue verf\u00fcgt \u00fcber ein OVERSIZE-Design mit Lufteinl\u00e4ssen in den Gl\u00e4sern, um das ideale Erlebnis zu bieten\" \/>\n<meta name=\"robots\" content=\"index, follow, max-snippet:-1, max-image-preview:large, max-video-preview:-1\" \/>\n<link rel=\"canonical\" href=\"https:\/\/bloovseyewear.com\/de\/producto\/taroko-niedrig-gruen-selbsttoenend\/\" \/>\n<meta property=\"og:locale\" content=\"de_DE\" \/>\n<meta property=\"og:type\" content=\"article\" \/>\n<meta property=\"og:title\" content=\"TAROKO NIEDRIG GR\u00dcN SELBSTT\u00d6NEND - Bloovs\u00ae Tienda Oficial\" \/>\n<meta property=\"og:description\" content=\"Das Modell Galibier Matte Crystal Dark Blue verf\u00fcgt \u00fcber ein OVERSIZE-Design mit Lufteinl\u00e4ssen in den Gl\u00e4sern, um das ideale Erlebnis zu bieten\" \/>\n<meta property=\"og:url\" content=\"https:\/\/bloovseyewear.com\/de\/producto\/taroko-niedrig-gruen-selbsttoenend\/\" \/>\n<meta property=\"og:site_name\" content=\"Bloovs\u00ae Tienda Oficial\" \/>\n<meta property=\"article:publisher\" content=\"https:\/\/www.facebook.com\/bloovssport\" \/>\n<meta property=\"og:image\" content=\"https:\/\/bloovseyewear.com\/wp-content\/uploads\/2024\/12\/TAROKO_LOW_GREEN_PHOTO_f.png\" \/>\n\t<meta property=\"og:image:width\" content=\"1440\" \/>\n\t<meta property=\"og:image:height\" content=\"1440\" \/>\n\t<meta property=\"og:image:type\" content=\"image\/png\" \/>\n<meta name=\"twitter:card\" content=\"summary_large_image\" \/>\n<meta name=\"twitter:label1\" content=\"Gesch\u00e4tzte Lesezeit\" \/>\n\t<meta name=\"twitter:data1\" content=\"1\u00a0Minute\" \/>\n<script type=\"application\/ld+json\" class=\"yoast-schema-graph\">{\"@context\":\"https:\\\/\\\/schema.org\",\"@graph\":[{\"@type\":\"WebPage\",\"@id\":\"https:\\\/\\\/bloovseyewear.com\\\/de\\\/producto\\\/taroko-niedrig-gruen-selbsttoenend\\\/\",\"url\":\"https:\\\/\\\/bloovseyewear.com\\\/de\\\/producto\\\/taroko-niedrig-gruen-selbsttoenend\\\/\",\"name\":\"TAROKO NIEDRIG GR\u00dcN SELBSTT\u00d6NEND - Bloovs\u00ae Tienda Oficial\",\"isPartOf\":{\"@id\":\"https:\\\/\\\/bloovseyewear.com\\\/de\\\/#website\"},\"primaryImageOfPage\":{\"@id\":\"https:\\\/\\\/bloovseyewear.com\\\/de\\\/producto\\\/taroko-niedrig-gruen-selbsttoenend\\\/#primaryimage\"},\"image\":{\"@id\":\"https:\\\/\\\/bloovseyewear.com\\\/de\\\/producto\\\/taroko-niedrig-gruen-selbsttoenend\\\/#primaryimage\"},\"thumbnailUrl\":\"https:\\\/\\\/bloovseyewear.com\\\/wp-content\\\/uploads\\\/2024\\\/12\\\/TAROKO_LOW_GREEN_PHOTO_f.png\",\"datePublished\":\"2024-12-30T11:30:44+00:00\",\"description\":\"Das Modell Galibier Matte Crystal Dark Blue verf\u00fcgt \u00fcber ein OVERSIZE-Design mit Lufteinl\u00e4ssen in den Gl\u00e4sern, um das ideale Erlebnis zu bieten\",\"breadcrumb\":{\"@id\":\"https:\\\/\\\/bloovseyewear.com\\\/de\\\/producto\\\/taroko-niedrig-gruen-selbsttoenend\\\/#breadcrumb\"},\"inLanguage\":\"de\",\"potentialAction\":[{\"@type\":\"ReadAction\",\"target\":[\"https:\\\/\\\/bloovseyewear.com\\\/de\\\/producto\\\/taroko-niedrig-gruen-selbsttoenend\\\/\"]}]},{\"@type\":\"ImageObject\",\"inLanguage\":\"de\",\"@id\":\"https:\\\/\\\/bloovseyewear.com\\\/de\\\/producto\\\/taroko-niedrig-gruen-selbsttoenend\\\/#primaryimage\",\"url\":\"https:\\\/\\\/bloovseyewear.com\\\/wp-content\\\/uploads\\\/2024\\\/12\\\/TAROKO_LOW_GREEN_PHOTO_f.png\",\"contentUrl\":\"https:\\\/\\\/bloovseyewear.com\\\/wp-content\\\/uploads\\\/2024\\\/12\\\/TAROKO_LOW_GREEN_PHOTO_f.png\",\"width\":1440,\"height\":1440},{\"@type\":\"BreadcrumbList\",\"@id\":\"https:\\\/\\\/bloovseyewear.com\\\/de\\\/producto\\\/taroko-niedrig-gruen-selbsttoenend\\\/#breadcrumb\",\"itemListElement\":[{\"@type\":\"ListItem\",\"position\":1,\"name\":\"Portada\",\"item\":\"https:\\\/\\\/bloovseyewear.com\\\/de\\\/\"},{\"@type\":\"ListItem\",\"position\":2,\"name\":\"Shop\",\"item\":\"https:\\\/\\\/bloovseyewear.com\\\/de\\\/shop\\\/\"},{\"@type\":\"ListItem\",\"position\":3,\"name\":\"TAROKO NIEDRIG GR\u00dcN SELBSTT\u00d6NEND\"}]},{\"@type\":\"WebSite\",\"@id\":\"https:\\\/\\\/bloovseyewear.com\\\/de\\\/#website\",\"url\":\"https:\\\/\\\/bloovseyewear.com\\\/de\\\/\",\"name\":\"Bloovs\u00ae Tienda Oficial\",\"description\":\"Tus Gafas de Sol para cada aventura\",\"publisher\":{\"@id\":\"https:\\\/\\\/bloovseyewear.com\\\/de\\\/#organization\"},\"potentialAction\":[{\"@type\":\"SearchAction\",\"target\":{\"@type\":\"EntryPoint\",\"urlTemplate\":\"https:\\\/\\\/bloovseyewear.com\\\/de\\\/?s={search_term_string}\"},\"query-input\":{\"@type\":\"PropertyValueSpecification\",\"valueRequired\":true,\"valueName\":\"search_term_string\"}}],\"inLanguage\":\"de\"},{\"@type\":\"Organization\",\"@id\":\"https:\\\/\\\/bloovseyewear.com\\\/de\\\/#organization\",\"name\":\"Bloovs\u00ae Tienda Oficial\",\"url\":\"https:\\\/\\\/bloovseyewear.com\\\/de\\\/\",\"logo\":{\"@type\":\"ImageObject\",\"inLanguage\":\"de\",\"@id\":\"https:\\\/\\\/bloovseyewear.com\\\/de\\\/#\\\/schema\\\/logo\\\/image\\\/\",\"url\":\"https:\\\/\\\/bloovseyewear.com\\\/wp-content\\\/uploads\\\/2018\\\/08\\\/cropped-logo-bloovs-copia-1.png\",\"contentUrl\":\"https:\\\/\\\/bloovseyewear.com\\\/wp-content\\\/uploads\\\/2018\\\/08\\\/cropped-logo-bloovs-copia-1.png\",\"width\":512,\"height\":512,\"caption\":\"Bloovs\u00ae Tienda Oficial\"},\"image\":{\"@id\":\"https:\\\/\\\/bloovseyewear.com\\\/de\\\/#\\\/schema\\\/logo\\\/image\\\/\"},\"sameAs\":[\"https:\\\/\\\/www.facebook.com\\\/bloovssport\",\"https:\\\/\\\/www.instagram.com\\\/bloovssport\\\/\"]}]}<\/script>\n<!-- \/ Yoast SEO plugin. -->","yoast_head_json":{"title":"TAROKO NIEDRIG GR\u00dcN SELBSTT\u00d6NEND - Bloovs\u00ae Tienda Oficial","description":"Das Modell Galibier Matte Crystal Dark Blue verf\u00fcgt \u00fcber ein OVERSIZE-Design mit Lufteinl\u00e4ssen in den Gl\u00e4sern, um das ideale Erlebnis zu bieten","robots":{"index":"index","follow":"follow","max-snippet":"max-snippet:-1","max-image-preview":"max-image-preview:large","max-video-preview":"max-video-preview:-1"},"canonical":"https:\/\/bloovseyewear.com\/de\/producto\/taroko-niedrig-gruen-selbsttoenend\/","og_locale":"de_DE","og_type":"article","og_title":"TAROKO NIEDRIG GR\u00dcN SELBSTT\u00d6NEND - Bloovs\u00ae Tienda Oficial","og_description":"Das Modell Galibier Matte Crystal Dark Blue verf\u00fcgt \u00fcber ein OVERSIZE-Design mit Lufteinl\u00e4ssen in den Gl\u00e4sern, um das ideale Erlebnis zu bieten","og_url":"https:\/\/bloovseyewear.com\/de\/producto\/taroko-niedrig-gruen-selbsttoenend\/","og_site_name":"Bloovs\u00ae Tienda Oficial","article_publisher":"https:\/\/www.facebook.com\/bloovssport","og_image":[{"width":1440,"height":1440,"url":"https:\/\/bloovseyewear.com\/wp-content\/uploads\/2024\/12\/TAROKO_LOW_GREEN_PHOTO_f.png","type":"image\/png"}],"twitter_card":"summary_large_image","twitter_misc":{"Gesch\u00e4tzte Lesezeit":"1\u00a0Minute"},"schema":{"@context":"https:\/\/schema.org","@graph":[{"@type":"WebPage","@id":"https:\/\/bloovseyewear.com\/de\/producto\/taroko-niedrig-gruen-selbsttoenend\/","url":"https:\/\/bloovseyewear.com\/de\/producto\/taroko-niedrig-gruen-selbsttoenend\/","name":"TAROKO NIEDRIG GR\u00dcN SELBSTT\u00d6NEND - Bloovs\u00ae Tienda Oficial","isPartOf":{"@id":"https:\/\/bloovseyewear.com\/de\/#website"},"primaryImageOfPage":{"@id":"https:\/\/bloovseyewear.com\/de\/producto\/taroko-niedrig-gruen-selbsttoenend\/#primaryimage"},"image":{"@id":"https:\/\/bloovseyewear.com\/de\/producto\/taroko-niedrig-gruen-selbsttoenend\/#primaryimage"},"thumbnailUrl":"https:\/\/bloovseyewear.com\/wp-content\/uploads\/2024\/12\/TAROKO_LOW_GREEN_PHOTO_f.png","datePublished":"2024-12-30T11:30:44+00:00","description":"Das Modell Galibier Matte Crystal Dark Blue verf\u00fcgt \u00fcber ein OVERSIZE-Design mit Lufteinl\u00e4ssen in den Gl\u00e4sern, um das ideale Erlebnis zu bieten","breadcrumb":{"@id":"https:\/\/bloovseyewear.com\/de\/producto\/taroko-niedrig-gruen-selbsttoenend\/#breadcrumb"},"inLanguage":"de","potentialAction":[{"@type":"ReadAction","target":["https:\/\/bloovseyewear.com\/de\/producto\/taroko-niedrig-gruen-selbsttoenend\/"]}]},{"@type":"ImageObject","inLanguage":"de","@id":"https:\/\/bloovseyewear.com\/de\/producto\/taroko-niedrig-gruen-selbsttoenend\/#primaryimage","url":"https:\/\/bloovseyewear.com\/wp-content\/uploads\/2024\/12\/TAROKO_LOW_GREEN_PHOTO_f.png","contentUrl":"https:\/\/bloovseyewear.com\/wp-content\/uploads\/2024\/12\/TAROKO_LOW_GREEN_PHOTO_f.png","width":1440,"height":1440},{"@type":"BreadcrumbList","@id":"https:\/\/bloovseyewear.com\/de\/producto\/taroko-niedrig-gruen-selbsttoenend\/#breadcrumb","itemListElement":[{"@type":"ListItem","position":1,"name":"Portada","item":"https:\/\/bloovseyewear.com\/de\/"},{"@type":"ListItem","position":2,"name":"Shop","item":"https:\/\/bloovseyewear.com\/de\/shop\/"},{"@type":"ListItem","position":3,"name":"TAROKO NIEDRIG GR\u00dcN SELBSTT\u00d6NEND"}]},{"@type":"WebSite","@id":"https:\/\/bloovseyewear.com\/de\/#website","url":"https:\/\/bloovseyewear.com\/de\/","name":"Bloovs\u00ae Tienda Oficial","description":"Tus Gafas de Sol para cada aventura","publisher":{"@id":"https:\/\/bloovseyewear.com\/de\/#organization"},"potentialAction":[{"@type":"SearchAction","target":{"@type":"EntryPoint","urlTemplate":"https:\/\/bloovseyewear.com\/de\/?s={search_term_string}"},"query-input":{"@type":"PropertyValueSpecification","valueRequired":true,"valueName":"search_term_string"}}],"inLanguage":"de"},{"@type":"Organization","@id":"https:\/\/bloovseyewear.com\/de\/#organization","name":"Bloovs\u00ae Tienda Oficial","url":"https:\/\/bloovseyewear.com\/de\/","logo":{"@type":"ImageObject","inLanguage":"de","@id":"https:\/\/bloovseyewear.com\/de\/#\/schema\/logo\/image\/","url":"https:\/\/bloovseyewear.com\/wp-content\/uploads\/2018\/08\/cropped-logo-bloovs-copia-1.png","contentUrl":"https:\/\/bloovseyewear.com\/wp-content\/uploads\/2018\/08\/cropped-logo-bloovs-copia-1.png","width":512,"height":512,"caption":"Bloovs\u00ae Tienda Oficial"},"image":{"@id":"https:\/\/bloovseyewear.com\/de\/#\/schema\/logo\/image\/"},"sameAs":["https:\/\/www.facebook.com\/bloovssport","https:\/\/www.instagram.com\/bloovssport\/"]}]}},"jetpack_sharing_enabled":true,"_links":{"self":[{"href":"https:\/\/bloovseyewear.com\/de\/wp-json\/wp\/v2\/product\/21030","targetHints":{"allow":["GET"]}}],"collection":[{"href":"https:\/\/bloovseyewear.com\/de\/wp-json\/wp\/v2\/product"}],"about":[{"href":"https:\/\/bloovseyewear.com\/de\/wp-json\/wp\/v2\/types\/product"}],"replies":[{"embeddable":true,"href":"https:\/\/bloovseyewear.com\/de\/wp-json\/wp\/v2\/comments?post=21030"}],"wp:featuredmedia":[{"embeddable":true,"href":"https:\/\/bloovseyewear.com\/de\/wp-json\/wp\/v2\/media\/15942"}],"wp:attachment":[{"href":"https:\/\/bloovseyewear.com\/de\/wp-json\/wp\/v2\/media?parent=21030"}],"wp:term":[{"taxonomy":"product_brand","embeddable":true,"href":"https:\/\/bloovseyewear.com\/de\/wp-json\/wp\/v2\/product_brand?post=21030"},{"taxonomy":"product_cat","embeddable":true,"href":"https:\/\/bloovseyewear.com\/de\/wp-json\/wp\/v2\/product_cat?post=21030"},{"taxonomy":"product_tag","embeddable":true,"href":"https:\/\/bloovseyewear.com\/de\/wp-json\/wp\/v2\/product_tag?post=21030"}],"curies":[{"name":"wp","href":"https:\/\/api.w.org\/{rel}","templated":true}]}}