{"id":21232,"date":"2023-12-14T16:17:30","date_gmt":"2023-12-14T16:17:30","guid":{"rendered":"https:\/\/bloovseyewear.com\/producto\/aspen-blizzard-objektiv\/"},"modified":"2023-12-14T16:17:30","modified_gmt":"2023-12-14T16:17:30","slug":"aspen-blizzard-objektiv","status":"publish","type":"product","link":"https:\/\/bloovseyewear.com\/de\/producto\/aspen-blizzard-objektiv\/","title":{"rendered":"Aspen Blizzard Objektiv"},"content":{"rendered":"<p>Die Bloovs-Gl\u00e4ser sind in verschiedenen Farbt\u00f6nen erh\u00e4ltlich, wobei immer daran gedacht wird, das perfekte Erlebnis zu bieten, indem sie eine gute Filterung mit der Ausgewogenheit von Farben und visuellem Kontrast kombinieren. Die Wetterbedingungen in den Bergen k\u00f6nnen zu drastischen Ver\u00e4nderungen der Sicht f\u00fchren, und deshalb bieten wir unsere magnetischen Blizzard-Gl\u00e4ser an. Wenn der Tag dunkel ist und wir uns in einem dichten Schneesturm befinden, helfen Ihnen unsere speziellen Gl\u00e4ser f\u00fcr dieses Szenario, Ihren Lieblingssport weiterhin zu genie\u00dfen.  <\/p>\n","protected":false},"excerpt":{"rendered":"<p>Die Bloovs-Gl\u00e4ser sind in verschiedenen Farbt\u00f6nen erh\u00e4ltlich, wobei immer daran gedacht wird, das perfekte Erlebnis zu bieten, indem sie eine gute Filterung mit der Ausgewogenheit von Farben und visuellem Kontrast kombinieren. Die Wetterbedingungen in den Bergen k\u00f6nnen zu drastischen Ver\u00e4nderungen der Sicht f\u00fchren, und deshalb bieten wir unsere magnetischen Blizzard-Gl\u00e4ser an. Wenn der Tag dunkel&#8230;<\/p>\n","protected":false},"featured_media":17875,"comment_status":"open","ping_status":"closed","template":"","meta":{"_acf_changed":false},"product_brand":[],"product_cat":[431,430],"product_tag":[],"class_list":{"0":"post-21232","1":"product","2":"type-product","3":"status-publish","4":"has-post-thumbnail","6":"product_cat-brille","7":"product_cat-zubehor","9":"first","10":"outofstock","11":"taxable","12":"shipping-taxable","13":"purchasable","14":"product-type-simple"},"acf":[],"yoast_head":"<!-- This site is optimized with the Yoast SEO plugin v27.3 - https:\/\/yoast.com\/product\/yoast-seo-wordpress\/ -->\n<title>Aspen Blizzard Objektiv - Bloovs\u00ae Tienda Oficial<\/title>\n<meta name=\"description\" content=\"Bei Bloovs m\u00f6chten wir Sie bei all Ihren Abenteuern begleiten und deshalb bieten wir Aspen Blizzard-Gl\u00e4ser mit Magnetwechselsystem an\" \/>\n<meta name=\"robots\" content=\"index, follow, max-snippet:-1, max-image-preview:large, max-video-preview:-1\" \/>\n<link rel=\"canonical\" href=\"https:\/\/bloovseyewear.com\/de\/producto\/aspen-blizzard-objektiv\/\" \/>\n<meta property=\"og:locale\" content=\"de_DE\" \/>\n<meta property=\"og:type\" content=\"article\" \/>\n<meta property=\"og:title\" content=\"Aspen Blizzard Objektiv - Bloovs\u00ae Tienda Oficial\" \/>\n<meta property=\"og:description\" content=\"Bei Bloovs m\u00f6chten wir Sie bei all Ihren Abenteuern begleiten und deshalb bieten wir Aspen Blizzard-Gl\u00e4ser mit Magnetwechselsystem an\" \/>\n<meta property=\"og:url\" content=\"https:\/\/bloovseyewear.com\/de\/producto\/aspen-blizzard-objektiv\/\" \/>\n<meta property=\"og:site_name\" content=\"Bloovs\u00ae Tienda Oficial\" \/>\n<meta property=\"article:publisher\" content=\"https:\/\/www.facebook.com\/bloovssport\" \/>\n<meta property=\"og:image\" content=\"https:\/\/bloovseyewear.com\/wp-content\/uploads\/2023\/12\/aspen_BLOOVS_extra_f.png\" \/>\n\t<meta property=\"og:image:width\" content=\"1440\" \/>\n\t<meta property=\"og:image:height\" content=\"1440\" \/>\n\t<meta property=\"og:image:type\" content=\"image\/png\" \/>\n<meta name=\"twitter:card\" content=\"summary_large_image\" \/>\n<script type=\"application\/ld+json\" class=\"yoast-schema-graph\">{\"@context\":\"https:\\\/\\\/schema.org\",\"@graph\":[{\"@type\":\"WebPage\",\"@id\":\"https:\\\/\\\/bloovseyewear.com\\\/de\\\/producto\\\/aspen-blizzard-objektiv\\\/\",\"url\":\"https:\\\/\\\/bloovseyewear.com\\\/de\\\/producto\\\/aspen-blizzard-objektiv\\\/\",\"name\":\"Aspen Blizzard Objektiv - Bloovs\u00ae Tienda Oficial\",\"isPartOf\":{\"@id\":\"https:\\\/\\\/bloovseyewear.com\\\/de\\\/#website\"},\"primaryImageOfPage\":{\"@id\":\"https:\\\/\\\/bloovseyewear.com\\\/de\\\/producto\\\/aspen-blizzard-objektiv\\\/#primaryimage\"},\"image\":{\"@id\":\"https:\\\/\\\/bloovseyewear.com\\\/de\\\/producto\\\/aspen-blizzard-objektiv\\\/#primaryimage\"},\"thumbnailUrl\":\"https:\\\/\\\/bloovseyewear.com\\\/wp-content\\\/uploads\\\/2023\\\/12\\\/aspen_BLOOVS_extra_f.png\",\"datePublished\":\"2023-12-14T16:17:30+00:00\",\"description\":\"Bei Bloovs m\u00f6chten wir Sie bei all Ihren Abenteuern begleiten und deshalb bieten wir Aspen Blizzard-Gl\u00e4ser mit Magnetwechselsystem an\",\"breadcrumb\":{\"@id\":\"https:\\\/\\\/bloovseyewear.com\\\/de\\\/producto\\\/aspen-blizzard-objektiv\\\/#breadcrumb\"},\"inLanguage\":\"de\",\"potentialAction\":[{\"@type\":\"ReadAction\",\"target\":[\"https:\\\/\\\/bloovseyewear.com\\\/de\\\/producto\\\/aspen-blizzard-objektiv\\\/\"]}]},{\"@type\":\"ImageObject\",\"inLanguage\":\"de\",\"@id\":\"https:\\\/\\\/bloovseyewear.com\\\/de\\\/producto\\\/aspen-blizzard-objektiv\\\/#primaryimage\",\"url\":\"https:\\\/\\\/bloovseyewear.com\\\/wp-content\\\/uploads\\\/2023\\\/12\\\/aspen_BLOOVS_extra_f.png\",\"contentUrl\":\"https:\\\/\\\/bloovseyewear.com\\\/wp-content\\\/uploads\\\/2023\\\/12\\\/aspen_BLOOVS_extra_f.png\",\"width\":1440,\"height\":1440,\"caption\":\"Blizzard Ski- und Snowboardmaske\"},{\"@type\":\"BreadcrumbList\",\"@id\":\"https:\\\/\\\/bloovseyewear.com\\\/de\\\/producto\\\/aspen-blizzard-objektiv\\\/#breadcrumb\",\"itemListElement\":[{\"@type\":\"ListItem\",\"position\":1,\"name\":\"Portada\",\"item\":\"https:\\\/\\\/bloovseyewear.com\\\/de\\\/\"},{\"@type\":\"ListItem\",\"position\":2,\"name\":\"Shop\",\"item\":\"https:\\\/\\\/bloovseyewear.com\\\/de\\\/shop\\\/\"},{\"@type\":\"ListItem\",\"position\":3,\"name\":\"Aspen Blizzard Objektiv\"}]},{\"@type\":\"WebSite\",\"@id\":\"https:\\\/\\\/bloovseyewear.com\\\/de\\\/#website\",\"url\":\"https:\\\/\\\/bloovseyewear.com\\\/de\\\/\",\"name\":\"Bloovs\u00ae Tienda Oficial\",\"description\":\"Tus Gafas de Sol para cada aventura\",\"publisher\":{\"@id\":\"https:\\\/\\\/bloovseyewear.com\\\/de\\\/#organization\"},\"potentialAction\":[{\"@type\":\"SearchAction\",\"target\":{\"@type\":\"EntryPoint\",\"urlTemplate\":\"https:\\\/\\\/bloovseyewear.com\\\/de\\\/?s={search_term_string}\"},\"query-input\":{\"@type\":\"PropertyValueSpecification\",\"valueRequired\":true,\"valueName\":\"search_term_string\"}}],\"inLanguage\":\"de\"},{\"@type\":\"Organization\",\"@id\":\"https:\\\/\\\/bloovseyewear.com\\\/de\\\/#organization\",\"name\":\"Bloovs\u00ae Tienda Oficial\",\"url\":\"https:\\\/\\\/bloovseyewear.com\\\/de\\\/\",\"logo\":{\"@type\":\"ImageObject\",\"inLanguage\":\"de\",\"@id\":\"https:\\\/\\\/bloovseyewear.com\\\/de\\\/#\\\/schema\\\/logo\\\/image\\\/\",\"url\":\"https:\\\/\\\/bloovseyewear.com\\\/wp-content\\\/uploads\\\/2018\\\/08\\\/cropped-logo-bloovs-copia-1.png\",\"contentUrl\":\"https:\\\/\\\/bloovseyewear.com\\\/wp-content\\\/uploads\\\/2018\\\/08\\\/cropped-logo-bloovs-copia-1.png\",\"width\":512,\"height\":512,\"caption\":\"Bloovs\u00ae Tienda Oficial\"},\"image\":{\"@id\":\"https:\\\/\\\/bloovseyewear.com\\\/de\\\/#\\\/schema\\\/logo\\\/image\\\/\"},\"sameAs\":[\"https:\\\/\\\/www.facebook.com\\\/bloovssport\",\"https:\\\/\\\/www.instagram.com\\\/bloovssport\\\/\"]}]}<\/script>\n<!-- \/ Yoast SEO plugin. -->","yoast_head_json":{"title":"Aspen Blizzard Objektiv - Bloovs\u00ae Tienda Oficial","description":"Bei Bloovs m\u00f6chten wir Sie bei all Ihren Abenteuern begleiten und deshalb bieten wir Aspen Blizzard-Gl\u00e4ser mit Magnetwechselsystem an","robots":{"index":"index","follow":"follow","max-snippet":"max-snippet:-1","max-image-preview":"max-image-preview:large","max-video-preview":"max-video-preview:-1"},"canonical":"https:\/\/bloovseyewear.com\/de\/producto\/aspen-blizzard-objektiv\/","og_locale":"de_DE","og_type":"article","og_title":"Aspen Blizzard Objektiv - Bloovs\u00ae Tienda Oficial","og_description":"Bei Bloovs m\u00f6chten wir Sie bei all Ihren Abenteuern begleiten und deshalb bieten wir Aspen Blizzard-Gl\u00e4ser mit Magnetwechselsystem an","og_url":"https:\/\/bloovseyewear.com\/de\/producto\/aspen-blizzard-objektiv\/","og_site_name":"Bloovs\u00ae Tienda Oficial","article_publisher":"https:\/\/www.facebook.com\/bloovssport","og_image":[{"width":1440,"height":1440,"url":"https:\/\/bloovseyewear.com\/wp-content\/uploads\/2023\/12\/aspen_BLOOVS_extra_f.png","type":"image\/png"}],"twitter_card":"summary_large_image","schema":{"@context":"https:\/\/schema.org","@graph":[{"@type":"WebPage","@id":"https:\/\/bloovseyewear.com\/de\/producto\/aspen-blizzard-objektiv\/","url":"https:\/\/bloovseyewear.com\/de\/producto\/aspen-blizzard-objektiv\/","name":"Aspen Blizzard Objektiv - Bloovs\u00ae Tienda Oficial","isPartOf":{"@id":"https:\/\/bloovseyewear.com\/de\/#website"},"primaryImageOfPage":{"@id":"https:\/\/bloovseyewear.com\/de\/producto\/aspen-blizzard-objektiv\/#primaryimage"},"image":{"@id":"https:\/\/bloovseyewear.com\/de\/producto\/aspen-blizzard-objektiv\/#primaryimage"},"thumbnailUrl":"https:\/\/bloovseyewear.com\/wp-content\/uploads\/2023\/12\/aspen_BLOOVS_extra_f.png","datePublished":"2023-12-14T16:17:30+00:00","description":"Bei Bloovs m\u00f6chten wir Sie bei all Ihren Abenteuern begleiten und deshalb bieten wir Aspen Blizzard-Gl\u00e4ser mit Magnetwechselsystem an","breadcrumb":{"@id":"https:\/\/bloovseyewear.com\/de\/producto\/aspen-blizzard-objektiv\/#breadcrumb"},"inLanguage":"de","potentialAction":[{"@type":"ReadAction","target":["https:\/\/bloovseyewear.com\/de\/producto\/aspen-blizzard-objektiv\/"]}]},{"@type":"ImageObject","inLanguage":"de","@id":"https:\/\/bloovseyewear.com\/de\/producto\/aspen-blizzard-objektiv\/#primaryimage","url":"https:\/\/bloovseyewear.com\/wp-content\/uploads\/2023\/12\/aspen_BLOOVS_extra_f.png","contentUrl":"https:\/\/bloovseyewear.com\/wp-content\/uploads\/2023\/12\/aspen_BLOOVS_extra_f.png","width":1440,"height":1440,"caption":"Blizzard Ski- und Snowboardmaske"},{"@type":"BreadcrumbList","@id":"https:\/\/bloovseyewear.com\/de\/producto\/aspen-blizzard-objektiv\/#breadcrumb","itemListElement":[{"@type":"ListItem","position":1,"name":"Portada","item":"https:\/\/bloovseyewear.com\/de\/"},{"@type":"ListItem","position":2,"name":"Shop","item":"https:\/\/bloovseyewear.com\/de\/shop\/"},{"@type":"ListItem","position":3,"name":"Aspen Blizzard Objektiv"}]},{"@type":"WebSite","@id":"https:\/\/bloovseyewear.com\/de\/#website","url":"https:\/\/bloovseyewear.com\/de\/","name":"Bloovs\u00ae Tienda Oficial","description":"Tus Gafas de Sol para cada aventura","publisher":{"@id":"https:\/\/bloovseyewear.com\/de\/#organization"},"potentialAction":[{"@type":"SearchAction","target":{"@type":"EntryPoint","urlTemplate":"https:\/\/bloovseyewear.com\/de\/?s={search_term_string}"},"query-input":{"@type":"PropertyValueSpecification","valueRequired":true,"valueName":"search_term_string"}}],"inLanguage":"de"},{"@type":"Organization","@id":"https:\/\/bloovseyewear.com\/de\/#organization","name":"Bloovs\u00ae Tienda Oficial","url":"https:\/\/bloovseyewear.com\/de\/","logo":{"@type":"ImageObject","inLanguage":"de","@id":"https:\/\/bloovseyewear.com\/de\/#\/schema\/logo\/image\/","url":"https:\/\/bloovseyewear.com\/wp-content\/uploads\/2018\/08\/cropped-logo-bloovs-copia-1.png","contentUrl":"https:\/\/bloovseyewear.com\/wp-content\/uploads\/2018\/08\/cropped-logo-bloovs-copia-1.png","width":512,"height":512,"caption":"Bloovs\u00ae Tienda Oficial"},"image":{"@id":"https:\/\/bloovseyewear.com\/de\/#\/schema\/logo\/image\/"},"sameAs":["https:\/\/www.facebook.com\/bloovssport","https:\/\/www.instagram.com\/bloovssport\/"]}]}},"jetpack_sharing_enabled":true,"_links":{"self":[{"href":"https:\/\/bloovseyewear.com\/de\/wp-json\/wp\/v2\/product\/21232","targetHints":{"allow":["GET"]}}],"collection":[{"href":"https:\/\/bloovseyewear.com\/de\/wp-json\/wp\/v2\/product"}],"about":[{"href":"https:\/\/bloovseyewear.com\/de\/wp-json\/wp\/v2\/types\/product"}],"replies":[{"embeddable":true,"href":"https:\/\/bloovseyewear.com\/de\/wp-json\/wp\/v2\/comments?post=21232"}],"wp:featuredmedia":[{"embeddable":true,"href":"https:\/\/bloovseyewear.com\/de\/wp-json\/wp\/v2\/media\/17875"}],"wp:attachment":[{"href":"https:\/\/bloovseyewear.com\/de\/wp-json\/wp\/v2\/media?parent=21232"}],"wp:term":[{"taxonomy":"product_brand","embeddable":true,"href":"https:\/\/bloovseyewear.com\/de\/wp-json\/wp\/v2\/product_brand?post=21232"},{"taxonomy":"product_cat","embeddable":true,"href":"https:\/\/bloovseyewear.com\/de\/wp-json\/wp\/v2\/product_cat?post=21232"},{"taxonomy":"product_tag","embeddable":true,"href":"https:\/\/bloovseyewear.com\/de\/wp-json\/wp\/v2\/product_tag?post=21232"}],"curies":[{"name":"wp","href":"https:\/\/api.w.org\/{rel}","templated":true}]}}