{"id":21256,"date":"2022-06-14T11:44:28","date_gmt":"2022-06-14T11:44:28","guid":{"rendered":"https:\/\/bloovseyewear.com\/producto\/iten-matte-green-photochromatic\/"},"modified":"2025-08-29T11:32:25","modified_gmt":"2025-08-29T11:32:25","slug":"iten-matte-green-photochromatic","status":"publish","type":"product","link":"https:\/\/bloovseyewear.com\/de\/producto\/iten-matte-green-photochromatic\/","title":{"rendered":"ITEN MATTE GREEN PHOTOCHROMATIC"},"content":{"rendered":"<section class=\"l-section wpb_row height_medium\"><div class=\"l-section-h i-cf\"><div class=\"g-cols vc_row via_grid cols_1 laptops-cols_inherit tablets-cols_inherit mobiles-cols_1 valign_top type_default stacking_default\"><div class=\"wpb_column vc_column_container\"><div class=\"vc_column-inner\"><div class=\"wpb_text_column\"><div class=\"wpb_wrapper\"><h4>Beschreibung<\/h4>\n<p style=\"font-weight: 400;\">Ob f\u00fcr Bergabenteuer, Asphaltrennen oder Eins\u00e4tze im Schnee, die Bloovs Iten Sonnenbrille ist die ideale Wahl. Das &#8222;geflogene&#8220; Rahmendesign ist so konzipiert, dass es dank seiner d\u00fcnnen B\u00fcgel mit rutschfestem Silikon und seiner enormen Leichtigkeit den ganzen Tag \u00fcber absoluten Komfort bietet. <\/p>\n<p>Das freitragende Rahmendesign des Iten-Modells kombiniert perfekte Abdeckung mit Griffigkeit<span>  <\/span>und eine mittlere Gr\u00f6\u00dfe, ideal f\u00fcr alle Gesichter.  <span> <\/span>Dar\u00fcber hinaus heben photochrome Linsen mit Clear HD Vision-Technologie die Details der belaubtesten Pfade und T\u00e4ler hervor.<\/p>\n<h4>Hauptmerkmale:<\/h4>\n<ul>\n<li style=\"font-weight: 400;\"><span>Wir stellen unsere Gl\u00e4ser aus Polycarbonat her, um die Sto\u00dffestigkeit zu gew\u00e4hrleisten und gleichzeitig die Leichtigkeit der Gl\u00e4ser zu erh\u00f6hen.<\/span><\/li>\n<li style=\"font-weight: 400;\">Alle unsere Gl\u00e4ser sind mit Antireflex- und Anti-Kratz-Beschichtungen ausgestattet, um die Haltbarkeit des Produkts zu gew\u00e4hrleisten.<\/li>\n<li style=\"font-weight: 400;\">Otter-Gl\u00e4ser filtern 100 % der UVA- und UVB-Strahlen, um Ihnen vollst\u00e4ndigen Schutz vor der Sonne zu bieten.<\/li>\n<li style=\"font-weight: 400;\">Wir verleihen unseren Fassungen eine perfekte W\u00f6lbung, um Ihnen einen umh\u00fcllenden Effekt zu bieten, der Ihre Augen vor Wind sch\u00fctzt und Ihnen gleichzeitig ein breiteres Sichtfeld bietet.<\/li>\n<li style=\"font-weight: 400;\"><span>Sowohl die Nasenst\u00fctze als auch die Enden der B\u00fcgel sind mit rutschfestem, hypoallergenem und verstellbarem Silikon ausgestattet, um eine perfekte Passform und mehr Komfort beim Sport zu gew\u00e4hrleisten.  <\/span><\/li>\n<li style=\"font-weight: 400;\">Wir arbeiten an der Entwicklung einer perfekten Bel\u00fcftung, um zu verhindern, dass die Gl\u00e4ser beim Sport stecken bleiben.<\/li>\n<li style=\"font-weight: 400;\">Unsere Brillengl\u00e4ser sind mit einer hydrologischen Behandlung ausgestattet, um zu verhindern, dass Wasser und Schwei\u00df an den Gl\u00e4sern haften bleiben, und so das Sichtfeld in feuchten, regnerischen Klimazonen zu verbessern&#8230;<\/li>\n<li style=\"font-weight: 400;\">Leichtigkeit und Komfort sind unsere Markenzeichen. Alle unsere Rahmen sind enorm leicht, um Ihr Erlebnis maximal zu verbessern. <\/li>\n<\/ul>\n<\/div><\/div><div class=\"w-separator size_medium with_line width_default thick_1 style_solid color_border align_center\"><div class=\"w-separator-h\"><\/div><\/div><div class=\"wpb_text_column\"><div class=\"wpb_wrapper\"><h4>Enth\u00e4lt<\/h4>\n<ul>\n<li style=\"font-weight: 400;\"><span>Klare HD Vision Polarisierte Scheibe<\/span><\/li>\n<li style=\"font-weight: 400;\">Leistungsstarker Hartschalenkoffer<\/li>\n<li style=\"font-weight: 400;\">Mikrofaser-Tasche<\/li>\n<li style=\"font-weight: 400;\">Mikrofaser-Sitzpolster f\u00fcr die Reinigung der Gl\u00e4ser<\/li>\n<\/ul>\n<\/div><\/div><\/div><\/div><\/div><\/div><\/section>\n","protected":false},"excerpt":{"rendered":"<p><img fetchpriority=\"high\" decoding=\"async\" class=\"alignnone size-full wp-image-12704\" src=\"https:\/\/bloovseyewear.com\/wp-content\/uploads\/2022\/01\/ITEN.jpg\" alt=\"\" width=\"3000\" height=\"1134\"><\/p>\n","protected":false},"featured_media":16014,"comment_status":"open","ping_status":"closed","template":"","meta":{"_acf_changed":false},"product_brand":[],"product_cat":[412,355],"product_tag":[359],"class_list":{"0":"post-21256","1":"product","2":"type-product","3":"status-publish","4":"has-post-thumbnail","6":"product_cat-iten-de","7":"product_cat-performance-de","8":"product_tag-sportbrille","10":"first","11":"instock","12":"taxable","13":"shipping-taxable","14":"purchasable","15":"product-type-simple"},"acf":[],"yoast_head":"<!-- This site is optimized with the Yoast SEO plugin v27.3 - https:\/\/yoast.com\/product\/yoast-seo-wordpress\/ -->\n<title>Iten Matte Green Photochromatic, lunettes de sport - Bloovs\u00ae Tienda Oficial<\/title>\n<meta name=\"description\" content=\"Le mod\u00e8le ITEN Matte Green Photochromatic est dot\u00e9 d&#039;une monture volante avec un verre arrondi, avec une apparence a\u00e9rodynamique.\" \/>\n<meta name=\"robots\" content=\"index, follow, max-snippet:-1, max-image-preview:large, max-video-preview:-1\" \/>\n<link rel=\"canonical\" href=\"https:\/\/bloovseyewear.com\/de\/producto\/iten-matte-green-photochromatic\/\" \/>\n<meta property=\"og:locale\" content=\"de_DE\" \/>\n<meta property=\"og:type\" content=\"article\" \/>\n<meta property=\"og:title\" content=\"Iten Matte Green Photochromatic, lunettes de sport - Bloovs\u00ae Tienda Oficial\" \/>\n<meta property=\"og:description\" content=\"Le mod\u00e8le ITEN Matte Green Photochromatic est dot\u00e9 d&#039;une monture volante avec un verre arrondi, avec une apparence a\u00e9rodynamique.\" \/>\n<meta property=\"og:url\" content=\"https:\/\/bloovseyewear.com\/de\/producto\/iten-matte-green-photochromatic\/\" \/>\n<meta property=\"og:site_name\" content=\"Bloovs\u00ae Tienda Oficial\" \/>\n<meta property=\"article:publisher\" content=\"https:\/\/www.facebook.com\/bloovssport\" \/>\n<meta property=\"article:modified_time\" content=\"2025-08-29T11:32:25+00:00\" \/>\n<meta property=\"og:image\" content=\"https:\/\/bloovseyewear.com\/wp-content\/uploads\/2023\/12\/3_ITEN_frontal_verde.png\" \/>\n\t<meta property=\"og:image:width\" content=\"1440\" \/>\n\t<meta property=\"og:image:height\" content=\"1440\" \/>\n\t<meta property=\"og:image:type\" content=\"image\/png\" \/>\n<meta name=\"twitter:card\" content=\"summary_large_image\" \/>\n<meta name=\"twitter:label1\" content=\"Gesch\u00e4tzte Lesezeit\" \/>\n\t<meta name=\"twitter:data1\" content=\"2\u00a0Minute\" \/>\n<script type=\"application\/ld+json\" class=\"yoast-schema-graph\">{\"@context\":\"https:\\\/\\\/schema.org\",\"@graph\":[{\"@type\":\"WebPage\",\"@id\":\"https:\\\/\\\/bloovseyewear.com\\\/de\\\/producto\\\/iten-matte-green-photochromatic\\\/\",\"url\":\"https:\\\/\\\/bloovseyewear.com\\\/de\\\/producto\\\/iten-matte-green-photochromatic\\\/\",\"name\":\"Iten Matte Green Photochromatic, lunettes de sport - Bloovs\u00ae Tienda Oficial\",\"isPartOf\":{\"@id\":\"https:\\\/\\\/bloovseyewear.com\\\/de\\\/#website\"},\"primaryImageOfPage\":{\"@id\":\"https:\\\/\\\/bloovseyewear.com\\\/de\\\/producto\\\/iten-matte-green-photochromatic\\\/#primaryimage\"},\"image\":{\"@id\":\"https:\\\/\\\/bloovseyewear.com\\\/de\\\/producto\\\/iten-matte-green-photochromatic\\\/#primaryimage\"},\"thumbnailUrl\":\"https:\\\/\\\/bloovseyewear.com\\\/wp-content\\\/uploads\\\/2023\\\/12\\\/3_ITEN_frontal_verde.png\",\"datePublished\":\"2022-06-14T11:44:28+00:00\",\"dateModified\":\"2025-08-29T11:32:25+00:00\",\"description\":\"Le mod\u00e8le ITEN Matte Green Photochromatic est dot\u00e9 d'une monture volante avec un verre arrondi, avec une apparence a\u00e9rodynamique.\",\"breadcrumb\":{\"@id\":\"https:\\\/\\\/bloovseyewear.com\\\/de\\\/producto\\\/iten-matte-green-photochromatic\\\/#breadcrumb\"},\"inLanguage\":\"de\",\"potentialAction\":[{\"@type\":\"ReadAction\",\"target\":[\"https:\\\/\\\/bloovseyewear.com\\\/de\\\/producto\\\/iten-matte-green-photochromatic\\\/\"]}]},{\"@type\":\"ImageObject\",\"inLanguage\":\"de\",\"@id\":\"https:\\\/\\\/bloovseyewear.com\\\/de\\\/producto\\\/iten-matte-green-photochromatic\\\/#primaryimage\",\"url\":\"https:\\\/\\\/bloovseyewear.com\\\/wp-content\\\/uploads\\\/2023\\\/12\\\/3_ITEN_frontal_verde.png\",\"contentUrl\":\"https:\\\/\\\/bloovseyewear.com\\\/wp-content\\\/uploads\\\/2023\\\/12\\\/3_ITEN_frontal_verde.png\",\"width\":1440,\"height\":1440},{\"@type\":\"BreadcrumbList\",\"@id\":\"https:\\\/\\\/bloovseyewear.com\\\/de\\\/producto\\\/iten-matte-green-photochromatic\\\/#breadcrumb\",\"itemListElement\":[{\"@type\":\"ListItem\",\"position\":1,\"name\":\"Portada\",\"item\":\"https:\\\/\\\/bloovseyewear.com\\\/de\\\/\"},{\"@type\":\"ListItem\",\"position\":2,\"name\":\"Shop\",\"item\":\"https:\\\/\\\/bloovseyewear.com\\\/de\\\/shop\\\/\"},{\"@type\":\"ListItem\",\"position\":3,\"name\":\"ITEN MATTE GREEN PHOTOCHROMATIC\"}]},{\"@type\":\"WebSite\",\"@id\":\"https:\\\/\\\/bloovseyewear.com\\\/de\\\/#website\",\"url\":\"https:\\\/\\\/bloovseyewear.com\\\/de\\\/\",\"name\":\"Bloovs\u00ae Tienda Oficial\",\"description\":\"Tus Gafas de Sol para cada aventura\",\"publisher\":{\"@id\":\"https:\\\/\\\/bloovseyewear.com\\\/de\\\/#organization\"},\"potentialAction\":[{\"@type\":\"SearchAction\",\"target\":{\"@type\":\"EntryPoint\",\"urlTemplate\":\"https:\\\/\\\/bloovseyewear.com\\\/de\\\/?s={search_term_string}\"},\"query-input\":{\"@type\":\"PropertyValueSpecification\",\"valueRequired\":true,\"valueName\":\"search_term_string\"}}],\"inLanguage\":\"de\"},{\"@type\":\"Organization\",\"@id\":\"https:\\\/\\\/bloovseyewear.com\\\/de\\\/#organization\",\"name\":\"Bloovs\u00ae Tienda Oficial\",\"url\":\"https:\\\/\\\/bloovseyewear.com\\\/de\\\/\",\"logo\":{\"@type\":\"ImageObject\",\"inLanguage\":\"de\",\"@id\":\"https:\\\/\\\/bloovseyewear.com\\\/de\\\/#\\\/schema\\\/logo\\\/image\\\/\",\"url\":\"https:\\\/\\\/bloovseyewear.com\\\/wp-content\\\/uploads\\\/2018\\\/08\\\/cropped-logo-bloovs-copia-1.png\",\"contentUrl\":\"https:\\\/\\\/bloovseyewear.com\\\/wp-content\\\/uploads\\\/2018\\\/08\\\/cropped-logo-bloovs-copia-1.png\",\"width\":512,\"height\":512,\"caption\":\"Bloovs\u00ae Tienda Oficial\"},\"image\":{\"@id\":\"https:\\\/\\\/bloovseyewear.com\\\/de\\\/#\\\/schema\\\/logo\\\/image\\\/\"},\"sameAs\":[\"https:\\\/\\\/www.facebook.com\\\/bloovssport\",\"https:\\\/\\\/www.instagram.com\\\/bloovssport\\\/\"]}]}<\/script>\n<!-- \/ Yoast SEO plugin. -->","yoast_head_json":{"title":"Iten Matte Green Photochromatic, lunettes de sport - Bloovs\u00ae Tienda Oficial","description":"Le mod\u00e8le ITEN Matte Green Photochromatic est dot\u00e9 d'une monture volante avec un verre arrondi, avec une apparence a\u00e9rodynamique.","robots":{"index":"index","follow":"follow","max-snippet":"max-snippet:-1","max-image-preview":"max-image-preview:large","max-video-preview":"max-video-preview:-1"},"canonical":"https:\/\/bloovseyewear.com\/de\/producto\/iten-matte-green-photochromatic\/","og_locale":"de_DE","og_type":"article","og_title":"Iten Matte Green Photochromatic, lunettes de sport - Bloovs\u00ae Tienda Oficial","og_description":"Le mod\u00e8le ITEN Matte Green Photochromatic est dot\u00e9 d'une monture volante avec un verre arrondi, avec une apparence a\u00e9rodynamique.","og_url":"https:\/\/bloovseyewear.com\/de\/producto\/iten-matte-green-photochromatic\/","og_site_name":"Bloovs\u00ae Tienda Oficial","article_publisher":"https:\/\/www.facebook.com\/bloovssport","article_modified_time":"2025-08-29T11:32:25+00:00","og_image":[{"width":1440,"height":1440,"url":"https:\/\/bloovseyewear.com\/wp-content\/uploads\/2023\/12\/3_ITEN_frontal_verde.png","type":"image\/png"}],"twitter_card":"summary_large_image","twitter_misc":{"Gesch\u00e4tzte Lesezeit":"2\u00a0Minute"},"schema":{"@context":"https:\/\/schema.org","@graph":[{"@type":"WebPage","@id":"https:\/\/bloovseyewear.com\/de\/producto\/iten-matte-green-photochromatic\/","url":"https:\/\/bloovseyewear.com\/de\/producto\/iten-matte-green-photochromatic\/","name":"Iten Matte Green Photochromatic, lunettes de sport - Bloovs\u00ae Tienda Oficial","isPartOf":{"@id":"https:\/\/bloovseyewear.com\/de\/#website"},"primaryImageOfPage":{"@id":"https:\/\/bloovseyewear.com\/de\/producto\/iten-matte-green-photochromatic\/#primaryimage"},"image":{"@id":"https:\/\/bloovseyewear.com\/de\/producto\/iten-matte-green-photochromatic\/#primaryimage"},"thumbnailUrl":"https:\/\/bloovseyewear.com\/wp-content\/uploads\/2023\/12\/3_ITEN_frontal_verde.png","datePublished":"2022-06-14T11:44:28+00:00","dateModified":"2025-08-29T11:32:25+00:00","description":"Le mod\u00e8le ITEN Matte Green Photochromatic est dot\u00e9 d'une monture volante avec un verre arrondi, avec une apparence a\u00e9rodynamique.","breadcrumb":{"@id":"https:\/\/bloovseyewear.com\/de\/producto\/iten-matte-green-photochromatic\/#breadcrumb"},"inLanguage":"de","potentialAction":[{"@type":"ReadAction","target":["https:\/\/bloovseyewear.com\/de\/producto\/iten-matte-green-photochromatic\/"]}]},{"@type":"ImageObject","inLanguage":"de","@id":"https:\/\/bloovseyewear.com\/de\/producto\/iten-matte-green-photochromatic\/#primaryimage","url":"https:\/\/bloovseyewear.com\/wp-content\/uploads\/2023\/12\/3_ITEN_frontal_verde.png","contentUrl":"https:\/\/bloovseyewear.com\/wp-content\/uploads\/2023\/12\/3_ITEN_frontal_verde.png","width":1440,"height":1440},{"@type":"BreadcrumbList","@id":"https:\/\/bloovseyewear.com\/de\/producto\/iten-matte-green-photochromatic\/#breadcrumb","itemListElement":[{"@type":"ListItem","position":1,"name":"Portada","item":"https:\/\/bloovseyewear.com\/de\/"},{"@type":"ListItem","position":2,"name":"Shop","item":"https:\/\/bloovseyewear.com\/de\/shop\/"},{"@type":"ListItem","position":3,"name":"ITEN MATTE GREEN PHOTOCHROMATIC"}]},{"@type":"WebSite","@id":"https:\/\/bloovseyewear.com\/de\/#website","url":"https:\/\/bloovseyewear.com\/de\/","name":"Bloovs\u00ae Tienda Oficial","description":"Tus Gafas de Sol para cada aventura","publisher":{"@id":"https:\/\/bloovseyewear.com\/de\/#organization"},"potentialAction":[{"@type":"SearchAction","target":{"@type":"EntryPoint","urlTemplate":"https:\/\/bloovseyewear.com\/de\/?s={search_term_string}"},"query-input":{"@type":"PropertyValueSpecification","valueRequired":true,"valueName":"search_term_string"}}],"inLanguage":"de"},{"@type":"Organization","@id":"https:\/\/bloovseyewear.com\/de\/#organization","name":"Bloovs\u00ae Tienda Oficial","url":"https:\/\/bloovseyewear.com\/de\/","logo":{"@type":"ImageObject","inLanguage":"de","@id":"https:\/\/bloovseyewear.com\/de\/#\/schema\/logo\/image\/","url":"https:\/\/bloovseyewear.com\/wp-content\/uploads\/2018\/08\/cropped-logo-bloovs-copia-1.png","contentUrl":"https:\/\/bloovseyewear.com\/wp-content\/uploads\/2018\/08\/cropped-logo-bloovs-copia-1.png","width":512,"height":512,"caption":"Bloovs\u00ae Tienda Oficial"},"image":{"@id":"https:\/\/bloovseyewear.com\/de\/#\/schema\/logo\/image\/"},"sameAs":["https:\/\/www.facebook.com\/bloovssport","https:\/\/www.instagram.com\/bloovssport\/"]}]}},"jetpack_sharing_enabled":true,"_links":{"self":[{"href":"https:\/\/bloovseyewear.com\/de\/wp-json\/wp\/v2\/product\/21256","targetHints":{"allow":["GET"]}}],"collection":[{"href":"https:\/\/bloovseyewear.com\/de\/wp-json\/wp\/v2\/product"}],"about":[{"href":"https:\/\/bloovseyewear.com\/de\/wp-json\/wp\/v2\/types\/product"}],"replies":[{"embeddable":true,"href":"https:\/\/bloovseyewear.com\/de\/wp-json\/wp\/v2\/comments?post=21256"}],"wp:featuredmedia":[{"embeddable":true,"href":"https:\/\/bloovseyewear.com\/de\/wp-json\/wp\/v2\/media\/16014"}],"wp:attachment":[{"href":"https:\/\/bloovseyewear.com\/de\/wp-json\/wp\/v2\/media?parent=21256"}],"wp:term":[{"taxonomy":"product_brand","embeddable":true,"href":"https:\/\/bloovseyewear.com\/de\/wp-json\/wp\/v2\/product_brand?post=21256"},{"taxonomy":"product_cat","embeddable":true,"href":"https:\/\/bloovseyewear.com\/de\/wp-json\/wp\/v2\/product_cat?post=21256"},{"taxonomy":"product_tag","embeddable":true,"href":"https:\/\/bloovseyewear.com\/de\/wp-json\/wp\/v2\/product_tag?post=21256"}],"curies":[{"name":"wp","href":"https:\/\/api.w.org\/{rel}","templated":true}]}}