{"id":21267,"date":"2022-06-14T11:29:10","date_gmt":"2022-06-14T11:29:10","guid":{"rendered":"https:\/\/bloovseyewear.com\/producto\/tromso-dark-blue-drop-green-mirror\/"},"modified":"2026-02-10T10:08:08","modified_gmt":"2026-02-10T10:08:08","slug":"tromso-dark-blue-drop-green-mirror","status":"publish","type":"product","link":"https:\/\/bloovseyewear.com\/de\/producto\/tromso-dark-blue-drop-green-mirror\/","title":{"rendered":"TROMSO DARK BLUE DROP GREEN MIRROR"},"content":{"rendered":"<section class=\"l-section wpb_row height_medium\"><div class=\"l-section-h i-cf\"><div class=\"g-cols vc_row via_grid cols_1 laptops-cols_inherit tablets-cols_inherit mobiles-cols_1 valign_top type_default stacking_default\"><div class=\"wpb_column vc_column_container\"><div class=\"vc_column-inner\"><div class=\"wpb_text_column\"><div class=\"wpb_wrapper\"><h4>Beschreibung<\/h4>\n<p style=\"font-weight: 400;\">Ob f\u00fcr Abenteuer in den Bergen, Stra\u00dfenrennen oder Missionen im Schnee, die Sonnenbrille Bloovs Tromso ist die ideale Wahl. Ihr \u201eschwebendes\u201c Rahmendesign bietet dank der schlanken B\u00fcgel mit rutschfestem Silikon und ihrer unglaublichen Leichtigkeit den ganzen Tag \u00fcber absoluten Komfort. <\/p>\n<p>Das geflogene Rahmendesign des Tromso-Modells kombiniert perfekten Schutz mit Griffigkeit<span>  <\/span>und eine mittlere Gr\u00f6\u00dfe, ideal f\u00fcr alle Gesichter.  <span> <\/span>Dar\u00fcber hinaus heben polarisierte Gl\u00e4ser mit Clear HD Vision-Technologie die Details der Trails und der \u00fcppigsten T\u00e4ler hervor.<\/p>\n<h4>Hauptmerkmale:<\/h4>\n<ul>\n<li style=\"font-weight: 400;\"><span>Wir stellen unsere Gl\u00e4ser aus Polycarbonat her, um die Sto\u00dffestigkeit zu gew\u00e4hrleisten und gleichzeitig die Leichtigkeit der Gl\u00e4ser zu erh\u00f6hen.<\/span><\/li>\n<li style=\"font-weight: 400;\">Alle unsere Gl\u00e4ser sind mit Antireflex- und Anti-Kratz-Beschichtungen ausgestattet, um die Haltbarkeit des Produkts zu gew\u00e4hrleisten.<\/li>\n<li style=\"font-weight: 400;\">Otter-Gl\u00e4ser filtern 100 % der UVA- und UVB-Strahlen, um Ihnen vollst\u00e4ndigen Schutz vor der Sonne zu bieten.<\/li>\n<li style=\"font-weight: 400;\">Wir verleihen unseren Fassungen eine perfekte W\u00f6lbung, um Ihnen einen umh\u00fcllenden Effekt zu bieten, der Ihre Augen vor Wind sch\u00fctzt und Ihnen gleichzeitig ein breiteres Sichtfeld bietet.<\/li>\n<li style=\"font-weight: 400;\"><span>Sowohl die Nasenst\u00fctze als auch die Enden der B\u00fcgel sind mit rutschfestem, hypoallergenem und verstellbarem Silikon ausgestattet, um eine perfekte Passform und mehr Komfort beim Sport zu gew\u00e4hrleisten.  <\/span><\/li>\n<li style=\"font-weight: 400;\">Wir arbeiten an der Entwicklung einer perfekten Bel\u00fcftung, um zu verhindern, dass die Gl\u00e4ser beim Sport stecken bleiben.<\/li>\n<li style=\"font-weight: 400;\">Unsere Brillengl\u00e4ser sind mit einer hydrologischen Behandlung ausgestattet, um zu verhindern, dass Wasser und Schwei\u00df an den Gl\u00e4sern haften bleiben, und so das Sichtfeld in feuchten, regnerischen Klimazonen zu verbessern&#8230;<\/li>\n<li style=\"font-weight: 400;\">Leichtigkeit und Komfort sind unsere Markenzeichen. Alle unsere Rahmen sind enorm leicht, um Ihr Erlebnis maximal zu verbessern. <\/li>\n<\/ul>\n<\/div><\/div><div class=\"w-separator size_medium with_line width_default thick_1 style_solid color_border align_center\"><div class=\"w-separator-h\"><\/div><\/div><div class=\"wpb_text_column\"><div class=\"wpb_wrapper\"><h4>Enth\u00e4lt<\/h4>\n<ul>\n<li style=\"font-weight: 400;\"><span>Klare HD Vision Polarisierte Scheibe<\/span><\/li>\n<li style=\"font-weight: 400;\">Leistungsstarker Hartschalenkoffer<\/li>\n<li style=\"font-weight: 400;\">Mikrofaser-Tasche<\/li>\n<li style=\"font-weight: 400;\">Mikrofaser-Sitzpolster f\u00fcr die Reinigung der Gl\u00e4ser<\/li>\n<\/ul>\n<\/div><\/div><\/div><\/div><\/div><\/div><\/section>\n","protected":false},"excerpt":{"rendered":"<p><img fetchpriority=\"high\" decoding=\"async\" class=\"alignnone size-full wp-image-13107\" src=\"https:\/\/bloovseyewear.com\/wp-content\/uploads\/2022\/01\/TROMSO.jpg\" alt=\"\" width=\"700\" height=\"265\" srcset=\"https:\/\/i0.wp.com\/bloovseyewear.com\/wp-content\/uploads\/2022\/01\/TROMSO.jpg?w=700&amp;quality=72&amp;ssl=1 700w, https:\/\/i0.wp.com\/bloovseyewear.com\/wp-content\/uploads\/2022\/01\/TROMSO.jpg?resize=600%2C227&amp;quality=72&amp;ssl=1 600w, https:\/\/i0.wp.com\/bloovseyewear.com\/wp-content\/uploads\/2022\/01\/TROMSO.jpg?resize=300%2C114&amp;quality=72&amp;ssl=1 300w\" sizes=\"(max-width: 700px) 100vw, 700px\" \/><\/p>\n","protected":false},"featured_media":19887,"comment_status":"open","ping_status":"closed","template":"","meta":{"_acf_changed":false},"product_brand":[],"product_cat":[442],"product_tag":[359],"class_list":{"0":"post-21267","1":"product","2":"type-product","3":"status-publish","4":"has-post-thumbnail","6":"product_cat-tromso-de","7":"product_tag-sportbrille","9":"first","10":"outofstock","11":"taxable","12":"shipping-taxable","13":"purchasable","14":"product-type-simple"},"acf":[],"yoast_head":"<!-- This site is optimized with the Yoast SEO plugin v27.3 - https:\/\/yoast.com\/product\/yoast-seo-wordpress\/ -->\n<title>Tromso Dark Blue Drop Green, Sportbrille - Bloovs\u00ae Tienda Oficial<\/title>\n<meta name=\"description\" content=\"Das Modell TROMSO DARK BLUE DROP GREEN MIRROR verf\u00fcgt \u00fcber einen geflogenen Rahmen mit rechteckiger Linse und aerodynamischer Optik.\" \/>\n<meta name=\"robots\" content=\"index, follow, max-snippet:-1, max-image-preview:large, max-video-preview:-1\" \/>\n<link rel=\"canonical\" href=\"https:\/\/bloovseyewear.com\/de\/producto\/tromso-dark-blue-drop-green-mirror\/\" \/>\n<meta property=\"og:locale\" content=\"de_DE\" \/>\n<meta property=\"og:type\" content=\"article\" \/>\n<meta property=\"og:title\" content=\"Tromso Dark Blue Drop Green, Sportbrille - Bloovs\u00ae Tienda Oficial\" \/>\n<meta property=\"og:description\" content=\"Das Modell TROMSO DARK BLUE DROP GREEN MIRROR verf\u00fcgt \u00fcber einen geflogenen Rahmen mit rechteckiger Linse und aerodynamischer Optik.\" \/>\n<meta property=\"og:url\" content=\"https:\/\/bloovseyewear.com\/de\/producto\/tromso-dark-blue-drop-green-mirror\/\" \/>\n<meta property=\"og:site_name\" content=\"Bloovs\u00ae Tienda Oficial\" \/>\n<meta property=\"article:publisher\" content=\"https:\/\/www.facebook.com\/bloovssport\" \/>\n<meta property=\"article:modified_time\" content=\"2026-02-10T10:08:08+00:00\" \/>\n<meta property=\"og:image\" content=\"https:\/\/bloovseyewear.com\/wp-content\/uploads\/2022\/06\/azul_1.png\" \/>\n\t<meta property=\"og:image:width\" content=\"1440\" \/>\n\t<meta property=\"og:image:height\" content=\"1440\" \/>\n\t<meta property=\"og:image:type\" content=\"image\/png\" \/>\n<meta name=\"twitter:card\" content=\"summary_large_image\" \/>\n<meta name=\"twitter:label1\" content=\"Gesch\u00e4tzte Lesezeit\" \/>\n\t<meta name=\"twitter:data1\" content=\"2\u00a0Minute\" \/>\n<script type=\"application\/ld+json\" class=\"yoast-schema-graph\">{\"@context\":\"https:\\\/\\\/schema.org\",\"@graph\":[{\"@type\":\"WebPage\",\"@id\":\"https:\\\/\\\/bloovseyewear.com\\\/de\\\/producto\\\/tromso-dark-blue-drop-green-mirror\\\/\",\"url\":\"https:\\\/\\\/bloovseyewear.com\\\/de\\\/producto\\\/tromso-dark-blue-drop-green-mirror\\\/\",\"name\":\"Tromso Dark Blue Drop Green, Sportbrille - Bloovs\u00ae Tienda Oficial\",\"isPartOf\":{\"@id\":\"https:\\\/\\\/bloovseyewear.com\\\/de\\\/#website\"},\"primaryImageOfPage\":{\"@id\":\"https:\\\/\\\/bloovseyewear.com\\\/de\\\/producto\\\/tromso-dark-blue-drop-green-mirror\\\/#primaryimage\"},\"image\":{\"@id\":\"https:\\\/\\\/bloovseyewear.com\\\/de\\\/producto\\\/tromso-dark-blue-drop-green-mirror\\\/#primaryimage\"},\"thumbnailUrl\":\"https:\\\/\\\/bloovseyewear.com\\\/wp-content\\\/uploads\\\/2022\\\/06\\\/azul_1.png\",\"datePublished\":\"2022-06-14T11:29:10+00:00\",\"dateModified\":\"2026-02-10T10:08:08+00:00\",\"description\":\"Das Modell TROMSO DARK BLUE DROP GREEN MIRROR verf\u00fcgt \u00fcber einen geflogenen Rahmen mit rechteckiger Linse und aerodynamischer Optik.\",\"breadcrumb\":{\"@id\":\"https:\\\/\\\/bloovseyewear.com\\\/de\\\/producto\\\/tromso-dark-blue-drop-green-mirror\\\/#breadcrumb\"},\"inLanguage\":\"de\",\"potentialAction\":[{\"@type\":\"ReadAction\",\"target\":[\"https:\\\/\\\/bloovseyewear.com\\\/de\\\/producto\\\/tromso-dark-blue-drop-green-mirror\\\/\"]}]},{\"@type\":\"ImageObject\",\"inLanguage\":\"de\",\"@id\":\"https:\\\/\\\/bloovseyewear.com\\\/de\\\/producto\\\/tromso-dark-blue-drop-green-mirror\\\/#primaryimage\",\"url\":\"https:\\\/\\\/bloovseyewear.com\\\/wp-content\\\/uploads\\\/2022\\\/06\\\/azul_1.png\",\"contentUrl\":\"https:\\\/\\\/bloovseyewear.com\\\/wp-content\\\/uploads\\\/2022\\\/06\\\/azul_1.png\",\"width\":1440,\"height\":1440},{\"@type\":\"BreadcrumbList\",\"@id\":\"https:\\\/\\\/bloovseyewear.com\\\/de\\\/producto\\\/tromso-dark-blue-drop-green-mirror\\\/#breadcrumb\",\"itemListElement\":[{\"@type\":\"ListItem\",\"position\":1,\"name\":\"Portada\",\"item\":\"https:\\\/\\\/bloovseyewear.com\\\/de\\\/\"},{\"@type\":\"ListItem\",\"position\":2,\"name\":\"Shop\",\"item\":\"https:\\\/\\\/bloovseyewear.com\\\/de\\\/shop\\\/\"},{\"@type\":\"ListItem\",\"position\":3,\"name\":\"TROMSO DARK BLUE DROP GREEN MIRROR\"}]},{\"@type\":\"WebSite\",\"@id\":\"https:\\\/\\\/bloovseyewear.com\\\/de\\\/#website\",\"url\":\"https:\\\/\\\/bloovseyewear.com\\\/de\\\/\",\"name\":\"Bloovs\u00ae Tienda Oficial\",\"description\":\"Tus Gafas de Sol para cada aventura\",\"publisher\":{\"@id\":\"https:\\\/\\\/bloovseyewear.com\\\/de\\\/#organization\"},\"potentialAction\":[{\"@type\":\"SearchAction\",\"target\":{\"@type\":\"EntryPoint\",\"urlTemplate\":\"https:\\\/\\\/bloovseyewear.com\\\/de\\\/?s={search_term_string}\"},\"query-input\":{\"@type\":\"PropertyValueSpecification\",\"valueRequired\":true,\"valueName\":\"search_term_string\"}}],\"inLanguage\":\"de\"},{\"@type\":\"Organization\",\"@id\":\"https:\\\/\\\/bloovseyewear.com\\\/de\\\/#organization\",\"name\":\"Bloovs\u00ae Tienda Oficial\",\"url\":\"https:\\\/\\\/bloovseyewear.com\\\/de\\\/\",\"logo\":{\"@type\":\"ImageObject\",\"inLanguage\":\"de\",\"@id\":\"https:\\\/\\\/bloovseyewear.com\\\/de\\\/#\\\/schema\\\/logo\\\/image\\\/\",\"url\":\"https:\\\/\\\/bloovseyewear.com\\\/wp-content\\\/uploads\\\/2018\\\/08\\\/cropped-logo-bloovs-copia-1.png\",\"contentUrl\":\"https:\\\/\\\/bloovseyewear.com\\\/wp-content\\\/uploads\\\/2018\\\/08\\\/cropped-logo-bloovs-copia-1.png\",\"width\":512,\"height\":512,\"caption\":\"Bloovs\u00ae Tienda Oficial\"},\"image\":{\"@id\":\"https:\\\/\\\/bloovseyewear.com\\\/de\\\/#\\\/schema\\\/logo\\\/image\\\/\"},\"sameAs\":[\"https:\\\/\\\/www.facebook.com\\\/bloovssport\",\"https:\\\/\\\/www.instagram.com\\\/bloovssport\\\/\"]}]}<\/script>\n<!-- \/ Yoast SEO plugin. -->","yoast_head_json":{"title":"Tromso Dark Blue Drop Green, Sportbrille - Bloovs\u00ae Tienda Oficial","description":"Das Modell TROMSO DARK BLUE DROP GREEN MIRROR verf\u00fcgt \u00fcber einen geflogenen Rahmen mit rechteckiger Linse und aerodynamischer Optik.","robots":{"index":"index","follow":"follow","max-snippet":"max-snippet:-1","max-image-preview":"max-image-preview:large","max-video-preview":"max-video-preview:-1"},"canonical":"https:\/\/bloovseyewear.com\/de\/producto\/tromso-dark-blue-drop-green-mirror\/","og_locale":"de_DE","og_type":"article","og_title":"Tromso Dark Blue Drop Green, Sportbrille - Bloovs\u00ae Tienda Oficial","og_description":"Das Modell TROMSO DARK BLUE DROP GREEN MIRROR verf\u00fcgt \u00fcber einen geflogenen Rahmen mit rechteckiger Linse und aerodynamischer Optik.","og_url":"https:\/\/bloovseyewear.com\/de\/producto\/tromso-dark-blue-drop-green-mirror\/","og_site_name":"Bloovs\u00ae Tienda Oficial","article_publisher":"https:\/\/www.facebook.com\/bloovssport","article_modified_time":"2026-02-10T10:08:08+00:00","og_image":[{"width":1440,"height":1440,"url":"https:\/\/bloovseyewear.com\/wp-content\/uploads\/2022\/06\/azul_1.png","type":"image\/png"}],"twitter_card":"summary_large_image","twitter_misc":{"Gesch\u00e4tzte Lesezeit":"2\u00a0Minute"},"schema":{"@context":"https:\/\/schema.org","@graph":[{"@type":"WebPage","@id":"https:\/\/bloovseyewear.com\/de\/producto\/tromso-dark-blue-drop-green-mirror\/","url":"https:\/\/bloovseyewear.com\/de\/producto\/tromso-dark-blue-drop-green-mirror\/","name":"Tromso Dark Blue Drop Green, Sportbrille - Bloovs\u00ae Tienda Oficial","isPartOf":{"@id":"https:\/\/bloovseyewear.com\/de\/#website"},"primaryImageOfPage":{"@id":"https:\/\/bloovseyewear.com\/de\/producto\/tromso-dark-blue-drop-green-mirror\/#primaryimage"},"image":{"@id":"https:\/\/bloovseyewear.com\/de\/producto\/tromso-dark-blue-drop-green-mirror\/#primaryimage"},"thumbnailUrl":"https:\/\/bloovseyewear.com\/wp-content\/uploads\/2022\/06\/azul_1.png","datePublished":"2022-06-14T11:29:10+00:00","dateModified":"2026-02-10T10:08:08+00:00","description":"Das Modell TROMSO DARK BLUE DROP GREEN MIRROR verf\u00fcgt \u00fcber einen geflogenen Rahmen mit rechteckiger Linse und aerodynamischer Optik.","breadcrumb":{"@id":"https:\/\/bloovseyewear.com\/de\/producto\/tromso-dark-blue-drop-green-mirror\/#breadcrumb"},"inLanguage":"de","potentialAction":[{"@type":"ReadAction","target":["https:\/\/bloovseyewear.com\/de\/producto\/tromso-dark-blue-drop-green-mirror\/"]}]},{"@type":"ImageObject","inLanguage":"de","@id":"https:\/\/bloovseyewear.com\/de\/producto\/tromso-dark-blue-drop-green-mirror\/#primaryimage","url":"https:\/\/bloovseyewear.com\/wp-content\/uploads\/2022\/06\/azul_1.png","contentUrl":"https:\/\/bloovseyewear.com\/wp-content\/uploads\/2022\/06\/azul_1.png","width":1440,"height":1440},{"@type":"BreadcrumbList","@id":"https:\/\/bloovseyewear.com\/de\/producto\/tromso-dark-blue-drop-green-mirror\/#breadcrumb","itemListElement":[{"@type":"ListItem","position":1,"name":"Portada","item":"https:\/\/bloovseyewear.com\/de\/"},{"@type":"ListItem","position":2,"name":"Shop","item":"https:\/\/bloovseyewear.com\/de\/shop\/"},{"@type":"ListItem","position":3,"name":"TROMSO DARK BLUE DROP GREEN MIRROR"}]},{"@type":"WebSite","@id":"https:\/\/bloovseyewear.com\/de\/#website","url":"https:\/\/bloovseyewear.com\/de\/","name":"Bloovs\u00ae Tienda Oficial","description":"Tus Gafas de Sol para cada aventura","publisher":{"@id":"https:\/\/bloovseyewear.com\/de\/#organization"},"potentialAction":[{"@type":"SearchAction","target":{"@type":"EntryPoint","urlTemplate":"https:\/\/bloovseyewear.com\/de\/?s={search_term_string}"},"query-input":{"@type":"PropertyValueSpecification","valueRequired":true,"valueName":"search_term_string"}}],"inLanguage":"de"},{"@type":"Organization","@id":"https:\/\/bloovseyewear.com\/de\/#organization","name":"Bloovs\u00ae Tienda Oficial","url":"https:\/\/bloovseyewear.com\/de\/","logo":{"@type":"ImageObject","inLanguage":"de","@id":"https:\/\/bloovseyewear.com\/de\/#\/schema\/logo\/image\/","url":"https:\/\/bloovseyewear.com\/wp-content\/uploads\/2018\/08\/cropped-logo-bloovs-copia-1.png","contentUrl":"https:\/\/bloovseyewear.com\/wp-content\/uploads\/2018\/08\/cropped-logo-bloovs-copia-1.png","width":512,"height":512,"caption":"Bloovs\u00ae Tienda Oficial"},"image":{"@id":"https:\/\/bloovseyewear.com\/de\/#\/schema\/logo\/image\/"},"sameAs":["https:\/\/www.facebook.com\/bloovssport","https:\/\/www.instagram.com\/bloovssport\/"]}]}},"jetpack_sharing_enabled":true,"_links":{"self":[{"href":"https:\/\/bloovseyewear.com\/de\/wp-json\/wp\/v2\/product\/21267","targetHints":{"allow":["GET"]}}],"collection":[{"href":"https:\/\/bloovseyewear.com\/de\/wp-json\/wp\/v2\/product"}],"about":[{"href":"https:\/\/bloovseyewear.com\/de\/wp-json\/wp\/v2\/types\/product"}],"replies":[{"embeddable":true,"href":"https:\/\/bloovseyewear.com\/de\/wp-json\/wp\/v2\/comments?post=21267"}],"wp:featuredmedia":[{"embeddable":true,"href":"https:\/\/bloovseyewear.com\/de\/wp-json\/wp\/v2\/media\/19887"}],"wp:attachment":[{"href":"https:\/\/bloovseyewear.com\/de\/wp-json\/wp\/v2\/media?parent=21267"}],"wp:term":[{"taxonomy":"product_brand","embeddable":true,"href":"https:\/\/bloovseyewear.com\/de\/wp-json\/wp\/v2\/product_brand?post=21267"},{"taxonomy":"product_cat","embeddable":true,"href":"https:\/\/bloovseyewear.com\/de\/wp-json\/wp\/v2\/product_cat?post=21267"},{"taxonomy":"product_tag","embeddable":true,"href":"https:\/\/bloovseyewear.com\/de\/wp-json\/wp\/v2\/product_tag?post=21267"}],"curies":[{"name":"wp","href":"https:\/\/api.w.org\/{rel}","templated":true}]}}