{"id":21779,"date":"2025-09-29T10:47:04","date_gmt":"2025-09-29T10:47:04","guid":{"rendered":"https:\/\/bloovseyewear.com\/?post_type=product&#038;p=21779"},"modified":"2025-09-29T11:30:03","modified_gmt":"2025-09-29T11:30:03","slug":"stelvio-crystal-blu-fluor-orange-photochromic","status":"publish","type":"product","link":"https:\/\/bloovseyewear.com\/de\/producto\/stelvio-crystal-blu-fluor-orange-photochromic\/","title":{"rendered":"STELVIO CRYSTAL BLU FLUOR ORANGE PHOTOCHROMIC"},"content":{"rendered":"<h4>Beschreibung:<\/h4>\n<p>Entdecken Sie die Stelvio Sport-Sonnenbrille von Bloovs Eyewear \u2013 f\u00fcr alle, die Leistung, Schutz und innovatives Design suchen. Mit aerodynamischem Design und hochwertigen, sto\u00dffesten Gl\u00e4sern bietet die Stelvio umfassenden UV-Schutz und klare, verzerrungsfreie Sicht.  <\/p>\n<p>Ihre leichte und bequeme Konstruktion sowie die B\u00fcgel und Nasenpads aus Soft-Touch-Silikon sorgen f\u00fcr einen perfekten Sitz. All dies macht sie zum perfekten Accessoire f\u00fcr Radfahren, Laufen und Outdoor-Sport. <\/p>\n<p>Die Stelvio ist aus langlebigen Materialien gefertigt und wurde entwickelt, um Sie bei jeder Herausforderung zu begleiten. Sie kombiniert fortschrittliche optische Technologie mit zukunftsweisendem Design. Steigern Sie Ihr Sporterlebnis mit Bloovs. <\/p>\n<h4>Hauptmerkmale:<\/h4>\n<ul>\n<li style=\"font-weight: 400;\"><span>Wir stellen unsere Gl\u00e4ser aus Polycarbonat her, um die Sto\u00dffestigkeit zu gew\u00e4hrleisten und gleichzeitig die Leichtigkeit der Gl\u00e4ser zu erh\u00f6hen.<\/span><\/li>\n<li style=\"font-weight: 400;\">Alle unsere Gl\u00e4ser sind mit Antireflex- und Anti-Kratz-Beschichtungen ausgestattet, um die Haltbarkeit des Produkts zu gew\u00e4hrleisten.<\/li>\n<li style=\"font-weight: 400;\">Unsere Gl\u00e4ser filtern 100 % der UVA- und UVB-Strahlen, um Ihnen einen vollst\u00e4ndigen Schutz vor der Sonne zu bieten.<\/li>\n<li style=\"font-weight: 400;\">Wir verleihen unseren Fassungen eine perfekte W\u00f6lbung, um Ihnen einen umh\u00fcllenden Effekt zu bieten, der Ihre Augen vor Wind sch\u00fctzt und Ihnen gleichzeitig ein breiteres Sichtfeld bietet.<\/li>\n<li style=\"font-weight: 400;\"><span>Sowohl die Nasenst\u00fctze als auch die Enden der B\u00fcgel sind mit rutschfestem, hypoallergenem und verstellbarem Silikon ausgestattet, um eine perfekte Passform und mehr Komfort beim Sport zu gew\u00e4hrleisten.  <\/span><\/li>\n<li style=\"font-weight: 400;\">Wir arbeiten an der Entwicklung einer perfekten Bel\u00fcftung, um zu verhindern, dass die Gl\u00e4ser beim Sport stecken bleiben.<\/li>\n<li style=\"font-weight: 400;\">Unsere Brillengl\u00e4ser sind mit einer hydrologischen Behandlung ausgestattet, um zu verhindern, dass Wasser und Schwei\u00df an den Gl\u00e4sern haften bleiben, und so das Sichtfeld in feuchten, regnerischen Klimazonen zu verbessern&#8230;<\/li>\n<li style=\"font-weight: 400;\">Leichtigkeit und Komfort sind unsere Markenzeichen. Alle unsere Rahmen sind enorm leicht, um Ihr Erlebnis maximal zu verbessern. <\/li>\n<\/ul>\n<h4>Enth\u00e4lt<\/h4>\n<ul>\n<li style=\"font-weight: 400;\"><span>Klare HD Vision Polarisierte Scheibe<\/span><\/li>\n<li style=\"font-weight: 400;\">Leistungsstarker Hartschalenkoffer<\/li>\n<li style=\"font-weight: 400;\">Mikrofaser-Tasche<\/li>\n<li style=\"font-weight: 400;\">Mikrofaser-Sitzpolster f\u00fcr die Reinigung der Gl\u00e4ser<\/li>\n<\/ul>\n","protected":false},"excerpt":{"rendered":"<h4>Enth\u00e4lt<\/h4>\n<ul>\n<li style=\"font-weight: 400;\"><span>Klare, photochrome HD Vision-Linse mit GLACIER SHIFT-Technologie <\/span><\/li>\n<li style=\"font-weight: 400;\">Leistungsstarker Hartschalenkoffer<\/li>\n<li style=\"font-weight: 400;\">Mikrofaser-Tasche<\/li>\n<li style=\"font-weight: 400;\">Mikrofaser-Sitzpolster f\u00fcr die Reinigung der Gl\u00e4ser<\/li>\n<\/ul>\n","protected":false},"featured_media":23215,"comment_status":"open","ping_status":"closed","template":"","meta":{"_acf_changed":false},"product_brand":[],"product_cat":[353,355,478],"product_tag":[],"class_list":{"0":"post-21779","1":"product","2":"type-product","3":"status-publish","4":"has-post-thumbnail","6":"product_cat-neu-in","7":"product_cat-performance-de","8":"product_cat-stelvio-de","10":"first","11":"instock","12":"taxable","13":"shipping-taxable","14":"purchasable","15":"product-type-simple"},"acf":[],"yoast_head":"<!-- This site is optimized with the Yoast SEO plugin v27.3 - https:\/\/yoast.com\/product\/yoast-seo-wordpress\/ -->\n<title>STELVIO CRYSTAL BLU FLUOR ORANGE PHOTOCHROMIC - Bloovs\u00ae Tienda Oficial<\/title>\n<meta name=\"description\" content=\"Entdecken Sie die Stelvio Sport-Sonnenbrille von Bloovs Eyewear: aerodynamisches Design, umfassender Schutz und maximaler Komfort. Ideal zum Radfahren, Laufen und f\u00fcr Outdoor-Sportarten.\" \/>\n<meta name=\"robots\" content=\"index, follow, max-snippet:-1, max-image-preview:large, max-video-preview:-1\" \/>\n<link rel=\"canonical\" href=\"https:\/\/bloovseyewear.com\/de\/producto\/stelvio-crystal-blu-fluor-orange-photochromic\/\" \/>\n<meta property=\"og:locale\" content=\"de_DE\" \/>\n<meta property=\"og:type\" content=\"article\" \/>\n<meta property=\"og:title\" content=\"STELVIO CRYSTAL BLU FLUOR ORANGE PHOTOCHROMIC - Bloovs\u00ae Tienda Oficial\" \/>\n<meta property=\"og:description\" content=\"Entdecken Sie die Stelvio Sport-Sonnenbrille von Bloovs Eyewear: aerodynamisches Design, umfassender Schutz und maximaler Komfort. Ideal zum Radfahren, Laufen und f\u00fcr Outdoor-Sportarten.\" \/>\n<meta property=\"og:url\" content=\"https:\/\/bloovseyewear.com\/de\/producto\/stelvio-crystal-blu-fluor-orange-photochromic\/\" \/>\n<meta property=\"og:site_name\" content=\"Bloovs\u00ae Tienda Oficial\" \/>\n<meta property=\"article:publisher\" content=\"https:\/\/www.facebook.com\/bloovssport\" \/>\n<meta property=\"article:modified_time\" content=\"2025-09-29T11:30:03+00:00\" \/>\n<meta property=\"og:image\" content=\"https:\/\/bloovseyewear.com\/wp-content\/uploads\/2025\/09\/BLO_STELVIO_CRYSTAL_BLUE-_ORANGE_PHOTO_FRONTAL.png\" \/>\n\t<meta property=\"og:image:width\" content=\"1440\" \/>\n\t<meta property=\"og:image:height\" content=\"1440\" \/>\n\t<meta property=\"og:image:type\" content=\"image\/png\" \/>\n<meta name=\"twitter:card\" content=\"summary_large_image\" \/>\n<meta name=\"twitter:label1\" content=\"Gesch\u00e4tzte Lesezeit\" \/>\n\t<meta name=\"twitter:data1\" content=\"2\u00a0Minute\" \/>\n<script type=\"application\/ld+json\" class=\"yoast-schema-graph\">{\"@context\":\"https:\\\/\\\/schema.org\",\"@graph\":[{\"@type\":\"WebPage\",\"@id\":\"https:\\\/\\\/bloovseyewear.com\\\/de\\\/producto\\\/stelvio-crystal-blu-fluor-orange-photochromic\\\/\",\"url\":\"https:\\\/\\\/bloovseyewear.com\\\/de\\\/producto\\\/stelvio-crystal-blu-fluor-orange-photochromic\\\/\",\"name\":\"STELVIO CRYSTAL BLU FLUOR ORANGE PHOTOCHROMIC - Bloovs\u00ae Tienda Oficial\",\"isPartOf\":{\"@id\":\"https:\\\/\\\/bloovseyewear.com\\\/de\\\/#website\"},\"primaryImageOfPage\":{\"@id\":\"https:\\\/\\\/bloovseyewear.com\\\/de\\\/producto\\\/stelvio-crystal-blu-fluor-orange-photochromic\\\/#primaryimage\"},\"image\":{\"@id\":\"https:\\\/\\\/bloovseyewear.com\\\/de\\\/producto\\\/stelvio-crystal-blu-fluor-orange-photochromic\\\/#primaryimage\"},\"thumbnailUrl\":\"https:\\\/\\\/bloovseyewear.com\\\/wp-content\\\/uploads\\\/2025\\\/09\\\/BLO_STELVIO_CRYSTAL_BLUE-_ORANGE_PHOTO_FRONTAL.webp\",\"datePublished\":\"2025-09-29T10:47:04+00:00\",\"dateModified\":\"2025-09-29T11:30:03+00:00\",\"description\":\"Entdecken Sie die Stelvio Sport-Sonnenbrille von Bloovs Eyewear: aerodynamisches Design, umfassender Schutz und maximaler Komfort. Ideal zum Radfahren, Laufen und f\u00fcr Outdoor-Sportarten.\",\"breadcrumb\":{\"@id\":\"https:\\\/\\\/bloovseyewear.com\\\/de\\\/producto\\\/stelvio-crystal-blu-fluor-orange-photochromic\\\/#breadcrumb\"},\"inLanguage\":\"de\",\"potentialAction\":[{\"@type\":\"ReadAction\",\"target\":[\"https:\\\/\\\/bloovseyewear.com\\\/de\\\/producto\\\/stelvio-crystal-blu-fluor-orange-photochromic\\\/\"]}]},{\"@type\":\"ImageObject\",\"inLanguage\":\"de\",\"@id\":\"https:\\\/\\\/bloovseyewear.com\\\/de\\\/producto\\\/stelvio-crystal-blu-fluor-orange-photochromic\\\/#primaryimage\",\"url\":\"https:\\\/\\\/bloovseyewear.com\\\/wp-content\\\/uploads\\\/2025\\\/09\\\/BLO_STELVIO_CRYSTAL_BLUE-_ORANGE_PHOTO_FRONTAL.webp\",\"contentUrl\":\"https:\\\/\\\/bloovseyewear.com\\\/wp-content\\\/uploads\\\/2025\\\/09\\\/BLO_STELVIO_CRYSTAL_BLUE-_ORANGE_PHOTO_FRONTAL.webp\",\"width\":1440,\"height\":1440},{\"@type\":\"BreadcrumbList\",\"@id\":\"https:\\\/\\\/bloovseyewear.com\\\/de\\\/producto\\\/stelvio-crystal-blu-fluor-orange-photochromic\\\/#breadcrumb\",\"itemListElement\":[{\"@type\":\"ListItem\",\"position\":1,\"name\":\"Portada\",\"item\":\"https:\\\/\\\/bloovseyewear.com\\\/de\\\/\"},{\"@type\":\"ListItem\",\"position\":2,\"name\":\"Shop\",\"item\":\"https:\\\/\\\/bloovseyewear.com\\\/de\\\/shop\\\/\"},{\"@type\":\"ListItem\",\"position\":3,\"name\":\"STELVIO CRYSTAL BLU FLUOR ORANGE PHOTOCHROMIC\"}]},{\"@type\":\"WebSite\",\"@id\":\"https:\\\/\\\/bloovseyewear.com\\\/de\\\/#website\",\"url\":\"https:\\\/\\\/bloovseyewear.com\\\/de\\\/\",\"name\":\"Bloovs\u00ae Tienda Oficial\",\"description\":\"Tus Gafas de Sol para cada aventura\",\"publisher\":{\"@id\":\"https:\\\/\\\/bloovseyewear.com\\\/de\\\/#organization\"},\"potentialAction\":[{\"@type\":\"SearchAction\",\"target\":{\"@type\":\"EntryPoint\",\"urlTemplate\":\"https:\\\/\\\/bloovseyewear.com\\\/de\\\/?s={search_term_string}\"},\"query-input\":{\"@type\":\"PropertyValueSpecification\",\"valueRequired\":true,\"valueName\":\"search_term_string\"}}],\"inLanguage\":\"de\"},{\"@type\":\"Organization\",\"@id\":\"https:\\\/\\\/bloovseyewear.com\\\/de\\\/#organization\",\"name\":\"Bloovs\u00ae Tienda Oficial\",\"url\":\"https:\\\/\\\/bloovseyewear.com\\\/de\\\/\",\"logo\":{\"@type\":\"ImageObject\",\"inLanguage\":\"de\",\"@id\":\"https:\\\/\\\/bloovseyewear.com\\\/de\\\/#\\\/schema\\\/logo\\\/image\\\/\",\"url\":\"https:\\\/\\\/bloovseyewear.com\\\/wp-content\\\/uploads\\\/2018\\\/08\\\/cropped-logo-bloovs-copia-1.png\",\"contentUrl\":\"https:\\\/\\\/bloovseyewear.com\\\/wp-content\\\/uploads\\\/2018\\\/08\\\/cropped-logo-bloovs-copia-1.png\",\"width\":512,\"height\":512,\"caption\":\"Bloovs\u00ae Tienda Oficial\"},\"image\":{\"@id\":\"https:\\\/\\\/bloovseyewear.com\\\/de\\\/#\\\/schema\\\/logo\\\/image\\\/\"},\"sameAs\":[\"https:\\\/\\\/www.facebook.com\\\/bloovssport\",\"https:\\\/\\\/www.instagram.com\\\/bloovssport\\\/\"]}]}<\/script>\n<!-- \/ Yoast SEO plugin. -->","yoast_head_json":{"title":"STELVIO CRYSTAL BLU FLUOR ORANGE PHOTOCHROMIC - Bloovs\u00ae Tienda Oficial","description":"Entdecken Sie die Stelvio Sport-Sonnenbrille von Bloovs Eyewear: aerodynamisches Design, umfassender Schutz und maximaler Komfort. Ideal zum Radfahren, Laufen und f\u00fcr Outdoor-Sportarten.","robots":{"index":"index","follow":"follow","max-snippet":"max-snippet:-1","max-image-preview":"max-image-preview:large","max-video-preview":"max-video-preview:-1"},"canonical":"https:\/\/bloovseyewear.com\/de\/producto\/stelvio-crystal-blu-fluor-orange-photochromic\/","og_locale":"de_DE","og_type":"article","og_title":"STELVIO CRYSTAL BLU FLUOR ORANGE PHOTOCHROMIC - Bloovs\u00ae Tienda Oficial","og_description":"Entdecken Sie die Stelvio Sport-Sonnenbrille von Bloovs Eyewear: aerodynamisches Design, umfassender Schutz und maximaler Komfort. Ideal zum Radfahren, Laufen und f\u00fcr Outdoor-Sportarten.","og_url":"https:\/\/bloovseyewear.com\/de\/producto\/stelvio-crystal-blu-fluor-orange-photochromic\/","og_site_name":"Bloovs\u00ae Tienda Oficial","article_publisher":"https:\/\/www.facebook.com\/bloovssport","article_modified_time":"2025-09-29T11:30:03+00:00","og_image":[{"width":1440,"height":1440,"url":"https:\/\/bloovseyewear.com\/wp-content\/uploads\/2025\/09\/BLO_STELVIO_CRYSTAL_BLUE-_ORANGE_PHOTO_FRONTAL.png","type":"image\/png"}],"twitter_card":"summary_large_image","twitter_misc":{"Gesch\u00e4tzte Lesezeit":"2\u00a0Minute"},"schema":{"@context":"https:\/\/schema.org","@graph":[{"@type":"WebPage","@id":"https:\/\/bloovseyewear.com\/de\/producto\/stelvio-crystal-blu-fluor-orange-photochromic\/","url":"https:\/\/bloovseyewear.com\/de\/producto\/stelvio-crystal-blu-fluor-orange-photochromic\/","name":"STELVIO CRYSTAL BLU FLUOR ORANGE PHOTOCHROMIC - Bloovs\u00ae Tienda Oficial","isPartOf":{"@id":"https:\/\/bloovseyewear.com\/de\/#website"},"primaryImageOfPage":{"@id":"https:\/\/bloovseyewear.com\/de\/producto\/stelvio-crystal-blu-fluor-orange-photochromic\/#primaryimage"},"image":{"@id":"https:\/\/bloovseyewear.com\/de\/producto\/stelvio-crystal-blu-fluor-orange-photochromic\/#primaryimage"},"thumbnailUrl":"https:\/\/bloovseyewear.com\/wp-content\/uploads\/2025\/09\/BLO_STELVIO_CRYSTAL_BLUE-_ORANGE_PHOTO_FRONTAL.webp","datePublished":"2025-09-29T10:47:04+00:00","dateModified":"2025-09-29T11:30:03+00:00","description":"Entdecken Sie die Stelvio Sport-Sonnenbrille von Bloovs Eyewear: aerodynamisches Design, umfassender Schutz und maximaler Komfort. Ideal zum Radfahren, Laufen und f\u00fcr Outdoor-Sportarten.","breadcrumb":{"@id":"https:\/\/bloovseyewear.com\/de\/producto\/stelvio-crystal-blu-fluor-orange-photochromic\/#breadcrumb"},"inLanguage":"de","potentialAction":[{"@type":"ReadAction","target":["https:\/\/bloovseyewear.com\/de\/producto\/stelvio-crystal-blu-fluor-orange-photochromic\/"]}]},{"@type":"ImageObject","inLanguage":"de","@id":"https:\/\/bloovseyewear.com\/de\/producto\/stelvio-crystal-blu-fluor-orange-photochromic\/#primaryimage","url":"https:\/\/bloovseyewear.com\/wp-content\/uploads\/2025\/09\/BLO_STELVIO_CRYSTAL_BLUE-_ORANGE_PHOTO_FRONTAL.webp","contentUrl":"https:\/\/bloovseyewear.com\/wp-content\/uploads\/2025\/09\/BLO_STELVIO_CRYSTAL_BLUE-_ORANGE_PHOTO_FRONTAL.webp","width":1440,"height":1440},{"@type":"BreadcrumbList","@id":"https:\/\/bloovseyewear.com\/de\/producto\/stelvio-crystal-blu-fluor-orange-photochromic\/#breadcrumb","itemListElement":[{"@type":"ListItem","position":1,"name":"Portada","item":"https:\/\/bloovseyewear.com\/de\/"},{"@type":"ListItem","position":2,"name":"Shop","item":"https:\/\/bloovseyewear.com\/de\/shop\/"},{"@type":"ListItem","position":3,"name":"STELVIO CRYSTAL BLU FLUOR ORANGE PHOTOCHROMIC"}]},{"@type":"WebSite","@id":"https:\/\/bloovseyewear.com\/de\/#website","url":"https:\/\/bloovseyewear.com\/de\/","name":"Bloovs\u00ae Tienda Oficial","description":"Tus Gafas de Sol para cada aventura","publisher":{"@id":"https:\/\/bloovseyewear.com\/de\/#organization"},"potentialAction":[{"@type":"SearchAction","target":{"@type":"EntryPoint","urlTemplate":"https:\/\/bloovseyewear.com\/de\/?s={search_term_string}"},"query-input":{"@type":"PropertyValueSpecification","valueRequired":true,"valueName":"search_term_string"}}],"inLanguage":"de"},{"@type":"Organization","@id":"https:\/\/bloovseyewear.com\/de\/#organization","name":"Bloovs\u00ae Tienda Oficial","url":"https:\/\/bloovseyewear.com\/de\/","logo":{"@type":"ImageObject","inLanguage":"de","@id":"https:\/\/bloovseyewear.com\/de\/#\/schema\/logo\/image\/","url":"https:\/\/bloovseyewear.com\/wp-content\/uploads\/2018\/08\/cropped-logo-bloovs-copia-1.png","contentUrl":"https:\/\/bloovseyewear.com\/wp-content\/uploads\/2018\/08\/cropped-logo-bloovs-copia-1.png","width":512,"height":512,"caption":"Bloovs\u00ae Tienda Oficial"},"image":{"@id":"https:\/\/bloovseyewear.com\/de\/#\/schema\/logo\/image\/"},"sameAs":["https:\/\/www.facebook.com\/bloovssport","https:\/\/www.instagram.com\/bloovssport\/"]}]}},"jetpack_sharing_enabled":true,"_links":{"self":[{"href":"https:\/\/bloovseyewear.com\/de\/wp-json\/wp\/v2\/product\/21779","targetHints":{"allow":["GET"]}}],"collection":[{"href":"https:\/\/bloovseyewear.com\/de\/wp-json\/wp\/v2\/product"}],"about":[{"href":"https:\/\/bloovseyewear.com\/de\/wp-json\/wp\/v2\/types\/product"}],"replies":[{"embeddable":true,"href":"https:\/\/bloovseyewear.com\/de\/wp-json\/wp\/v2\/comments?post=21779"}],"wp:featuredmedia":[{"embeddable":true,"href":"https:\/\/bloovseyewear.com\/de\/wp-json\/wp\/v2\/media\/23215"}],"wp:attachment":[{"href":"https:\/\/bloovseyewear.com\/de\/wp-json\/wp\/v2\/media?parent=21779"}],"wp:term":[{"taxonomy":"product_brand","embeddable":true,"href":"https:\/\/bloovseyewear.com\/de\/wp-json\/wp\/v2\/product_brand?post=21779"},{"taxonomy":"product_cat","embeddable":true,"href":"https:\/\/bloovseyewear.com\/de\/wp-json\/wp\/v2\/product_cat?post=21779"},{"taxonomy":"product_tag","embeddable":true,"href":"https:\/\/bloovseyewear.com\/de\/wp-json\/wp\/v2\/product_tag?post=21779"}],"curies":[{"name":"wp","href":"https:\/\/api.w.org\/{rel}","templated":true}]}}