{"id":20595,"date":"2024-08-16T12:07:07","date_gmt":"2024-08-16T12:07:07","guid":{"rendered":"https:\/\/bloovseyewear.com\/notre-produit\/"},"modified":"2025-08-26T08:15:57","modified_gmt":"2025-08-26T08:15:57","slug":"notre-produit","status":"publish","type":"page","link":"https:\/\/bloovseyewear.com\/fr\/notre-produit\/","title":{"rendered":"Notre produit"},"content":{"rendered":"<section class=\"l-section wpb_row us_custom_fca2ac86 height_auto full_height valign_center width_full\"><div class=\"l-section-h i-cf\"><div class=\"g-cols vc_row via_grid cols_1 laptops-cols_inherit tablets-cols_inherit mobiles-cols_1 valign_top type_default stacking_default\"><div class=\"wpb_column vc_column_container\"><div class=\"vc_column-inner\"><h1 class=\"w-text us_custom_327f330f has_text_color\"><span class=\"w-text-h\"><span class=\"w-text-value\">NOTRE TECHNOLOGIE<\/span><\/span><\/h1><\/div><\/div><\/div><\/div><\/section><section class=\"l-section wpb_row us_custom_1f64da91 height_auto width_custom\" style=\"--site-content-width:1350px;\"><div class=\"l-section-h i-cf\"><div class=\"g-cols vc_row via_grid cols_3 laptops-cols_inherit tablets-cols_inherit mobiles-cols_1 valign_top type_default stacking_default\"><div class=\"wpb_column vc_column_container us_custom_eb849559\"><div class=\"vc_column-inner\"><div class=\"w-image align_none\"><div class=\"w-image-h\"><img data-recalc-dims=\"1\" loading=\"lazy\" decoding=\"async\" width=\"450\" height=\"296\" src=\"https:\/\/i0.wp.com\/bloovseyewear.com\/wp-content\/uploads\/2023\/11\/IMAGEN_NUERSTRAS_LENTES.jpg?resize=450%2C296&#038;quality=72&#038;ssl=1\" class=\"attachment-large size-large\" alt=\"Ciclista utilizando gafas de sol deportivas\" loading=\"lazy\" srcset=\"https:\/\/i0.wp.com\/bloovseyewear.com\/wp-content\/uploads\/2023\/11\/IMAGEN_NUERSTRAS_LENTES.jpg?w=450&amp;quality=72&amp;ssl=1 450w, https:\/\/i0.wp.com\/bloovseyewear.com\/wp-content\/uploads\/2023\/11\/IMAGEN_NUERSTRAS_LENTES.jpg?resize=300%2C197&amp;quality=72&amp;ssl=1 300w\" sizes=\"auto, (max-width: 450px) 100vw, 450px\" \/><\/div><\/div><div class=\"w-text us_custom_06d93d63 has_text_color\"><span class=\"w-text-h\"><span class=\"w-text-value\">VERRES<\/span><\/span><\/div><div class=\"w-separator size_custom\" style=\"height:10px\"><\/div><div class=\"w-btn-wrapper align_none\"><a class=\"w-btn us-btn-style_13\" href=\"https:\/\/bloovseyewear.com\/nuestras-lentes\/\"><span class=\"w-btn-label\">VOIR PLUS&amp;nbsp;!<\/span><\/a><\/div><div class=\"w-separator size_small\"><\/div><div class=\"w-text us_custom_1f257949\"><span class=\"w-text-h\"><span class=\"w-text-value\">Verres POLARIS\u00c9S ou PHOTOCHROMIQUES<\/span><\/span><\/div><div class=\"w-separator size_small\"><\/div><div class=\"wpb_text_column us_custom_94db76a7 has_text_color\"><div class=\"wpb_wrapper\"><p>Tous nos verres r\u00e9pondent aux normes de qualit\u00e9 les plus \u00e9lev\u00e9es afin de garantir la s\u00e9curit\u00e9 de l&rsquo;utilisateur et sa satisfaction.<\/p>\n<p>Ainsi, nos verres polaris\u00e9s comme les verres photochromiques filtrent jusqu&rsquo;\u00e0 98 % des rayons du soleil et sont r\u00e9sistants aux impacts.<\/p>\n<\/div><\/div><\/div><\/div><div class=\"wpb_column vc_column_container us_custom_eb849559\"><div class=\"vc_column-inner\"><div class=\"w-image align_none\"><div class=\"w-image-h\"><img data-recalc-dims=\"1\" loading=\"lazy\" decoding=\"async\" width=\"450\" height=\"296\" src=\"https:\/\/i0.wp.com\/bloovseyewear.com\/wp-content\/uploads\/2023\/11\/IMAGEN_NUESTRAS_MONTURAS.jpg?resize=450%2C296&#038;quality=72&#038;ssl=1\" class=\"attachment-large size-large\" alt=\"Runner utilizando gafas de sol deportivas\" loading=\"lazy\" srcset=\"https:\/\/i0.wp.com\/bloovseyewear.com\/wp-content\/uploads\/2023\/11\/IMAGEN_NUESTRAS_MONTURAS.jpg?w=450&amp;quality=72&amp;ssl=1 450w, https:\/\/i0.wp.com\/bloovseyewear.com\/wp-content\/uploads\/2023\/11\/IMAGEN_NUESTRAS_MONTURAS.jpg?resize=300%2C197&amp;quality=72&amp;ssl=1 300w\" sizes=\"auto, (max-width: 450px) 100vw, 450px\" \/><\/div><\/div><div class=\"w-text us_custom_06d93d63 has_text_color\"><span class=\"w-text-h\"><span class=\"w-text-value\">MONTURES<\/span><\/span><\/div><div class=\"w-separator size_custom\" style=\"height:10px\"><\/div><div class=\"w-btn-wrapper align_none\"><a class=\"w-btn us-btn-style_13 us_custom_eb849559\" href=\"https:\/\/bloovseyewear.com\/nuestras-monturas\/\"><span class=\"w-btn-label\">VOIR PLUS&amp;nbsp;!<\/span><\/a><\/div><div class=\"w-separator size_small\"><\/div><div class=\"w-text us_custom_1f257949\"><span class=\"w-text-h\"><span class=\"w-text-value\">Couleurs exclusives et originales<\/span><\/span><\/div><div class=\"w-separator size_small\"><\/div><div class=\"wpb_text_column us_custom_94db76a7 has_text_color\"><div class=\"wpb_wrapper\"><p>Fatigu\u00e9(e) des couleurs typiques habituelles&nbsp;? D\u00e9couvrez notre pari sur les couleurs \u00ab DROP \u00bb. Une base standard avec des points de couleurs qui donnent \u00e0 vos lunettes une touche unique et originale.<\/p>\n<p>Nous fabriquons toutes nos montures avec du TR90. Ce mat\u00e9riau est flexible et extr\u00eamement l\u00e9ger pour que l&rsquo;utilisation de nos lunettes soit tr\u00e8s confortable. Parall\u00e8lement, le TR90 est tr\u00e8s r\u00e9sistant \u00e0 la tension et aux impacts, ce qui fait que vos lunettes r\u00e9sisteront aux chutes, aux impacts et aux fortes pressions.<\/p>\n<\/div><\/div><\/div><\/div><div class=\"wpb_column vc_column_container us_custom_eb849559\"><div class=\"vc_column-inner\"><div class=\"w-image align_none\"><div class=\"w-image-h\"><img data-recalc-dims=\"1\" loading=\"lazy\" decoding=\"async\" width=\"450\" height=\"296\" src=\"https:\/\/i0.wp.com\/bloovseyewear.com\/wp-content\/uploads\/2023\/11\/IMAGEN_NUESTROS_NOSE_PADS.jpg?resize=450%2C296&#038;quality=72&#038;ssl=1\" class=\"attachment-large size-large\" alt=\"Ciclista utilizando gafas de sol deportivas\" loading=\"lazy\" srcset=\"https:\/\/i0.wp.com\/bloovseyewear.com\/wp-content\/uploads\/2023\/11\/IMAGEN_NUESTROS_NOSE_PADS.jpg?w=450&amp;quality=72&amp;ssl=1 450w, https:\/\/i0.wp.com\/bloovseyewear.com\/wp-content\/uploads\/2023\/11\/IMAGEN_NUESTROS_NOSE_PADS.jpg?resize=300%2C197&amp;quality=72&amp;ssl=1 300w\" sizes=\"auto, (max-width: 450px) 100vw, 450px\" \/><\/div><\/div><div class=\"w-text us_custom_06d93d63 has_text_color\"><span class=\"w-text-h\"><span class=\"w-text-value\">PLAQUETTES DE NEZ<\/span><\/span><\/div><div class=\"w-separator size_custom\" style=\"height:10px\"><\/div><div class=\"w-btn-wrapper align_none\"><a class=\"w-btn us-btn-style_13 us_custom_eb849559\" href=\"https:\/\/bloovseyewear.com\/nuestros-nosepads\/\"><span class=\"w-btn-label\">VOIR PLUS&amp;nbsp;!<\/span><\/a><\/div><div class=\"w-separator size_small\"><\/div><div class=\"w-text us_custom_1f257949\"><span class=\"w-text-h\"><span class=\"w-text-value\">Silicone \u00ab SOFT TOUCH \u00bb<\/span><\/span><\/div><div class=\"w-separator size_small\"><\/div><div class=\"wpb_text_column us_custom_94db76a7 has_text_color\"><div class=\"wpb_wrapper\"><p><span>Toutes nos montures int\u00e8grent de la silicone SOFT TOUCH aux extr\u00e9mit\u00e9s des branches et sur le support nasal.<\/span><br \/>\n<span>Avec notre silicone, nous garantissons une adh\u00e9rence imbattable pour la pratique sportive tout en offrant un toucher agr\u00e9able \u00e0 la peau.<\/span><\/p>\n<\/div><\/div><div class=\"w-separator size_medium\"><\/div><\/div><\/div><\/div><\/div><\/section>\n","protected":false},"excerpt":{"rendered":"NOTRE TECHNOLOGIEVERRESVOIR PLUS&amp;nbsp;!Verres POLARIS\u00c9S ou PHOTOCHROMIQUESTous nos verres r\u00e9pondent aux normes de qualit\u00e9 les plus \u00e9lev\u00e9es afin de garantir la s\u00e9curit\u00e9 de l&rsquo;utilisateur et sa satisfaction. Ainsi, nos verres polaris\u00e9s comme les verres photochromiques filtrent jusqu&rsquo;\u00e0 98 % des rayons du soleil et sont r\u00e9sistants aux impacts. MONTURESVOIR PLUS&amp;nbsp;!Couleurs exclusives et originalesFatigu\u00e9(e) des couleurs typiques...","protected":false},"author":13,"featured_media":17534,"parent":0,"menu_order":0,"comment_status":"closed","ping_status":"closed","template":"","meta":{"_acf_changed":false,"footnotes":""},"class_list":["post-20595","page","type-page","status-publish","has-post-thumbnail","hentry"],"acf":[],"yoast_head":"<!-- This site is optimized with the Yoast SEO plugin v27.3 - https:\/\/yoast.com\/product\/yoast-seo-wordpress\/ -->\n<title>Lunettes de sport Bloovs\u00ae : Technologie avanc\u00e9e<\/title>\n<meta name=\"description\" content=\"D\u00e9couvrez toute la technologie qui se cache derri\u00e8re nos lunettes et qui en fait vos compagnons id\u00e9aux pour la pratique sportive.\" \/>\n<meta name=\"robots\" content=\"index, follow, max-snippet:-1, max-image-preview:large, max-video-preview:-1\" \/>\n<link rel=\"canonical\" href=\"https:\/\/bloovseyewear.com\/fr\/notre-produit\/\" \/>\n<meta property=\"og:locale\" content=\"fr_FR\" \/>\n<meta property=\"og:type\" content=\"article\" \/>\n<meta property=\"og:title\" content=\"Lunettes de sport Bloovs\u00ae : Technologie avanc\u00e9e\" \/>\n<meta property=\"og:description\" content=\"D\u00e9couvrez toute la technologie qui se cache derri\u00e8re nos lunettes et qui en fait vos compagnons id\u00e9aux pour la pratique sportive.\" \/>\n<meta property=\"og:url\" content=\"https:\/\/bloovseyewear.com\/fr\/notre-produit\/\" \/>\n<meta property=\"og:site_name\" content=\"Bloovs\u00ae Tienda Oficial\" \/>\n<meta property=\"article:publisher\" content=\"https:\/\/www.facebook.com\/bloovssport\" \/>\n<meta property=\"article:modified_time\" content=\"2025-08-26T08:15:57+00:00\" \/>\n<meta property=\"og:image\" content=\"https:\/\/bloovseyewear.com\/wp-content\/uploads\/2023\/11\/IMAGEN_NUERSTRAS_LENTES.jpg\" \/>\n\t<meta property=\"og:image:width\" content=\"450\" \/>\n\t<meta property=\"og:image:height\" content=\"296\" \/>\n\t<meta property=\"og:image:type\" content=\"image\/jpeg\" \/>\n<meta name=\"twitter:card\" content=\"summary_large_image\" \/>\n<meta name=\"twitter:label1\" content=\"Dur\u00e9e de lecture estim\u00e9e\" \/>\n\t<meta name=\"twitter:data1\" content=\"4 minutes\" \/>\n<script type=\"application\/ld+json\" class=\"yoast-schema-graph\">{\"@context\":\"https:\\\/\\\/schema.org\",\"@graph\":[{\"@type\":\"WebPage\",\"@id\":\"https:\\\/\\\/bloovseyewear.com\\\/fr\\\/notre-produit\\\/\",\"url\":\"https:\\\/\\\/bloovseyewear.com\\\/fr\\\/notre-produit\\\/\",\"name\":\"Lunettes de sport Bloovs\u00ae : Technologie avanc\u00e9e\",\"isPartOf\":{\"@id\":\"https:\\\/\\\/bloovseyewear.com\\\/fr\\\/#website\"},\"primaryImageOfPage\":{\"@id\":\"https:\\\/\\\/bloovseyewear.com\\\/fr\\\/notre-produit\\\/#primaryimage\"},\"image\":{\"@id\":\"https:\\\/\\\/bloovseyewear.com\\\/fr\\\/notre-produit\\\/#primaryimage\"},\"thumbnailUrl\":\"https:\\\/\\\/bloovseyewear.com\\\/wp-content\\\/uploads\\\/2023\\\/11\\\/IMAGEN_NUERSTRAS_LENTES.jpg\",\"datePublished\":\"2024-08-16T12:07:07+00:00\",\"dateModified\":\"2025-08-26T08:15:57+00:00\",\"description\":\"D\u00e9couvrez toute la technologie qui se cache derri\u00e8re nos lunettes et qui en fait vos compagnons id\u00e9aux pour la pratique sportive.\",\"breadcrumb\":{\"@id\":\"https:\\\/\\\/bloovseyewear.com\\\/fr\\\/notre-produit\\\/#breadcrumb\"},\"inLanguage\":\"fr-FR\",\"potentialAction\":[{\"@type\":\"ReadAction\",\"target\":[\"https:\\\/\\\/bloovseyewear.com\\\/fr\\\/notre-produit\\\/\"]}]},{\"@type\":\"ImageObject\",\"inLanguage\":\"fr-FR\",\"@id\":\"https:\\\/\\\/bloovseyewear.com\\\/fr\\\/notre-produit\\\/#primaryimage\",\"url\":\"https:\\\/\\\/bloovseyewear.com\\\/wp-content\\\/uploads\\\/2023\\\/11\\\/IMAGEN_NUERSTRAS_LENTES.jpg\",\"contentUrl\":\"https:\\\/\\\/bloovseyewear.com\\\/wp-content\\\/uploads\\\/2023\\\/11\\\/IMAGEN_NUERSTRAS_LENTES.jpg\",\"width\":450,\"height\":296,\"caption\":\"Ciclista utilizando gafas de sol deportivas\"},{\"@type\":\"BreadcrumbList\",\"@id\":\"https:\\\/\\\/bloovseyewear.com\\\/fr\\\/notre-produit\\\/#breadcrumb\",\"itemListElement\":[{\"@type\":\"ListItem\",\"position\":1,\"name\":\"Portada\",\"item\":\"https:\\\/\\\/bloovseyewear.com\\\/fr\\\/\"},{\"@type\":\"ListItem\",\"position\":2,\"name\":\"Notre produit\"}]},{\"@type\":\"WebSite\",\"@id\":\"https:\\\/\\\/bloovseyewear.com\\\/fr\\\/#website\",\"url\":\"https:\\\/\\\/bloovseyewear.com\\\/fr\\\/\",\"name\":\"Bloovs\u00ae Tienda Oficial\",\"description\":\"Tus Gafas de Sol para cada aventura\",\"publisher\":{\"@id\":\"https:\\\/\\\/bloovseyewear.com\\\/fr\\\/#organization\"},\"potentialAction\":[{\"@type\":\"SearchAction\",\"target\":{\"@type\":\"EntryPoint\",\"urlTemplate\":\"https:\\\/\\\/bloovseyewear.com\\\/fr\\\/?s={search_term_string}\"},\"query-input\":{\"@type\":\"PropertyValueSpecification\",\"valueRequired\":true,\"valueName\":\"search_term_string\"}}],\"inLanguage\":\"fr-FR\"},{\"@type\":\"Organization\",\"@id\":\"https:\\\/\\\/bloovseyewear.com\\\/fr\\\/#organization\",\"name\":\"Bloovs\u00ae Tienda Oficial\",\"url\":\"https:\\\/\\\/bloovseyewear.com\\\/fr\\\/\",\"logo\":{\"@type\":\"ImageObject\",\"inLanguage\":\"fr-FR\",\"@id\":\"https:\\\/\\\/bloovseyewear.com\\\/fr\\\/#\\\/schema\\\/logo\\\/image\\\/\",\"url\":\"https:\\\/\\\/bloovseyewear.com\\\/wp-content\\\/uploads\\\/2018\\\/08\\\/cropped-logo-bloovs-copia-1.png\",\"contentUrl\":\"https:\\\/\\\/bloovseyewear.com\\\/wp-content\\\/uploads\\\/2018\\\/08\\\/cropped-logo-bloovs-copia-1.png\",\"width\":512,\"height\":512,\"caption\":\"Bloovs\u00ae Tienda Oficial\"},\"image\":{\"@id\":\"https:\\\/\\\/bloovseyewear.com\\\/fr\\\/#\\\/schema\\\/logo\\\/image\\\/\"},\"sameAs\":[\"https:\\\/\\\/www.facebook.com\\\/bloovssport\",\"https:\\\/\\\/www.instagram.com\\\/bloovssport\\\/\"]}]}<\/script>\n<!-- \/ Yoast SEO plugin. -->","yoast_head_json":{"title":"Lunettes de sport Bloovs\u00ae : Technologie avanc\u00e9e","description":"D\u00e9couvrez toute la technologie qui se cache derri\u00e8re nos lunettes et qui en fait vos compagnons id\u00e9aux pour la pratique sportive.","robots":{"index":"index","follow":"follow","max-snippet":"max-snippet:-1","max-image-preview":"max-image-preview:large","max-video-preview":"max-video-preview:-1"},"canonical":"https:\/\/bloovseyewear.com\/fr\/notre-produit\/","og_locale":"fr_FR","og_type":"article","og_title":"Lunettes de sport Bloovs\u00ae : Technologie avanc\u00e9e","og_description":"D\u00e9couvrez toute la technologie qui se cache derri\u00e8re nos lunettes et qui en fait vos compagnons id\u00e9aux pour la pratique sportive.","og_url":"https:\/\/bloovseyewear.com\/fr\/notre-produit\/","og_site_name":"Bloovs\u00ae Tienda Oficial","article_publisher":"https:\/\/www.facebook.com\/bloovssport","article_modified_time":"2025-08-26T08:15:57+00:00","og_image":[{"width":450,"height":296,"url":"https:\/\/bloovseyewear.com\/wp-content\/uploads\/2023\/11\/IMAGEN_NUERSTRAS_LENTES.jpg","type":"image\/jpeg"}],"twitter_card":"summary_large_image","twitter_misc":{"Dur\u00e9e de lecture estim\u00e9e":"4 minutes"},"schema":{"@context":"https:\/\/schema.org","@graph":[{"@type":"WebPage","@id":"https:\/\/bloovseyewear.com\/fr\/notre-produit\/","url":"https:\/\/bloovseyewear.com\/fr\/notre-produit\/","name":"Lunettes de sport Bloovs\u00ae : Technologie avanc\u00e9e","isPartOf":{"@id":"https:\/\/bloovseyewear.com\/fr\/#website"},"primaryImageOfPage":{"@id":"https:\/\/bloovseyewear.com\/fr\/notre-produit\/#primaryimage"},"image":{"@id":"https:\/\/bloovseyewear.com\/fr\/notre-produit\/#primaryimage"},"thumbnailUrl":"https:\/\/bloovseyewear.com\/wp-content\/uploads\/2023\/11\/IMAGEN_NUERSTRAS_LENTES.jpg","datePublished":"2024-08-16T12:07:07+00:00","dateModified":"2025-08-26T08:15:57+00:00","description":"D\u00e9couvrez toute la technologie qui se cache derri\u00e8re nos lunettes et qui en fait vos compagnons id\u00e9aux pour la pratique sportive.","breadcrumb":{"@id":"https:\/\/bloovseyewear.com\/fr\/notre-produit\/#breadcrumb"},"inLanguage":"fr-FR","potentialAction":[{"@type":"ReadAction","target":["https:\/\/bloovseyewear.com\/fr\/notre-produit\/"]}]},{"@type":"ImageObject","inLanguage":"fr-FR","@id":"https:\/\/bloovseyewear.com\/fr\/notre-produit\/#primaryimage","url":"https:\/\/bloovseyewear.com\/wp-content\/uploads\/2023\/11\/IMAGEN_NUERSTRAS_LENTES.jpg","contentUrl":"https:\/\/bloovseyewear.com\/wp-content\/uploads\/2023\/11\/IMAGEN_NUERSTRAS_LENTES.jpg","width":450,"height":296,"caption":"Ciclista utilizando gafas de sol deportivas"},{"@type":"BreadcrumbList","@id":"https:\/\/bloovseyewear.com\/fr\/notre-produit\/#breadcrumb","itemListElement":[{"@type":"ListItem","position":1,"name":"Portada","item":"https:\/\/bloovseyewear.com\/fr\/"},{"@type":"ListItem","position":2,"name":"Notre produit"}]},{"@type":"WebSite","@id":"https:\/\/bloovseyewear.com\/fr\/#website","url":"https:\/\/bloovseyewear.com\/fr\/","name":"Bloovs\u00ae Tienda Oficial","description":"Tus Gafas de Sol para cada aventura","publisher":{"@id":"https:\/\/bloovseyewear.com\/fr\/#organization"},"potentialAction":[{"@type":"SearchAction","target":{"@type":"EntryPoint","urlTemplate":"https:\/\/bloovseyewear.com\/fr\/?s={search_term_string}"},"query-input":{"@type":"PropertyValueSpecification","valueRequired":true,"valueName":"search_term_string"}}],"inLanguage":"fr-FR"},{"@type":"Organization","@id":"https:\/\/bloovseyewear.com\/fr\/#organization","name":"Bloovs\u00ae Tienda Oficial","url":"https:\/\/bloovseyewear.com\/fr\/","logo":{"@type":"ImageObject","inLanguage":"fr-FR","@id":"https:\/\/bloovseyewear.com\/fr\/#\/schema\/logo\/image\/","url":"https:\/\/bloovseyewear.com\/wp-content\/uploads\/2018\/08\/cropped-logo-bloovs-copia-1.png","contentUrl":"https:\/\/bloovseyewear.com\/wp-content\/uploads\/2018\/08\/cropped-logo-bloovs-copia-1.png","width":512,"height":512,"caption":"Bloovs\u00ae Tienda Oficial"},"image":{"@id":"https:\/\/bloovseyewear.com\/fr\/#\/schema\/logo\/image\/"},"sameAs":["https:\/\/www.facebook.com\/bloovssport","https:\/\/www.instagram.com\/bloovssport\/"]}]}},"jetpack_sharing_enabled":true,"_links":{"self":[{"href":"https:\/\/bloovseyewear.com\/fr\/wp-json\/wp\/v2\/pages\/20595","targetHints":{"allow":["GET"]}}],"collection":[{"href":"https:\/\/bloovseyewear.com\/fr\/wp-json\/wp\/v2\/pages"}],"about":[{"href":"https:\/\/bloovseyewear.com\/fr\/wp-json\/wp\/v2\/types\/page"}],"author":[{"embeddable":true,"href":"https:\/\/bloovseyewear.com\/fr\/wp-json\/wp\/v2\/users\/13"}],"replies":[{"embeddable":true,"href":"https:\/\/bloovseyewear.com\/fr\/wp-json\/wp\/v2\/comments?post=20595"}],"version-history":[{"count":3,"href":"https:\/\/bloovseyewear.com\/fr\/wp-json\/wp\/v2\/pages\/20595\/revisions"}],"predecessor-version":[{"id":20598,"href":"https:\/\/bloovseyewear.com\/fr\/wp-json\/wp\/v2\/pages\/20595\/revisions\/20598"}],"wp:featuredmedia":[{"embeddable":true,"href":"https:\/\/bloovseyewear.com\/fr\/wp-json\/wp\/v2\/media\/17534"}],"wp:attachment":[{"href":"https:\/\/bloovseyewear.com\/fr\/wp-json\/wp\/v2\/media?parent=20595"}],"curies":[{"name":"wp","href":"https:\/\/api.w.org\/{rel}","templated":true}]}}