{"id":20625,"date":"2024-08-16T10:55:58","date_gmt":"2024-08-16T10:55:58","guid":{"rendered":"https:\/\/bloovseyewear.com\/politique-de-vente-et-de-retour\/"},"modified":"2025-08-26T08:16:12","modified_gmt":"2025-08-26T08:16:12","slug":"politique-de-vente-et-de-retour","status":"publish","type":"page","link":"https:\/\/bloovseyewear.com\/fr\/politique-de-vente-et-de-retour\/","title":{"rendered":"Politique de vente et de retour"},"content":{"rendered":"<section class=\"l-section wpb_row height_medium\"><div class=\"l-section-h i-cf\"><div class=\"g-cols vc_row via_grid cols_1 laptops-cols_inherit tablets-cols_inherit mobiles-cols_1 valign_top type_default stacking_default\"><div class=\"wpb_column vc_column_container\"><div class=\"vc_column-inner\"><div class=\"wpb_text_column\"><div class=\"wpb_wrapper\"><h2 class=\"wp-block-heading\">VENTES<\/h2>\n<p>En passant commande sur le site web www.bloovseyewear.com, le client accepte les conditions g\u00e9n\u00e9rales de vente.<\/p>\n<p>L&rsquo;acheteur a la possibilit\u00e9 de passer ses commandes via le site www.bloovseyewear.com, garantissant qu&rsquo;il est le titulaire de la carte de paiement utilis\u00e9e \u00e0 cet effet si son utilisation est n\u00e9cessaire.<\/p>\n<p>En cliquant sur le bouton \u00ab Acheter \u00bb pendant le processus de commande, l&rsquo;acheteur d\u00e9clare accepter pleinement l&rsquo;int\u00e9gralit\u00e9 des pr\u00e9sentes Conditions G\u00e9n\u00e9rales de Vente qui, en tout \u00e9tat de cause, pourront \u00eatre archiv\u00e9es et imprim\u00e9es par l&rsquo;acheteur, pour sa reproduction lorsqu&rsquo;il le jugera n\u00e9cessaire.<\/p>\n<p>Les donn\u00e9es archiv\u00e9es par Bloovs Barcelona Sunglasses SL constituent la preuve de toutes les transactions r\u00e9alis\u00e9es entre l&rsquo;entreprise et l&rsquo;acheteur.<\/p>\n<h2 class=\"wp-block-heading\">PRIX<\/h2>\n<p>Les prix des articles et des frais d&rsquo;envoi qui apparaissent sur la boutique www.bloovseyewear.com incluent la taxe sur la valeur ajout\u00e9e (TVA).<\/p>\n<p>Les frais d&rsquo;envoi sont \u00e9galement inclus dans le prix, quelle que soit la ville vers laquelle l&rsquo;envoi est effectu\u00e9.<\/p>\n<h2 class=\"wp-block-heading\">LIVRAISONS<\/h2>\n<p>Les commandes sont envoy\u00e9es par l&rsquo;agence de transport SEUR et le d\u00e9lai de livraison est de 2 \u00e0 5 jours ouvrables pour les commandes pass\u00e9es avant 12h00.<\/p>\n<h2 class=\"wp-block-heading\">PAIEMENT<\/h2>\n<p>Nous vous proposons diff\u00e9rents moyens de paiement afin que vous puissiez choisir celui qui vous convient le mieux ou qui s&rsquo;adapte le mieux \u00e0 vos besoins :<\/p>\n<p>Paiement via PayPal (majoration de 4 % du montant total)<\/p>\n<p>Dans ce cas, la banque Paypal sert d&rsquo;interm\u00e9diaire entre le client et nous. Pour pouvoir utiliser ce type de paiement, un compte PayPal est n\u00e9cessaire ou il faut fournir les donn\u00e9es de la carte \u00e0 PayPal si vous ne souhaitez pas ouvrir de compte. En aucun cas, le nom d&rsquo;utilisateur ou le mot de passe ne sont enregistr\u00e9s dans notre base de donn\u00e9es lors du paiement avec PayPal. Tout fonctionne via une passerelle PayPal.   <\/p>\n<p>Si vous choisissez cette option, sachez que cela entra\u00eenera un co\u00fbt suppl\u00e9mentaire de 4 % sur la valeur totale de la commande.<\/p>\n<p>Paiement par carte de cr\u00e9dit<\/p>\n<p>Lorsque vous s\u00e9lectionnez cette option, vous \u00eates redirig\u00e9 vers une passerelle de paiement s\u00e9curis\u00e9e afin que vous puissiez saisir les donn\u00e9es de votre carte. Nous n&rsquo;avons pas acc\u00e8s \u00e0 ces donn\u00e9es.<\/p>\n<h2 class=\"wp-block-heading\">RETOURS<\/h2>\n<p>Les raisons pour lesquelles un article peut \u00eatre retourn\u00e9 sont limit\u00e9es. Dans tous les cas, tous les produits commercialis\u00e9s depuis cette boutique ont \u00e9t\u00e9 convenablement inspect\u00e9s et v\u00e9rifi\u00e9s avant l&rsquo;envoi, c&rsquo;est pourquoi nous vous recommandons de vous assurer que l&#8217;emballage est en bon \u00e9tat avant d&rsquo;accepter tout colis. Si ce n&rsquo;est pas le cas, N&rsquo;ACCEPTEZ PAS LA COMMANDE, et contactez imm\u00e9diatement www.bloovseyewear.com pour signaler l&rsquo;incident et trouver une solution aussi rapide et appropri\u00e9e que possible. En signant le bon de r\u00e9ception, vous acceptez implicitement que le colis est en parfait \u00e9tat, donc s&rsquo;il a subi des dommages, l&rsquo;entreprise de transport ne prendra pas en charge les r\u00e9clamations ult\u00e9rieures, et Bloovs Barcelona n&rsquo;aura aucune obligation d&rsquo;accepter le retour d&rsquo;articles endommag\u00e9s.   <\/p>\n<p>Si, pour une raison quelconque, vous n&rsquo;\u00eates pas satisfait de votre produit achet\u00e9 via Internet, vous disposez d&rsquo;un d\u00e9lai de 14 jours, \u00e0 compter de la date de livraison, pour le retourner. Avant d&rsquo;effectuer ce retour, le client doit contacter www.bloovsbarcelona.com dans le d\u00e9lai indiqu\u00e9 par e-mail, t\u00e9l\u00e9phone ou fax, et la proc\u00e9dure \u00e0 suivre pour traiter le retour lui sera indiqu\u00e9e. <\/p>\n<p>Tout retour sans communication pr\u00e9alable sera refus\u00e9 par Bloovs Barcelona Sunglasses SL. Pour qu&rsquo;un retour soit possible, tant le produit que son emballage doivent \u00eatre en parfait \u00e9tat, sans ratures ni emballage cass\u00e9 ou d\u00e9t\u00e9rior\u00e9, et inclure toute la documentation qui accompagne le produit ainsi que ses accessoires. Le client devra pr\u00e9parer un emballage correct qui assure son transport sans dommages. Une fois re\u00e7u et v\u00e9rifi\u00e9 que le produit est dans le m\u00eame \u00e9tat que lors de l&rsquo;envoi, le remboursement de son montant sera effectu\u00e9 par virement bancaire ou par le mode de paiement utilis\u00e9 lors de la commande.   <\/p>\n<p>CAUSES ADMISES POUR LE RETOUR DE PRODUITS :<br \/>\n\u2022 Que l&rsquo;article livr\u00e9 ne corresponde pas \u00e0 la commande effectu\u00e9e.<br \/>\n\u2022 Si, pour une raison quelconque, le d\u00e9lai de livraison de votre commande est sup\u00e9rieur \u00e0 celui \u00e9tabli, nous vous contacterons pour vous indiquer la date pr\u00e9vue approximative pour l&rsquo;envoi. Cependant, si le retard est tel que vous n&rsquo;\u00eates plus int\u00e9ress\u00e9 par l&rsquo;acquisition de la commande, nous vous recommandons de ne pas accepter le colis. Ainsi, vous \u00e9viterez les frais de retour.  <\/p>\n<p>\u00c9TAT DES ARTICLES POUR QUE LEUR RETOUR SOIT ACCEPT\u00c9 :<br \/>\n\u2022 Pour que le retour d&rsquo;une commande soit accept\u00e9, il est indispensable qu&rsquo;elle soit scell\u00e9e, dans son emballage d&rsquo;origine et en parfait \u00e9tat.<\/p>\n<p>PROC\u00c9DURE \u00c9TABLIE POUR LE RETOUR DES PRODUITS :<br \/>\n\u2022 En cas de retour du produit, vous devez contacter bloovsbarcelona.com, par e-mail \u00e0 l&rsquo;adresse info@bloovsbarcelona.com, en indiquant le num\u00e9ro de commande et les raisons du retour.<br \/>\n\u2022 Apr\u00e8s avoir fourni ces informations, vous pourrez envoyer l&rsquo;article \u00e0 l&rsquo;adresse qui vous sera indiqu\u00e9e. Une fois v\u00e9rifi\u00e9 que la marchandise est en bon \u00e9tat, le remboursement de l&rsquo;achat sera effectu\u00e9.<br \/>\n\u2022 Les frais d\u00e9coulant des retours ou des \u00e9changes (principalement les ports) seront \u00e0 la charge du client.<\/p>\n<p>D\u00c9LAI MAXIMAL \u00c9TABLI POUR LE RETOUR :<br \/>\n\u2022 La loi sur l&rsquo;am\u00e9nagement du commerce de d\u00e9tail \u00e9tablit un d\u00e9lai maximal de 14 jours calendaires \u00e0 compter de la livraison de la commande. Pass\u00e9 ce d\u00e9lai, aucun retour ne sera accept\u00e9.<\/p>\n<\/div><\/div><\/div><\/div><\/div><\/div><\/section>\n","protected":false},"excerpt":{"rendered":"VENTES En passant commande sur le site web www.bloovseyewear.com, le client accepte les conditions g\u00e9n\u00e9rales de vente. L&rsquo;acheteur a la possibilit\u00e9 de passer ses commandes via le site www.bloovseyewear.com, garantissant qu&rsquo;il est le titulaire de la carte de paiement utilis\u00e9e \u00e0 cet effet si son utilisation est n\u00e9cessaire. En cliquant sur le bouton \u00ab Acheter...","protected":false},"author":13,"featured_media":0,"parent":0,"menu_order":0,"comment_status":"closed","ping_status":"closed","template":"","meta":{"_acf_changed":false,"footnotes":""},"class_list":["post-20625","page","type-page","status-publish","hentry"],"acf":[],"yoast_head":"<!-- This site is optimized with the Yoast SEO plugin v27.3 - https:\/\/yoast.com\/product\/yoast-seo-wordpress\/ -->\n<title>Politique de vente et de retour - Bloovs\u00ae Tienda Oficial<\/title>\n<meta name=\"robots\" content=\"index, follow, max-snippet:-1, max-image-preview:large, max-video-preview:-1\" \/>\n<link rel=\"canonical\" href=\"https:\/\/bloovseyewear.com\/fr\/politique-de-vente-et-de-retour\/\" \/>\n<meta property=\"og:locale\" content=\"fr_FR\" \/>\n<meta property=\"og:type\" content=\"article\" \/>\n<meta property=\"og:title\" content=\"Politique de vente et de retour - Bloovs\u00ae Tienda Oficial\" \/>\n<meta property=\"og:url\" content=\"https:\/\/bloovseyewear.com\/fr\/politique-de-vente-et-de-retour\/\" \/>\n<meta property=\"og:site_name\" content=\"Bloovs\u00ae Tienda Oficial\" \/>\n<meta property=\"article:publisher\" content=\"https:\/\/www.facebook.com\/bloovssport\" \/>\n<meta property=\"article:modified_time\" content=\"2025-08-26T08:16:12+00:00\" \/>\n<meta name=\"twitter:card\" content=\"summary_large_image\" \/>\n<meta name=\"twitter:label1\" content=\"Dur\u00e9e de lecture estim\u00e9e\" \/>\n\t<meta name=\"twitter:data1\" content=\"5 minutes\" \/>\n<script type=\"application\/ld+json\" class=\"yoast-schema-graph\">{\"@context\":\"https:\\\/\\\/schema.org\",\"@graph\":[{\"@type\":\"WebPage\",\"@id\":\"https:\\\/\\\/bloovseyewear.com\\\/fr\\\/politique-de-vente-et-de-retour\\\/\",\"url\":\"https:\\\/\\\/bloovseyewear.com\\\/fr\\\/politique-de-vente-et-de-retour\\\/\",\"name\":\"Politique de vente et de retour - Bloovs\u00ae Tienda Oficial\",\"isPartOf\":{\"@id\":\"https:\\\/\\\/bloovseyewear.com\\\/fr\\\/#website\"},\"datePublished\":\"2024-08-16T10:55:58+00:00\",\"dateModified\":\"2025-08-26T08:16:12+00:00\",\"breadcrumb\":{\"@id\":\"https:\\\/\\\/bloovseyewear.com\\\/fr\\\/politique-de-vente-et-de-retour\\\/#breadcrumb\"},\"inLanguage\":\"fr-FR\",\"potentialAction\":[{\"@type\":\"ReadAction\",\"target\":[\"https:\\\/\\\/bloovseyewear.com\\\/fr\\\/politique-de-vente-et-de-retour\\\/\"]}]},{\"@type\":\"BreadcrumbList\",\"@id\":\"https:\\\/\\\/bloovseyewear.com\\\/fr\\\/politique-de-vente-et-de-retour\\\/#breadcrumb\",\"itemListElement\":[{\"@type\":\"ListItem\",\"position\":1,\"name\":\"Portada\",\"item\":\"https:\\\/\\\/bloovseyewear.com\\\/fr\\\/\"},{\"@type\":\"ListItem\",\"position\":2,\"name\":\"Politique de vente et de retour\"}]},{\"@type\":\"WebSite\",\"@id\":\"https:\\\/\\\/bloovseyewear.com\\\/fr\\\/#website\",\"url\":\"https:\\\/\\\/bloovseyewear.com\\\/fr\\\/\",\"name\":\"Bloovs\u00ae Tienda Oficial\",\"description\":\"Tus Gafas de Sol para cada aventura\",\"publisher\":{\"@id\":\"https:\\\/\\\/bloovseyewear.com\\\/fr\\\/#organization\"},\"potentialAction\":[{\"@type\":\"SearchAction\",\"target\":{\"@type\":\"EntryPoint\",\"urlTemplate\":\"https:\\\/\\\/bloovseyewear.com\\\/fr\\\/?s={search_term_string}\"},\"query-input\":{\"@type\":\"PropertyValueSpecification\",\"valueRequired\":true,\"valueName\":\"search_term_string\"}}],\"inLanguage\":\"fr-FR\"},{\"@type\":\"Organization\",\"@id\":\"https:\\\/\\\/bloovseyewear.com\\\/fr\\\/#organization\",\"name\":\"Bloovs\u00ae Tienda Oficial\",\"url\":\"https:\\\/\\\/bloovseyewear.com\\\/fr\\\/\",\"logo\":{\"@type\":\"ImageObject\",\"inLanguage\":\"fr-FR\",\"@id\":\"https:\\\/\\\/bloovseyewear.com\\\/fr\\\/#\\\/schema\\\/logo\\\/image\\\/\",\"url\":\"https:\\\/\\\/bloovseyewear.com\\\/wp-content\\\/uploads\\\/2018\\\/08\\\/cropped-logo-bloovs-copia-1.png\",\"contentUrl\":\"https:\\\/\\\/bloovseyewear.com\\\/wp-content\\\/uploads\\\/2018\\\/08\\\/cropped-logo-bloovs-copia-1.png\",\"width\":512,\"height\":512,\"caption\":\"Bloovs\u00ae Tienda Oficial\"},\"image\":{\"@id\":\"https:\\\/\\\/bloovseyewear.com\\\/fr\\\/#\\\/schema\\\/logo\\\/image\\\/\"},\"sameAs\":[\"https:\\\/\\\/www.facebook.com\\\/bloovssport\",\"https:\\\/\\\/www.instagram.com\\\/bloovssport\\\/\"]}]}<\/script>\n<!-- \/ Yoast SEO plugin. -->","yoast_head_json":{"title":"Politique de vente et de retour - Bloovs\u00ae Tienda Oficial","robots":{"index":"index","follow":"follow","max-snippet":"max-snippet:-1","max-image-preview":"max-image-preview:large","max-video-preview":"max-video-preview:-1"},"canonical":"https:\/\/bloovseyewear.com\/fr\/politique-de-vente-et-de-retour\/","og_locale":"fr_FR","og_type":"article","og_title":"Politique de vente et de retour - Bloovs\u00ae Tienda Oficial","og_url":"https:\/\/bloovseyewear.com\/fr\/politique-de-vente-et-de-retour\/","og_site_name":"Bloovs\u00ae Tienda Oficial","article_publisher":"https:\/\/www.facebook.com\/bloovssport","article_modified_time":"2025-08-26T08:16:12+00:00","twitter_card":"summary_large_image","twitter_misc":{"Dur\u00e9e de lecture estim\u00e9e":"5 minutes"},"schema":{"@context":"https:\/\/schema.org","@graph":[{"@type":"WebPage","@id":"https:\/\/bloovseyewear.com\/fr\/politique-de-vente-et-de-retour\/","url":"https:\/\/bloovseyewear.com\/fr\/politique-de-vente-et-de-retour\/","name":"Politique de vente et de retour - Bloovs\u00ae Tienda Oficial","isPartOf":{"@id":"https:\/\/bloovseyewear.com\/fr\/#website"},"datePublished":"2024-08-16T10:55:58+00:00","dateModified":"2025-08-26T08:16:12+00:00","breadcrumb":{"@id":"https:\/\/bloovseyewear.com\/fr\/politique-de-vente-et-de-retour\/#breadcrumb"},"inLanguage":"fr-FR","potentialAction":[{"@type":"ReadAction","target":["https:\/\/bloovseyewear.com\/fr\/politique-de-vente-et-de-retour\/"]}]},{"@type":"BreadcrumbList","@id":"https:\/\/bloovseyewear.com\/fr\/politique-de-vente-et-de-retour\/#breadcrumb","itemListElement":[{"@type":"ListItem","position":1,"name":"Portada","item":"https:\/\/bloovseyewear.com\/fr\/"},{"@type":"ListItem","position":2,"name":"Politique de vente et de retour"}]},{"@type":"WebSite","@id":"https:\/\/bloovseyewear.com\/fr\/#website","url":"https:\/\/bloovseyewear.com\/fr\/","name":"Bloovs\u00ae Tienda Oficial","description":"Tus Gafas de Sol para cada aventura","publisher":{"@id":"https:\/\/bloovseyewear.com\/fr\/#organization"},"potentialAction":[{"@type":"SearchAction","target":{"@type":"EntryPoint","urlTemplate":"https:\/\/bloovseyewear.com\/fr\/?s={search_term_string}"},"query-input":{"@type":"PropertyValueSpecification","valueRequired":true,"valueName":"search_term_string"}}],"inLanguage":"fr-FR"},{"@type":"Organization","@id":"https:\/\/bloovseyewear.com\/fr\/#organization","name":"Bloovs\u00ae Tienda Oficial","url":"https:\/\/bloovseyewear.com\/fr\/","logo":{"@type":"ImageObject","inLanguage":"fr-FR","@id":"https:\/\/bloovseyewear.com\/fr\/#\/schema\/logo\/image\/","url":"https:\/\/bloovseyewear.com\/wp-content\/uploads\/2018\/08\/cropped-logo-bloovs-copia-1.png","contentUrl":"https:\/\/bloovseyewear.com\/wp-content\/uploads\/2018\/08\/cropped-logo-bloovs-copia-1.png","width":512,"height":512,"caption":"Bloovs\u00ae Tienda Oficial"},"image":{"@id":"https:\/\/bloovseyewear.com\/fr\/#\/schema\/logo\/image\/"},"sameAs":["https:\/\/www.facebook.com\/bloovssport","https:\/\/www.instagram.com\/bloovssport\/"]}]}},"jetpack_sharing_enabled":true,"_links":{"self":[{"href":"https:\/\/bloovseyewear.com\/fr\/wp-json\/wp\/v2\/pages\/20625","targetHints":{"allow":["GET"]}}],"collection":[{"href":"https:\/\/bloovseyewear.com\/fr\/wp-json\/wp\/v2\/pages"}],"about":[{"href":"https:\/\/bloovseyewear.com\/fr\/wp-json\/wp\/v2\/types\/page"}],"author":[{"embeddable":true,"href":"https:\/\/bloovseyewear.com\/fr\/wp-json\/wp\/v2\/users\/13"}],"replies":[{"embeddable":true,"href":"https:\/\/bloovseyewear.com\/fr\/wp-json\/wp\/v2\/comments?post=20625"}],"version-history":[{"count":3,"href":"https:\/\/bloovseyewear.com\/fr\/wp-json\/wp\/v2\/pages\/20625\/revisions"}],"predecessor-version":[{"id":20628,"href":"https:\/\/bloovseyewear.com\/fr\/wp-json\/wp\/v2\/pages\/20625\/revisions\/20628"}],"wp:attachment":[{"href":"https:\/\/bloovseyewear.com\/fr\/wp-json\/wp\/v2\/media?parent=20625"}],"curies":[{"name":"wp","href":"https:\/\/api.w.org\/{rel}","templated":true}]}}