{"id":20662,"date":"2024-08-16T10:57:51","date_gmt":"2024-08-16T10:57:51","guid":{"rendered":"https:\/\/bloovseyewear.com\/politique-de-confidentialite\/"},"modified":"2025-08-26T08:16:28","modified_gmt":"2025-08-26T08:16:28","slug":"politique-de-confidentialite","status":"publish","type":"page","link":"https:\/\/bloovseyewear.com\/fr\/politique-de-confidentialite\/","title":{"rendered":"Politique de confidentialit\u00e9"},"content":{"rendered":"<section class=\"l-section wpb_row height_medium\"><div class=\"l-section-h i-cf\"><div class=\"g-cols vc_row via_grid cols_1 laptops-cols_inherit tablets-cols_inherit mobiles-cols_1 valign_top type_default stacking_default\"><div class=\"wpb_column vc_column_container\"><div class=\"vc_column-inner\"><div class=\"wpb_text_column\"><div class=\"wpb_wrapper\"><p>Bloovs Barcelona Sunglasses, S.L., ci-apr\u00e8s \u00ab Bloovs \u00bb<\/p>\n<p>Chez Bloovs, nous nous effor\u00e7ons de garantir la confidentialit\u00e9 dans le traitement de vos donn\u00e9es personnelles. Nous avons mis \u00e0 jour notre Politique de confidentialit\u00e9 afin de vous informer clairement de la mani\u00e8re dont nous recueillons, utilisons et prot\u00e9geons les donn\u00e9es des personnes qui nous contactent. <\/p>\n<p>Bloovs se r\u00e9serve le droit de modifier la pr\u00e9sente politique pour des motifs d\u2019exigences l\u00e9gislatives ou d\u2019autor\u00e9gulation, c\u2019est pourquoi nous conseillons aux utilisateurs de consulter r\u00e9guli\u00e8rement cet avis.<\/p>\n<h2 class=\"wp-block-heading\">RESPONSABLE DU TRAITEMENT<\/h2>\n<p>L\u2019int\u00e9ress\u00e9 ou l\u2019utilisateur qui fournit \u00e0 Bloovs des donn\u00e9es \u00e0 caract\u00e8re personnel par le biais de ce site web ou par d\u2019autres moyens (par exemple, les r\u00e9seaux sociaux ou les points de vente des magasins) est inform\u00e9 que le traitement de ses donn\u00e9es est effectu\u00e9 par&nbsp;:<\/p>\n<p>BLOOVS BARCELONA SUNGLASSES, S.L<\/p>\n<p>AV. President Maci\u00e0 108-110, 08302, Matar\u00f3 <\/p>\n<p>CIF&nbsp;: B-66708769<\/p>\n<p>Pour toute question, vous pouvez nous contacter \u00e0 l\u2019adresse \u00e9lectronique suivante&nbsp;: info@bloovsbarcelona.com.<\/p>\n<h2 class=\"wp-block-heading\">FINALIT\u00c9S DU TRAITEMENT DES DONN\u00c9ES<\/h2>\n<p>En fournissant volontairement vos donn\u00e9es personnelles par le biais de n\u2019importe quel formulaire de ce site web et en acceptant express\u00e9ment son envoi, vous autorisez express\u00e9ment Bloovs \u00e0 traiter et \u00e0 incorporer dans un fichier de sa propri\u00e9t\u00e9 les donn\u00e9es envoy\u00e9es.<\/p>\n<p>La collecte et le traitement des donn\u00e9es personnelles que vous fournissez ont pour finalit\u00e9 principale de r\u00e9pondre \u00e0 la consultation et de vous envoyer des informations commerciales et\/ou publicitaires. Toutefois, elle a \u00e9galement pour finalit\u00e9 les actions suivantes&nbsp;: <\/p>\n<ul>\n<li>Contacter l\u2019exp\u00e9diteur de l\u2019information, r\u00e9pondre \u00e0 sa demande, requ\u00eate ou consultation et g\u00e9rer la publication de consultations et de commentaires et assurer un suivi ult\u00e9rieur.<\/li>\n<li>G\u00e9rer, le cas \u00e9ch\u00e9ant, votre commande et r\u00e9aliser la prestation contract\u00e9e par l\u2019Utilisateur, sa facturation et son recouvrement.<\/li>\n<li>G\u00e9rer et contr\u00f4ler le portefeuille de clients.<\/li>\n<li>G\u00e9rer, le cas \u00e9ch\u00e9ant, la participation de l\u2019Utilisateur \u00e0 des tirages au sort ou des concours organis\u00e9s par Bloovs.<\/li>\n<li>G\u00e9rer, le cas \u00e9ch\u00e9ant, le processus d\u2019enregistrement de l\u2019Utilisateur sur la plateforme en ligne.<\/li>\n<li>\u00c9valuer et g\u00e9rer, le cas \u00e9ch\u00e9ant, votre curriculum vitae pour les processus de s\u00e9lection qui s\u2019adaptent \u00e0 votre profil professionnel et r\u00e9aliser les actions n\u00e9cessaires pour la s\u00e9lection et le recrutement de personnel.<\/li>\n<\/ul>\n<p>En vertu de la loi&nbsp;34\/2002 du 11&nbsp;juillet, relative aux services de la soci\u00e9t\u00e9 de l\u2019information et du commerce \u00e9lectronique, Bloovs n\u2019enverra en aucun cas de publicit\u00e9 et de communications \u00e0 des fins de vente ou autres de nature commerciale aux utilisateurs sans leur demande ou consentement pr\u00e9alable. De m\u00eame, elle n\u2019enverra pas non plus de messages non sollicit\u00e9s ni consentis pr\u00e9alablement ni n\u2019enverra de cha\u00eenes de messages \u00e9lectroniques non sollicit\u00e9s ni pr\u00e9alablement consentis. <\/p>\n<p>Les donn\u00e9es personnelles que vous fournissez doivent \u00eatre v\u00e9ridiques, exactes, compl\u00e8tes et mises \u00e0 jour, en r\u00e9pondant des dommages et pr\u00e9judices qui pourraient \u00eatre occasionn\u00e9s en raison du non-respect de cette obligation.<\/p>\n<p>Les donn\u00e9es que vous fournissez dans les champs marqu\u00e9s d\u2019un * sont obligatoires pour pouvoir remplir la finalit\u00e9 expos\u00e9e dans le paragraphe pr\u00e9c\u00e9dent. Dans le cas o\u00f9 l\u2019utilisateur ne remplit pas tous les champs demand\u00e9s, Bloovs se r\u00e9serve le droit de d\u00e9cider si elle fournit \u00e0 l\u2019utilisateur le service en question. <\/p>\n<h2 class=\"wp-block-heading\">DUR\u00c9E<\/h2>\n<p>Dur\u00e9e du traitement des donn\u00e9es<\/p>\n<p>Les donn\u00e9es pour la gestion de la relation avec le client et la facturation et le recouvrement des services seront conserv\u00e9es pendant toute la dur\u00e9e du contrat. Une fois cette relation termin\u00e9e, le cas \u00e9ch\u00e9ant, les donn\u00e9es pourront \u00eatre conserv\u00e9es pendant la dur\u00e9e exig\u00e9e par la l\u00e9gislation applicable et jusqu\u2019\u00e0 ce que les \u00e9ventuelles responsabilit\u00e9s d\u00e9coulant du contrat soient prescrites. <\/p>\n<p>Les donn\u00e9es pour la gestion des consultations et des demandes seront conserv\u00e9es pendant le temps n\u00e9cessaire pour y r\u00e9pondre, avec un d\u00e9lai maximum d\u2019un an.<\/p>\n<p>Les donn\u00e9es relatives aux publications de commentaires sur nos produits seront conserv\u00e9es pendant la validit\u00e9 et la publicit\u00e9 des produits ou services auxquels elles font r\u00e9f\u00e9rence, sauf si vous exprimez votre souhait qu\u2019elles soient supprim\u00e9es \u00e0 tout moment.<\/p>\n<p>Les donn\u00e9es pour la participation \u00e0 des concours, des tirages au sort et des promotions seront conserv\u00e9es pendant la dur\u00e9e de ceux-ci, selon leurs bases sp\u00e9cifiques, pour g\u00e9rer leur d\u00e9veloppement et, ensuite, jusqu\u2019\u00e0 ce que les \u00e9ventuelles responsabilit\u00e9s d\u00e9coulant de leur r\u00e9alisation soient prescrites.<\/p>\n<p>Les donn\u00e9es pour l\u2019envoi de communications commerciales et l\u2019\u00e9laboration de profils commerciaux de nos produits ou services seront conserv\u00e9es ind\u00e9finiment jusqu\u2019\u00e0 ce que, le cas \u00e9ch\u00e9ant, vous nous manifestiez votre volont\u00e9 de les supprimer.<\/p>\n<p>Les donn\u00e9es de curriculum vitae pour les processus de s\u00e9lection seront conserv\u00e9es pendant trois mois.<\/p>\n<h2 class=\"wp-block-heading\">DROITS DONT DISPOSE L\u2019UTILISATEUR PAR RAPPORT \u00c0 SES DONN\u00c9ES<\/h2>\n<p>L\u2019Utilisateur peut exercer ses droits d\u2019acc\u00e8s, de rectification, de suppression, d\u2019opposition et de d\u00e9cisions individuelles automatis\u00e9es, de portabilit\u00e9 et de limitation du traitement de ses donn\u00e9es en s\u2019adressant \u00e0 Bloovs situ\u00e9e \u00e0 Av. President Maci\u00e0 08302, Matar\u00f3 ou \u00e0 l\u2019adresse info@bloovsbarcelona.com, en fournissant des documents qui accr\u00e9ditent l\u2019identit\u00e9 de l\u2019int\u00e9ress\u00e9. L\u2019Utilisateur a le droit de pr\u00e9senter une r\u00e9clamation aupr\u00e8s de l\u2019Agence espagnole de protection des donn\u00e9es (AEPD), s\u2019il consid\u00e8re que ses droits ont \u00e9t\u00e9 viol\u00e9s.  <\/p>\n<h2 class=\"wp-block-heading\">DONN\u00c9ES DE MINEURS<\/h2>\n<p>Les formulaires contenus dans ce site web ne sont pas destin\u00e9s aux personnes de moins de 14&nbsp;ans. Sans pr\u00e9judice des limitations que pr\u00e9sente Internet pour la v\u00e9rification de mani\u00e8re effective de l\u2019\u00e2ge du mineur, Bloovs r\u00e9alisera tous les efforts pour articuler des proc\u00e9dures qui permettent de v\u00e9rifier l\u2019\u00e2ge de l\u2019utilisateur, en refusant la participation aux mineurs de 14&nbsp;ans. <\/p>\n<p>SI TU AS MOINS DE 14&nbsp;ANS, RELIS CES INFORMATIONS AVEC TES PARENTS ET DEMANDE-LEUR DE T\u2019\u00c9CLAIRCIR TOUT CE QUE TU NE COMPRENDS PAS. LES ENFANTS DE MOINS DE 14&nbsp;ANS ONT BESOIN DU CONSENTEMENT DE LEURS PARENTS POUR DONNER LEUR ADRESSE DE COURRIER \u00c9LECTRONIQUE OU TOUTE INFORMATION PERSONNELLE AU PRESTATAIRE OU \u00c0 TOUTE AUTRE PERSONNE OU ENTIT\u00c9 SUR INTERNET. <\/p>\n<h2 class=\"wp-block-heading\">L\u00c9GITIMATION POUR LE TRAITEMENT DES DONN\u00c9ES<\/h2>\n<p>La base l\u00e9gale pour le traitement des donn\u00e9es est le consentement expr\u00e8s de l\u2019int\u00e9ress\u00e9.<\/p>\n<h2 class=\"wp-block-heading\">COMMUNICATION DE VOS DONN\u00c9ES<\/h2>\n<p>Dans le but de fournir la meilleure qualit\u00e9, Bloovs a besoin de partager vos Donn\u00e9es Personnelles avec des entit\u00e9s ou des fournisseurs externes qui nous aident \u00e0 pouvoir offrir le meilleur service.<\/p>\n<p>Entit\u00e9s qui nous aident avec diff\u00e9rentes questions li\u00e9es au Service. Chez Bloovs, nous nous assurons que tous nos fournisseurs qui peuvent avoir acc\u00e8s \u00e0 vos Donn\u00e9es Personnelles agissent de mani\u00e8re confidentielle, loyale et en respectant toute la r\u00e9glementation applicable. <\/p>\n<p>Aux entit\u00e9s financi\u00e8res par le biais desquelles s\u2019articule la gestion des recouvrements et des paiements.<br \/>\nAux administrations publiques comp\u00e9tentes, dans les cas pr\u00e9vus par la loi et pour les finalit\u00e9s qui y sont d\u00e9finies.<\/p>\n<p>\u00c0 WordPress, notre boutique est h\u00e9berg\u00e9e sur WordPress. WordPress fournit la plateforme e-commerce en ligne qui nous permet de vous vendre les produits et de vous offrir tous les services. Vos informations sont recueillies et stock\u00e9es dans les bases de donn\u00e9es de WordPress.  <\/p>\n<h2 class=\"wp-block-heading\">DONN\u00c9ES DE TIERS<\/h2>\n<p>Si vous fournissez des donn\u00e9es de tiers, vous assumez la responsabilit\u00e9 de les informer pr\u00e9alablement de tout ce qui est pr\u00e9vu \u00e0 l\u2019article&nbsp;14 du R\u00e8glement g\u00e9n\u00e9ral sur la protection des donn\u00e9es dans les conditions \u00e9tablies dans ledit pr\u00e9cepte.<\/p>\n<h2 class=\"wp-block-heading\">ACCEPTATION ET CONSENTEMENT<\/h2>\n<p>L\u2019Utilisateur d\u00e9clare avoir \u00e9t\u00e9 inform\u00e9 des conditions sur la protection des donn\u00e9es personnelles, en acceptant et en consentant le traitement automatis\u00e9 de celles-ci de la part de Bloovs, de la mani\u00e8re et pour les finalit\u00e9s indiqu\u00e9es dans la pr\u00e9sente Politique de confidentialit\u00e9.<\/p>\n<div class=\"sharedaddy sd-sharing-enabled\"><\/div>\n<\/div><\/div><\/div><\/div><\/div><\/div><\/section>\n","protected":false},"excerpt":{"rendered":"Bloovs Barcelona Sunglasses, S.L., ci-apr\u00e8s \u00ab Bloovs \u00bb Chez Bloovs, nous nous effor\u00e7ons de garantir la confidentialit\u00e9 dans le traitement de vos donn\u00e9es personnelles. Nous avons mis \u00e0 jour notre Politique de confidentialit\u00e9 afin de vous informer clairement de la mani\u00e8re dont nous recueillons, utilisons et prot\u00e9geons les donn\u00e9es des personnes qui nous contactent. Bloovs...","protected":false},"author":13,"featured_media":0,"parent":0,"menu_order":0,"comment_status":"closed","ping_status":"closed","template":"","meta":{"_acf_changed":false,"footnotes":""},"class_list":["post-20662","page","type-page","status-publish","hentry"],"acf":[],"yoast_head":"<!-- This site is optimized with the Yoast SEO plugin v27.3 - https:\/\/yoast.com\/product\/yoast-seo-wordpress\/ -->\n<title>Politique de confidentialit\u00e9 - Bloovs\u00ae Tienda Oficial<\/title>\n<meta name=\"robots\" content=\"index, follow, max-snippet:-1, max-image-preview:large, max-video-preview:-1\" \/>\n<link rel=\"canonical\" href=\"https:\/\/bloovseyewear.com\/fr\/politique-de-confidentialite\/\" \/>\n<meta property=\"og:locale\" content=\"fr_FR\" \/>\n<meta property=\"og:type\" content=\"article\" \/>\n<meta property=\"og:title\" content=\"Politique de confidentialit\u00e9 - Bloovs\u00ae Tienda Oficial\" \/>\n<meta property=\"og:url\" content=\"https:\/\/bloovseyewear.com\/fr\/politique-de-confidentialite\/\" \/>\n<meta property=\"og:site_name\" content=\"Bloovs\u00ae Tienda Oficial\" \/>\n<meta property=\"article:publisher\" content=\"https:\/\/www.facebook.com\/bloovssport\" \/>\n<meta property=\"article:modified_time\" content=\"2025-08-26T08:16:28+00:00\" \/>\n<meta name=\"twitter:card\" content=\"summary_large_image\" \/>\n<meta name=\"twitter:label1\" content=\"Dur\u00e9e de lecture estim\u00e9e\" \/>\n\t<meta name=\"twitter:data1\" content=\"7 minutes\" \/>\n<script type=\"application\/ld+json\" class=\"yoast-schema-graph\">{\"@context\":\"https:\\\/\\\/schema.org\",\"@graph\":[{\"@type\":\"WebPage\",\"@id\":\"https:\\\/\\\/bloovseyewear.com\\\/fr\\\/politique-de-confidentialite\\\/\",\"url\":\"https:\\\/\\\/bloovseyewear.com\\\/fr\\\/politique-de-confidentialite\\\/\",\"name\":\"Politique de confidentialit\u00e9 - Bloovs\u00ae Tienda Oficial\",\"isPartOf\":{\"@id\":\"https:\\\/\\\/bloovseyewear.com\\\/fr\\\/#website\"},\"datePublished\":\"2024-08-16T10:57:51+00:00\",\"dateModified\":\"2025-08-26T08:16:28+00:00\",\"breadcrumb\":{\"@id\":\"https:\\\/\\\/bloovseyewear.com\\\/fr\\\/politique-de-confidentialite\\\/#breadcrumb\"},\"inLanguage\":\"fr-FR\",\"potentialAction\":[{\"@type\":\"ReadAction\",\"target\":[\"https:\\\/\\\/bloovseyewear.com\\\/fr\\\/politique-de-confidentialite\\\/\"]}]},{\"@type\":\"BreadcrumbList\",\"@id\":\"https:\\\/\\\/bloovseyewear.com\\\/fr\\\/politique-de-confidentialite\\\/#breadcrumb\",\"itemListElement\":[{\"@type\":\"ListItem\",\"position\":1,\"name\":\"Portada\",\"item\":\"https:\\\/\\\/bloovseyewear.com\\\/fr\\\/\"},{\"@type\":\"ListItem\",\"position\":2,\"name\":\"Politique de confidentialit\u00e9\"}]},{\"@type\":\"WebSite\",\"@id\":\"https:\\\/\\\/bloovseyewear.com\\\/fr\\\/#website\",\"url\":\"https:\\\/\\\/bloovseyewear.com\\\/fr\\\/\",\"name\":\"Bloovs\u00ae Tienda Oficial\",\"description\":\"Tus Gafas de Sol para cada aventura\",\"publisher\":{\"@id\":\"https:\\\/\\\/bloovseyewear.com\\\/fr\\\/#organization\"},\"potentialAction\":[{\"@type\":\"SearchAction\",\"target\":{\"@type\":\"EntryPoint\",\"urlTemplate\":\"https:\\\/\\\/bloovseyewear.com\\\/fr\\\/?s={search_term_string}\"},\"query-input\":{\"@type\":\"PropertyValueSpecification\",\"valueRequired\":true,\"valueName\":\"search_term_string\"}}],\"inLanguage\":\"fr-FR\"},{\"@type\":\"Organization\",\"@id\":\"https:\\\/\\\/bloovseyewear.com\\\/fr\\\/#organization\",\"name\":\"Bloovs\u00ae Tienda Oficial\",\"url\":\"https:\\\/\\\/bloovseyewear.com\\\/fr\\\/\",\"logo\":{\"@type\":\"ImageObject\",\"inLanguage\":\"fr-FR\",\"@id\":\"https:\\\/\\\/bloovseyewear.com\\\/fr\\\/#\\\/schema\\\/logo\\\/image\\\/\",\"url\":\"https:\\\/\\\/bloovseyewear.com\\\/wp-content\\\/uploads\\\/2018\\\/08\\\/cropped-logo-bloovs-copia-1.png\",\"contentUrl\":\"https:\\\/\\\/bloovseyewear.com\\\/wp-content\\\/uploads\\\/2018\\\/08\\\/cropped-logo-bloovs-copia-1.png\",\"width\":512,\"height\":512,\"caption\":\"Bloovs\u00ae Tienda Oficial\"},\"image\":{\"@id\":\"https:\\\/\\\/bloovseyewear.com\\\/fr\\\/#\\\/schema\\\/logo\\\/image\\\/\"},\"sameAs\":[\"https:\\\/\\\/www.facebook.com\\\/bloovssport\",\"https:\\\/\\\/www.instagram.com\\\/bloovssport\\\/\"]}]}<\/script>\n<!-- \/ Yoast SEO plugin. -->","yoast_head_json":{"title":"Politique de confidentialit\u00e9 - Bloovs\u00ae Tienda Oficial","robots":{"index":"index","follow":"follow","max-snippet":"max-snippet:-1","max-image-preview":"max-image-preview:large","max-video-preview":"max-video-preview:-1"},"canonical":"https:\/\/bloovseyewear.com\/fr\/politique-de-confidentialite\/","og_locale":"fr_FR","og_type":"article","og_title":"Politique de confidentialit\u00e9 - Bloovs\u00ae Tienda Oficial","og_url":"https:\/\/bloovseyewear.com\/fr\/politique-de-confidentialite\/","og_site_name":"Bloovs\u00ae Tienda Oficial","article_publisher":"https:\/\/www.facebook.com\/bloovssport","article_modified_time":"2025-08-26T08:16:28+00:00","twitter_card":"summary_large_image","twitter_misc":{"Dur\u00e9e de lecture estim\u00e9e":"7 minutes"},"schema":{"@context":"https:\/\/schema.org","@graph":[{"@type":"WebPage","@id":"https:\/\/bloovseyewear.com\/fr\/politique-de-confidentialite\/","url":"https:\/\/bloovseyewear.com\/fr\/politique-de-confidentialite\/","name":"Politique de confidentialit\u00e9 - Bloovs\u00ae Tienda Oficial","isPartOf":{"@id":"https:\/\/bloovseyewear.com\/fr\/#website"},"datePublished":"2024-08-16T10:57:51+00:00","dateModified":"2025-08-26T08:16:28+00:00","breadcrumb":{"@id":"https:\/\/bloovseyewear.com\/fr\/politique-de-confidentialite\/#breadcrumb"},"inLanguage":"fr-FR","potentialAction":[{"@type":"ReadAction","target":["https:\/\/bloovseyewear.com\/fr\/politique-de-confidentialite\/"]}]},{"@type":"BreadcrumbList","@id":"https:\/\/bloovseyewear.com\/fr\/politique-de-confidentialite\/#breadcrumb","itemListElement":[{"@type":"ListItem","position":1,"name":"Portada","item":"https:\/\/bloovseyewear.com\/fr\/"},{"@type":"ListItem","position":2,"name":"Politique de confidentialit\u00e9"}]},{"@type":"WebSite","@id":"https:\/\/bloovseyewear.com\/fr\/#website","url":"https:\/\/bloovseyewear.com\/fr\/","name":"Bloovs\u00ae Tienda Oficial","description":"Tus Gafas de Sol para cada aventura","publisher":{"@id":"https:\/\/bloovseyewear.com\/fr\/#organization"},"potentialAction":[{"@type":"SearchAction","target":{"@type":"EntryPoint","urlTemplate":"https:\/\/bloovseyewear.com\/fr\/?s={search_term_string}"},"query-input":{"@type":"PropertyValueSpecification","valueRequired":true,"valueName":"search_term_string"}}],"inLanguage":"fr-FR"},{"@type":"Organization","@id":"https:\/\/bloovseyewear.com\/fr\/#organization","name":"Bloovs\u00ae Tienda Oficial","url":"https:\/\/bloovseyewear.com\/fr\/","logo":{"@type":"ImageObject","inLanguage":"fr-FR","@id":"https:\/\/bloovseyewear.com\/fr\/#\/schema\/logo\/image\/","url":"https:\/\/bloovseyewear.com\/wp-content\/uploads\/2018\/08\/cropped-logo-bloovs-copia-1.png","contentUrl":"https:\/\/bloovseyewear.com\/wp-content\/uploads\/2018\/08\/cropped-logo-bloovs-copia-1.png","width":512,"height":512,"caption":"Bloovs\u00ae Tienda Oficial"},"image":{"@id":"https:\/\/bloovseyewear.com\/fr\/#\/schema\/logo\/image\/"},"sameAs":["https:\/\/www.facebook.com\/bloovssport","https:\/\/www.instagram.com\/bloovssport\/"]}]}},"jetpack_sharing_enabled":true,"_links":{"self":[{"href":"https:\/\/bloovseyewear.com\/fr\/wp-json\/wp\/v2\/pages\/20662","targetHints":{"allow":["GET"]}}],"collection":[{"href":"https:\/\/bloovseyewear.com\/fr\/wp-json\/wp\/v2\/pages"}],"about":[{"href":"https:\/\/bloovseyewear.com\/fr\/wp-json\/wp\/v2\/types\/page"}],"author":[{"embeddable":true,"href":"https:\/\/bloovseyewear.com\/fr\/wp-json\/wp\/v2\/users\/13"}],"replies":[{"embeddable":true,"href":"https:\/\/bloovseyewear.com\/fr\/wp-json\/wp\/v2\/comments?post=20662"}],"version-history":[{"count":3,"href":"https:\/\/bloovseyewear.com\/fr\/wp-json\/wp\/v2\/pages\/20662\/revisions"}],"predecessor-version":[{"id":20666,"href":"https:\/\/bloovseyewear.com\/fr\/wp-json\/wp\/v2\/pages\/20662\/revisions\/20666"}],"wp:attachment":[{"href":"https:\/\/bloovseyewear.com\/fr\/wp-json\/wp\/v2\/media?parent=20662"}],"curies":[{"name":"wp","href":"https:\/\/api.w.org\/{rel}","templated":true}]}}