{"id":20840,"date":"2025-02-27T12:45:49","date_gmt":"2025-02-27T12:45:49","guid":{"rendered":"https:\/\/bloovseyewear.com\/producto\/copacabana-matte-black-gray\/"},"modified":"2025-02-27T12:45:49","modified_gmt":"2025-02-27T12:45:49","slug":"copacabana-matte-black-gray","status":"publish","type":"product","link":"https:\/\/bloovseyewear.com\/fr\/producto\/copacabana-matte-black-gray\/","title":{"rendered":"COPACABANA MATTE BLACK GRAY"},"content":{"rendered":"<h3 data-start=\"73\" data-end=\"666\">DESCRIPTION<\/h3>\n<p data-start=\"73\" data-end=\"666\">D\u00e9couvrez <strong data-start=\"82\" data-end=\"92\">TOKIO<\/strong>, le nouveau mod\u00e8le<strong data-start=\"113\" data-end=\"123\"> Bloovs<\/strong>, con\u00e7u pour ceux qui recherchent performance et style dans une seule paire de lunettes de soleil. Sa <strong data-start=\"196\" data-end=\"219\">monture carr\u00e9e allie<\/strong> un design <strong data-start=\"238\" data-end=\"254\">sportif et d\u00e9contract\u00e9<\/strong> \u00e0 une structure robuste et ergonomique. Les <strong data-start=\"303\" data-end=\"344\">a\u00e9rations sur le dessus am\u00e9liorent la ventilation et r\u00e9duisent<\/strong> la bu\u00e9e lors des activit\u00e9s de plein air. Dot\u00e9es de verres polaris\u00e9s <strong data-start=\"440\" data-end=\"493\">avec technologie Clear HD Vision,<\/strong> elles offrent une vision claire et prot\u00e9g\u00e9e \u00e0 tout moment de la journ\u00e9e. Parfaites pour le sport, la conduite et le quotidien. Explorez avec une clart\u00e9 et un confort optimaux !     <\/p>\n<p data-start=\"668\" data-end=\"865\"><strong data-start=\"671\" data-end=\"702\">\ud83d\udd39 Design sportif et polyvalent<\/strong><br data-start=\"702\" data-end=\"705\"><strong data-start=\"708\" data-end=\"753\">\ud83d\udd39 Ventilation am\u00e9lior\u00e9e pour un confort accru<\/strong><br data-start=\"753\" data-end=\"756\" data-is-only-node=\"\"><strong data-start=\"759\" data-end=\"812\">\ud83d\udd39 Verres polaris\u00e9s avec technologie Clear HD Vision<\/strong><br data-start=\"812\" data-end=\"815\"><strong data-start=\"818\" data-end=\"863\">\ud83d\udd39 Protection et clart\u00e9 dans tous les environnements<\/strong><\/p>\n","protected":false},"excerpt":{"rendered":"<div class=\"page\" title=\"Page 1\">\n<div class=\"layoutArea\">\n<div class=\"column\">\n<h2>Qu&rsquo;est-ce que cela comprend ?<\/h2>\n<ul>\n<li><span>Verres Clear HD Vision Polaris\u00e9es<\/span><\/li>\n<li>\u00c9tui en microfibre<\/li>\n<li>Chiffon en microfibre pour le nettoyage et l&rsquo;entretien des lentilles<\/li>\n<li>Ventilation sur le dessus pour \u00e9viter la formation de bu\u00e9e.<\/li>\n<\/ul>\n<\/div>\n<\/div>\n<\/div>\n","protected":false},"featured_media":20382,"comment_status":"open","ping_status":"closed","template":"","meta":{"_acf_changed":false},"product_brand":[],"product_cat":[338,339],"product_tag":[],"class_list":{"0":"post-20840","1":"product","2":"type-product","3":"status-publish","4":"has-post-thumbnail","6":"product_cat-casual-fr","7":"product_cat-copacabana-fr","9":"first","10":"outofstock","11":"taxable","12":"shipping-taxable","13":"purchasable","14":"product-type-simple"},"acf":[],"yoast_head":"<!-- This site is optimized with the Yoast SEO plugin v27.3 - https:\/\/yoast.com\/product\/yoast-seo-wordpress\/ -->\n<title>COPACABANA MATTE BLACK GRAY - Bloovs\u00ae Tienda Oficial<\/title>\n<meta name=\"robots\" content=\"index, follow, max-snippet:-1, max-image-preview:large, max-video-preview:-1\" \/>\n<link rel=\"canonical\" href=\"https:\/\/bloovseyewear.com\/fr\/producto\/copacabana-matte-black-gray\/\" \/>\n<meta property=\"og:locale\" content=\"fr_FR\" \/>\n<meta property=\"og:type\" content=\"article\" \/>\n<meta property=\"og:title\" content=\"COPACABANA MATTE BLACK GRAY - Bloovs\u00ae Tienda Oficial\" \/>\n<meta property=\"og:description\" content=\"Qu&#039;est-ce que cela comprend ?  Verres Clear HD Vision Polaris\u00e9es  \u00c9tui en microfibre  Chiffon en microfibre pour le nettoyage et l&#039;entretien des lentilles  Ventilation sur le dessus pour \u00e9viter la formation de bu\u00e9e.\" \/>\n<meta property=\"og:url\" content=\"https:\/\/bloovseyewear.com\/fr\/producto\/copacabana-matte-black-gray\/\" \/>\n<meta property=\"og:site_name\" content=\"Bloovs\u00ae Tienda Oficial\" \/>\n<meta property=\"article:publisher\" content=\"https:\/\/www.facebook.com\/bloovssport\" \/>\n<meta property=\"og:image\" content=\"https:\/\/bloovseyewear.com\/wp-content\/uploads\/2025\/02\/COPACABANA_front_BloovsSport_Casual_11.png\" \/>\n\t<meta property=\"og:image:width\" content=\"1440\" \/>\n\t<meta property=\"og:image:height\" content=\"1440\" \/>\n\t<meta property=\"og:image:type\" content=\"image\/png\" \/>\n<meta name=\"twitter:card\" content=\"summary_large_image\" \/>\n<meta name=\"twitter:label1\" content=\"Dur\u00e9e de lecture estim\u00e9e\" \/>\n\t<meta name=\"twitter:data1\" content=\"1 minute\" \/>\n<script type=\"application\/ld+json\" class=\"yoast-schema-graph\">{\"@context\":\"https:\\\/\\\/schema.org\",\"@graph\":[{\"@type\":\"WebPage\",\"@id\":\"https:\\\/\\\/bloovseyewear.com\\\/fr\\\/producto\\\/copacabana-matte-black-gray\\\/\",\"url\":\"https:\\\/\\\/bloovseyewear.com\\\/fr\\\/producto\\\/copacabana-matte-black-gray\\\/\",\"name\":\"COPACABANA MATTE BLACK GRAY - Bloovs\u00ae Tienda Oficial\",\"isPartOf\":{\"@id\":\"https:\\\/\\\/bloovseyewear.com\\\/fr\\\/#website\"},\"primaryImageOfPage\":{\"@id\":\"https:\\\/\\\/bloovseyewear.com\\\/fr\\\/producto\\\/copacabana-matte-black-gray\\\/#primaryimage\"},\"image\":{\"@id\":\"https:\\\/\\\/bloovseyewear.com\\\/fr\\\/producto\\\/copacabana-matte-black-gray\\\/#primaryimage\"},\"thumbnailUrl\":\"https:\\\/\\\/bloovseyewear.com\\\/wp-content\\\/uploads\\\/2025\\\/02\\\/COPACABANA_front_BloovsSport_Casual_11.png\",\"datePublished\":\"2025-02-27T12:45:49+00:00\",\"breadcrumb\":{\"@id\":\"https:\\\/\\\/bloovseyewear.com\\\/fr\\\/producto\\\/copacabana-matte-black-gray\\\/#breadcrumb\"},\"inLanguage\":\"fr-FR\",\"potentialAction\":[{\"@type\":\"ReadAction\",\"target\":[\"https:\\\/\\\/bloovseyewear.com\\\/fr\\\/producto\\\/copacabana-matte-black-gray\\\/\"]}]},{\"@type\":\"ImageObject\",\"inLanguage\":\"fr-FR\",\"@id\":\"https:\\\/\\\/bloovseyewear.com\\\/fr\\\/producto\\\/copacabana-matte-black-gray\\\/#primaryimage\",\"url\":\"https:\\\/\\\/bloovseyewear.com\\\/wp-content\\\/uploads\\\/2025\\\/02\\\/COPACABANA_front_BloovsSport_Casual_11.png\",\"contentUrl\":\"https:\\\/\\\/bloovseyewear.com\\\/wp-content\\\/uploads\\\/2025\\\/02\\\/COPACABANA_front_BloovsSport_Casual_11.png\",\"width\":1440,\"height\":1440},{\"@type\":\"BreadcrumbList\",\"@id\":\"https:\\\/\\\/bloovseyewear.com\\\/fr\\\/producto\\\/copacabana-matte-black-gray\\\/#breadcrumb\",\"itemListElement\":[{\"@type\":\"ListItem\",\"position\":1,\"name\":\"Portada\",\"item\":\"https:\\\/\\\/bloovseyewear.com\\\/fr\\\/\"},{\"@type\":\"ListItem\",\"position\":2,\"name\":\"Boutique\",\"item\":\"https:\\\/\\\/bloovseyewear.com\\\/fr\\\/boutique\\\/\"},{\"@type\":\"ListItem\",\"position\":3,\"name\":\"COPACABANA MATTE BLACK GRAY\"}]},{\"@type\":\"WebSite\",\"@id\":\"https:\\\/\\\/bloovseyewear.com\\\/fr\\\/#website\",\"url\":\"https:\\\/\\\/bloovseyewear.com\\\/fr\\\/\",\"name\":\"Bloovs\u00ae Tienda Oficial\",\"description\":\"Tus Gafas de Sol para cada aventura\",\"publisher\":{\"@id\":\"https:\\\/\\\/bloovseyewear.com\\\/fr\\\/#organization\"},\"potentialAction\":[{\"@type\":\"SearchAction\",\"target\":{\"@type\":\"EntryPoint\",\"urlTemplate\":\"https:\\\/\\\/bloovseyewear.com\\\/fr\\\/?s={search_term_string}\"},\"query-input\":{\"@type\":\"PropertyValueSpecification\",\"valueRequired\":true,\"valueName\":\"search_term_string\"}}],\"inLanguage\":\"fr-FR\"},{\"@type\":\"Organization\",\"@id\":\"https:\\\/\\\/bloovseyewear.com\\\/fr\\\/#organization\",\"name\":\"Bloovs\u00ae Tienda Oficial\",\"url\":\"https:\\\/\\\/bloovseyewear.com\\\/fr\\\/\",\"logo\":{\"@type\":\"ImageObject\",\"inLanguage\":\"fr-FR\",\"@id\":\"https:\\\/\\\/bloovseyewear.com\\\/fr\\\/#\\\/schema\\\/logo\\\/image\\\/\",\"url\":\"https:\\\/\\\/bloovseyewear.com\\\/wp-content\\\/uploads\\\/2018\\\/08\\\/cropped-logo-bloovs-copia-1.png\",\"contentUrl\":\"https:\\\/\\\/bloovseyewear.com\\\/wp-content\\\/uploads\\\/2018\\\/08\\\/cropped-logo-bloovs-copia-1.png\",\"width\":512,\"height\":512,\"caption\":\"Bloovs\u00ae Tienda Oficial\"},\"image\":{\"@id\":\"https:\\\/\\\/bloovseyewear.com\\\/fr\\\/#\\\/schema\\\/logo\\\/image\\\/\"},\"sameAs\":[\"https:\\\/\\\/www.facebook.com\\\/bloovssport\",\"https:\\\/\\\/www.instagram.com\\\/bloovssport\\\/\"]}]}<\/script>\n<!-- \/ Yoast SEO plugin. -->","yoast_head_json":{"title":"COPACABANA MATTE BLACK GRAY - Bloovs\u00ae Tienda Oficial","robots":{"index":"index","follow":"follow","max-snippet":"max-snippet:-1","max-image-preview":"max-image-preview:large","max-video-preview":"max-video-preview:-1"},"canonical":"https:\/\/bloovseyewear.com\/fr\/producto\/copacabana-matte-black-gray\/","og_locale":"fr_FR","og_type":"article","og_title":"COPACABANA MATTE BLACK GRAY - Bloovs\u00ae Tienda Oficial","og_description":"Qu'est-ce que cela comprend ?  Verres Clear HD Vision Polaris\u00e9es  \u00c9tui en microfibre  Chiffon en microfibre pour le nettoyage et l'entretien des lentilles  Ventilation sur le dessus pour \u00e9viter la formation de bu\u00e9e.","og_url":"https:\/\/bloovseyewear.com\/fr\/producto\/copacabana-matte-black-gray\/","og_site_name":"Bloovs\u00ae Tienda Oficial","article_publisher":"https:\/\/www.facebook.com\/bloovssport","og_image":[{"width":1440,"height":1440,"url":"https:\/\/bloovseyewear.com\/wp-content\/uploads\/2025\/02\/COPACABANA_front_BloovsSport_Casual_11.png","type":"image\/png"}],"twitter_card":"summary_large_image","twitter_misc":{"Dur\u00e9e de lecture estim\u00e9e":"1 minute"},"schema":{"@context":"https:\/\/schema.org","@graph":[{"@type":"WebPage","@id":"https:\/\/bloovseyewear.com\/fr\/producto\/copacabana-matte-black-gray\/","url":"https:\/\/bloovseyewear.com\/fr\/producto\/copacabana-matte-black-gray\/","name":"COPACABANA MATTE BLACK GRAY - Bloovs\u00ae Tienda Oficial","isPartOf":{"@id":"https:\/\/bloovseyewear.com\/fr\/#website"},"primaryImageOfPage":{"@id":"https:\/\/bloovseyewear.com\/fr\/producto\/copacabana-matte-black-gray\/#primaryimage"},"image":{"@id":"https:\/\/bloovseyewear.com\/fr\/producto\/copacabana-matte-black-gray\/#primaryimage"},"thumbnailUrl":"https:\/\/bloovseyewear.com\/wp-content\/uploads\/2025\/02\/COPACABANA_front_BloovsSport_Casual_11.png","datePublished":"2025-02-27T12:45:49+00:00","breadcrumb":{"@id":"https:\/\/bloovseyewear.com\/fr\/producto\/copacabana-matte-black-gray\/#breadcrumb"},"inLanguage":"fr-FR","potentialAction":[{"@type":"ReadAction","target":["https:\/\/bloovseyewear.com\/fr\/producto\/copacabana-matte-black-gray\/"]}]},{"@type":"ImageObject","inLanguage":"fr-FR","@id":"https:\/\/bloovseyewear.com\/fr\/producto\/copacabana-matte-black-gray\/#primaryimage","url":"https:\/\/bloovseyewear.com\/wp-content\/uploads\/2025\/02\/COPACABANA_front_BloovsSport_Casual_11.png","contentUrl":"https:\/\/bloovseyewear.com\/wp-content\/uploads\/2025\/02\/COPACABANA_front_BloovsSport_Casual_11.png","width":1440,"height":1440},{"@type":"BreadcrumbList","@id":"https:\/\/bloovseyewear.com\/fr\/producto\/copacabana-matte-black-gray\/#breadcrumb","itemListElement":[{"@type":"ListItem","position":1,"name":"Portada","item":"https:\/\/bloovseyewear.com\/fr\/"},{"@type":"ListItem","position":2,"name":"Boutique","item":"https:\/\/bloovseyewear.com\/fr\/boutique\/"},{"@type":"ListItem","position":3,"name":"COPACABANA MATTE BLACK GRAY"}]},{"@type":"WebSite","@id":"https:\/\/bloovseyewear.com\/fr\/#website","url":"https:\/\/bloovseyewear.com\/fr\/","name":"Bloovs\u00ae Tienda Oficial","description":"Tus Gafas de Sol para cada aventura","publisher":{"@id":"https:\/\/bloovseyewear.com\/fr\/#organization"},"potentialAction":[{"@type":"SearchAction","target":{"@type":"EntryPoint","urlTemplate":"https:\/\/bloovseyewear.com\/fr\/?s={search_term_string}"},"query-input":{"@type":"PropertyValueSpecification","valueRequired":true,"valueName":"search_term_string"}}],"inLanguage":"fr-FR"},{"@type":"Organization","@id":"https:\/\/bloovseyewear.com\/fr\/#organization","name":"Bloovs\u00ae Tienda Oficial","url":"https:\/\/bloovseyewear.com\/fr\/","logo":{"@type":"ImageObject","inLanguage":"fr-FR","@id":"https:\/\/bloovseyewear.com\/fr\/#\/schema\/logo\/image\/","url":"https:\/\/bloovseyewear.com\/wp-content\/uploads\/2018\/08\/cropped-logo-bloovs-copia-1.png","contentUrl":"https:\/\/bloovseyewear.com\/wp-content\/uploads\/2018\/08\/cropped-logo-bloovs-copia-1.png","width":512,"height":512,"caption":"Bloovs\u00ae Tienda Oficial"},"image":{"@id":"https:\/\/bloovseyewear.com\/fr\/#\/schema\/logo\/image\/"},"sameAs":["https:\/\/www.facebook.com\/bloovssport","https:\/\/www.instagram.com\/bloovssport\/"]}]}},"jetpack_sharing_enabled":true,"_links":{"self":[{"href":"https:\/\/bloovseyewear.com\/fr\/wp-json\/wp\/v2\/product\/20840","targetHints":{"allow":["GET"]}}],"collection":[{"href":"https:\/\/bloovseyewear.com\/fr\/wp-json\/wp\/v2\/product"}],"about":[{"href":"https:\/\/bloovseyewear.com\/fr\/wp-json\/wp\/v2\/types\/product"}],"replies":[{"embeddable":true,"href":"https:\/\/bloovseyewear.com\/fr\/wp-json\/wp\/v2\/comments?post=20840"}],"wp:featuredmedia":[{"embeddable":true,"href":"https:\/\/bloovseyewear.com\/fr\/wp-json\/wp\/v2\/media\/20382"}],"wp:attachment":[{"href":"https:\/\/bloovseyewear.com\/fr\/wp-json\/wp\/v2\/media?parent=20840"}],"wp:term":[{"taxonomy":"product_brand","embeddable":true,"href":"https:\/\/bloovseyewear.com\/fr\/wp-json\/wp\/v2\/product_brand?post=20840"},{"taxonomy":"product_cat","embeddable":true,"href":"https:\/\/bloovseyewear.com\/fr\/wp-json\/wp\/v2\/product_cat?post=20840"},{"taxonomy":"product_tag","embeddable":true,"href":"https:\/\/bloovseyewear.com\/fr\/wp-json\/wp\/v2\/product_tag?post=20840"}],"curies":[{"name":"wp","href":"https:\/\/api.w.org\/{rel}","templated":true}]}}