{"id":21077,"date":"2024-10-30T11:21:58","date_gmt":"2024-10-30T11:21:58","guid":{"rendered":"https:\/\/bloovseyewear.com\/producto\/tenerife-bordeux\/"},"modified":"2025-09-30T11:12:28","modified_gmt":"2025-09-30T11:12:28","slug":"tenerife-bordeux","status":"publish","type":"product","link":"https:\/\/bloovseyewear.com\/fr\/producto\/tenerife-bordeux\/","title":{"rendered":"Tenerife Bordeux"},"content":{"rendered":"","protected":false},"excerpt":{"rendered":"<p> <strong>Design sportif :<\/strong> Esth\u00e9tique moderne et a\u00e9rodynamique.<br \/>\n <strong>Mat\u00e9riau durable :<\/strong> Fabriqu\u00e9 en Arkema G850 Biosourc\u00e9.<br \/>\n <strong>R\u00e9sistance et durabilit\u00e9 :<\/strong> Le G850 Biobased offre une r\u00e9sistance sup\u00e9rieure aux chocs et aux intemp\u00e9ries.<br \/>\n <strong>L\u00e9g\u00e8ret\u00e9 et confort.<\/strong><br \/>\n <strong>Versatilit\u00e9.<\/strong><\/p>\n","protected":false},"featured_media":19290,"comment_status":"open","ping_status":"closed","template":"","meta":{"_acf_changed":false},"product_brand":[],"product_cat":[378,390],"product_tag":[380],"class_list":{"0":"post-21077","1":"product","2":"type-product","3":"status-publish","4":"has-post-thumbnail","6":"product_cat-optique","7":"product_cat-tenerife-fr","8":"product_tag-optique","10":"first","11":"instock","12":"taxable","13":"shipping-taxable","14":"product-type-simple"},"acf":[],"yoast_head":"<!-- This site is optimized with the Yoast SEO plugin v27.3 - https:\/\/yoast.com\/product\/yoast-seo-wordpress\/ -->\n<title>|<\/title>\n<meta name=\"description\" content=\"D\u00e9couvrez le mod\u00e8le Tenerife de notre collection d\u2019optiques. Unique, sportif, l\u00e9ger et r\u00e9sistant. Id\u00e9al pour la vie quotidienne la plus exigeante\" \/>\n<meta name=\"robots\" content=\"index, follow, max-snippet:-1, max-image-preview:large, max-video-preview:-1\" \/>\n<link rel=\"canonical\" href=\"https:\/\/bloovseyewear.com\/fr\/producto\/tenerife-bordeux\/\" \/>\n<meta property=\"og:locale\" content=\"fr_FR\" \/>\n<meta property=\"og:type\" content=\"article\" \/>\n<meta property=\"og:title\" content=\"|\" \/>\n<meta property=\"og:description\" content=\"D\u00e9couvrez le mod\u00e8le Tenerife de notre collection d\u2019optiques. Unique, sportif, l\u00e9ger et r\u00e9sistant. Id\u00e9al pour la vie quotidienne la plus exigeante\" \/>\n<meta property=\"og:url\" content=\"https:\/\/bloovseyewear.com\/fr\/producto\/tenerife-bordeux\/\" \/>\n<meta property=\"og:site_name\" content=\"Bloovs\u00ae Tienda Oficial\" \/>\n<meta property=\"article:publisher\" content=\"https:\/\/www.facebook.com\/bloovssport\" \/>\n<meta property=\"article:modified_time\" content=\"2025-09-30T11:12:28+00:00\" \/>\n<meta property=\"og:image\" content=\"https:\/\/bloovseyewear.com\/wp-content\/uploads\/2024\/10\/Bloovs_optical_R7A7631_f.png\" \/>\n\t<meta property=\"og:image:width\" content=\"1440\" \/>\n\t<meta property=\"og:image:height\" content=\"1440\" \/>\n\t<meta property=\"og:image:type\" content=\"image\/png\" \/>\n<meta name=\"twitter:card\" content=\"summary_large_image\" \/>\n<script type=\"application\/ld+json\" class=\"yoast-schema-graph\">{\"@context\":\"https:\\\/\\\/schema.org\",\"@graph\":[{\"@type\":\"WebPage\",\"@id\":\"https:\\\/\\\/bloovseyewear.com\\\/fr\\\/producto\\\/tenerife-bordeux\\\/\",\"url\":\"https:\\\/\\\/bloovseyewear.com\\\/fr\\\/producto\\\/tenerife-bordeux\\\/\",\"name\":\"|\",\"isPartOf\":{\"@id\":\"https:\\\/\\\/bloovseyewear.com\\\/fr\\\/#website\"},\"primaryImageOfPage\":{\"@id\":\"https:\\\/\\\/bloovseyewear.com\\\/fr\\\/producto\\\/tenerife-bordeux\\\/#primaryimage\"},\"image\":{\"@id\":\"https:\\\/\\\/bloovseyewear.com\\\/fr\\\/producto\\\/tenerife-bordeux\\\/#primaryimage\"},\"thumbnailUrl\":\"https:\\\/\\\/bloovseyewear.com\\\/wp-content\\\/uploads\\\/2024\\\/10\\\/Bloovs_optical_R7A7631_f.png\",\"datePublished\":\"2024-10-30T11:21:58+00:00\",\"dateModified\":\"2025-09-30T11:12:28+00:00\",\"description\":\"D\u00e9couvrez le mod\u00e8le Tenerife de notre collection d\u2019optiques. Unique, sportif, l\u00e9ger et r\u00e9sistant. Id\u00e9al pour la vie quotidienne la plus exigeante\",\"breadcrumb\":{\"@id\":\"https:\\\/\\\/bloovseyewear.com\\\/fr\\\/producto\\\/tenerife-bordeux\\\/#breadcrumb\"},\"inLanguage\":\"fr-FR\",\"potentialAction\":[{\"@type\":\"ReadAction\",\"target\":[\"https:\\\/\\\/bloovseyewear.com\\\/fr\\\/producto\\\/tenerife-bordeux\\\/\"]}]},{\"@type\":\"ImageObject\",\"inLanguage\":\"fr-FR\",\"@id\":\"https:\\\/\\\/bloovseyewear.com\\\/fr\\\/producto\\\/tenerife-bordeux\\\/#primaryimage\",\"url\":\"https:\\\/\\\/bloovseyewear.com\\\/wp-content\\\/uploads\\\/2024\\\/10\\\/Bloovs_optical_R7A7631_f.png\",\"contentUrl\":\"https:\\\/\\\/bloovseyewear.com\\\/wp-content\\\/uploads\\\/2024\\\/10\\\/Bloovs_optical_R7A7631_f.png\",\"width\":1440,\"height\":1440},{\"@type\":\"BreadcrumbList\",\"@id\":\"https:\\\/\\\/bloovseyewear.com\\\/fr\\\/producto\\\/tenerife-bordeux\\\/#breadcrumb\",\"itemListElement\":[{\"@type\":\"ListItem\",\"position\":1,\"name\":\"Portada\",\"item\":\"https:\\\/\\\/bloovseyewear.com\\\/fr\\\/\"},{\"@type\":\"ListItem\",\"position\":2,\"name\":\"Boutique\",\"item\":\"https:\\\/\\\/bloovseyewear.com\\\/fr\\\/boutique\\\/\"},{\"@type\":\"ListItem\",\"position\":3,\"name\":\"Tenerife Bordeux\"}]},{\"@type\":\"WebSite\",\"@id\":\"https:\\\/\\\/bloovseyewear.com\\\/fr\\\/#website\",\"url\":\"https:\\\/\\\/bloovseyewear.com\\\/fr\\\/\",\"name\":\"Bloovs\u00ae Tienda Oficial\",\"description\":\"Tus Gafas de Sol para cada aventura\",\"publisher\":{\"@id\":\"https:\\\/\\\/bloovseyewear.com\\\/fr\\\/#organization\"},\"potentialAction\":[{\"@type\":\"SearchAction\",\"target\":{\"@type\":\"EntryPoint\",\"urlTemplate\":\"https:\\\/\\\/bloovseyewear.com\\\/fr\\\/?s={search_term_string}\"},\"query-input\":{\"@type\":\"PropertyValueSpecification\",\"valueRequired\":true,\"valueName\":\"search_term_string\"}}],\"inLanguage\":\"fr-FR\"},{\"@type\":\"Organization\",\"@id\":\"https:\\\/\\\/bloovseyewear.com\\\/fr\\\/#organization\",\"name\":\"Bloovs\u00ae Tienda Oficial\",\"url\":\"https:\\\/\\\/bloovseyewear.com\\\/fr\\\/\",\"logo\":{\"@type\":\"ImageObject\",\"inLanguage\":\"fr-FR\",\"@id\":\"https:\\\/\\\/bloovseyewear.com\\\/fr\\\/#\\\/schema\\\/logo\\\/image\\\/\",\"url\":\"https:\\\/\\\/bloovseyewear.com\\\/wp-content\\\/uploads\\\/2018\\\/08\\\/cropped-logo-bloovs-copia-1.png\",\"contentUrl\":\"https:\\\/\\\/bloovseyewear.com\\\/wp-content\\\/uploads\\\/2018\\\/08\\\/cropped-logo-bloovs-copia-1.png\",\"width\":512,\"height\":512,\"caption\":\"Bloovs\u00ae Tienda Oficial\"},\"image\":{\"@id\":\"https:\\\/\\\/bloovseyewear.com\\\/fr\\\/#\\\/schema\\\/logo\\\/image\\\/\"},\"sameAs\":[\"https:\\\/\\\/www.facebook.com\\\/bloovssport\",\"https:\\\/\\\/www.instagram.com\\\/bloovssport\\\/\"]}]}<\/script>\n<!-- \/ Yoast SEO plugin. -->","yoast_head_json":{"title":"|","description":"D\u00e9couvrez le mod\u00e8le Tenerife de notre collection d\u2019optiques. Unique, sportif, l\u00e9ger et r\u00e9sistant. Id\u00e9al pour la vie quotidienne la plus exigeante","robots":{"index":"index","follow":"follow","max-snippet":"max-snippet:-1","max-image-preview":"max-image-preview:large","max-video-preview":"max-video-preview:-1"},"canonical":"https:\/\/bloovseyewear.com\/fr\/producto\/tenerife-bordeux\/","og_locale":"fr_FR","og_type":"article","og_title":"|","og_description":"D\u00e9couvrez le mod\u00e8le Tenerife de notre collection d\u2019optiques. Unique, sportif, l\u00e9ger et r\u00e9sistant. Id\u00e9al pour la vie quotidienne la plus exigeante","og_url":"https:\/\/bloovseyewear.com\/fr\/producto\/tenerife-bordeux\/","og_site_name":"Bloovs\u00ae Tienda Oficial","article_publisher":"https:\/\/www.facebook.com\/bloovssport","article_modified_time":"2025-09-30T11:12:28+00:00","og_image":[{"width":1440,"height":1440,"url":"https:\/\/bloovseyewear.com\/wp-content\/uploads\/2024\/10\/Bloovs_optical_R7A7631_f.png","type":"image\/png"}],"twitter_card":"summary_large_image","schema":{"@context":"https:\/\/schema.org","@graph":[{"@type":"WebPage","@id":"https:\/\/bloovseyewear.com\/fr\/producto\/tenerife-bordeux\/","url":"https:\/\/bloovseyewear.com\/fr\/producto\/tenerife-bordeux\/","name":"|","isPartOf":{"@id":"https:\/\/bloovseyewear.com\/fr\/#website"},"primaryImageOfPage":{"@id":"https:\/\/bloovseyewear.com\/fr\/producto\/tenerife-bordeux\/#primaryimage"},"image":{"@id":"https:\/\/bloovseyewear.com\/fr\/producto\/tenerife-bordeux\/#primaryimage"},"thumbnailUrl":"https:\/\/bloovseyewear.com\/wp-content\/uploads\/2024\/10\/Bloovs_optical_R7A7631_f.png","datePublished":"2024-10-30T11:21:58+00:00","dateModified":"2025-09-30T11:12:28+00:00","description":"D\u00e9couvrez le mod\u00e8le Tenerife de notre collection d\u2019optiques. Unique, sportif, l\u00e9ger et r\u00e9sistant. Id\u00e9al pour la vie quotidienne la plus exigeante","breadcrumb":{"@id":"https:\/\/bloovseyewear.com\/fr\/producto\/tenerife-bordeux\/#breadcrumb"},"inLanguage":"fr-FR","potentialAction":[{"@type":"ReadAction","target":["https:\/\/bloovseyewear.com\/fr\/producto\/tenerife-bordeux\/"]}]},{"@type":"ImageObject","inLanguage":"fr-FR","@id":"https:\/\/bloovseyewear.com\/fr\/producto\/tenerife-bordeux\/#primaryimage","url":"https:\/\/bloovseyewear.com\/wp-content\/uploads\/2024\/10\/Bloovs_optical_R7A7631_f.png","contentUrl":"https:\/\/bloovseyewear.com\/wp-content\/uploads\/2024\/10\/Bloovs_optical_R7A7631_f.png","width":1440,"height":1440},{"@type":"BreadcrumbList","@id":"https:\/\/bloovseyewear.com\/fr\/producto\/tenerife-bordeux\/#breadcrumb","itemListElement":[{"@type":"ListItem","position":1,"name":"Portada","item":"https:\/\/bloovseyewear.com\/fr\/"},{"@type":"ListItem","position":2,"name":"Boutique","item":"https:\/\/bloovseyewear.com\/fr\/boutique\/"},{"@type":"ListItem","position":3,"name":"Tenerife Bordeux"}]},{"@type":"WebSite","@id":"https:\/\/bloovseyewear.com\/fr\/#website","url":"https:\/\/bloovseyewear.com\/fr\/","name":"Bloovs\u00ae Tienda Oficial","description":"Tus Gafas de Sol para cada aventura","publisher":{"@id":"https:\/\/bloovseyewear.com\/fr\/#organization"},"potentialAction":[{"@type":"SearchAction","target":{"@type":"EntryPoint","urlTemplate":"https:\/\/bloovseyewear.com\/fr\/?s={search_term_string}"},"query-input":{"@type":"PropertyValueSpecification","valueRequired":true,"valueName":"search_term_string"}}],"inLanguage":"fr-FR"},{"@type":"Organization","@id":"https:\/\/bloovseyewear.com\/fr\/#organization","name":"Bloovs\u00ae Tienda Oficial","url":"https:\/\/bloovseyewear.com\/fr\/","logo":{"@type":"ImageObject","inLanguage":"fr-FR","@id":"https:\/\/bloovseyewear.com\/fr\/#\/schema\/logo\/image\/","url":"https:\/\/bloovseyewear.com\/wp-content\/uploads\/2018\/08\/cropped-logo-bloovs-copia-1.png","contentUrl":"https:\/\/bloovseyewear.com\/wp-content\/uploads\/2018\/08\/cropped-logo-bloovs-copia-1.png","width":512,"height":512,"caption":"Bloovs\u00ae Tienda Oficial"},"image":{"@id":"https:\/\/bloovseyewear.com\/fr\/#\/schema\/logo\/image\/"},"sameAs":["https:\/\/www.facebook.com\/bloovssport","https:\/\/www.instagram.com\/bloovssport\/"]}]}},"jetpack_sharing_enabled":true,"_links":{"self":[{"href":"https:\/\/bloovseyewear.com\/fr\/wp-json\/wp\/v2\/product\/21077","targetHints":{"allow":["GET"]}}],"collection":[{"href":"https:\/\/bloovseyewear.com\/fr\/wp-json\/wp\/v2\/product"}],"about":[{"href":"https:\/\/bloovseyewear.com\/fr\/wp-json\/wp\/v2\/types\/product"}],"replies":[{"embeddable":true,"href":"https:\/\/bloovseyewear.com\/fr\/wp-json\/wp\/v2\/comments?post=21077"}],"wp:featuredmedia":[{"embeddable":true,"href":"https:\/\/bloovseyewear.com\/fr\/wp-json\/wp\/v2\/media\/19290"}],"wp:attachment":[{"href":"https:\/\/bloovseyewear.com\/fr\/wp-json\/wp\/v2\/media?parent=21077"}],"wp:term":[{"taxonomy":"product_brand","embeddable":true,"href":"https:\/\/bloovseyewear.com\/fr\/wp-json\/wp\/v2\/product_brand?post=21077"},{"taxonomy":"product_cat","embeddable":true,"href":"https:\/\/bloovseyewear.com\/fr\/wp-json\/wp\/v2\/product_cat?post=21077"},{"taxonomy":"product_tag","embeddable":true,"href":"https:\/\/bloovseyewear.com\/fr\/wp-json\/wp\/v2\/product_tag?post=21077"}],"curies":[{"name":"wp","href":"https:\/\/api.w.org\/{rel}","templated":true}]}}