{"id":21172,"date":"2023-01-30T15:21:50","date_gmt":"2023-01-30T15:21:50","guid":{"rendered":"https:\/\/bloovseyewear.com\/producto\/flandres-noir-mat-rouge\/"},"modified":"2025-08-29T10:50:44","modified_gmt":"2025-08-29T10:50:44","slug":"flandres-noir-mat-rouge","status":"publish","type":"product","link":"https:\/\/bloovseyewear.com\/fr\/producto\/flandres-noir-mat-rouge\/","title":{"rendered":"Flandres Noir Mat Rouge"},"content":{"rendered":"<section class=\"l-section wpb_row height_medium\"><div class=\"l-section-h i-cf\"><div class=\"g-cols vc_row via_grid cols_1 laptops-cols_inherit tablets-cols_inherit mobiles-cols_1 valign_top type_default stacking_default\"><div class=\"wpb_column vc_column_container\"><div class=\"vc_column-inner\"><div class=\"wpb_text_column\"><div class=\"wpb_wrapper\"><h4>Description<\/h4>\n<p style=\"font-weight: 400;\">Tirez le meilleur parti du mod\u00e8le Bloovs Flanders et de sa conception en demi-jante qui offre une vue totale et d\u00e9gag\u00e9e sur les sentiers et la route. Son cadre l\u00e9ger avec une adh\u00e9rence parfaite qui reste en place contre n\u2019importe quel obstacle garantit une exp\u00e9rience id\u00e9ale. <\/p>\n<p>Le mod\u00e8le Flanders combine une couverture parfaite, avec une adh\u00e9rence<span>  <\/span>et une taille moyenne id\u00e9ale pour tous les visages.  <span> <\/span>De plus, les verres polarisants dot\u00e9s de la technologie Clear HD Vision mettent en valeur les d\u00e9tails des sentiers et des vall\u00e9es les plus luxuriantes.<\/p>\n<h4>Caract\u00e9ristiques principales :<\/h4>\n<ul>\n<li style=\"font-weight: 400;\"><span>Nous fabriquons nos verres en polycarbonate pour garantir la r\u00e9sistance aux chocs tout en donnant au verre une plus grande l\u00e9g\u00e8ret\u00e9.<\/span><\/li>\n<li style=\"font-weight: 400;\">Tous nos verres sont livr\u00e9s avec des rev\u00eatements antireflets et anti-rayures pour assurer la durabilit\u00e9 du produit.<\/li>\n<li style=\"font-weight: 400;\">Les verres Otter filtrent 100&nbsp;% des rayons UVA et UVB pour vous offrir une protection totale contre le soleil,<\/li>\n<li style=\"font-weight: 400;\">Nous donnons \u00e0 nos montures une courbure parfaite pour vous offrir un effet enveloppant qui prot\u00e8ge vos yeux du vent tout en vous offrant un champ de vision plus large.<\/li>\n<li style=\"font-weight: 400;\"><span>Le support nasal et les extr\u00e9mit\u00e9s des branches sont dot\u00e9s d\u2019un silicone antid\u00e9rapant, hypoallerg\u00e9nique et ajustable pour offrir un ajustement parfait et un plus grand confort pendant le sport.  <\/span><\/li>\n<li style=\"font-weight: 400;\">Nous travaillons au d\u00e9veloppement d\u2019une ventilation parfaite pour \u00e9viter que les verres ne se coincent pendant le sport.<\/li>\n<li style=\"font-weight: 400;\">Nos verres sont livr\u00e9s avec un traitement hydrologique pour emp\u00eacher l\u2019eau et la sueur d\u2019adh\u00e9rer aux verres, am\u00e9liorant ainsi le champ de vision dans les climats humides et pluvieux&#8230;<\/li>\n<li style=\"font-weight: 400;\">L\u00e9g\u00e8ret\u00e9 et confort sont nos ma\u00eetres mots. Tous nos cadres sont extr\u00eamement l\u00e9gers pour am\u00e9liorer au maximum votre exp\u00e9rience. <\/li>\n<\/ul>\n<\/div><\/div><div class=\"w-separator size_medium with_line width_default thick_1 style_solid color_border align_center\"><div class=\"w-separator-h\"><\/div><\/div><div class=\"wpb_text_column\"><div class=\"wpb_wrapper\"><h4>Comprend<\/h4>\n<ul>\n<li style=\"font-weight: 400;\"><span>Lentille polaris\u00e9e Clear HD Vision<\/span><\/li>\n<li style=\"font-weight: 400;\">Valise rigide haute performance<\/li>\n<li style=\"font-weight: 400;\">Sac en microfibre<\/li>\n<li style=\"font-weight: 400;\">Peau de chamois en microfibre pour le nettoyage des verres<\/li>\n<\/ul>\n<\/div><\/div><\/div><\/div><\/div><\/div><\/section>\n","protected":false},"excerpt":{"rendered":"<p><img fetchpriority=\"high\" decoding=\"async\" class=\"alignnone size-full wp-image-13104\" src=\"https:\/\/bloovseyewear.com\/wp-content\/uploads\/2022\/01\/FLANDES.jpg\" alt=\"\" width=\"700\" height=\"265\" srcset=\"https:\/\/i0.wp.com\/bloovseyewear.com\/wp-content\/uploads\/2022\/01\/FLANDES.jpg?w=700&amp;quality=72&amp;ssl=1 700w, https:\/\/i0.wp.com\/bloovseyewear.com\/wp-content\/uploads\/2022\/01\/FLANDES.jpg?resize=600%2C227&amp;quality=72&amp;ssl=1 600w, https:\/\/i0.wp.com\/bloovseyewear.com\/wp-content\/uploads\/2022\/01\/FLANDES.jpg?resize=300%2C114&amp;quality=72&amp;ssl=1 300w\" sizes=\"(max-width: 700px) 100vw, 700px\" \/><\/p>\n","protected":false},"featured_media":16070,"comment_status":"open","ping_status":"closed","template":"","meta":{"_acf_changed":false},"product_brand":[],"product_cat":[403,361],"product_tag":[363],"class_list":{"0":"post-21172","1":"product","2":"type-product","3":"status-publish","4":"has-post-thumbnail","6":"product_cat-flandes-fr","7":"product_cat-performance-in-fr","8":"product_tag-lunettes-de-sport","10":"first","11":"instock","12":"taxable","13":"shipping-taxable","14":"purchasable","15":"product-type-simple"},"acf":[],"yoast_head":"<!-- This site is optimized with the Yoast SEO plugin v27.3 - https:\/\/yoast.com\/product\/yoast-seo-wordpress\/ -->\n<title>Flandres Noir Mat Rouge - Bloovs\u00ae Tienda Oficial<\/title>\n<meta name=\"description\" content=\"Le mod\u00e8le FLANDERS MATTE BLACK RED arrive dans notre catalogue pour compl\u00e9ter la ligne sport avec un design frais et innovant\" \/>\n<meta name=\"robots\" content=\"index, follow, max-snippet:-1, max-image-preview:large, max-video-preview:-1\" \/>\n<link rel=\"canonical\" href=\"https:\/\/bloovseyewear.com\/fr\/producto\/flandres-noir-mat-rouge\/\" \/>\n<meta property=\"og:locale\" content=\"fr_FR\" \/>\n<meta property=\"og:type\" content=\"article\" \/>\n<meta property=\"og:title\" content=\"Flandres Noir Mat Rouge - Bloovs\u00ae Tienda Oficial\" \/>\n<meta property=\"og:description\" content=\"Le mod\u00e8le FLANDERS MATTE BLACK RED arrive dans notre catalogue pour compl\u00e9ter la ligne sport avec un design frais et innovant\" \/>\n<meta property=\"og:url\" content=\"https:\/\/bloovseyewear.com\/fr\/producto\/flandres-noir-mat-rouge\/\" \/>\n<meta property=\"og:site_name\" content=\"Bloovs\u00ae Tienda Oficial\" \/>\n<meta property=\"article:publisher\" content=\"https:\/\/www.facebook.com\/bloovssport\" \/>\n<meta property=\"article:modified_time\" content=\"2025-08-29T10:50:44+00:00\" \/>\n<meta property=\"og:image\" content=\"https:\/\/bloovseyewear.com\/wp-content\/uploads\/2023\/01\/BLO_23_Sport_6.png\" \/>\n\t<meta property=\"og:image:width\" content=\"1440\" \/>\n\t<meta property=\"og:image:height\" content=\"1440\" \/>\n\t<meta property=\"og:image:type\" content=\"image\/png\" \/>\n<meta name=\"twitter:card\" content=\"summary_large_image\" \/>\n<meta name=\"twitter:label1\" content=\"Dur\u00e9e de lecture estim\u00e9e\" \/>\n\t<meta name=\"twitter:data1\" content=\"2 minutes\" \/>\n<script type=\"application\/ld+json\" class=\"yoast-schema-graph\">{\"@context\":\"https:\\\/\\\/schema.org\",\"@graph\":[{\"@type\":\"WebPage\",\"@id\":\"https:\\\/\\\/bloovseyewear.com\\\/fr\\\/producto\\\/flandres-noir-mat-rouge\\\/\",\"url\":\"https:\\\/\\\/bloovseyewear.com\\\/fr\\\/producto\\\/flandres-noir-mat-rouge\\\/\",\"name\":\"Flandres Noir Mat Rouge - Bloovs\u00ae Tienda Oficial\",\"isPartOf\":{\"@id\":\"https:\\\/\\\/bloovseyewear.com\\\/fr\\\/#website\"},\"primaryImageOfPage\":{\"@id\":\"https:\\\/\\\/bloovseyewear.com\\\/fr\\\/producto\\\/flandres-noir-mat-rouge\\\/#primaryimage\"},\"image\":{\"@id\":\"https:\\\/\\\/bloovseyewear.com\\\/fr\\\/producto\\\/flandres-noir-mat-rouge\\\/#primaryimage\"},\"thumbnailUrl\":\"https:\\\/\\\/bloovseyewear.com\\\/wp-content\\\/uploads\\\/2023\\\/01\\\/BLO_23_Sport_6.png\",\"datePublished\":\"2023-01-30T15:21:50+00:00\",\"dateModified\":\"2025-08-29T10:50:44+00:00\",\"description\":\"Le mod\u00e8le FLANDERS MATTE BLACK RED arrive dans notre catalogue pour compl\u00e9ter la ligne sport avec un design frais et innovant\",\"breadcrumb\":{\"@id\":\"https:\\\/\\\/bloovseyewear.com\\\/fr\\\/producto\\\/flandres-noir-mat-rouge\\\/#breadcrumb\"},\"inLanguage\":\"fr-FR\",\"potentialAction\":[{\"@type\":\"ReadAction\",\"target\":[\"https:\\\/\\\/bloovseyewear.com\\\/fr\\\/producto\\\/flandres-noir-mat-rouge\\\/\"]}]},{\"@type\":\"ImageObject\",\"inLanguage\":\"fr-FR\",\"@id\":\"https:\\\/\\\/bloovseyewear.com\\\/fr\\\/producto\\\/flandres-noir-mat-rouge\\\/#primaryimage\",\"url\":\"https:\\\/\\\/bloovseyewear.com\\\/wp-content\\\/uploads\\\/2023\\\/01\\\/BLO_23_Sport_6.png\",\"contentUrl\":\"https:\\\/\\\/bloovseyewear.com\\\/wp-content\\\/uploads\\\/2023\\\/01\\\/BLO_23_Sport_6.png\",\"width\":1440,\"height\":1440},{\"@type\":\"BreadcrumbList\",\"@id\":\"https:\\\/\\\/bloovseyewear.com\\\/fr\\\/producto\\\/flandres-noir-mat-rouge\\\/#breadcrumb\",\"itemListElement\":[{\"@type\":\"ListItem\",\"position\":1,\"name\":\"Portada\",\"item\":\"https:\\\/\\\/bloovseyewear.com\\\/fr\\\/\"},{\"@type\":\"ListItem\",\"position\":2,\"name\":\"Boutique\",\"item\":\"https:\\\/\\\/bloovseyewear.com\\\/fr\\\/boutique\\\/\"},{\"@type\":\"ListItem\",\"position\":3,\"name\":\"Flandres Noir Mat Rouge\"}]},{\"@type\":\"WebSite\",\"@id\":\"https:\\\/\\\/bloovseyewear.com\\\/fr\\\/#website\",\"url\":\"https:\\\/\\\/bloovseyewear.com\\\/fr\\\/\",\"name\":\"Bloovs\u00ae Tienda Oficial\",\"description\":\"Tus Gafas de Sol para cada aventura\",\"publisher\":{\"@id\":\"https:\\\/\\\/bloovseyewear.com\\\/fr\\\/#organization\"},\"potentialAction\":[{\"@type\":\"SearchAction\",\"target\":{\"@type\":\"EntryPoint\",\"urlTemplate\":\"https:\\\/\\\/bloovseyewear.com\\\/fr\\\/?s={search_term_string}\"},\"query-input\":{\"@type\":\"PropertyValueSpecification\",\"valueRequired\":true,\"valueName\":\"search_term_string\"}}],\"inLanguage\":\"fr-FR\"},{\"@type\":\"Organization\",\"@id\":\"https:\\\/\\\/bloovseyewear.com\\\/fr\\\/#organization\",\"name\":\"Bloovs\u00ae Tienda Oficial\",\"url\":\"https:\\\/\\\/bloovseyewear.com\\\/fr\\\/\",\"logo\":{\"@type\":\"ImageObject\",\"inLanguage\":\"fr-FR\",\"@id\":\"https:\\\/\\\/bloovseyewear.com\\\/fr\\\/#\\\/schema\\\/logo\\\/image\\\/\",\"url\":\"https:\\\/\\\/bloovseyewear.com\\\/wp-content\\\/uploads\\\/2018\\\/08\\\/cropped-logo-bloovs-copia-1.png\",\"contentUrl\":\"https:\\\/\\\/bloovseyewear.com\\\/wp-content\\\/uploads\\\/2018\\\/08\\\/cropped-logo-bloovs-copia-1.png\",\"width\":512,\"height\":512,\"caption\":\"Bloovs\u00ae Tienda Oficial\"},\"image\":{\"@id\":\"https:\\\/\\\/bloovseyewear.com\\\/fr\\\/#\\\/schema\\\/logo\\\/image\\\/\"},\"sameAs\":[\"https:\\\/\\\/www.facebook.com\\\/bloovssport\",\"https:\\\/\\\/www.instagram.com\\\/bloovssport\\\/\"]}]}<\/script>\n<!-- \/ Yoast SEO plugin. -->","yoast_head_json":{"title":"Flandres Noir Mat Rouge - Bloovs\u00ae Tienda Oficial","description":"Le mod\u00e8le FLANDERS MATTE BLACK RED arrive dans notre catalogue pour compl\u00e9ter la ligne sport avec un design frais et innovant","robots":{"index":"index","follow":"follow","max-snippet":"max-snippet:-1","max-image-preview":"max-image-preview:large","max-video-preview":"max-video-preview:-1"},"canonical":"https:\/\/bloovseyewear.com\/fr\/producto\/flandres-noir-mat-rouge\/","og_locale":"fr_FR","og_type":"article","og_title":"Flandres Noir Mat Rouge - Bloovs\u00ae Tienda Oficial","og_description":"Le mod\u00e8le FLANDERS MATTE BLACK RED arrive dans notre catalogue pour compl\u00e9ter la ligne sport avec un design frais et innovant","og_url":"https:\/\/bloovseyewear.com\/fr\/producto\/flandres-noir-mat-rouge\/","og_site_name":"Bloovs\u00ae Tienda Oficial","article_publisher":"https:\/\/www.facebook.com\/bloovssport","article_modified_time":"2025-08-29T10:50:44+00:00","og_image":[{"width":1440,"height":1440,"url":"https:\/\/bloovseyewear.com\/wp-content\/uploads\/2023\/01\/BLO_23_Sport_6.png","type":"image\/png"}],"twitter_card":"summary_large_image","twitter_misc":{"Dur\u00e9e de lecture estim\u00e9e":"2 minutes"},"schema":{"@context":"https:\/\/schema.org","@graph":[{"@type":"WebPage","@id":"https:\/\/bloovseyewear.com\/fr\/producto\/flandres-noir-mat-rouge\/","url":"https:\/\/bloovseyewear.com\/fr\/producto\/flandres-noir-mat-rouge\/","name":"Flandres Noir Mat Rouge - Bloovs\u00ae Tienda Oficial","isPartOf":{"@id":"https:\/\/bloovseyewear.com\/fr\/#website"},"primaryImageOfPage":{"@id":"https:\/\/bloovseyewear.com\/fr\/producto\/flandres-noir-mat-rouge\/#primaryimage"},"image":{"@id":"https:\/\/bloovseyewear.com\/fr\/producto\/flandres-noir-mat-rouge\/#primaryimage"},"thumbnailUrl":"https:\/\/bloovseyewear.com\/wp-content\/uploads\/2023\/01\/BLO_23_Sport_6.png","datePublished":"2023-01-30T15:21:50+00:00","dateModified":"2025-08-29T10:50:44+00:00","description":"Le mod\u00e8le FLANDERS MATTE BLACK RED arrive dans notre catalogue pour compl\u00e9ter la ligne sport avec un design frais et innovant","breadcrumb":{"@id":"https:\/\/bloovseyewear.com\/fr\/producto\/flandres-noir-mat-rouge\/#breadcrumb"},"inLanguage":"fr-FR","potentialAction":[{"@type":"ReadAction","target":["https:\/\/bloovseyewear.com\/fr\/producto\/flandres-noir-mat-rouge\/"]}]},{"@type":"ImageObject","inLanguage":"fr-FR","@id":"https:\/\/bloovseyewear.com\/fr\/producto\/flandres-noir-mat-rouge\/#primaryimage","url":"https:\/\/bloovseyewear.com\/wp-content\/uploads\/2023\/01\/BLO_23_Sport_6.png","contentUrl":"https:\/\/bloovseyewear.com\/wp-content\/uploads\/2023\/01\/BLO_23_Sport_6.png","width":1440,"height":1440},{"@type":"BreadcrumbList","@id":"https:\/\/bloovseyewear.com\/fr\/producto\/flandres-noir-mat-rouge\/#breadcrumb","itemListElement":[{"@type":"ListItem","position":1,"name":"Portada","item":"https:\/\/bloovseyewear.com\/fr\/"},{"@type":"ListItem","position":2,"name":"Boutique","item":"https:\/\/bloovseyewear.com\/fr\/boutique\/"},{"@type":"ListItem","position":3,"name":"Flandres Noir Mat Rouge"}]},{"@type":"WebSite","@id":"https:\/\/bloovseyewear.com\/fr\/#website","url":"https:\/\/bloovseyewear.com\/fr\/","name":"Bloovs\u00ae Tienda Oficial","description":"Tus Gafas de Sol para cada aventura","publisher":{"@id":"https:\/\/bloovseyewear.com\/fr\/#organization"},"potentialAction":[{"@type":"SearchAction","target":{"@type":"EntryPoint","urlTemplate":"https:\/\/bloovseyewear.com\/fr\/?s={search_term_string}"},"query-input":{"@type":"PropertyValueSpecification","valueRequired":true,"valueName":"search_term_string"}}],"inLanguage":"fr-FR"},{"@type":"Organization","@id":"https:\/\/bloovseyewear.com\/fr\/#organization","name":"Bloovs\u00ae Tienda Oficial","url":"https:\/\/bloovseyewear.com\/fr\/","logo":{"@type":"ImageObject","inLanguage":"fr-FR","@id":"https:\/\/bloovseyewear.com\/fr\/#\/schema\/logo\/image\/","url":"https:\/\/bloovseyewear.com\/wp-content\/uploads\/2018\/08\/cropped-logo-bloovs-copia-1.png","contentUrl":"https:\/\/bloovseyewear.com\/wp-content\/uploads\/2018\/08\/cropped-logo-bloovs-copia-1.png","width":512,"height":512,"caption":"Bloovs\u00ae Tienda Oficial"},"image":{"@id":"https:\/\/bloovseyewear.com\/fr\/#\/schema\/logo\/image\/"},"sameAs":["https:\/\/www.facebook.com\/bloovssport","https:\/\/www.instagram.com\/bloovssport\/"]}]}},"jetpack_sharing_enabled":true,"_links":{"self":[{"href":"https:\/\/bloovseyewear.com\/fr\/wp-json\/wp\/v2\/product\/21172","targetHints":{"allow":["GET"]}}],"collection":[{"href":"https:\/\/bloovseyewear.com\/fr\/wp-json\/wp\/v2\/product"}],"about":[{"href":"https:\/\/bloovseyewear.com\/fr\/wp-json\/wp\/v2\/types\/product"}],"replies":[{"embeddable":true,"href":"https:\/\/bloovseyewear.com\/fr\/wp-json\/wp\/v2\/comments?post=21172"}],"wp:featuredmedia":[{"embeddable":true,"href":"https:\/\/bloovseyewear.com\/fr\/wp-json\/wp\/v2\/media\/16070"}],"wp:attachment":[{"href":"https:\/\/bloovseyewear.com\/fr\/wp-json\/wp\/v2\/media?parent=21172"}],"wp:term":[{"taxonomy":"product_brand","embeddable":true,"href":"https:\/\/bloovseyewear.com\/fr\/wp-json\/wp\/v2\/product_brand?post=21172"},{"taxonomy":"product_cat","embeddable":true,"href":"https:\/\/bloovseyewear.com\/fr\/wp-json\/wp\/v2\/product_cat?post=21172"},{"taxonomy":"product_tag","embeddable":true,"href":"https:\/\/bloovseyewear.com\/fr\/wp-json\/wp\/v2\/product_tag?post=21172"}],"curies":[{"name":"wp","href":"https:\/\/api.w.org\/{rel}","templated":true}]}}