{"id":21224,"date":"2023-12-13T06:57:46","date_gmt":"2023-12-13T06:57:46","guid":{"rendered":"https:\/\/bloovseyewear.com\/producto\/tremble-bleu-fonce-noir\/"},"modified":"2025-08-29T10:52:55","modified_gmt":"2025-08-29T10:52:55","slug":"tremble-bleu-fonce-noir","status":"publish","type":"product","link":"https:\/\/bloovseyewear.com\/fr\/producto\/tremble-bleu-fonce-noir\/","title":{"rendered":"TREMBLE BLEU FONC\u00c9 NOIR"},"content":{"rendered":"\t\t<div data-elementor-type=\"wp-post\" data-elementor-id=\"21224\" class=\"elementor elementor-21224 elementor-12487\">\n\t\t\t\t<div class=\"elementor-element elementor-element-26cbf60c e-flex e-con-boxed e-con e-parent\" data-id=\"26cbf60c\" data-element_type=\"container\" data-e-type=\"container\">\n\t\t\t\t\t<div class=\"e-con-inner\">\n\t\t\t\t<div class=\"elementor-element elementor-element-6018082 elementor-widget elementor-widget-text-editor\" data-id=\"6018082\" data-element_type=\"widget\" data-e-type=\"widget\" data-widget_type=\"text-editor.default\">\n\t\t\t\t<div class=\"elementor-widget-container\">\n\t\t\t\t\t\t\t\t\t\n\n[block id=\u00a0\u00bb13562&Prime;]\n\n<strong>Aspen Dark Blue Black &#8211; Lunettes de ski haute performance pour un maximum de plaisir dans la neige<\/strong>\n\nBienvenue dans le choix ultime pour vos aventures en montagne : nos lunettes de ski haute performance. Con\u00e7ues pour vous offrir une exp\u00e9rience exceptionnelle sur ou en dehors des pistes, ces lunettes sont bien plus qu\u2019un simple accessoire. Ils sont votre vision claire et votre protection contre les \u00e9l\u00e9ments lorsque vous glissez sur les pentes enneig\u00e9es.  \n\n<strong>Faits saillants:<\/strong>\n<ul>\n \t<li><strong>Protection optimale :<\/strong> Nos verres haut de gamme sont con\u00e7us pour offrir une protection compl\u00e8te. Ils bloquent 100&nbsp;% des rayons UVA et UVB nocifs, pr\u00e9venant ainsi toute l\u00e9sion oculaire caus\u00e9e par l\u2019exposition au soleil en haute montagne. <\/li>\n \t<li><strong>Vision claire :<\/strong> Les verres de derni\u00e8re g\u00e9n\u00e9ration r\u00e9duisent les reflets du soleil et de la neige, vous offrant une vision claire et sans distorsion. M\u00eame dans des conditions de lumi\u00e8re vive, vous b\u00e9n\u00e9ficierez d\u2019une vision claire. <\/li>\n \t<li><strong>Anti-bu\u00e9e et ventilation efficace :<\/strong> Oubliez la bu\u00e9e. Nos lunettes sont dot\u00e9es d\u2019un syst\u00e8me de ventilation avanc\u00e9 qui maintient le flux d\u2019air constant et emp\u00eache la formation de bu\u00e9e, ce qui vous permet de vous concentrer sur votre descente. <\/li>\n \t<li><strong>Design ergonomique et confort durable :<\/strong> La monture l\u00e9g\u00e8re s\u2019adapte confortablement \u00e0 votre visage et s\u2019adapte parfaitement au casque de ski. Les bretelles r\u00e9glables assurent un ajustement s\u00fbr et sans inconfort. <\/li>\n \t<li><strong>Style et durabilit\u00e9&nbsp;:<\/strong> En plus de leurs performances, ces lunettes se distinguent par leur style moderne et attrayant. La monture r\u00e9sistante aux chocs et les verres incassables garantissent qu\u2019ils vous accompagnent saison apr\u00e8s saison. <\/li>\n<\/ul>\nLes lunettes de ski Aspen Dark Blue Black sont con\u00e7ues pour am\u00e9liorer votre exp\u00e9rience en montagne. Ne compromettez pas votre vision ou votre s\u00e9curit\u00e9 dans la neige. Choisissez la qualit\u00e9 et les performances que vous m\u00e9ritez.  \n\nAjoutez ces lunettes de ski \u00e0 votre \u00e9quipement et pr\u00e9parez-vous pour une saison inoubliable dans la neige. D\u00e9fiez la montagne avec confiance et style ! \t\t\t\t\t\t\t\t<\/div>\n\t\t\t\t<\/div>\n\t\t\t\t\t<\/div>\n\t\t\t\t<\/div>\n\t\t\t\t<\/div>\n\t\t","protected":false},"excerpt":{"rendered":"<p><img fetchpriority=\"high\" decoding=\"async\" class=\"alignnone size-full wp-image-13577\" src=\"https:\/\/bloovseyewear.com\/wp-content\/uploads\/2023\/12\/SIZE_ASPEN.jpeg\" alt=\"\" width=\"1500\" height=\"560\" srcset=\"https:\/\/i0.wp.com\/bloovseyewear.com\/wp-content\/uploads\/2023\/12\/SIZE_ASPEN.jpeg?w=1500&amp;quality=72&amp;ssl=1 1500w, https:\/\/i0.wp.com\/bloovseyewear.com\/wp-content\/uploads\/2023\/12\/SIZE_ASPEN.jpeg?resize=600%2C224&amp;quality=72&amp;ssl=1 600w, https:\/\/i0.wp.com\/bloovseyewear.com\/wp-content\/uploads\/2023\/12\/SIZE_ASPEN.jpeg?resize=300%2C112&amp;quality=72&amp;ssl=1 300w, https:\/\/i0.wp.com\/bloovseyewear.com\/wp-content\/uploads\/2023\/12\/SIZE_ASPEN.jpeg?resize=1024%2C382&amp;quality=72&amp;ssl=1 1024w\" sizes=\"(max-width: 1500px) 100vw, 1500px\" \/><\/p>\n","protected":false},"featured_media":13498,"comment_status":"open","ping_status":"closed","template":"","meta":{"_acf_changed":false},"product_brand":[],"product_cat":[421,420],"product_tag":[422,423],"class_list":{"0":"post-21224","1":"product","2":"type-product","3":"status-publish","4":"has-post-thumbnail","6":"product_cat-lunettes-de-ski-et-de-snowboard","7":"product_cat-tremble","8":"product_tag-lunettes-de-ski","9":"product_tag-lunettes-de-ski-fr","11":"first","12":"instock","13":"taxable","14":"shipping-taxable","15":"purchasable","16":"product-type-simple"},"acf":[],"yoast_head":"<!-- This site is optimized with the Yoast SEO plugin v27.3 - https:\/\/yoast.com\/product\/yoast-seo-wordpress\/ -->\n<title>TREMBLE BLEU FONC\u00c9 NOIR - Bloovs\u00ae Tienda Oficial<\/title>\n<meta name=\"description\" content=\"Les lunettes de ski Aspen Dark Blue Black sont con\u00e7ues pour am\u00e9liorer votre exp\u00e9rience en montagne. Choisissez la qualit\u00e9 et les performances que vous m\u00e9ritez.\" \/>\n<meta name=\"robots\" content=\"index, follow, max-snippet:-1, max-image-preview:large, max-video-preview:-1\" \/>\n<link rel=\"canonical\" href=\"https:\/\/bloovseyewear.com\/fr\/producto\/tremble-bleu-fonce-noir\/\" \/>\n<meta property=\"og:locale\" content=\"fr_FR\" \/>\n<meta property=\"og:type\" content=\"article\" \/>\n<meta property=\"og:title\" content=\"TREMBLE BLEU FONC\u00c9 NOIR - Bloovs\u00ae Tienda Oficial\" \/>\n<meta property=\"og:description\" content=\"Les lunettes de ski Aspen Dark Blue Black sont con\u00e7ues pour am\u00e9liorer votre exp\u00e9rience en montagne. Choisissez la qualit\u00e9 et les performances que vous m\u00e9ritez.\" \/>\n<meta property=\"og:url\" content=\"https:\/\/bloovseyewear.com\/fr\/producto\/tremble-bleu-fonce-noir\/\" \/>\n<meta property=\"og:site_name\" content=\"Bloovs\u00ae Tienda Oficial\" \/>\n<meta property=\"article:publisher\" content=\"https:\/\/www.facebook.com\/bloovssport\" \/>\n<meta property=\"article:modified_time\" content=\"2025-08-29T10:52:55+00:00\" \/>\n<meta property=\"og:image\" content=\"https:\/\/bloovseyewear.com\/wp-content\/uploads\/2023\/09\/aspen_BLO_Black_blue_f-1-1.png\" \/>\n\t<meta property=\"og:image:width\" content=\"1440\" \/>\n\t<meta property=\"og:image:height\" content=\"1440\" \/>\n\t<meta property=\"og:image:type\" content=\"image\/png\" \/>\n<meta name=\"twitter:card\" content=\"summary_large_image\" \/>\n<meta name=\"twitter:label1\" content=\"Dur\u00e9e de lecture estim\u00e9e\" \/>\n\t<meta name=\"twitter:data1\" content=\"2 minutes\" \/>\n<script type=\"application\/ld+json\" class=\"yoast-schema-graph\">{\"@context\":\"https:\\\/\\\/schema.org\",\"@graph\":[{\"@type\":\"WebPage\",\"@id\":\"https:\\\/\\\/bloovseyewear.com\\\/fr\\\/producto\\\/tremble-bleu-fonce-noir\\\/\",\"url\":\"https:\\\/\\\/bloovseyewear.com\\\/fr\\\/producto\\\/tremble-bleu-fonce-noir\\\/\",\"name\":\"TREMBLE BLEU FONC\u00c9 NOIR - Bloovs\u00ae Tienda Oficial\",\"isPartOf\":{\"@id\":\"https:\\\/\\\/bloovseyewear.com\\\/fr\\\/#website\"},\"primaryImageOfPage\":{\"@id\":\"https:\\\/\\\/bloovseyewear.com\\\/fr\\\/producto\\\/tremble-bleu-fonce-noir\\\/#primaryimage\"},\"image\":{\"@id\":\"https:\\\/\\\/bloovseyewear.com\\\/fr\\\/producto\\\/tremble-bleu-fonce-noir\\\/#primaryimage\"},\"thumbnailUrl\":\"https:\\\/\\\/bloovseyewear.com\\\/wp-content\\\/uploads\\\/2023\\\/09\\\/aspen_BLO_Black_blue_f-1-1.png\",\"datePublished\":\"2023-12-13T06:57:46+00:00\",\"dateModified\":\"2025-08-29T10:52:55+00:00\",\"description\":\"Les lunettes de ski Aspen Dark Blue Black sont con\u00e7ues pour am\u00e9liorer votre exp\u00e9rience en montagne. Choisissez la qualit\u00e9 et les performances que vous m\u00e9ritez.\",\"breadcrumb\":{\"@id\":\"https:\\\/\\\/bloovseyewear.com\\\/fr\\\/producto\\\/tremble-bleu-fonce-noir\\\/#breadcrumb\"},\"inLanguage\":\"fr-FR\",\"potentialAction\":[{\"@type\":\"ReadAction\",\"target\":[\"https:\\\/\\\/bloovseyewear.com\\\/fr\\\/producto\\\/tremble-bleu-fonce-noir\\\/\"]}]},{\"@type\":\"ImageObject\",\"inLanguage\":\"fr-FR\",\"@id\":\"https:\\\/\\\/bloovseyewear.com\\\/fr\\\/producto\\\/tremble-bleu-fonce-noir\\\/#primaryimage\",\"url\":\"https:\\\/\\\/bloovseyewear.com\\\/wp-content\\\/uploads\\\/2023\\\/09\\\/aspen_BLO_Black_blue_f-1-1.png\",\"contentUrl\":\"https:\\\/\\\/bloovseyewear.com\\\/wp-content\\\/uploads\\\/2023\\\/09\\\/aspen_BLO_Black_blue_f-1-1.png\",\"width\":1440,\"height\":1440,\"caption\":\"Gafas de esqu\u00ed y snowboard Bloovs\"},{\"@type\":\"BreadcrumbList\",\"@id\":\"https:\\\/\\\/bloovseyewear.com\\\/fr\\\/producto\\\/tremble-bleu-fonce-noir\\\/#breadcrumb\",\"itemListElement\":[{\"@type\":\"ListItem\",\"position\":1,\"name\":\"Portada\",\"item\":\"https:\\\/\\\/bloovseyewear.com\\\/fr\\\/\"},{\"@type\":\"ListItem\",\"position\":2,\"name\":\"Boutique\",\"item\":\"https:\\\/\\\/bloovseyewear.com\\\/fr\\\/boutique\\\/\"},{\"@type\":\"ListItem\",\"position\":3,\"name\":\"TREMBLE BLEU FONC\u00c9 NOIR\"}]},{\"@type\":\"WebSite\",\"@id\":\"https:\\\/\\\/bloovseyewear.com\\\/fr\\\/#website\",\"url\":\"https:\\\/\\\/bloovseyewear.com\\\/fr\\\/\",\"name\":\"Bloovs\u00ae Tienda Oficial\",\"description\":\"Tus Gafas de Sol para cada aventura\",\"publisher\":{\"@id\":\"https:\\\/\\\/bloovseyewear.com\\\/fr\\\/#organization\"},\"potentialAction\":[{\"@type\":\"SearchAction\",\"target\":{\"@type\":\"EntryPoint\",\"urlTemplate\":\"https:\\\/\\\/bloovseyewear.com\\\/fr\\\/?s={search_term_string}\"},\"query-input\":{\"@type\":\"PropertyValueSpecification\",\"valueRequired\":true,\"valueName\":\"search_term_string\"}}],\"inLanguage\":\"fr-FR\"},{\"@type\":\"Organization\",\"@id\":\"https:\\\/\\\/bloovseyewear.com\\\/fr\\\/#organization\",\"name\":\"Bloovs\u00ae Tienda Oficial\",\"url\":\"https:\\\/\\\/bloovseyewear.com\\\/fr\\\/\",\"logo\":{\"@type\":\"ImageObject\",\"inLanguage\":\"fr-FR\",\"@id\":\"https:\\\/\\\/bloovseyewear.com\\\/fr\\\/#\\\/schema\\\/logo\\\/image\\\/\",\"url\":\"https:\\\/\\\/bloovseyewear.com\\\/wp-content\\\/uploads\\\/2018\\\/08\\\/cropped-logo-bloovs-copia-1.png\",\"contentUrl\":\"https:\\\/\\\/bloovseyewear.com\\\/wp-content\\\/uploads\\\/2018\\\/08\\\/cropped-logo-bloovs-copia-1.png\",\"width\":512,\"height\":512,\"caption\":\"Bloovs\u00ae Tienda Oficial\"},\"image\":{\"@id\":\"https:\\\/\\\/bloovseyewear.com\\\/fr\\\/#\\\/schema\\\/logo\\\/image\\\/\"},\"sameAs\":[\"https:\\\/\\\/www.facebook.com\\\/bloovssport\",\"https:\\\/\\\/www.instagram.com\\\/bloovssport\\\/\"]}]}<\/script>\n<!-- \/ Yoast SEO plugin. -->","yoast_head_json":{"title":"TREMBLE BLEU FONC\u00c9 NOIR - Bloovs\u00ae Tienda Oficial","description":"Les lunettes de ski Aspen Dark Blue Black sont con\u00e7ues pour am\u00e9liorer votre exp\u00e9rience en montagne. Choisissez la qualit\u00e9 et les performances que vous m\u00e9ritez.","robots":{"index":"index","follow":"follow","max-snippet":"max-snippet:-1","max-image-preview":"max-image-preview:large","max-video-preview":"max-video-preview:-1"},"canonical":"https:\/\/bloovseyewear.com\/fr\/producto\/tremble-bleu-fonce-noir\/","og_locale":"fr_FR","og_type":"article","og_title":"TREMBLE BLEU FONC\u00c9 NOIR - Bloovs\u00ae Tienda Oficial","og_description":"Les lunettes de ski Aspen Dark Blue Black sont con\u00e7ues pour am\u00e9liorer votre exp\u00e9rience en montagne. Choisissez la qualit\u00e9 et les performances que vous m\u00e9ritez.","og_url":"https:\/\/bloovseyewear.com\/fr\/producto\/tremble-bleu-fonce-noir\/","og_site_name":"Bloovs\u00ae Tienda Oficial","article_publisher":"https:\/\/www.facebook.com\/bloovssport","article_modified_time":"2025-08-29T10:52:55+00:00","og_image":[{"width":1440,"height":1440,"url":"https:\/\/bloovseyewear.com\/wp-content\/uploads\/2023\/09\/aspen_BLO_Black_blue_f-1-1.png","type":"image\/png"}],"twitter_card":"summary_large_image","twitter_misc":{"Dur\u00e9e de lecture estim\u00e9e":"2 minutes"},"schema":{"@context":"https:\/\/schema.org","@graph":[{"@type":"WebPage","@id":"https:\/\/bloovseyewear.com\/fr\/producto\/tremble-bleu-fonce-noir\/","url":"https:\/\/bloovseyewear.com\/fr\/producto\/tremble-bleu-fonce-noir\/","name":"TREMBLE BLEU FONC\u00c9 NOIR - Bloovs\u00ae Tienda Oficial","isPartOf":{"@id":"https:\/\/bloovseyewear.com\/fr\/#website"},"primaryImageOfPage":{"@id":"https:\/\/bloovseyewear.com\/fr\/producto\/tremble-bleu-fonce-noir\/#primaryimage"},"image":{"@id":"https:\/\/bloovseyewear.com\/fr\/producto\/tremble-bleu-fonce-noir\/#primaryimage"},"thumbnailUrl":"https:\/\/bloovseyewear.com\/wp-content\/uploads\/2023\/09\/aspen_BLO_Black_blue_f-1-1.png","datePublished":"2023-12-13T06:57:46+00:00","dateModified":"2025-08-29T10:52:55+00:00","description":"Les lunettes de ski Aspen Dark Blue Black sont con\u00e7ues pour am\u00e9liorer votre exp\u00e9rience en montagne. Choisissez la qualit\u00e9 et les performances que vous m\u00e9ritez.","breadcrumb":{"@id":"https:\/\/bloovseyewear.com\/fr\/producto\/tremble-bleu-fonce-noir\/#breadcrumb"},"inLanguage":"fr-FR","potentialAction":[{"@type":"ReadAction","target":["https:\/\/bloovseyewear.com\/fr\/producto\/tremble-bleu-fonce-noir\/"]}]},{"@type":"ImageObject","inLanguage":"fr-FR","@id":"https:\/\/bloovseyewear.com\/fr\/producto\/tremble-bleu-fonce-noir\/#primaryimage","url":"https:\/\/bloovseyewear.com\/wp-content\/uploads\/2023\/09\/aspen_BLO_Black_blue_f-1-1.png","contentUrl":"https:\/\/bloovseyewear.com\/wp-content\/uploads\/2023\/09\/aspen_BLO_Black_blue_f-1-1.png","width":1440,"height":1440,"caption":"Gafas de esqu\u00ed y snowboard Bloovs"},{"@type":"BreadcrumbList","@id":"https:\/\/bloovseyewear.com\/fr\/producto\/tremble-bleu-fonce-noir\/#breadcrumb","itemListElement":[{"@type":"ListItem","position":1,"name":"Portada","item":"https:\/\/bloovseyewear.com\/fr\/"},{"@type":"ListItem","position":2,"name":"Boutique","item":"https:\/\/bloovseyewear.com\/fr\/boutique\/"},{"@type":"ListItem","position":3,"name":"TREMBLE BLEU FONC\u00c9 NOIR"}]},{"@type":"WebSite","@id":"https:\/\/bloovseyewear.com\/fr\/#website","url":"https:\/\/bloovseyewear.com\/fr\/","name":"Bloovs\u00ae Tienda Oficial","description":"Tus Gafas de Sol para cada aventura","publisher":{"@id":"https:\/\/bloovseyewear.com\/fr\/#organization"},"potentialAction":[{"@type":"SearchAction","target":{"@type":"EntryPoint","urlTemplate":"https:\/\/bloovseyewear.com\/fr\/?s={search_term_string}"},"query-input":{"@type":"PropertyValueSpecification","valueRequired":true,"valueName":"search_term_string"}}],"inLanguage":"fr-FR"},{"@type":"Organization","@id":"https:\/\/bloovseyewear.com\/fr\/#organization","name":"Bloovs\u00ae Tienda Oficial","url":"https:\/\/bloovseyewear.com\/fr\/","logo":{"@type":"ImageObject","inLanguage":"fr-FR","@id":"https:\/\/bloovseyewear.com\/fr\/#\/schema\/logo\/image\/","url":"https:\/\/bloovseyewear.com\/wp-content\/uploads\/2018\/08\/cropped-logo-bloovs-copia-1.png","contentUrl":"https:\/\/bloovseyewear.com\/wp-content\/uploads\/2018\/08\/cropped-logo-bloovs-copia-1.png","width":512,"height":512,"caption":"Bloovs\u00ae Tienda Oficial"},"image":{"@id":"https:\/\/bloovseyewear.com\/fr\/#\/schema\/logo\/image\/"},"sameAs":["https:\/\/www.facebook.com\/bloovssport","https:\/\/www.instagram.com\/bloovssport\/"]}]}},"jetpack_sharing_enabled":true,"_links":{"self":[{"href":"https:\/\/bloovseyewear.com\/fr\/wp-json\/wp\/v2\/product\/21224","targetHints":{"allow":["GET"]}}],"collection":[{"href":"https:\/\/bloovseyewear.com\/fr\/wp-json\/wp\/v2\/product"}],"about":[{"href":"https:\/\/bloovseyewear.com\/fr\/wp-json\/wp\/v2\/types\/product"}],"replies":[{"embeddable":true,"href":"https:\/\/bloovseyewear.com\/fr\/wp-json\/wp\/v2\/comments?post=21224"}],"wp:featuredmedia":[{"embeddable":true,"href":"https:\/\/bloovseyewear.com\/fr\/wp-json\/wp\/v2\/media\/13498"}],"wp:attachment":[{"href":"https:\/\/bloovseyewear.com\/fr\/wp-json\/wp\/v2\/media?parent=21224"}],"wp:term":[{"taxonomy":"product_brand","embeddable":true,"href":"https:\/\/bloovseyewear.com\/fr\/wp-json\/wp\/v2\/product_brand?post=21224"},{"taxonomy":"product_cat","embeddable":true,"href":"https:\/\/bloovseyewear.com\/fr\/wp-json\/wp\/v2\/product_cat?post=21224"},{"taxonomy":"product_tag","embeddable":true,"href":"https:\/\/bloovseyewear.com\/fr\/wp-json\/wp\/v2\/product_tag?post=21224"}],"curies":[{"name":"wp","href":"https:\/\/api.w.org\/{rel}","templated":true}]}}