{"id":21233,"date":"2023-12-14T16:17:30","date_gmt":"2023-12-14T16:17:30","guid":{"rendered":"https:\/\/bloovseyewear.com\/producto\/lentille-aspen-blizzard\/"},"modified":"2023-12-14T16:17:30","modified_gmt":"2023-12-14T16:17:30","slug":"lentille-aspen-blizzard","status":"publish","type":"product","link":"https:\/\/bloovseyewear.com\/fr\/producto\/lentille-aspen-blizzard\/","title":{"rendered":"Lentille Aspen Blizzard"},"content":{"rendered":"<p>Les verres Bloovs sont disponibles en diff\u00e9rentes teintes, en pensant toujours \u00e0 offrir l\u2019exp\u00e9rience parfaite en combinant une bonne filtration, avec l\u2019\u00e9quilibre des couleurs et le contraste visuel. Les conditions m\u00e9t\u00e9orologiques en montagne peuvent entra\u00eener des changements drastiques de visibilit\u00e9 et c\u2019est pourquoi nous proposons nos verres magn\u00e9tiques blizzard. Lorsque le jour est sombre et que nous nous retrouvons dans un \u00e9pais blizzard, nos verres sp\u00e9ciaux pour ce sc\u00e9nario vous aideront \u00e0 continuer \u00e0 profiter de votre sport pr\u00e9f\u00e9r\u00e9.  <\/p>\n","protected":false},"excerpt":{"rendered":"<p>Les verres Bloovs sont disponibles en diff\u00e9rentes teintes, en pensant toujours \u00e0 offrir l\u2019exp\u00e9rience parfaite en combinant une bonne filtration, avec l\u2019\u00e9quilibre des couleurs et le contraste visuel. Les conditions m\u00e9t\u00e9orologiques en montagne peuvent entra\u00eener des changements drastiques de visibilit\u00e9 et c\u2019est pourquoi nous proposons nos verres magn\u00e9tiques blizzard. Lorsque le jour est sombre et&#8230;<\/p>\n","protected":false},"featured_media":17874,"comment_status":"open","ping_status":"closed","template":"","meta":{"_acf_changed":false},"product_brand":[],"product_cat":[432,433],"product_tag":[],"class_list":{"0":"post-21233","1":"product","2":"type-product","3":"status-publish","4":"has-post-thumbnail","6":"product_cat-accessoires","7":"product_cat-lunettes","9":"first","10":"outofstock","11":"taxable","12":"shipping-taxable","13":"purchasable","14":"product-type-simple"},"acf":[],"yoast_head":"<!-- This site is optimized with the Yoast SEO plugin v27.3 - https:\/\/yoast.com\/product\/yoast-seo-wordpress\/ -->\n<title>Lentille Aspen Blizzard - Bloovs\u00ae Tienda Oficial<\/title>\n<meta name=\"description\" content=\"Chez Bloovs, nous voulons vous accompagner dans toutes vos aventures et c\u2019est pourquoi nous proposons des verres Aspen blizzard avec syst\u00e8me d\u2019\u00e9change magn\u00e9tique\" \/>\n<meta name=\"robots\" content=\"index, follow, max-snippet:-1, max-image-preview:large, max-video-preview:-1\" \/>\n<link rel=\"canonical\" href=\"https:\/\/bloovseyewear.com\/fr\/producto\/lentille-aspen-blizzard\/\" \/>\n<meta property=\"og:locale\" content=\"fr_FR\" \/>\n<meta property=\"og:type\" content=\"article\" \/>\n<meta property=\"og:title\" content=\"Lentille Aspen Blizzard - Bloovs\u00ae Tienda Oficial\" \/>\n<meta property=\"og:description\" content=\"Chez Bloovs, nous voulons vous accompagner dans toutes vos aventures et c\u2019est pourquoi nous proposons des verres Aspen blizzard avec syst\u00e8me d\u2019\u00e9change magn\u00e9tique\" \/>\n<meta property=\"og:url\" content=\"https:\/\/bloovseyewear.com\/fr\/producto\/lentille-aspen-blizzard\/\" \/>\n<meta property=\"og:site_name\" content=\"Bloovs\u00ae Tienda Oficial\" \/>\n<meta property=\"article:publisher\" content=\"https:\/\/www.facebook.com\/bloovssport\" \/>\n<meta property=\"og:image\" content=\"https:\/\/bloovseyewear.com\/wp-content\/uploads\/2023\/12\/aspen_BLOOVS_extra_f.png\" \/>\n\t<meta property=\"og:image:width\" content=\"1440\" \/>\n\t<meta property=\"og:image:height\" content=\"1440\" \/>\n\t<meta property=\"og:image:type\" content=\"image\/png\" \/>\n<meta name=\"twitter:card\" content=\"summary_large_image\" \/>\n<script type=\"application\/ld+json\" class=\"yoast-schema-graph\">{\"@context\":\"https:\\\/\\\/schema.org\",\"@graph\":[{\"@type\":\"WebPage\",\"@id\":\"https:\\\/\\\/bloovseyewear.com\\\/fr\\\/producto\\\/lentille-aspen-blizzard\\\/\",\"url\":\"https:\\\/\\\/bloovseyewear.com\\\/fr\\\/producto\\\/lentille-aspen-blizzard\\\/\",\"name\":\"Lentille Aspen Blizzard - Bloovs\u00ae Tienda Oficial\",\"isPartOf\":{\"@id\":\"https:\\\/\\\/bloovseyewear.com\\\/fr\\\/#website\"},\"primaryImageOfPage\":{\"@id\":\"https:\\\/\\\/bloovseyewear.com\\\/fr\\\/producto\\\/lentille-aspen-blizzard\\\/#primaryimage\"},\"image\":{\"@id\":\"https:\\\/\\\/bloovseyewear.com\\\/fr\\\/producto\\\/lentille-aspen-blizzard\\\/#primaryimage\"},\"thumbnailUrl\":\"https:\\\/\\\/bloovseyewear.com\\\/wp-content\\\/uploads\\\/2023\\\/12\\\/aspen_BLOOVS_extra_f.png\",\"datePublished\":\"2023-12-14T16:17:30+00:00\",\"description\":\"Chez Bloovs, nous voulons vous accompagner dans toutes vos aventures et c\u2019est pourquoi nous proposons des verres Aspen blizzard avec syst\u00e8me d\u2019\u00e9change magn\u00e9tique\",\"breadcrumb\":{\"@id\":\"https:\\\/\\\/bloovseyewear.com\\\/fr\\\/producto\\\/lentille-aspen-blizzard\\\/#breadcrumb\"},\"inLanguage\":\"fr-FR\",\"potentialAction\":[{\"@type\":\"ReadAction\",\"target\":[\"https:\\\/\\\/bloovseyewear.com\\\/fr\\\/producto\\\/lentille-aspen-blizzard\\\/\"]}]},{\"@type\":\"ImageObject\",\"inLanguage\":\"fr-FR\",\"@id\":\"https:\\\/\\\/bloovseyewear.com\\\/fr\\\/producto\\\/lentille-aspen-blizzard\\\/#primaryimage\",\"url\":\"https:\\\/\\\/bloovseyewear.com\\\/wp-content\\\/uploads\\\/2023\\\/12\\\/aspen_BLOOVS_extra_f.png\",\"contentUrl\":\"https:\\\/\\\/bloovseyewear.com\\\/wp-content\\\/uploads\\\/2023\\\/12\\\/aspen_BLOOVS_extra_f.png\",\"width\":1440,\"height\":1440,\"caption\":\"Masque de ski et de planche \u00e0 neige Blizzard\"},{\"@type\":\"BreadcrumbList\",\"@id\":\"https:\\\/\\\/bloovseyewear.com\\\/fr\\\/producto\\\/lentille-aspen-blizzard\\\/#breadcrumb\",\"itemListElement\":[{\"@type\":\"ListItem\",\"position\":1,\"name\":\"Portada\",\"item\":\"https:\\\/\\\/bloovseyewear.com\\\/fr\\\/\"},{\"@type\":\"ListItem\",\"position\":2,\"name\":\"Boutique\",\"item\":\"https:\\\/\\\/bloovseyewear.com\\\/fr\\\/boutique\\\/\"},{\"@type\":\"ListItem\",\"position\":3,\"name\":\"Lentille Aspen Blizzard\"}]},{\"@type\":\"WebSite\",\"@id\":\"https:\\\/\\\/bloovseyewear.com\\\/fr\\\/#website\",\"url\":\"https:\\\/\\\/bloovseyewear.com\\\/fr\\\/\",\"name\":\"Bloovs\u00ae Tienda Oficial\",\"description\":\"Tus Gafas de Sol para cada aventura\",\"publisher\":{\"@id\":\"https:\\\/\\\/bloovseyewear.com\\\/fr\\\/#organization\"},\"potentialAction\":[{\"@type\":\"SearchAction\",\"target\":{\"@type\":\"EntryPoint\",\"urlTemplate\":\"https:\\\/\\\/bloovseyewear.com\\\/fr\\\/?s={search_term_string}\"},\"query-input\":{\"@type\":\"PropertyValueSpecification\",\"valueRequired\":true,\"valueName\":\"search_term_string\"}}],\"inLanguage\":\"fr-FR\"},{\"@type\":\"Organization\",\"@id\":\"https:\\\/\\\/bloovseyewear.com\\\/fr\\\/#organization\",\"name\":\"Bloovs\u00ae Tienda Oficial\",\"url\":\"https:\\\/\\\/bloovseyewear.com\\\/fr\\\/\",\"logo\":{\"@type\":\"ImageObject\",\"inLanguage\":\"fr-FR\",\"@id\":\"https:\\\/\\\/bloovseyewear.com\\\/fr\\\/#\\\/schema\\\/logo\\\/image\\\/\",\"url\":\"https:\\\/\\\/bloovseyewear.com\\\/wp-content\\\/uploads\\\/2018\\\/08\\\/cropped-logo-bloovs-copia-1.png\",\"contentUrl\":\"https:\\\/\\\/bloovseyewear.com\\\/wp-content\\\/uploads\\\/2018\\\/08\\\/cropped-logo-bloovs-copia-1.png\",\"width\":512,\"height\":512,\"caption\":\"Bloovs\u00ae Tienda Oficial\"},\"image\":{\"@id\":\"https:\\\/\\\/bloovseyewear.com\\\/fr\\\/#\\\/schema\\\/logo\\\/image\\\/\"},\"sameAs\":[\"https:\\\/\\\/www.facebook.com\\\/bloovssport\",\"https:\\\/\\\/www.instagram.com\\\/bloovssport\\\/\"]}]}<\/script>\n<!-- \/ Yoast SEO plugin. -->","yoast_head_json":{"title":"Lentille Aspen Blizzard - Bloovs\u00ae Tienda Oficial","description":"Chez Bloovs, nous voulons vous accompagner dans toutes vos aventures et c\u2019est pourquoi nous proposons des verres Aspen blizzard avec syst\u00e8me d\u2019\u00e9change magn\u00e9tique","robots":{"index":"index","follow":"follow","max-snippet":"max-snippet:-1","max-image-preview":"max-image-preview:large","max-video-preview":"max-video-preview:-1"},"canonical":"https:\/\/bloovseyewear.com\/fr\/producto\/lentille-aspen-blizzard\/","og_locale":"fr_FR","og_type":"article","og_title":"Lentille Aspen Blizzard - Bloovs\u00ae Tienda Oficial","og_description":"Chez Bloovs, nous voulons vous accompagner dans toutes vos aventures et c\u2019est pourquoi nous proposons des verres Aspen blizzard avec syst\u00e8me d\u2019\u00e9change magn\u00e9tique","og_url":"https:\/\/bloovseyewear.com\/fr\/producto\/lentille-aspen-blizzard\/","og_site_name":"Bloovs\u00ae Tienda Oficial","article_publisher":"https:\/\/www.facebook.com\/bloovssport","og_image":[{"width":1440,"height":1440,"url":"https:\/\/bloovseyewear.com\/wp-content\/uploads\/2023\/12\/aspen_BLOOVS_extra_f.png","type":"image\/png"}],"twitter_card":"summary_large_image","schema":{"@context":"https:\/\/schema.org","@graph":[{"@type":"WebPage","@id":"https:\/\/bloovseyewear.com\/fr\/producto\/lentille-aspen-blizzard\/","url":"https:\/\/bloovseyewear.com\/fr\/producto\/lentille-aspen-blizzard\/","name":"Lentille Aspen Blizzard - Bloovs\u00ae Tienda Oficial","isPartOf":{"@id":"https:\/\/bloovseyewear.com\/fr\/#website"},"primaryImageOfPage":{"@id":"https:\/\/bloovseyewear.com\/fr\/producto\/lentille-aspen-blizzard\/#primaryimage"},"image":{"@id":"https:\/\/bloovseyewear.com\/fr\/producto\/lentille-aspen-blizzard\/#primaryimage"},"thumbnailUrl":"https:\/\/bloovseyewear.com\/wp-content\/uploads\/2023\/12\/aspen_BLOOVS_extra_f.png","datePublished":"2023-12-14T16:17:30+00:00","description":"Chez Bloovs, nous voulons vous accompagner dans toutes vos aventures et c\u2019est pourquoi nous proposons des verres Aspen blizzard avec syst\u00e8me d\u2019\u00e9change magn\u00e9tique","breadcrumb":{"@id":"https:\/\/bloovseyewear.com\/fr\/producto\/lentille-aspen-blizzard\/#breadcrumb"},"inLanguage":"fr-FR","potentialAction":[{"@type":"ReadAction","target":["https:\/\/bloovseyewear.com\/fr\/producto\/lentille-aspen-blizzard\/"]}]},{"@type":"ImageObject","inLanguage":"fr-FR","@id":"https:\/\/bloovseyewear.com\/fr\/producto\/lentille-aspen-blizzard\/#primaryimage","url":"https:\/\/bloovseyewear.com\/wp-content\/uploads\/2023\/12\/aspen_BLOOVS_extra_f.png","contentUrl":"https:\/\/bloovseyewear.com\/wp-content\/uploads\/2023\/12\/aspen_BLOOVS_extra_f.png","width":1440,"height":1440,"caption":"Masque de ski et de planche \u00e0 neige Blizzard"},{"@type":"BreadcrumbList","@id":"https:\/\/bloovseyewear.com\/fr\/producto\/lentille-aspen-blizzard\/#breadcrumb","itemListElement":[{"@type":"ListItem","position":1,"name":"Portada","item":"https:\/\/bloovseyewear.com\/fr\/"},{"@type":"ListItem","position":2,"name":"Boutique","item":"https:\/\/bloovseyewear.com\/fr\/boutique\/"},{"@type":"ListItem","position":3,"name":"Lentille Aspen Blizzard"}]},{"@type":"WebSite","@id":"https:\/\/bloovseyewear.com\/fr\/#website","url":"https:\/\/bloovseyewear.com\/fr\/","name":"Bloovs\u00ae Tienda Oficial","description":"Tus Gafas de Sol para cada aventura","publisher":{"@id":"https:\/\/bloovseyewear.com\/fr\/#organization"},"potentialAction":[{"@type":"SearchAction","target":{"@type":"EntryPoint","urlTemplate":"https:\/\/bloovseyewear.com\/fr\/?s={search_term_string}"},"query-input":{"@type":"PropertyValueSpecification","valueRequired":true,"valueName":"search_term_string"}}],"inLanguage":"fr-FR"},{"@type":"Organization","@id":"https:\/\/bloovseyewear.com\/fr\/#organization","name":"Bloovs\u00ae Tienda Oficial","url":"https:\/\/bloovseyewear.com\/fr\/","logo":{"@type":"ImageObject","inLanguage":"fr-FR","@id":"https:\/\/bloovseyewear.com\/fr\/#\/schema\/logo\/image\/","url":"https:\/\/bloovseyewear.com\/wp-content\/uploads\/2018\/08\/cropped-logo-bloovs-copia-1.png","contentUrl":"https:\/\/bloovseyewear.com\/wp-content\/uploads\/2018\/08\/cropped-logo-bloovs-copia-1.png","width":512,"height":512,"caption":"Bloovs\u00ae Tienda Oficial"},"image":{"@id":"https:\/\/bloovseyewear.com\/fr\/#\/schema\/logo\/image\/"},"sameAs":["https:\/\/www.facebook.com\/bloovssport","https:\/\/www.instagram.com\/bloovssport\/"]}]}},"jetpack_sharing_enabled":true,"_links":{"self":[{"href":"https:\/\/bloovseyewear.com\/fr\/wp-json\/wp\/v2\/product\/21233","targetHints":{"allow":["GET"]}}],"collection":[{"href":"https:\/\/bloovseyewear.com\/fr\/wp-json\/wp\/v2\/product"}],"about":[{"href":"https:\/\/bloovseyewear.com\/fr\/wp-json\/wp\/v2\/types\/product"}],"replies":[{"embeddable":true,"href":"https:\/\/bloovseyewear.com\/fr\/wp-json\/wp\/v2\/comments?post=21233"}],"wp:featuredmedia":[{"embeddable":true,"href":"https:\/\/bloovseyewear.com\/fr\/wp-json\/wp\/v2\/media\/17874"}],"wp:attachment":[{"href":"https:\/\/bloovseyewear.com\/fr\/wp-json\/wp\/v2\/media?parent=21233"}],"wp:term":[{"taxonomy":"product_brand","embeddable":true,"href":"https:\/\/bloovseyewear.com\/fr\/wp-json\/wp\/v2\/product_brand?post=21233"},{"taxonomy":"product_cat","embeddable":true,"href":"https:\/\/bloovseyewear.com\/fr\/wp-json\/wp\/v2\/product_cat?post=21233"},{"taxonomy":"product_tag","embeddable":true,"href":"https:\/\/bloovseyewear.com\/fr\/wp-json\/wp\/v2\/product_tag?post=21233"}],"curies":[{"name":"wp","href":"https:\/\/api.w.org\/{rel}","templated":true}]}}