{"id":20645,"date":"2024-08-16T10:57:51","date_gmt":"2024-08-16T10:57:51","guid":{"rendered":"https:\/\/bloovseyewear.com\/informativa-sulla-privacy\/"},"modified":"2025-08-26T08:16:22","modified_gmt":"2025-08-26T08:16:22","slug":"informativa-sulla-privacy","status":"publish","type":"page","link":"https:\/\/bloovseyewear.com\/it\/informativa-sulla-privacy\/","title":{"rendered":"Informativa sulla privacy"},"content":{"rendered":"<section class=\"l-section wpb_row height_medium\"><div class=\"l-section-h i-cf\"><div class=\"g-cols vc_row via_grid cols_1 laptops-cols_inherit tablets-cols_inherit mobiles-cols_1 valign_top type_default stacking_default\"><div class=\"wpb_column vc_column_container\"><div class=\"vc_column-inner\"><div class=\"wpb_text_column\"><div class=\"wpb_wrapper\"><p>Bloovs Barcelona Sunglasses, S.L., di seguito \u201cBloovs\u201d<\/p>\n<p>In Bloovs ci impegniamo a garantire la privacy nel trattamento dei tuoi dati personali. Abbiamo aggiornato la nostra Informativa sulla privacy per informare chiaramente su come raccogliamo, utilizziamo e proteggiamo i dati delle persone che ci contattano. <\/p>\n<p>Bloovs si riserva il diritto di modificare la presente politica per motivi di requisiti legislativi o di autoregolamentazione, pertanto consigliamo agli utenti di visitare periodicamente questa Informativa.<\/p>\n<h2 class=\"wp-block-heading\">RESPONSABILE DEL TRATTAMENTO<\/h2>\n<p>L&#8217;interessato o l&#8217;utente che fornisce a Bloovs dati personali attraverso questo sito web o con altri mezzi (ad esempio, social network o punti vendita nei negozi) \u00e8 informato che il trattamento dei suoi dati \u00e8 effettuato da:<\/p>\n<p>BLOOVS BARCELONA SUNGLASSES, S.L<\/p>\n<p>AV. President Maci\u00e0 108-110, 08302, Matar\u00f3 <\/p>\n<p>CIF: B-66708769<\/p>\n<p>Per qualsiasi dubbio, \u00e8 possibile contattarci tramite il seguente indirizzo e-mail: info@bloovsbarcelona.com.<\/p>\n<h2 class=\"wp-block-heading\">FINALIT\u00c0 DEL TRATTAMENTO DEI DATI<\/h2>\n<p>Lei, fornendo volontariamente i suoi dati personali attraverso qualsiasi modulo di questo sito web e accettando espressamente il suo invio, autorizza espressamente Bloovs a trattare e incorporare in un file di sua propriet\u00e0 i dati inviati.<\/p>\n<p>La raccolta e il trattamento dei dati personali da lei forniti hanno come finalit\u00e0 principale quella di rispondere alla sua richiesta e inviarle informazioni commerciali e\/o pubblicitarie. Tuttavia, ha anche le seguenti finalit\u00e0: <\/p>\n<ul>\n<li>Contattare il mittente delle informazioni, rispondere alla sua richiesta, domanda o consultazione e gestire la pubblicazione di domande e commenti e fare un successivo follow-up.<\/li>\n<li>Gestire, se del caso, il suo ordine ed eseguire la prestazione contrattata dall&#8217;Utente, la sua fatturazione e riscossione.<\/li>\n<li>Gestire e controllare il portafoglio clienti.<\/li>\n<li>Gestire, se del caso, la partecipazione dell&#8217;Utente a concorsi a premi o concorsi organizzati da Bloovs.<\/li>\n<li>Gestire, se del caso, il processo di registrazione dell&#8217;Utente sulla Piattaforma Online.<\/li>\n<li>Valutare e gestire, se del caso, il suo curriculum vitae per processi di selezione che si adattino al suo profilo professionale ed eseguire le azioni necessarie per la selezione e l&#8217;assunzione di personale.<\/li>\n<\/ul>\n<p>In virt\u00f9 della Legge 34\/2002, dell&#8217;11 luglio, sui Servizi della Societ\u00e0 dell&#8217;Informazione e del Commercio Elettronico, in nessun caso Bloovs invier\u00e0 pubblicit\u00e0 e comunicazioni a fini di vendita o di altra natura commerciale agli utenti senza la loro previa richiesta o consenso. Allo stesso modo, non invier\u00e0 messaggi non richiesti n\u00e9 preventivamente consentiti n\u00e9 invier\u00e0 catene di messaggi elettronici non richiesti n\u00e9 preventivamente consentiti. <\/p>\n<p>I dati personali da lei forniti devono essere veritieri, esatti, completi e aggiornati, rispondendo dei danni e dei pregiudizi che si potrebbero causare a causa del mancato rispetto di questo obbligo.<\/p>\n<p>I dati da lei forniti nei campi contrassegnati con * sono obbligatori per poter adempiere alla finalit\u00e0 esposta nel paragrafo precedente. Nel caso in cui l&#8217;utente non compili tutti i campi richiesti, Bloovs si riserva il diritto di decidere se fornire all&#8217;utente il servizio di cui si tratta. <\/p>\n<h2 class=\"wp-block-heading\">DURATA<\/h2>\n<p>Durata del trattamento dei dati<\/p>\n<p>I dati per la gestione del rapporto con il cliente e la fatturazione e riscossione dei servizi saranno conservati per tutto il tempo in cui il contratto \u00e8 in vigore. Una volta terminato tale rapporto, se del caso, i dati potranno essere conservati per il tempo richiesto dalla legislazione applicabile e fino a quando non siano prescritti le eventuali responsabilit\u00e0 derivanti dal contratto. <\/p>\n<p>I dati per la gestione di consultazioni e richieste saranno conservati per il tempo necessario per rispondere alle stesse, con un termine massimo di un anno.<\/p>\n<p>I dati relativi alle pubblicazioni di commenti sui nostri prodotti saranno mantenuti durante la validit\u00e0 e la pubblicit\u00e0 dei prodotti o servizi a cui fanno riferimento, salvo che si esprima il desiderio che siano eliminati in qualsiasi momento.<\/p>\n<p>I dati per la partecipazione a concorsi, sorteggi e promozioni saranno conservati per il tempo che durano gli stessi, secondo le loro basi specifiche, per gestire il loro sviluppo e, successivamente, fino a quando non siano prescritti le possibili responsabilit\u00e0 derivanti dalla loro realizzazione.<\/p>\n<p>I dati per l&#8217;invio di comunicazioni commerciali e l&#8217;elaborazione di profili commerciali dei nostri prodotti o servizi saranno conservati a tempo indeterminato fino a quando, se del caso, non ci manifesti la sua volont\u00e0 di sopprimerli.<\/p>\n<p>I dati del curriculum vitae per i processi di selezione saranno conservati per tre mesi.<\/p>\n<h2 class=\"wp-block-heading\">DIRITTI DELL&#8217;UTENTE IN RELAZIONE AI SUOI DATI<\/h2>\n<p>L&#8217;Utente pu\u00f2 esercitare i suoi diritti di accesso, rettifica, soppressione, opposizione e decisioni individuali automatizzate, portabilit\u00e0 e limitazione del trattamento dei suoi dati rivolgendosi a Bloovs sita in Av. President Maci\u00e0 08302, Matar\u00f3 o all&#8217;indirizzo info@bloovsbarcelona.com, fornendo documentazione che accrediti l&#8217;identit\u00e0 dell&#8217;interessato. L&#8217;Utente ha il diritto di presentare un reclamo all&#8217;Agenzia Spagnola per la Protezione dei Dati (AEPD), se ritiene che i suoi diritti siano stati violati.  <\/p>\n<h2 class=\"wp-block-heading\">DATI DI MINORI<\/h2>\n<p>I moduli contenuti in questo sito web non sono diretti a persone di et\u00e0 inferiore ai 14 anni. Senza pregiudizio delle limitazioni che presenta Internet per la verifica in modo efficace dell&#8217;et\u00e0 del minore, Bloovs realizzer\u00e0 tutti gli sforzi per articolare procedure che permettano di verificare l&#8217;et\u00e0 dell&#8217;utente, negando la partecipazione ai minori di 14 anni. <\/p>\n<p>SE HAI MENO DI 14 ANNI, RIPASSA QUESTE INFORMAZIONI CON I TUOI GENITORI E CHIEDI CHE TI CHIARISCANO QUALSIASI COSA CHE NON CAPISCI. I BAMBINI DI ET\u00c0 INFERIORE AI 14 ANNI HANNO BISOGNO DEL CONSENSO DEI VOSTRI GENITORI PER DARE IL VOSTRO INDIRIZZO DI POSTA ELETTRONICA O QUALSIASI INFORMAZIONE PERSONALE AL PRESTATORE O A QUALSIASI ALTRA PERSONA O ENTIT\u00c0 SU INTERNET. <\/p>\n<h2 class=\"wp-block-heading\">LEGITTIMAZIONE PER IL TRATTAMENTO DEI DATI<\/h2>\n<p>La base legale per il trattamento dei dati \u00e8 il consenso espresso dell&#8217;interessato.<\/p>\n<h2 class=\"wp-block-heading\">COMUNICAZIONE DEI TUOI DATI<\/h2>\n<p>Con l&#8217;obiettivo di fornire la massima qualit\u00e0, Bloovs ha bisogno di condividere i tuoi Dati Personali con entit\u00e0 o fornitori esterni che ci aiutano a poter offrire il miglior servizio.<\/p>\n<p>Entit\u00e0 che ci aiutano con diverse questioni relative al Servizio. In Bloovs ci assicuriamo che tutti i nostri fornitori che possono avere accesso ai tuoi Dati Personali agiscano in modo confidenziale, leale e rispettando tutte le normative applicabili. <\/p>\n<p>Alle entit\u00e0 finanziarie attraverso le quali si articola la gestione di riscossioni e pagamenti.<br \/>\nAlle Amministrazioni pubbliche competenti, nei casi previsti dalla Legge e per i fini in essa definiti.<\/p>\n<p>A WordPress, il nostro negozio \u00e8 ospitato su WordPress. WordPress fornisce la piattaforma e-commerce online che ci permette di venderti i prodotti e offrirti tutti i servizi. Le tue informazioni vengono raccolte e archiviate nei database di WordPress.  <\/p>\n<h2 class=\"wp-block-heading\">DATI DI TERZI<\/h2>\n<p>Se fornisci dati di terzi, ti assumi la responsabilit\u00e0 di informarli preventivamente di tutto quanto previsto nell&#8217;articolo 14 del Regolamento Generale sulla Protezione dei Dati nelle condizioni stabilite in detto precetto.<\/p>\n<h2 class=\"wp-block-heading\">ACCETTAZIONE E CONSENSO<\/h2>\n<p>L&#8217;Utente dichiara di essere stato informato delle condizioni sulla protezione dei dati personali, accettando e acconsentendo al trattamento automatizzato degli stessi da parte di Bloovs, nella forma e per le finalit\u00e0 indicate nella presente Informativa sulla Privacy.<\/p>\n<div class=\"sharedaddy sd-sharing-enabled\"><\/div>\n<\/div><\/div><\/div><\/div><\/div><\/div><\/section>\n","protected":false},"excerpt":{"rendered":"Bloovs Barcelona Sunglasses, S.L., di seguito \u201cBloovs\u201d In Bloovs ci impegniamo a garantire la privacy nel trattamento dei tuoi dati personali. Abbiamo aggiornato la nostra Informativa sulla privacy per informare chiaramente su come raccogliamo, utilizziamo e proteggiamo i dati delle persone che ci contattano. Bloovs si riserva il diritto di modificare la presente politica per...","protected":false},"author":13,"featured_media":0,"parent":0,"menu_order":0,"comment_status":"closed","ping_status":"closed","template":"","meta":{"_acf_changed":false,"footnotes":""},"class_list":["post-20645","page","type-page","status-publish","hentry"],"acf":[],"yoast_head":"<!-- This site is optimized with the Yoast SEO plugin v27.3 - https:\/\/yoast.com\/product\/yoast-seo-wordpress\/ -->\n<title>Informativa sulla privacy - Bloovs\u00ae Tienda Oficial<\/title>\n<meta name=\"robots\" content=\"index, follow, max-snippet:-1, max-image-preview:large, max-video-preview:-1\" \/>\n<link rel=\"canonical\" href=\"https:\/\/bloovseyewear.com\/it\/informativa-sulla-privacy\/\" \/>\n<meta property=\"og:locale\" content=\"it_IT\" \/>\n<meta property=\"og:type\" content=\"article\" \/>\n<meta property=\"og:title\" content=\"Informativa sulla privacy - Bloovs\u00ae Tienda Oficial\" \/>\n<meta property=\"og:url\" content=\"https:\/\/bloovseyewear.com\/it\/informativa-sulla-privacy\/\" \/>\n<meta property=\"og:site_name\" content=\"Bloovs\u00ae Tienda Oficial\" \/>\n<meta property=\"article:publisher\" content=\"https:\/\/www.facebook.com\/bloovssport\" \/>\n<meta property=\"article:modified_time\" content=\"2025-08-26T08:16:22+00:00\" \/>\n<meta name=\"twitter:card\" content=\"summary_large_image\" \/>\n<meta name=\"twitter:label1\" content=\"Tempo di lettura stimato\" \/>\n\t<meta name=\"twitter:data1\" content=\"6 minuto\" \/>\n<script type=\"application\/ld+json\" class=\"yoast-schema-graph\">{\"@context\":\"https:\\\/\\\/schema.org\",\"@graph\":[{\"@type\":\"WebPage\",\"@id\":\"https:\\\/\\\/bloovseyewear.com\\\/it\\\/informativa-sulla-privacy\\\/\",\"url\":\"https:\\\/\\\/bloovseyewear.com\\\/it\\\/informativa-sulla-privacy\\\/\",\"name\":\"Informativa sulla privacy - Bloovs\u00ae Tienda Oficial\",\"isPartOf\":{\"@id\":\"https:\\\/\\\/bloovseyewear.com\\\/it\\\/#website\"},\"datePublished\":\"2024-08-16T10:57:51+00:00\",\"dateModified\":\"2025-08-26T08:16:22+00:00\",\"breadcrumb\":{\"@id\":\"https:\\\/\\\/bloovseyewear.com\\\/it\\\/informativa-sulla-privacy\\\/#breadcrumb\"},\"inLanguage\":\"it-IT\",\"potentialAction\":[{\"@type\":\"ReadAction\",\"target\":[\"https:\\\/\\\/bloovseyewear.com\\\/it\\\/informativa-sulla-privacy\\\/\"]}]},{\"@type\":\"BreadcrumbList\",\"@id\":\"https:\\\/\\\/bloovseyewear.com\\\/it\\\/informativa-sulla-privacy\\\/#breadcrumb\",\"itemListElement\":[{\"@type\":\"ListItem\",\"position\":1,\"name\":\"Portada\",\"item\":\"https:\\\/\\\/bloovseyewear.com\\\/it\\\/\"},{\"@type\":\"ListItem\",\"position\":2,\"name\":\"Informativa sulla privacy\"}]},{\"@type\":\"WebSite\",\"@id\":\"https:\\\/\\\/bloovseyewear.com\\\/it\\\/#website\",\"url\":\"https:\\\/\\\/bloovseyewear.com\\\/it\\\/\",\"name\":\"Bloovs\u00ae Tienda Oficial\",\"description\":\"Tus Gafas de Sol para cada aventura\",\"publisher\":{\"@id\":\"https:\\\/\\\/bloovseyewear.com\\\/it\\\/#organization\"},\"potentialAction\":[{\"@type\":\"SearchAction\",\"target\":{\"@type\":\"EntryPoint\",\"urlTemplate\":\"https:\\\/\\\/bloovseyewear.com\\\/it\\\/?s={search_term_string}\"},\"query-input\":{\"@type\":\"PropertyValueSpecification\",\"valueRequired\":true,\"valueName\":\"search_term_string\"}}],\"inLanguage\":\"it-IT\"},{\"@type\":\"Organization\",\"@id\":\"https:\\\/\\\/bloovseyewear.com\\\/it\\\/#organization\",\"name\":\"Bloovs\u00ae Tienda Oficial\",\"url\":\"https:\\\/\\\/bloovseyewear.com\\\/it\\\/\",\"logo\":{\"@type\":\"ImageObject\",\"inLanguage\":\"it-IT\",\"@id\":\"https:\\\/\\\/bloovseyewear.com\\\/it\\\/#\\\/schema\\\/logo\\\/image\\\/\",\"url\":\"https:\\\/\\\/bloovseyewear.com\\\/wp-content\\\/uploads\\\/2018\\\/08\\\/cropped-logo-bloovs-copia-1.png\",\"contentUrl\":\"https:\\\/\\\/bloovseyewear.com\\\/wp-content\\\/uploads\\\/2018\\\/08\\\/cropped-logo-bloovs-copia-1.png\",\"width\":512,\"height\":512,\"caption\":\"Bloovs\u00ae Tienda Oficial\"},\"image\":{\"@id\":\"https:\\\/\\\/bloovseyewear.com\\\/it\\\/#\\\/schema\\\/logo\\\/image\\\/\"},\"sameAs\":[\"https:\\\/\\\/www.facebook.com\\\/bloovssport\",\"https:\\\/\\\/www.instagram.com\\\/bloovssport\\\/\"]}]}<\/script>\n<!-- \/ Yoast SEO plugin. -->","yoast_head_json":{"title":"Informativa sulla privacy - Bloovs\u00ae Tienda Oficial","robots":{"index":"index","follow":"follow","max-snippet":"max-snippet:-1","max-image-preview":"max-image-preview:large","max-video-preview":"max-video-preview:-1"},"canonical":"https:\/\/bloovseyewear.com\/it\/informativa-sulla-privacy\/","og_locale":"it_IT","og_type":"article","og_title":"Informativa sulla privacy - Bloovs\u00ae Tienda Oficial","og_url":"https:\/\/bloovseyewear.com\/it\/informativa-sulla-privacy\/","og_site_name":"Bloovs\u00ae Tienda Oficial","article_publisher":"https:\/\/www.facebook.com\/bloovssport","article_modified_time":"2025-08-26T08:16:22+00:00","twitter_card":"summary_large_image","twitter_misc":{"Tempo di lettura stimato":"6 minuto"},"schema":{"@context":"https:\/\/schema.org","@graph":[{"@type":"WebPage","@id":"https:\/\/bloovseyewear.com\/it\/informativa-sulla-privacy\/","url":"https:\/\/bloovseyewear.com\/it\/informativa-sulla-privacy\/","name":"Informativa sulla privacy - Bloovs\u00ae Tienda Oficial","isPartOf":{"@id":"https:\/\/bloovseyewear.com\/it\/#website"},"datePublished":"2024-08-16T10:57:51+00:00","dateModified":"2025-08-26T08:16:22+00:00","breadcrumb":{"@id":"https:\/\/bloovseyewear.com\/it\/informativa-sulla-privacy\/#breadcrumb"},"inLanguage":"it-IT","potentialAction":[{"@type":"ReadAction","target":["https:\/\/bloovseyewear.com\/it\/informativa-sulla-privacy\/"]}]},{"@type":"BreadcrumbList","@id":"https:\/\/bloovseyewear.com\/it\/informativa-sulla-privacy\/#breadcrumb","itemListElement":[{"@type":"ListItem","position":1,"name":"Portada","item":"https:\/\/bloovseyewear.com\/it\/"},{"@type":"ListItem","position":2,"name":"Informativa sulla privacy"}]},{"@type":"WebSite","@id":"https:\/\/bloovseyewear.com\/it\/#website","url":"https:\/\/bloovseyewear.com\/it\/","name":"Bloovs\u00ae Tienda Oficial","description":"Tus Gafas de Sol para cada aventura","publisher":{"@id":"https:\/\/bloovseyewear.com\/it\/#organization"},"potentialAction":[{"@type":"SearchAction","target":{"@type":"EntryPoint","urlTemplate":"https:\/\/bloovseyewear.com\/it\/?s={search_term_string}"},"query-input":{"@type":"PropertyValueSpecification","valueRequired":true,"valueName":"search_term_string"}}],"inLanguage":"it-IT"},{"@type":"Organization","@id":"https:\/\/bloovseyewear.com\/it\/#organization","name":"Bloovs\u00ae Tienda Oficial","url":"https:\/\/bloovseyewear.com\/it\/","logo":{"@type":"ImageObject","inLanguage":"it-IT","@id":"https:\/\/bloovseyewear.com\/it\/#\/schema\/logo\/image\/","url":"https:\/\/bloovseyewear.com\/wp-content\/uploads\/2018\/08\/cropped-logo-bloovs-copia-1.png","contentUrl":"https:\/\/bloovseyewear.com\/wp-content\/uploads\/2018\/08\/cropped-logo-bloovs-copia-1.png","width":512,"height":512,"caption":"Bloovs\u00ae Tienda Oficial"},"image":{"@id":"https:\/\/bloovseyewear.com\/it\/#\/schema\/logo\/image\/"},"sameAs":["https:\/\/www.facebook.com\/bloovssport","https:\/\/www.instagram.com\/bloovssport\/"]}]}},"jetpack_sharing_enabled":true,"_links":{"self":[{"href":"https:\/\/bloovseyewear.com\/it\/wp-json\/wp\/v2\/pages\/20645","targetHints":{"allow":["GET"]}}],"collection":[{"href":"https:\/\/bloovseyewear.com\/it\/wp-json\/wp\/v2\/pages"}],"about":[{"href":"https:\/\/bloovseyewear.com\/it\/wp-json\/wp\/v2\/types\/page"}],"author":[{"embeddable":true,"href":"https:\/\/bloovseyewear.com\/it\/wp-json\/wp\/v2\/users\/13"}],"replies":[{"embeddable":true,"href":"https:\/\/bloovseyewear.com\/it\/wp-json\/wp\/v2\/comments?post=20645"}],"version-history":[{"count":3,"href":"https:\/\/bloovseyewear.com\/it\/wp-json\/wp\/v2\/pages\/20645\/revisions"}],"predecessor-version":[{"id":20648,"href":"https:\/\/bloovseyewear.com\/it\/wp-json\/wp\/v2\/pages\/20645\/revisions\/20648"}],"wp:attachment":[{"href":"https:\/\/bloovseyewear.com\/it\/wp-json\/wp\/v2\/media?parent=20645"}],"curies":[{"name":"wp","href":"https:\/\/api.w.org\/{rel}","templated":true}]}}