{"id":21229,"date":"2023-12-14T16:17:30","date_gmt":"2023-12-14T16:17:30","guid":{"rendered":"https:\/\/bloovseyewear.com\/producto\/lente-aspen-blizzard\/"},"modified":"2023-12-14T16:17:30","modified_gmt":"2023-12-14T16:17:30","slug":"lente-aspen-blizzard","status":"publish","type":"product","link":"https:\/\/bloovseyewear.com\/it\/producto\/lente-aspen-blizzard\/","title":{"rendered":"Lente Aspen Blizzard"},"content":{"rendered":"<p>Le lenti Bloovs sono disponibili in varie tonalit\u00e0, pensando sempre ad offrire l&#8217;esperienza perfetta combinando una buona filtrazione, con l&#8217;equilibrio dei colori e del contrasto visivo. Le condizioni meteorologiche in montagna possono portare a drastici cambiamenti nella visibilit\u00e0 ed \u00e8 per questo che offriamo le nostre lenti magnetiche Blizzard. Quando la giornata \u00e8 buia e ci troviamo in una fitta bufera di neve, le nostre lenti speciali per questo scenario ti aiuteranno a continuare a goderti il tuo sport preferito.  <\/p>\n","protected":false},"excerpt":{"rendered":"<p>Le lenti Bloovs sono disponibili in varie tonalit\u00e0, pensando sempre ad offrire l&#8217;esperienza perfetta combinando una buona filtrazione, con l&#8217;equilibrio dei colori e del contrasto visivo. Le condizioni meteorologiche in montagna possono portare a drastici cambiamenti nella visibilit\u00e0 ed \u00e8 per questo che offriamo le nostre lenti magnetiche Blizzard. Quando la giornata \u00e8 buia e&#8230;<\/p>\n","protected":false},"featured_media":17876,"comment_status":"open","ping_status":"closed","template":"","meta":{"_acf_changed":false},"product_brand":[],"product_cat":[428,429],"product_tag":[],"class_list":{"0":"post-21229","1":"product","2":"type-product","3":"status-publish","4":"has-post-thumbnail","6":"product_cat-accessoristica","7":"product_cat-occhiali","9":"first","10":"outofstock","11":"taxable","12":"shipping-taxable","13":"purchasable","14":"product-type-simple"},"acf":[],"yoast_head":"<!-- This site is optimized with the Yoast SEO plugin v27.3 - https:\/\/yoast.com\/product\/yoast-seo-wordpress\/ -->\n<title>Lente Aspen Blizzard - Bloovs\u00ae Tienda Oficial<\/title>\n<meta name=\"description\" content=\"Noi di Bloovs vogliamo accompagnarti in tutte le tue avventure ed \u00e8 per questo che offriamo lenti Aspen blizzard con sistema di scambio magnetico\" \/>\n<meta name=\"robots\" content=\"index, follow, max-snippet:-1, max-image-preview:large, max-video-preview:-1\" \/>\n<link rel=\"canonical\" href=\"https:\/\/bloovseyewear.com\/it\/producto\/lente-aspen-blizzard\/\" \/>\n<meta property=\"og:locale\" content=\"it_IT\" \/>\n<meta property=\"og:type\" content=\"article\" \/>\n<meta property=\"og:title\" content=\"Lente Aspen Blizzard - Bloovs\u00ae Tienda Oficial\" \/>\n<meta property=\"og:description\" content=\"Noi di Bloovs vogliamo accompagnarti in tutte le tue avventure ed \u00e8 per questo che offriamo lenti Aspen blizzard con sistema di scambio magnetico\" \/>\n<meta property=\"og:url\" content=\"https:\/\/bloovseyewear.com\/it\/producto\/lente-aspen-blizzard\/\" \/>\n<meta property=\"og:site_name\" content=\"Bloovs\u00ae Tienda Oficial\" \/>\n<meta property=\"article:publisher\" content=\"https:\/\/www.facebook.com\/bloovssport\" \/>\n<meta property=\"og:image\" content=\"https:\/\/bloovseyewear.com\/wp-content\/uploads\/2023\/12\/aspen_BLOOVS_extra_f.png\" \/>\n\t<meta property=\"og:image:width\" content=\"1440\" \/>\n\t<meta property=\"og:image:height\" content=\"1440\" \/>\n\t<meta property=\"og:image:type\" content=\"image\/png\" \/>\n<meta name=\"twitter:card\" content=\"summary_large_image\" \/>\n<script type=\"application\/ld+json\" class=\"yoast-schema-graph\">{\"@context\":\"https:\\\/\\\/schema.org\",\"@graph\":[{\"@type\":\"WebPage\",\"@id\":\"https:\\\/\\\/bloovseyewear.com\\\/it\\\/producto\\\/lente-aspen-blizzard\\\/\",\"url\":\"https:\\\/\\\/bloovseyewear.com\\\/it\\\/producto\\\/lente-aspen-blizzard\\\/\",\"name\":\"Lente Aspen Blizzard - Bloovs\u00ae Tienda Oficial\",\"isPartOf\":{\"@id\":\"https:\\\/\\\/bloovseyewear.com\\\/it\\\/#website\"},\"primaryImageOfPage\":{\"@id\":\"https:\\\/\\\/bloovseyewear.com\\\/it\\\/producto\\\/lente-aspen-blizzard\\\/#primaryimage\"},\"image\":{\"@id\":\"https:\\\/\\\/bloovseyewear.com\\\/it\\\/producto\\\/lente-aspen-blizzard\\\/#primaryimage\"},\"thumbnailUrl\":\"https:\\\/\\\/bloovseyewear.com\\\/wp-content\\\/uploads\\\/2023\\\/12\\\/aspen_BLOOVS_extra_f.png\",\"datePublished\":\"2023-12-14T16:17:30+00:00\",\"description\":\"Noi di Bloovs vogliamo accompagnarti in tutte le tue avventure ed \u00e8 per questo che offriamo lenti Aspen blizzard con sistema di scambio magnetico\",\"breadcrumb\":{\"@id\":\"https:\\\/\\\/bloovseyewear.com\\\/it\\\/producto\\\/lente-aspen-blizzard\\\/#breadcrumb\"},\"inLanguage\":\"it-IT\",\"potentialAction\":[{\"@type\":\"ReadAction\",\"target\":[\"https:\\\/\\\/bloovseyewear.com\\\/it\\\/producto\\\/lente-aspen-blizzard\\\/\"]}]},{\"@type\":\"ImageObject\",\"inLanguage\":\"it-IT\",\"@id\":\"https:\\\/\\\/bloovseyewear.com\\\/it\\\/producto\\\/lente-aspen-blizzard\\\/#primaryimage\",\"url\":\"https:\\\/\\\/bloovseyewear.com\\\/wp-content\\\/uploads\\\/2023\\\/12\\\/aspen_BLOOVS_extra_f.png\",\"contentUrl\":\"https:\\\/\\\/bloovseyewear.com\\\/wp-content\\\/uploads\\\/2023\\\/12\\\/aspen_BLOOVS_extra_f.png\",\"width\":1440,\"height\":1440,\"caption\":\"Maschera da sci e snowboard Blizzard\"},{\"@type\":\"BreadcrumbList\",\"@id\":\"https:\\\/\\\/bloovseyewear.com\\\/it\\\/producto\\\/lente-aspen-blizzard\\\/#breadcrumb\",\"itemListElement\":[{\"@type\":\"ListItem\",\"position\":1,\"name\":\"Portada\",\"item\":\"https:\\\/\\\/bloovseyewear.com\\\/it\\\/\"},{\"@type\":\"ListItem\",\"position\":2,\"name\":\"Shop\",\"item\":\"https:\\\/\\\/bloovseyewear.com\\\/it\\\/shop\\\/\"},{\"@type\":\"ListItem\",\"position\":3,\"name\":\"Lente Aspen Blizzard\"}]},{\"@type\":\"WebSite\",\"@id\":\"https:\\\/\\\/bloovseyewear.com\\\/it\\\/#website\",\"url\":\"https:\\\/\\\/bloovseyewear.com\\\/it\\\/\",\"name\":\"Bloovs\u00ae Tienda Oficial\",\"description\":\"Tus Gafas de Sol para cada aventura\",\"publisher\":{\"@id\":\"https:\\\/\\\/bloovseyewear.com\\\/it\\\/#organization\"},\"potentialAction\":[{\"@type\":\"SearchAction\",\"target\":{\"@type\":\"EntryPoint\",\"urlTemplate\":\"https:\\\/\\\/bloovseyewear.com\\\/it\\\/?s={search_term_string}\"},\"query-input\":{\"@type\":\"PropertyValueSpecification\",\"valueRequired\":true,\"valueName\":\"search_term_string\"}}],\"inLanguage\":\"it-IT\"},{\"@type\":\"Organization\",\"@id\":\"https:\\\/\\\/bloovseyewear.com\\\/it\\\/#organization\",\"name\":\"Bloovs\u00ae Tienda Oficial\",\"url\":\"https:\\\/\\\/bloovseyewear.com\\\/it\\\/\",\"logo\":{\"@type\":\"ImageObject\",\"inLanguage\":\"it-IT\",\"@id\":\"https:\\\/\\\/bloovseyewear.com\\\/it\\\/#\\\/schema\\\/logo\\\/image\\\/\",\"url\":\"https:\\\/\\\/bloovseyewear.com\\\/wp-content\\\/uploads\\\/2018\\\/08\\\/cropped-logo-bloovs-copia-1.png\",\"contentUrl\":\"https:\\\/\\\/bloovseyewear.com\\\/wp-content\\\/uploads\\\/2018\\\/08\\\/cropped-logo-bloovs-copia-1.png\",\"width\":512,\"height\":512,\"caption\":\"Bloovs\u00ae Tienda Oficial\"},\"image\":{\"@id\":\"https:\\\/\\\/bloovseyewear.com\\\/it\\\/#\\\/schema\\\/logo\\\/image\\\/\"},\"sameAs\":[\"https:\\\/\\\/www.facebook.com\\\/bloovssport\",\"https:\\\/\\\/www.instagram.com\\\/bloovssport\\\/\"]}]}<\/script>\n<!-- \/ Yoast SEO plugin. -->","yoast_head_json":{"title":"Lente Aspen Blizzard - Bloovs\u00ae Tienda Oficial","description":"Noi di Bloovs vogliamo accompagnarti in tutte le tue avventure ed \u00e8 per questo che offriamo lenti Aspen blizzard con sistema di scambio magnetico","robots":{"index":"index","follow":"follow","max-snippet":"max-snippet:-1","max-image-preview":"max-image-preview:large","max-video-preview":"max-video-preview:-1"},"canonical":"https:\/\/bloovseyewear.com\/it\/producto\/lente-aspen-blizzard\/","og_locale":"it_IT","og_type":"article","og_title":"Lente Aspen Blizzard - Bloovs\u00ae Tienda Oficial","og_description":"Noi di Bloovs vogliamo accompagnarti in tutte le tue avventure ed \u00e8 per questo che offriamo lenti Aspen blizzard con sistema di scambio magnetico","og_url":"https:\/\/bloovseyewear.com\/it\/producto\/lente-aspen-blizzard\/","og_site_name":"Bloovs\u00ae Tienda Oficial","article_publisher":"https:\/\/www.facebook.com\/bloovssport","og_image":[{"width":1440,"height":1440,"url":"https:\/\/bloovseyewear.com\/wp-content\/uploads\/2023\/12\/aspen_BLOOVS_extra_f.png","type":"image\/png"}],"twitter_card":"summary_large_image","schema":{"@context":"https:\/\/schema.org","@graph":[{"@type":"WebPage","@id":"https:\/\/bloovseyewear.com\/it\/producto\/lente-aspen-blizzard\/","url":"https:\/\/bloovseyewear.com\/it\/producto\/lente-aspen-blizzard\/","name":"Lente Aspen Blizzard - Bloovs\u00ae Tienda Oficial","isPartOf":{"@id":"https:\/\/bloovseyewear.com\/it\/#website"},"primaryImageOfPage":{"@id":"https:\/\/bloovseyewear.com\/it\/producto\/lente-aspen-blizzard\/#primaryimage"},"image":{"@id":"https:\/\/bloovseyewear.com\/it\/producto\/lente-aspen-blizzard\/#primaryimage"},"thumbnailUrl":"https:\/\/bloovseyewear.com\/wp-content\/uploads\/2023\/12\/aspen_BLOOVS_extra_f.png","datePublished":"2023-12-14T16:17:30+00:00","description":"Noi di Bloovs vogliamo accompagnarti in tutte le tue avventure ed \u00e8 per questo che offriamo lenti Aspen blizzard con sistema di scambio magnetico","breadcrumb":{"@id":"https:\/\/bloovseyewear.com\/it\/producto\/lente-aspen-blizzard\/#breadcrumb"},"inLanguage":"it-IT","potentialAction":[{"@type":"ReadAction","target":["https:\/\/bloovseyewear.com\/it\/producto\/lente-aspen-blizzard\/"]}]},{"@type":"ImageObject","inLanguage":"it-IT","@id":"https:\/\/bloovseyewear.com\/it\/producto\/lente-aspen-blizzard\/#primaryimage","url":"https:\/\/bloovseyewear.com\/wp-content\/uploads\/2023\/12\/aspen_BLOOVS_extra_f.png","contentUrl":"https:\/\/bloovseyewear.com\/wp-content\/uploads\/2023\/12\/aspen_BLOOVS_extra_f.png","width":1440,"height":1440,"caption":"Maschera da sci e snowboard Blizzard"},{"@type":"BreadcrumbList","@id":"https:\/\/bloovseyewear.com\/it\/producto\/lente-aspen-blizzard\/#breadcrumb","itemListElement":[{"@type":"ListItem","position":1,"name":"Portada","item":"https:\/\/bloovseyewear.com\/it\/"},{"@type":"ListItem","position":2,"name":"Shop","item":"https:\/\/bloovseyewear.com\/it\/shop\/"},{"@type":"ListItem","position":3,"name":"Lente Aspen Blizzard"}]},{"@type":"WebSite","@id":"https:\/\/bloovseyewear.com\/it\/#website","url":"https:\/\/bloovseyewear.com\/it\/","name":"Bloovs\u00ae Tienda Oficial","description":"Tus Gafas de Sol para cada aventura","publisher":{"@id":"https:\/\/bloovseyewear.com\/it\/#organization"},"potentialAction":[{"@type":"SearchAction","target":{"@type":"EntryPoint","urlTemplate":"https:\/\/bloovseyewear.com\/it\/?s={search_term_string}"},"query-input":{"@type":"PropertyValueSpecification","valueRequired":true,"valueName":"search_term_string"}}],"inLanguage":"it-IT"},{"@type":"Organization","@id":"https:\/\/bloovseyewear.com\/it\/#organization","name":"Bloovs\u00ae Tienda Oficial","url":"https:\/\/bloovseyewear.com\/it\/","logo":{"@type":"ImageObject","inLanguage":"it-IT","@id":"https:\/\/bloovseyewear.com\/it\/#\/schema\/logo\/image\/","url":"https:\/\/bloovseyewear.com\/wp-content\/uploads\/2018\/08\/cropped-logo-bloovs-copia-1.png","contentUrl":"https:\/\/bloovseyewear.com\/wp-content\/uploads\/2018\/08\/cropped-logo-bloovs-copia-1.png","width":512,"height":512,"caption":"Bloovs\u00ae Tienda Oficial"},"image":{"@id":"https:\/\/bloovseyewear.com\/it\/#\/schema\/logo\/image\/"},"sameAs":["https:\/\/www.facebook.com\/bloovssport","https:\/\/www.instagram.com\/bloovssport\/"]}]}},"jetpack_sharing_enabled":true,"_links":{"self":[{"href":"https:\/\/bloovseyewear.com\/it\/wp-json\/wp\/v2\/product\/21229","targetHints":{"allow":["GET"]}}],"collection":[{"href":"https:\/\/bloovseyewear.com\/it\/wp-json\/wp\/v2\/product"}],"about":[{"href":"https:\/\/bloovseyewear.com\/it\/wp-json\/wp\/v2\/types\/product"}],"replies":[{"embeddable":true,"href":"https:\/\/bloovseyewear.com\/it\/wp-json\/wp\/v2\/comments?post=21229"}],"wp:featuredmedia":[{"embeddable":true,"href":"https:\/\/bloovseyewear.com\/it\/wp-json\/wp\/v2\/media\/17876"}],"wp:attachment":[{"href":"https:\/\/bloovseyewear.com\/it\/wp-json\/wp\/v2\/media?parent=21229"}],"wp:term":[{"taxonomy":"product_brand","embeddable":true,"href":"https:\/\/bloovseyewear.com\/it\/wp-json\/wp\/v2\/product_brand?post=21229"},{"taxonomy":"product_cat","embeddable":true,"href":"https:\/\/bloovseyewear.com\/it\/wp-json\/wp\/v2\/product_cat?post=21229"},{"taxonomy":"product_tag","embeddable":true,"href":"https:\/\/bloovseyewear.com\/it\/wp-json\/wp\/v2\/product_tag?post=21229"}],"curies":[{"name":"wp","href":"https:\/\/api.w.org\/{rel}","templated":true}]}}